{"id":83,"date":"2024-02-01T15:57:04","date_gmt":"2024-02-01T15:57:04","guid":{"rendered":"http:\/\/wwwspiritual-touchde.local\/?page_id=83"},"modified":"2026-02-16T19:30:40","modified_gmt":"2026-02-16T18:30:40","slug":"joerg","status":"publish","type":"page","link":"https:\/\/spiritual-touch.de\/en\/praxis\/team\/joerg\/","title":{"rendered":"J\u00f6rg Saur | Tantramassage &amp; Paarbegleitung M\u00fcnchen"},"content":{"rendered":"<div data-elementor-type=\"wp-page\" data-elementor-id=\"83\" class=\"elementor elementor-83\" data-elementor-post-type=\"page\">\n\t\t\t\t<div class=\"elementor-element elementor-element-6eca862 e-flex e-con-boxed e-con e-parent\" data-id=\"6eca862\" data-element_type=\"container\" data-e-type=\"container\">\n\t\t\t\t\t<div class=\"e-con-inner\">\n\t\t\t\t<div class=\"elementor-element elementor-element-9b913e0 elementor-widget elementor-widget-heading\" data-id=\"9b913e0\" data-element_type=\"widget\" data-e-type=\"widget\" data-widget_type=\"heading.default\">\n\t\t\t\t<div class=\"elementor-widget-container\">\n\t\t\t\t\t<h1 class=\"elementor-heading-title elementor-size-default\">J\u00f6rg<\/h1>\t\t\t\t<\/div>\n\t\t\t\t<\/div>\n\t\t\t\t<div class=\"elementor-element elementor-element-5d03734 elementor-widget elementor-widget-text-editor\" data-id=\"5d03734\" data-element_type=\"widget\" data-e-type=\"widget\" data-widget_type=\"text-editor.default\">\n\t\t\t\t<div class=\"elementor-widget-container\">\n\t\t\t\t\t\t\t\t\t<p>Somatic bodywork \u00b7 Couples counseling \u00b7 Training<\/p>\t\t\t\t\t\t\t\t<\/div>\n\t\t\t\t<\/div>\n\t\t\t\t\t<\/div>\n\t\t\t\t<\/div>\n\t\t<div class=\"elementor-element elementor-element-fa2a0f7 e-flex e-con-boxed e-con e-parent\" data-id=\"fa2a0f7\" data-element_type=\"container\" data-e-type=\"container\">\n\t\t\t\t\t<div class=\"e-con-inner\">\n\t\t\t\t<div class=\"elementor-element elementor-element-4f4eb0b elementor-widget elementor-widget-image\" data-id=\"4f4eb0b\" data-element_type=\"widget\" data-e-type=\"widget\" data-widget_type=\"image.default\">\n\t\t\t\t<div class=\"elementor-widget-container\">\n\t\t\t\t\t\t\t\t\t\t\t\t\t\t\t<img fetchpriority=\"high\" decoding=\"async\" width=\"560\" height=\"835\" src=\"https:\/\/spiritual-touch.de\/wp-content\/uploads\/2024\/02\/Screenshot_2023-08-07_185212-transformed.jpeg\" class=\"attachment-medium size-medium wp-image-18618\" alt=\"J\u00f6rg Paarberatung M\u00fcnchen\" \/>\t\t\t\t\t\t\t\t\t\t\t\t\t\t\t<\/div>\n\t\t\t\t<\/div>\n\t\t\t\t\t<\/div>\n\t\t\t\t<\/div>\n\t\t<div class=\"elementor-element elementor-element-8ca45f7 e-flex e-con-boxed e-con e-parent\" data-id=\"8ca45f7\" data-element_type=\"container\" data-e-type=\"container\">\n\t\t\t\t\t<div class=\"e-con-inner\">\n\t\t\t\t<div class=\"elementor-element elementor-element-64084af elementor-widget elementor-widget-heading\" data-id=\"64084af\" data-element_type=\"widget\" data-e-type=\"widget\" data-widget_type=\"heading.default\">\n\t\t\t\t<div class=\"elementor-widget-container\">\n\t\t\t\t\t<h2 class=\"elementor-heading-title elementor-size-default\">my vision<\/h2>\t\t\t\t<\/div>\n\t\t\t\t<\/div>\n\t\t\t\t<div class=\"elementor-element elementor-element-e131c2e elementor-widget elementor-widget-text-editor\" data-id=\"e131c2e\" data-element_type=\"widget\" data-e-type=\"widget\" data-widget_type=\"text-editor.default\">\n\t\t\t\t<div class=\"elementor-widget-container\">\n\t\t\t\t\t\t\t\t\t<p data-start=\"494\" data-end=\"531\">I didn&#039;t end up here by chance.<\/p><p data-start=\"533\" data-end=\"696\">My path was not a straight one.<br data-start=\"559\" data-end=\"562\" \/>I searched. I wrestled with it. I questioned myself.<br data-start=\"607\" data-end=\"610\" \/>And at some point I understood that my place is not in thinking \u2013 but in experiencing.<\/p><p data-start=\"698\" data-end=\"801\">For me, touch was never about technique.<br data-start=\"733\" data-end=\"736\" \/>It was always about encounters.<br data-start=\"760\" data-end=\"763\" \/>A space where masks can be removed.<\/p><p data-start=\"803\" data-end=\"936\">I work with people who are ready to truly encounter themselves.<br data-start=\"879\" data-end=\"882\" \/>Not perfect.<br data-start=\"896\" data-end=\"899\" \/>Not staged.<br data-start=\"916\" data-end=\"919\" \/>But alive.<\/p>\t\t\t\t\t\t\t\t<\/div>\n\t\t\t\t<\/div>\n\t\t\t\t\t<\/div>\n\t\t\t\t<\/div>\n\t\t<div class=\"elementor-element elementor-element-5beeaad e-flex e-con-boxed e-con e-parent\" data-id=\"5beeaad\" data-element_type=\"container\" data-e-type=\"container\">\n\t\t\t\t\t<div class=\"e-con-inner\">\n\t\t\t\t<div class=\"elementor-element elementor-element-a2ed385 elementor-widget elementor-widget-heading\" data-id=\"a2ed385\" data-element_type=\"widget\" data-e-type=\"widget\" data-widget_type=\"heading.default\">\n\t\t\t\t<div class=\"elementor-widget-container\">\n\t\t\t\t\t<h3 class=\"elementor-heading-title elementor-size-default\">Why I do what I do<\/h3>\t\t\t\t<\/div>\n\t\t\t\t<\/div>\n\t\t\t\t<div class=\"elementor-element elementor-element-0b4d071 elementor-widget elementor-widget-text-editor\" data-id=\"0b4d071\" data-element_type=\"widget\" data-e-type=\"widget\" data-widget_type=\"text-editor.default\">\n\t\t\t\t<div class=\"elementor-widget-container\">\n\t\t\t\t\t\t\t\t\t<p data-start=\"974\" data-end=\"1125\">I know the longing for genuine connection.<br data-start=\"1021\" data-end=\"1024\" \/>Looking for intimacy without a role.<br data-start=\"1050\" data-end=\"1053\" \/>Looking for sexuality without performance pressure.<br data-start=\"1089\" data-end=\"1092\" \/>Based on presence, which is not evaluated.<\/p><p data-start=\"1127\" data-end=\"1195\">And I also know how much courage it takes to get involved.<\/p><p data-start=\"1197\" data-end=\"1282\">My work is not a promise of ecstasy.<br data-start=\"1243\" data-end=\"1246\" \/>It is an invitation to authenticity.<\/p><p data-start=\"1284\" data-end=\"1349\">Sometimes gently.<br data-start=\"1299\" data-end=\"1302\" \/>Sometimes confrontational.<br data-start=\"1326\" data-end=\"1329\" \/>Always kept clear.<\/p>\t\t\t\t\t\t\t\t<\/div>\n\t\t\t\t<\/div>\n\t\t\t\t\t<\/div>\n\t\t\t\t<\/div>\n\t\t<div class=\"elementor-element elementor-element-aeac1eb e-flex e-con-boxed e-con e-parent\" data-id=\"aeac1eb\" data-element_type=\"container\" data-e-type=\"container\">\n\t\t\t\t\t<div class=\"e-con-inner\">\n\t\t\t\t<div class=\"elementor-element elementor-element-1787667 elementor-widget elementor-widget-heading\" data-id=\"1787667\" data-element_type=\"widget\" data-e-type=\"widget\" data-widget_type=\"heading.default\">\n\t\t\t\t<div class=\"elementor-widget-container\">\n\t\t\t\t\t<h2 class=\"elementor-heading-title elementor-size-default\">For conscious people<\/h2>\t\t\t\t<\/div>\n\t\t\t\t<\/div>\n\t\t\t\t<div class=\"elementor-element elementor-element-c116182 elementor-widget elementor-widget-heading\" data-id=\"c116182\" data-element_type=\"widget\" data-e-type=\"widget\" data-widget_type=\"heading.default\">\n\t\t\t\t<div class=\"elementor-widget-container\">\n\t\t\t\t\t<h4 class=\"elementor-heading-title elementor-size-default\">alone, as a couple or as a group<\/h4>\t\t\t\t<\/div>\n\t\t\t\t<\/div>\n\t\t\t\t<div class=\"elementor-element elementor-element-dfb9a3c elementor-widget elementor-widget-text-editor\" data-id=\"dfb9a3c\" data-element_type=\"widget\" data-e-type=\"widget\" data-widget_type=\"text-editor.default\">\n\t\t\t\t<div class=\"elementor-widget-container\">\n\t\t\t\t\t\t\t\t\t<p data-start=\"881\" data-end=\"941\">I work with people who genuinely want to connect.<\/p><p data-start=\"943\" data-end=\"1044\">For me, touch is not a concept or a technique.<br data-start=\"997\" data-end=\"1000\" \/>She is a contact.<br data-start=\"1016\" data-end=\"1019\" \/>And it demands presence.<\/p><p data-start=\"1046\" data-end=\"1170\">I have spent many years learning, researching, and experimenting.<br data-start=\"1099\" data-end=\"1102\" \/>Not out of ambition \u2013<br data-start=\"1121\" data-end=\"1124\" \/>but out of a desire to truly understand.<\/p><p data-start=\"1172\" data-end=\"1335\">What does safety feel like in the body?<br data-start=\"1211\" data-end=\"1214\" \/>How does trust develop between two people?<br data-start=\"1260\" data-end=\"1263\" \/>What happens when intimacy isn&#039;t staged, but is genuine?<\/p><p data-start=\"1337\" data-end=\"1468\">In my work with couples, I am interested in,<br data-start=\"1380\" data-end=\"1383\" \/>how you can feel yourselves again \u2013<br data-start=\"1410\" data-end=\"1413\" \/>Beyond roles, expectations, and old stories.<\/p><p data-start=\"1470\" data-end=\"1572\">Individual sessions are often quieter.<br data-start=\"1517\" data-end=\"1520\" \/>It allows for the emergence of things that would otherwise have no space.<\/p><p data-start=\"1574\" data-end=\"1630\">I work carefully and honestly.<br data-start=\"1597\" data-end=\"1600\" \/>With experience.<br data-start=\"1614\" data-end=\"1617\" \/>With clarity.<br \/>With passion.<\/p><p data-start=\"1574\" data-end=\"1630\">\u2192 <a href=\"https:\/\/spiritual-touch.de\/en\/praxis\/einzelarbeit\/\" target=\"_blank\" rel=\"noopener\"><strong data-start=\"319\" data-end=\"339\">Individual support<\/strong><\/a><br data-start=\"339\" data-end=\"342\" \/>\u2192 <a href=\"https:\/\/spiritual-touch.de\/en\/praxis\/paare\/\" target=\"_blank\" rel=\"noopener\"><strong data-start=\"344\" data-end=\"377\">Couple work &amp; rituals for two<\/strong><\/a><br data-start=\"377\" data-end=\"380\" \/>\u2192 <a href=\"https:\/\/spiritual-touch.de\/en\/praxis\/paare\/#workshops\" target=\"_blank\" rel=\"noopener\"><strong data-start=\"382\" data-end=\"413\">Workshops &amp; Experience Spaces<\/strong><\/a><\/p>\t\t\t\t\t\t\t\t<\/div>\n\t\t\t\t<\/div>\n\t\t\t\t<div class=\"elementor-element elementor-element-ce093a8 elementor-widget elementor-widget-heading\" data-id=\"ce093a8\" data-element_type=\"widget\" data-e-type=\"widget\" data-widget_type=\"heading.default\">\n\t\t\t\t<div class=\"elementor-widget-container\">\n\t\t\t\t\t<h2 class=\"elementor-heading-title elementor-size-default\">my vision<\/h2>\t\t\t\t<\/div>\n\t\t\t\t<\/div>\n\t\t\t\t<div class=\"elementor-element elementor-element-28686bb elementor-widget elementor-widget-heading\" data-id=\"28686bb\" data-element_type=\"widget\" data-e-type=\"widget\" data-widget_type=\"heading.default\">\n\t\t\t\t<div class=\"elementor-widget-container\">\n\t\t\t\t\t<h4 class=\"elementor-heading-title elementor-size-default\">as practice &amp; institute management<\/h4>\t\t\t\t<\/div>\n\t\t\t\t<\/div>\n\t\t\t\t<div class=\"elementor-element elementor-element-cc38232 elementor-widget elementor-widget-text-editor\" data-id=\"cc38232\" data-element_type=\"widget\" data-e-type=\"widget\" data-widget_type=\"text-editor.default\">\n\t\t\t\t<div class=\"elementor-widget-container\">\n\t\t\t\t\t\t\t\t\t<p data-start=\"360\" data-end=\"442\">I want to create spaces where touch is not consumption,<br data-start=\"421\" data-end=\"424\" \/>but rather encounter.<\/p><p data-start=\"444\" data-end=\"502\">In places where intimacy is not about performance,<br data-start=\"482\" data-end=\"485\" \/>but truth.<\/p><p data-start=\"504\" data-end=\"589\">In which people learn not to use their bodies \u2013<br data-start=\"562\" data-end=\"565\" \/>but to inhabit it.<\/p><p data-start=\"591\" data-end=\"714\">No religion.<br data-start=\"606\" data-end=\"609\" \/>No ideology.<br data-start=\"625\" data-end=\"628\" \/>But a clear, responsible practice.<br data-start=\"671\" data-end=\"674\" \/>And a culture of conscious touch.<\/p><p data-start=\"716\" data-end=\"786\">I want to inspire \u2013 not lecture.<br data-start=\"756\" data-end=\"759\" \/>To lead \u2013 to empower.<\/p><p data-start=\"788\" data-end=\"907\">I understand Spiritual Touch as a practice, institute, and field of research.<br data-start=\"856\" data-end=\"859\" \/>for personal and social competence.<\/p><p data-start=\"909\" data-end=\"925\">That&#039;s what I stand for.<\/p>\t\t\t\t\t\t\t\t<\/div>\n\t\t\t\t<\/div>\n\t\t\t\t<div class=\"elementor-element elementor-element-60f0c13 elementor-widget elementor-widget-heading\" data-id=\"60f0c13\" data-element_type=\"widget\" data-e-type=\"widget\" data-widget_type=\"heading.default\">\n\t\t\t\t<div class=\"elementor-widget-container\">\n\t\t\t\t\t<h2 class=\"elementor-heading-title elementor-size-default\">Training, Organizations &amp; Public Relations<\/h2>\t\t\t\t<\/div>\n\t\t\t\t<\/div>\n\t\t\t\t<div class=\"elementor-element elementor-element-3699d0d elementor-widget elementor-widget-text-editor\" data-id=\"3699d0d\" data-element_type=\"widget\" data-e-type=\"widget\" data-widget_type=\"text-editor.default\">\n\t\t\t\t<div class=\"elementor-widget-container\">\n\t\t\t\t\t\t\t\t\t<p data-start=\"616\" data-end=\"684\">Besides my practice, I am the founder of <strong data-start=\"655\" data-end=\"683\">Institute of Spiritual Touch<\/strong>.<\/p><p data-start=\"686\" data-end=\"852\">There, training formats, further education and professional services are being developed for people who want to learn touch professionally and pass it on responsibly.<\/p><p data-start=\"854\" data-end=\"905\">\u2192 <a href=\"https:\/\/spiritual-touch.de\/en\/institut\/\" target=\"_blank\" rel=\"noopener\"><strong data-start=\"856\" data-end=\"877\">More about the institute<\/strong><\/a><\/p><p data-start=\"934\" data-end=\"1088\">With <strong data-start=\"938\" data-end=\"954\">Somatic Arts<\/strong> I am further developing my own methodology of somatic bodywork \u2013 at the interface of practice, training and research.<\/p><p data-start=\"1090\" data-end=\"1116\">\u2192 <a href=\"https:\/\/somatic-arts.org\" target=\"_blank\" rel=\"noopener\"><strong data-start=\"1092\" data-end=\"1116\">More about Somatic Arts<\/strong><\/a><\/p><p data-start=\"1118\" data-end=\"1231\">Furthermore, I am a board member of<br data-start=\"1152\" data-end=\"1155\" \/><a href=\"https:\/\/viksb.de\" target=\"_blank\" rel=\"noopener\"><strong data-start=\"1155\" data-end=\"1231\">Association for the Promotion of Intuitive Bodywork &amp; Somatic Education<\/strong><\/a><\/p>\t\t\t\t\t\t\t\t<\/div>\n\t\t\t\t<\/div>\n\t\t\t\t\t<\/div>\n\t\t\t\t<\/div>\n\t\t\t\t<\/div>","protected":false},"excerpt":{"rendered":"<p>J\u00f6rg Somatische K\u00f6rperarbeit \u00b7 Paarbegleitung \u00b7 Ausbildung Meine Vision Ich bin nicht zuf\u00e4llig hier gelandet. Mein Weg war kein gerader.Ich habe gesucht. Gerungen. Mich hinterfragt.Und irgendwann verstanden, dass mein Platz nicht im Denken liegt \u2013 sondern im Erleben. Ber\u00fchrung war f\u00fcr mich nie Technik.Sie war immer Begegnung.Ein Raum, in dem Masken fallen d\u00fcrfen. Ich arbeite [&hellip;]<\/p>\n","protected":false},"author":1,"featured_media":0,"parent":23613,"menu_order":5,"comment_status":"closed","ping_status":"closed","template":"","meta":{"footnotes":""},"class_list":["post-83","page","type-page","status-publish","hentry"],"yoast_head":"<!-- This site is optimized with the Yoast SEO Premium plugin v24.7 (Yoast SEO v27.4) - https:\/\/yoast.com\/product\/yoast-seo-premium-wordpress\/ -->\n<title>J\u00f6rg Saur | Tantramassage &amp; Paarbegleitung M\u00fcnchen - Spiritual Touch<\/title>\n<meta name=\"description\" content=\"J\u00f6rg Saur begleitet bewusste Menschen und Paare in M\u00fcnchen mit Tantramassage, somatischer K\u00f6rperarbeit und Sexological Bodywork. Praxisleitung von Spiritual Touch und Initiator von Somatic Arts.\" \/>\n<meta name=\"robots\" content=\"index, follow, max-snippet:-1, max-image-preview:large, max-video-preview:-1\" \/>\n<link rel=\"canonical\" href=\"https:\/\/spiritual-touch.de\/en\/praxis\/team\/joerg\/\" \/>\n<meta property=\"og:locale\" content=\"en_GB\" \/>\n<meta property=\"og:type\" content=\"article\" \/>\n<meta property=\"og:title\" content=\"J\u00f6rg Saur | Tantramassage &amp; Paarbegleitung M\u00fcnchen\" \/>\n<meta property=\"og:description\" content=\"J\u00f6rg Saur begleitet bewusste Menschen und Paare in M\u00fcnchen mit Tantramassage, somatischer K\u00f6rperarbeit und Sexological Bodywork. Praxisleitung von Spiritual Touch und Initiator von Somatic Arts.\" \/>\n<meta property=\"og:url\" content=\"https:\/\/spiritual-touch.de\/en\/praxis\/team\/joerg\/\" \/>\n<meta property=\"og:site_name\" content=\"Spiritual Touch\" \/>\n<meta property=\"article:publisher\" content=\"https:\/\/www.facebook.com\/profile.php?id=100057105473672\" \/>\n<meta property=\"article:modified_time\" content=\"2026-02-16T18:30:40+00:00\" \/>\n<meta property=\"og:image\" content=\"https:\/\/spiritual-touch.de\/wp-content\/uploads\/2024\/02\/Screenshot_2023-08-07_185212-transformed.jpeg\" \/>\n<meta name=\"twitter:card\" content=\"summary_large_image\" \/>\n<meta name=\"twitter:label1\" content=\"Estimated reading time\" \/>\n\t<meta name=\"twitter:data1\" content=\"3 minutes\" \/>\n<script type=\"application\/ld+json\" class=\"yoast-schema-graph\">{\"@context\":\"https:\\\/\\\/schema.org\",\"@graph\":[{\"@type\":\"WebPage\",\"@id\":\"https:\\\/\\\/spiritual-touch.de\\\/praxis\\\/team\\\/joerg\\\/\",\"url\":\"https:\\\/\\\/spiritual-touch.de\\\/praxis\\\/team\\\/joerg\\\/\",\"name\":\"J\u00f6rg Saur | Tantramassage &amp; Paarbegleitung M\u00fcnchen - Spiritual Touch\",\"isPartOf\":{\"@id\":\"https:\\\/\\\/spiritual-touch.de\\\/#website\"},\"primaryImageOfPage\":{\"@id\":\"https:\\\/\\\/spiritual-touch.de\\\/praxis\\\/team\\\/joerg\\\/#primaryimage\"},\"image\":{\"@id\":\"https:\\\/\\\/spiritual-touch.de\\\/praxis\\\/team\\\/joerg\\\/#primaryimage\"},\"thumbnailUrl\":\"https:\\\/\\\/spiritual-touch.de\\\/wp-content\\\/uploads\\\/2024\\\/02\\\/Screenshot_2023-08-07_185212-transformed.jpeg\",\"datePublished\":\"2024-02-01T15:57:04+00:00\",\"dateModified\":\"2026-02-16T18:30:40+00:00\",\"description\":\"J\u00f6rg Saur begleitet bewusste Menschen und Paare in M\u00fcnchen mit Tantramassage, somatischer K\u00f6rperarbeit und Sexological Bodywork. Praxisleitung von Spiritual Touch und Initiator von Somatic Arts.\",\"breadcrumb\":{\"@id\":\"https:\\\/\\\/spiritual-touch.de\\\/praxis\\\/team\\\/joerg\\\/#breadcrumb\"},\"inLanguage\":\"en-GB\",\"potentialAction\":[{\"@type\":\"ReadAction\",\"target\":[\"https:\\\/\\\/spiritual-touch.de\\\/praxis\\\/team\\\/joerg\\\/\"]}]},{\"@type\":\"ImageObject\",\"inLanguage\":\"en-GB\",\"@id\":\"https:\\\/\\\/spiritual-touch.de\\\/praxis\\\/team\\\/joerg\\\/#primaryimage\",\"url\":\"https:\\\/\\\/spiritual-touch.de\\\/wp-content\\\/uploads\\\/2024\\\/02\\\/Screenshot_2023-08-07_185212-transformed.jpeg\",\"contentUrl\":\"https:\\\/\\\/spiritual-touch.de\\\/wp-content\\\/uploads\\\/2024\\\/02\\\/Screenshot_2023-08-07_185212-transformed.jpeg\"},{\"@type\":\"BreadcrumbList\",\"@id\":\"https:\\\/\\\/spiritual-touch.de\\\/praxis\\\/team\\\/joerg\\\/#breadcrumb\",\"itemListElement\":[{\"@type\":\"ListItem\",\"position\":1,\"name\":\"Startseite\",\"item\":\"https:\\\/\\\/spiritual-touch.de\\\/\"},{\"@type\":\"ListItem\",\"position\":2,\"name\":\"Tantramassage &#038; K\u00f6rperarbeit in M\u00fcnchen | Spiritual Touch\",\"item\":\"https:\\\/\\\/spiritual-touch.de\\\/\"},{\"@type\":\"ListItem\",\"position\":3,\"name\":\"Team der Praxis Spiritual Touch in M\u00fcnchen\",\"item\":\"https:\\\/\\\/spiritual-touch.de\\\/praxis\\\/team\\\/\"},{\"@type\":\"ListItem\",\"position\":4,\"name\":\"J\u00f6rg Saur | Tantramassage &amp; Paarbegleitung M\u00fcnchen\"}]},{\"@type\":\"WebSite\",\"@id\":\"https:\\\/\\\/spiritual-touch.de\\\/#website\",\"url\":\"https:\\\/\\\/spiritual-touch.de\\\/\",\"name\":\"Tantramassage M\u00fcnchen\",\"description\":\"Tantra Massage M\u00fcnchen\",\"publisher\":{\"@id\":\"https:\\\/\\\/spiritual-touch.de\\\/#organization\"},\"potentialAction\":[{\"@type\":\"SearchAction\",\"target\":{\"@type\":\"EntryPoint\",\"urlTemplate\":\"https:\\\/\\\/spiritual-touch.de\\\/?s={search_term_string}\"},\"query-input\":{\"@type\":\"PropertyValueSpecification\",\"valueRequired\":true,\"valueName\":\"search_term_string\"}}],\"inLanguage\":\"en-GB\"},{\"@type\":\"Organization\",\"@id\":\"https:\\\/\\\/spiritual-touch.de\\\/#organization\",\"name\":\"Spiritual Touch\",\"url\":\"https:\\\/\\\/spiritual-touch.de\\\/\",\"logo\":{\"@type\":\"ImageObject\",\"inLanguage\":\"en-GB\",\"@id\":\"https:\\\/\\\/spiritual-touch.de\\\/#\\\/schema\\\/logo\\\/image\\\/\",\"url\":\"https:\\\/\\\/spiritual-touch.de\\\/wp-content\\\/uploads\\\/2024\\\/01\\\/Heart.png\",\"contentUrl\":\"https:\\\/\\\/spiritual-touch.de\\\/wp-content\\\/uploads\\\/2024\\\/01\\\/Heart.png\",\"width\":500,\"height\":500,\"caption\":\"Spiritual Touch\"},\"image\":{\"@id\":\"https:\\\/\\\/spiritual-touch.de\\\/#\\\/schema\\\/logo\\\/image\\\/\"},\"sameAs\":[\"https:\\\/\\\/www.facebook.com\\\/profile.php?id=100057105473672\",\"https:\\\/\\\/www.instagram.com\\\/praxis_spiritual_touch\\\/\"]}]}<\/script>\n<!-- \/ Yoast SEO Premium plugin. -->","yoast_head_json":{"title":"J\u00f6rg Saur | Tantramassage &amp; Paarbegleitung M\u00fcnchen - Spiritual Touch","description":"J\u00f6rg Saur begleitet bewusste Menschen und Paare in M\u00fcnchen mit Tantramassage, somatischer K\u00f6rperarbeit und Sexological Bodywork. Praxisleitung von Spiritual Touch und Initiator von Somatic Arts.","robots":{"index":"index","follow":"follow","max-snippet":"max-snippet:-1","max-image-preview":"max-image-preview:large","max-video-preview":"max-video-preview:-1"},"canonical":"https:\/\/spiritual-touch.de\/en\/praxis\/team\/joerg\/","og_locale":"en_GB","og_type":"article","og_title":"J\u00f6rg Saur | Tantramassage &amp; Paarbegleitung M\u00fcnchen","og_description":"J\u00f6rg Saur begleitet bewusste Menschen und Paare in M\u00fcnchen mit Tantramassage, somatischer K\u00f6rperarbeit und Sexological Bodywork. Praxisleitung von Spiritual Touch und Initiator von Somatic Arts.","og_url":"https:\/\/spiritual-touch.de\/en\/praxis\/team\/joerg\/","og_site_name":"Spiritual Touch","article_publisher":"https:\/\/www.facebook.com\/profile.php?id=100057105473672","article_modified_time":"2026-02-16T18:30:40+00:00","og_image":[{"url":"https:\/\/spiritual-touch.de\/wp-content\/uploads\/2024\/02\/Screenshot_2023-08-07_185212-transformed.jpeg","type":"","width":"","height":""}],"twitter_card":"summary_large_image","twitter_misc":{"Estimated reading time":"3 minutes"},"schema":{"@context":"https:\/\/schema.org","@graph":[{"@type":"WebPage","@id":"https:\/\/spiritual-touch.de\/praxis\/team\/joerg\/","url":"https:\/\/spiritual-touch.de\/praxis\/team\/joerg\/","name":"J\u00f6rg Saur | Tantramassage &amp; Paarbegleitung M\u00fcnchen - Spiritual Touch","isPartOf":{"@id":"https:\/\/spiritual-touch.de\/#website"},"primaryImageOfPage":{"@id":"https:\/\/spiritual-touch.de\/praxis\/team\/joerg\/#primaryimage"},"image":{"@id":"https:\/\/spiritual-touch.de\/praxis\/team\/joerg\/#primaryimage"},"thumbnailUrl":"https:\/\/spiritual-touch.de\/wp-content\/uploads\/2024\/02\/Screenshot_2023-08-07_185212-transformed.jpeg","datePublished":"2024-02-01T15:57:04+00:00","dateModified":"2026-02-16T18:30:40+00:00","description":"J\u00f6rg Saur begleitet bewusste Menschen und Paare in M\u00fcnchen mit Tantramassage, somatischer K\u00f6rperarbeit und Sexological Bodywork. Praxisleitung von Spiritual Touch und Initiator von Somatic Arts.","breadcrumb":{"@id":"https:\/\/spiritual-touch.de\/praxis\/team\/joerg\/#breadcrumb"},"inLanguage":"en-GB","potentialAction":[{"@type":"ReadAction","target":["https:\/\/spiritual-touch.de\/praxis\/team\/joerg\/"]}]},{"@type":"ImageObject","inLanguage":"en-GB","@id":"https:\/\/spiritual-touch.de\/praxis\/team\/joerg\/#primaryimage","url":"https:\/\/spiritual-touch.de\/wp-content\/uploads\/2024\/02\/Screenshot_2023-08-07_185212-transformed.jpeg","contentUrl":"https:\/\/spiritual-touch.de\/wp-content\/uploads\/2024\/02\/Screenshot_2023-08-07_185212-transformed.jpeg"},{"@type":"BreadcrumbList","@id":"https:\/\/spiritual-touch.de\/praxis\/team\/joerg\/#breadcrumb","itemListElement":[{"@type":"ListItem","position":1,"name":"Startseite","item":"https:\/\/spiritual-touch.de\/"},{"@type":"ListItem","position":2,"name":"Tantramassage &#038; K\u00f6rperarbeit in M\u00fcnchen | Spiritual Touch","item":"https:\/\/spiritual-touch.de\/"},{"@type":"ListItem","position":3,"name":"Team der Praxis Spiritual Touch in M\u00fcnchen","item":"https:\/\/spiritual-touch.de\/praxis\/team\/"},{"@type":"ListItem","position":4,"name":"J\u00f6rg Saur | Tantramassage &amp; Paarbegleitung M\u00fcnchen"}]},{"@type":"WebSite","@id":"https:\/\/spiritual-touch.de\/#website","url":"https:\/\/spiritual-touch.de\/","name":"Tantra massage Munich","description":"Tantra Massage Munich","publisher":{"@id":"https:\/\/spiritual-touch.de\/#organization"},"potentialAction":[{"@type":"SearchAction","target":{"@type":"EntryPoint","urlTemplate":"https:\/\/spiritual-touch.de\/?s={search_term_string}"},"query-input":{"@type":"PropertyValueSpecification","valueRequired":true,"valueName":"search_term_string"}}],"inLanguage":"en-GB"},{"@type":"Organization","@id":"https:\/\/spiritual-touch.de\/#organization","name":"Spiritual Touch","url":"https:\/\/spiritual-touch.de\/","logo":{"@type":"ImageObject","inLanguage":"en-GB","@id":"https:\/\/spiritual-touch.de\/#\/schema\/logo\/image\/","url":"https:\/\/spiritual-touch.de\/wp-content\/uploads\/2024\/01\/Heart.png","contentUrl":"https:\/\/spiritual-touch.de\/wp-content\/uploads\/2024\/01\/Heart.png","width":500,"height":500,"caption":"Spiritual Touch"},"image":{"@id":"https:\/\/spiritual-touch.de\/#\/schema\/logo\/image\/"},"sameAs":["https:\/\/www.facebook.com\/profile.php?id=100057105473672","https:\/\/www.instagram.com\/praxis_spiritual_touch\/"]}]}},"_links":{"self":[{"href":"https:\/\/spiritual-touch.de\/en\/wp-json\/wp\/v2\/pages\/83","targetHints":{"allow":["GET"]}}],"collection":[{"href":"https:\/\/spiritual-touch.de\/en\/wp-json\/wp\/v2\/pages"}],"about":[{"href":"https:\/\/spiritual-touch.de\/en\/wp-json\/wp\/v2\/types\/page"}],"author":[{"embeddable":true,"href":"https:\/\/spiritual-touch.de\/en\/wp-json\/wp\/v2\/users\/1"}],"replies":[{"embeddable":true,"href":"https:\/\/spiritual-touch.de\/en\/wp-json\/wp\/v2\/comments?post=83"}],"version-history":[{"count":56,"href":"https:\/\/spiritual-touch.de\/en\/wp-json\/wp\/v2\/pages\/83\/revisions"}],"predecessor-version":[{"id":24068,"href":"https:\/\/spiritual-touch.de\/en\/wp-json\/wp\/v2\/pages\/83\/revisions\/24068"}],"up":[{"embeddable":true,"href":"https:\/\/spiritual-touch.de\/en\/wp-json\/wp\/v2\/pages\/23613"}],"wp:attachment":[{"href":"https:\/\/spiritual-touch.de\/en\/wp-json\/wp\/v2\/media?parent=83"}],"curies":[{"name":"wp","href":"https:\/\/api.w.org\/{rel}","templated":true}]}}