{"id":43,"date":"2024-02-01T17:50:28","date_gmt":"2024-02-01T17:50:28","guid":{"rendered":"http:\/\/wwwspiritual-touchde.local\/?page_id=43"},"modified":"2025-05-24T10:04:20","modified_gmt":"2025-05-24T08:04:20","slug":"tantramassage","status":"publish","type":"page","link":"https:\/\/spiritual-touch.de\/en\/tantramassage\/","title":{"rendered":"Tantramassage"},"content":{"rendered":"<div data-elementor-type=\"wp-page\" data-elementor-id=\"43\" class=\"elementor elementor-43\" data-elementor-post-type=\"page\">\n\t\t\t\t<div class=\"elementor-element elementor-element-5fca707 e-flex e-con-boxed e-con e-parent\" data-id=\"5fca707\" data-element_type=\"container\" data-e-type=\"container\">\n\t\t\t\t\t<div class=\"e-con-inner\">\n\t\t\t\t<div class=\"elementor-element elementor-element-acb9d48 elementor-widget elementor-widget-spacer\" data-id=\"acb9d48\" data-element_type=\"widget\" data-e-type=\"widget\" data-widget_type=\"spacer.default\">\n\t\t\t\t<div class=\"elementor-widget-container\">\n\t\t\t\t\t\t\t<div class=\"elementor-spacer\">\n\t\t\t<div class=\"elementor-spacer-inner\"><\/div>\n\t\t<\/div>\n\t\t\t\t\t\t<\/div>\n\t\t\t\t<\/div>\n\t\t\t\t\t<\/div>\n\t\t\t\t<\/div>\n\t\t<div class=\"elementor-element elementor-element-d744c12 e-flex e-con-boxed e-con e-parent\" data-id=\"d744c12\" data-element_type=\"container\" data-e-type=\"container\" data-settings=\"{&quot;background_background&quot;:&quot;classic&quot;}\">\n\t\t\t\t\t<div class=\"e-con-inner\">\n\t\t\t\t<div class=\"elementor-element elementor-element-f189aa7 elementor-widget__width-initial elementor-widget-mobile__width-inherit elementor-widget elementor-widget-heading\" data-id=\"f189aa7\" data-element_type=\"widget\" data-e-type=\"widget\" data-widget_type=\"heading.default\">\n\t\t\t\t<div class=\"elementor-widget-container\">\n\t\t\t\t\t<h1 class=\"elementor-heading-title elementor-size-default\">Your journey to self-discovery<\/h1>\t\t\t\t<\/div>\n\t\t\t\t<\/div>\n\t\t\t\t<div class=\"elementor-element elementor-element-04c496d elementor-widget-divider--view-line elementor-widget elementor-widget-divider\" data-id=\"04c496d\" data-element_type=\"widget\" data-e-type=\"widget\" data-widget_type=\"divider.default\">\n\t\t\t\t<div class=\"elementor-widget-container\">\n\t\t\t\t\t\t\t<div class=\"elementor-divider\">\n\t\t\t<span class=\"elementor-divider-separator\">\n\t\t\t\t\t\t<\/span>\n\t\t<\/div>\n\t\t\t\t\t\t<\/div>\n\t\t\t\t<\/div>\n\t\t\t\t<div class=\"elementor-element elementor-element-0cf8062 elementor-widget__width-initial elementor-widget-mobile__width-inherit elementor-widget elementor-widget-heading\" data-id=\"0cf8062\" data-element_type=\"widget\" data-e-type=\"widget\" data-widget_type=\"heading.default\">\n\t\t\t\t<div class=\"elementor-widget-container\">\n\t\t\t\t\t<h2 class=\"elementor-heading-title elementor-size-default\">Tantra &amp; Tao massage<\/h2>\t\t\t\t<\/div>\n\t\t\t\t<\/div>\n\t\t\t\t<div class=\"elementor-element elementor-element-0ddb4e6 elementor-widget__width-initial elementor-widget-mobile__width-inherit elementor-widget elementor-widget-text-editor\" data-id=\"0ddb4e6\" data-element_type=\"widget\" data-e-type=\"widget\" data-widget_type=\"text-editor.default\">\n\t\t\t\t<div class=\"elementor-widget-container\">\n\t\t\t\t\t\t\t\t\t<p data-start=\"0\" data-end=\"352\">Let yourself be carried away on a loving journey of discovery to your inner core. Our Tantra &amp; Tao massage combines the gentle wisdom of Tao with the devoted art of Neo-Tantra. In a safe, warm space, you will receive mindful, flowing touches that harmonize body, mind, and heart.<\/p><p data-start=\"354\" data-end=\"833\">From the moment you step inside, you&#039;ll feel invited to slow down: soft lighting, gentle sounds, and the scent of natural oils create an atmosphere of deep comfort. After a thoughtful initial consultation, you&#039;ll immerse yourself in the healing practice, where every movement arises intuitively from the heart. With gentle, wave-like movements, we follow your body&#039;s natural energy flow \u2013 Yin meets Yang, tension dissolves, and life energy can flow freely once more.<\/p><p data-start=\"835\" data-end=\"859\"><strong data-start=\"835\" data-end=\"857\">What you can expect:<\/strong><\/p><p data-start=\"862\" data-end=\"972\"><strong data-start=\"862\" data-end=\"888\">Holistic devotion:<\/strong> Every touch honors your whole being \u2013 physically, emotionally, and energetically.<\/p><p data-start=\"975\" data-end=\"1080\"><strong data-start=\"975\" data-end=\"991\">Heart opening:<\/strong> Gentle techniques from Taoism open spaces for lightness, compassion, and self-love.<\/p><p data-start=\"1083\" data-end=\"1202\"><strong data-start=\"1083\" data-end=\"1105\">Deep relaxation:<\/strong> Meditative rhythms and intuitive processes lead you into a state of dreamlike relaxation.<\/p><p data-start=\"1205\" data-end=\"1333\"><strong data-start=\"1205\" data-end=\"1230\">Conscious mindfulness:<\/strong> With every touch, your awareness of the mindful exchange between giving and receiving grows.<\/p><p data-start=\"1335\" data-end=\"1612\">You will be received fully clothed or undressed on a soft futon \u2013 entirely according to your comfort. Naturally, we adhere to clear ethical boundaries: This massage is a form of ritual veneration of your being, without any intimate or sexual massage.<\/p><p data-start=\"1614\" data-end=\"1865\">After the treatment, take time to let the soothing warmth linger within you. Feel your heart gently expand and new energy awaken. Treat yourself to this moment of self-love \u2013 and return to your daily life feeling strengthened and full of harmony.<\/p><p data-start=\"1867\" data-end=\"2000\" data-is-last-node=\"\" data-is-only-node=\"\">Book your personal Tantra &amp; Tao massage now at <strong data-start=\"1923\" data-end=\"1942\">Spiritual Touch<\/strong> and allow yourself to awaken anew in every touch!<\/p>\t\t\t\t\t\t\t\t<\/div>\n\t\t\t\t<\/div>\n\t\t\t\t<div class=\"elementor-element elementor-element-6d38ca9 elementor-widget__width-initial elementor-widget-mobile__width-inherit elementor-widget elementor-widget-heading\" data-id=\"6d38ca9\" data-element_type=\"widget\" data-e-type=\"widget\" data-widget_type=\"heading.default\">\n\t\t\t\t<div class=\"elementor-widget-container\">\n\t\t\t\t\t<h2 class=\"elementor-heading-title elementor-size-default\">Bodyflow massage<\/h2>\t\t\t\t<\/div>\n\t\t\t\t<\/div>\n\t\t\t\t<div class=\"elementor-element elementor-element-72b836e elementor-widget__width-initial elementor-widget-mobile__width-inherit elementor-widget elementor-widget-text-editor\" data-id=\"72b836e\" data-element_type=\"widget\" data-e-type=\"widget\" data-widget_type=\"text-editor.default\">\n\t\t\t\t<div class=\"elementor-widget-container\">\n\t\t\t\t\t\t\t\t\t<p data-start=\"0\" data-end=\"571\">Experience the gentle harmony of flowing touch: The Bodyflow massage at Spiritual Touch is a luxurious pampering ritual that combines the flowing waves of Hawaiian Lomi Lomi, the heart-opening presence of Tantra massage, and the soothing, deep effects of classic wellness techniques. On a comfortable massage table, you will receive a carefully coordinated interplay of long, flowing strokes, gentle pressure, and rhythmic movements that release blockages and bestow a feeling of security and spaciousness.<\/p><p data-start=\"573\" data-end=\"865\">We deliberately avoid focusing on the intimate areas here \u2013 the Bodyflow massage is a purely body-oriented, non-intimate treatment. This allows you to surrender to the feeling of well-being without any inhibitions about touch and to focus your senses on purely relaxing and energizing sensations.<\/p><p data-start=\"867\" data-end=\"891\"><strong data-start=\"867\" data-end=\"889\">What you can expect:<\/strong><\/p><p data-start=\"894\" data-end=\"1008\"><strong data-start=\"894\" data-end=\"918\">Fluid movements<\/strong>Like gentle ocean waves, our hands carry you into a state of deep relaxation.<\/p><p data-start=\"1011\" data-end=\"1128\"><strong data-start=\"1011\" data-end=\"1032\">Deep relaxation<\/strong>Harmonious techniques calm the nervous system and melt away stress and tension.<\/p><p data-start=\"1131\" data-end=\"1275\"><strong data-start=\"1131\" data-end=\"1155\">Mind-body balance<\/strong>Through the harmony of gentle pressure and intuitive rhythm, you will find your way back to inner peace and balance.<\/p><p data-start=\"1278\" data-end=\"1410\"><strong data-start=\"1278\" data-end=\"1308\">Trusting atmosphere<\/strong>In a safe and protected environment, you can let go \u2013 completely without pressure and with loving care.<\/p><p data-start=\"1412\" data-end=\"1665\" data-is-last-node=\"\" data-is-only-node=\"\">Whether as an introduction to mindful touch or as a gentle break: Bodyflow massage harmonizes body and mind and opens the door to renewed lightness and serenity. Book your session now at <strong data-start=\"1645\" data-end=\"1664\">Spiritual Touch<\/strong>!<\/p><p data-start=\"1491\" data-end=\"1698\">Please allow an additional 30\u201345 minutes on top of your chosen treatment duration: for the preliminary consultation, your private shower before and after the massage, and an optional feedback session \u2013 at no extra cost.<\/p>\t\t\t\t\t\t\t\t<\/div>\n\t\t\t\t<\/div>\n\t\t\t\t\t<\/div>\n\t\t\t\t<\/div>\n\t\t<div class=\"elementor-element elementor-element-e68544d e-flex e-con-boxed e-con e-parent\" data-id=\"e68544d\" data-element_type=\"container\" data-e-type=\"container\">\n\t\t\t\t\t<div class=\"e-con-inner\">\n\t\t\t\t<div class=\"elementor-element elementor-element-6c6f2d1 elementor-widget-divider--view-line elementor-widget elementor-widget-divider\" data-id=\"6c6f2d1\" data-element_type=\"widget\" data-e-type=\"widget\" data-widget_type=\"divider.default\">\n\t\t\t\t<div class=\"elementor-widget-container\">\n\t\t\t\t\t\t\t<div class=\"elementor-divider\">\n\t\t\t<span class=\"elementor-divider-separator\">\n\t\t\t\t\t\t<\/span>\n\t\t<\/div>\n\t\t\t\t\t\t<\/div>\n\t\t\t\t<\/div>\n\t\t\t\t\t<\/div>\n\t\t\t\t<\/div>\n\t\t<div class=\"elementor-element elementor-element-57403fe e-flex e-con-boxed e-con e-parent\" data-id=\"57403fe\" data-element_type=\"container\" data-e-type=\"container\">\n\t\t\t\t\t<div class=\"e-con-inner\">\n\t\t\t\t<div class=\"elementor-element elementor-element-850aa73 elementor-widget__width-initial elementor-widget elementor-widget-heading\" data-id=\"850aa73\" data-element_type=\"widget\" data-e-type=\"widget\" data-widget_type=\"heading.default\">\n\t\t\t\t<div class=\"elementor-widget-container\">\n\t\t\t\t\t<h2 class=\"elementor-heading-title elementor-size-default\">Further information<\/h2>\t\t\t\t<\/div>\n\t\t\t\t<\/div>\n\t\t<div class=\"elementor-element elementor-element-0ef9470 e-flex e-con-boxed e-con e-child\" data-id=\"0ef9470\" data-element_type=\"container\" data-e-type=\"container\">\n\t\t\t\t\t<div class=\"e-con-inner\">\n\t\t<div class=\"elementor-element elementor-element-90acbbf e-grid e-con-full e-con e-child\" data-id=\"90acbbf\" data-element_type=\"container\" data-e-type=\"container\">\n\t\t\t\t<div class=\"elementor-element elementor-element-6e389c4 elementor-align-center elementor-widget elementor-widget-button\" data-id=\"6e389c4\" data-element_type=\"widget\" data-e-type=\"widget\" data-widget_type=\"button.default\">\n\t\t\t\t<div class=\"elementor-widget-container\">\n\t\t\t\t\t\t\t\t\t<div class=\"elementor-button-wrapper\">\n\t\t\t\t\t<a class=\"elementor-button elementor-button-link elementor-size-sm\" href=\"https:\/\/spiritual-touch.de\/en\/preise\/\">\n\t\t\t\t\t\t<span class=\"elementor-button-content-wrapper\">\n\t\t\t\t\t\t\t\t\t<span class=\"elementor-button-text\">Prices<\/span>\n\t\t\t\t\t<\/span>\n\t\t\t\t\t<\/a>\n\t\t\t\t<\/div>\n\t\t\t\t\t\t\t\t<\/div>\n\t\t\t\t<\/div>\n\t\t\t\t<div class=\"elementor-element elementor-element-ae0a238 elementor-align-center elementor-widget elementor-widget-button\" data-id=\"ae0a238\" data-element_type=\"widget\" data-e-type=\"widget\" data-widget_type=\"button.default\">\n\t\t\t\t<div class=\"elementor-widget-container\">\n\t\t\t\t\t\t\t\t\t<div class=\"elementor-button-wrapper\">\n\t\t\t\t\t<a class=\"elementor-button elementor-button-link elementor-size-sm\" href=\"https:\/\/spiritual-touch.de\/en\/team\/\">\n\t\t\t\t\t\t<span class=\"elementor-button-content-wrapper\">\n\t\t\t\t\t\t\t\t\t<span class=\"elementor-button-text\">team<\/span>\n\t\t\t\t\t<\/span>\n\t\t\t\t\t<\/a>\n\t\t\t\t<\/div>\n\t\t\t\t\t\t\t\t<\/div>\n\t\t\t\t<\/div>\n\t\t\t\t<div class=\"elementor-element elementor-element-d9f2104 elementor-align-center elementor-widget elementor-widget-button\" data-id=\"d9f2104\" data-element_type=\"widget\" data-e-type=\"widget\" data-widget_type=\"button.default\">\n\t\t\t\t<div class=\"elementor-widget-container\">\n\t\t\t\t\t\t\t\t\t<div class=\"elementor-button-wrapper\">\n\t\t\t\t\t<a class=\"elementor-button elementor-button-link elementor-size-sm\" href=\"https:\/\/spiritual-touch.de\/en\/faq\/\">\n\t\t\t\t\t\t<span class=\"elementor-button-content-wrapper\">\n\t\t\t\t\t\t\t\t\t<span class=\"elementor-button-text\">FAQ<\/span>\n\t\t\t\t\t<\/span>\n\t\t\t\t\t<\/a>\n\t\t\t\t<\/div>\n\t\t\t\t\t\t\t\t<\/div>\n\t\t\t\t<\/div>\n\t\t\t\t<\/div>\n\t\t\t\t\t<\/div>\n\t\t\t\t<\/div>\n\t\t\t\t\t<\/div>\n\t\t\t\t<\/div>\n\t\t\t\t<\/div>","protected":false},"excerpt":{"rendered":"<p>Deine Reise zur Selbstentdeckung Tantra- &amp; Tao-Massage Lass dich entf\u00fchren auf eine liebevolle Entdeckungsreise zu deinem inneren Kern. Unsere Tantra- &amp; Tao-Massage verbindet die sanfte Weisheit des Tao mit der hingebungsvollen Kunst des Neo-Tantra. In einem gesch\u00fctzten, warmen Raum empfangst du achtsame, flie\u00dfende Ber\u00fchrungen, die K\u00f6rper, Geist und Herz in Einklang bringen. Schon beim Betreten [&hellip;]<\/p>\n","protected":false},"author":1,"featured_media":0,"parent":0,"menu_order":12,"comment_status":"closed","ping_status":"closed","template":"","meta":{"footnotes":""},"class_list":["post-43","page","type-page","status-publish","hentry"],"yoast_head":"<!-- This site is optimized with the Yoast SEO Premium plugin v24.7 (Yoast SEO v27.5) - https:\/\/yoast.com\/product\/yoast-seo-premium-wordpress\/ -->\n<title>Tantramassage - Spiritual Touch<\/title>\n<meta name=\"robots\" content=\"index, follow, max-snippet:-1, max-image-preview:large, max-video-preview:-1\" \/>\n<link rel=\"canonical\" href=\"https:\/\/spiritual-touch.de\/en\/tantramassage\/\" \/>\n<meta property=\"og:locale\" content=\"en_GB\" \/>\n<meta property=\"og:type\" content=\"article\" \/>\n<meta property=\"og:title\" content=\"Tantramassage\" \/>\n<meta property=\"og:description\" content=\"Deine Reise zur Selbstentdeckung Tantra- &amp; Tao-Massage Lass dich entf\u00fchren auf eine liebevolle Entdeckungsreise zu deinem inneren Kern. Unsere Tantra- &amp; Tao-Massage verbindet die sanfte Weisheit des Tao mit der hingebungsvollen Kunst des Neo-Tantra. In einem gesch\u00fctzten, warmen Raum empfangst du achtsame, flie\u00dfende Ber\u00fchrungen, die K\u00f6rper, Geist und Herz in Einklang bringen. Schon beim Betreten [&hellip;]\" \/>\n<meta property=\"og:url\" content=\"https:\/\/spiritual-touch.de\/en\/tantramassage\/\" \/>\n<meta property=\"og:site_name\" content=\"Spiritual Touch\" \/>\n<meta property=\"article:publisher\" content=\"https:\/\/www.facebook.com\/profile.php?id=100057105473672\" \/>\n<meta property=\"article:modified_time\" content=\"2025-05-24T08:04:20+00:00\" \/>\n<meta name=\"twitter:card\" content=\"summary_large_image\" \/>\n<meta name=\"twitter:label1\" content=\"Estimated reading time\" \/>\n\t<meta name=\"twitter:data1\" content=\"3 minutes\" \/>\n<script type=\"application\/ld+json\" class=\"yoast-schema-graph\">{\"@context\":\"https:\\\/\\\/schema.org\",\"@graph\":[{\"@type\":\"WebPage\",\"@id\":\"https:\\\/\\\/spiritual-touch.de\\\/tantramassage\\\/\",\"url\":\"https:\\\/\\\/spiritual-touch.de\\\/tantramassage\\\/\",\"name\":\"Tantramassage - Spiritual Touch\",\"isPartOf\":{\"@id\":\"https:\\\/\\\/spiritual-touch.de\\\/#website\"},\"datePublished\":\"2024-02-01T17:50:28+00:00\",\"dateModified\":\"2025-05-24T08:04:20+00:00\",\"breadcrumb\":{\"@id\":\"https:\\\/\\\/spiritual-touch.de\\\/tantramassage\\\/#breadcrumb\"},\"inLanguage\":\"en-GB\",\"potentialAction\":[{\"@type\":\"ReadAction\",\"target\":[\"https:\\\/\\\/spiritual-touch.de\\\/tantramassage\\\/\"]}]},{\"@type\":\"BreadcrumbList\",\"@id\":\"https:\\\/\\\/spiritual-touch.de\\\/tantramassage\\\/#breadcrumb\",\"itemListElement\":[{\"@type\":\"ListItem\",\"position\":1,\"name\":\"Startseite\",\"item\":\"https:\\\/\\\/spiritual-touch.de\\\/\"},{\"@type\":\"ListItem\",\"position\":2,\"name\":\"Tantramassage\"}]},{\"@type\":\"WebSite\",\"@id\":\"https:\\\/\\\/spiritual-touch.de\\\/#website\",\"url\":\"https:\\\/\\\/spiritual-touch.de\\\/\",\"name\":\"Tantramassage M\u00fcnchen\",\"description\":\"Tantra Massage M\u00fcnchen\",\"publisher\":{\"@id\":\"https:\\\/\\\/spiritual-touch.de\\\/#organization\"},\"potentialAction\":[{\"@type\":\"SearchAction\",\"target\":{\"@type\":\"EntryPoint\",\"urlTemplate\":\"https:\\\/\\\/spiritual-touch.de\\\/?s={search_term_string}\"},\"query-input\":{\"@type\":\"PropertyValueSpecification\",\"valueRequired\":true,\"valueName\":\"search_term_string\"}}],\"inLanguage\":\"en-GB\"},{\"@type\":\"Organization\",\"@id\":\"https:\\\/\\\/spiritual-touch.de\\\/#organization\",\"name\":\"Spiritual Touch\",\"url\":\"https:\\\/\\\/spiritual-touch.de\\\/\",\"logo\":{\"@type\":\"ImageObject\",\"inLanguage\":\"en-GB\",\"@id\":\"https:\\\/\\\/spiritual-touch.de\\\/#\\\/schema\\\/logo\\\/image\\\/\",\"url\":\"https:\\\/\\\/spiritual-touch.de\\\/wp-content\\\/uploads\\\/2024\\\/01\\\/Heart.png\",\"contentUrl\":\"https:\\\/\\\/spiritual-touch.de\\\/wp-content\\\/uploads\\\/2024\\\/01\\\/Heart.png\",\"width\":500,\"height\":500,\"caption\":\"Spiritual Touch\"},\"image\":{\"@id\":\"https:\\\/\\\/spiritual-touch.de\\\/#\\\/schema\\\/logo\\\/image\\\/\"},\"sameAs\":[\"https:\\\/\\\/www.facebook.com\\\/profile.php?id=100057105473672\",\"https:\\\/\\\/www.instagram.com\\\/praxis_spiritual_touch\\\/\"]}]}<\/script>\n<!-- \/ Yoast SEO Premium plugin. -->","yoast_head_json":{"title":"Tantramassage - Spiritual Touch","robots":{"index":"index","follow":"follow","max-snippet":"max-snippet:-1","max-image-preview":"max-image-preview:large","max-video-preview":"max-video-preview:-1"},"canonical":"https:\/\/spiritual-touch.de\/en\/tantramassage\/","og_locale":"en_GB","og_type":"article","og_title":"Tantramassage","og_description":"Deine Reise zur Selbstentdeckung Tantra- &amp; Tao-Massage Lass dich entf\u00fchren auf eine liebevolle Entdeckungsreise zu deinem inneren Kern. Unsere Tantra- &amp; Tao-Massage verbindet die sanfte Weisheit des Tao mit der hingebungsvollen Kunst des Neo-Tantra. In einem gesch\u00fctzten, warmen Raum empfangst du achtsame, flie\u00dfende Ber\u00fchrungen, die K\u00f6rper, Geist und Herz in Einklang bringen. Schon beim Betreten [&hellip;]","og_url":"https:\/\/spiritual-touch.de\/en\/tantramassage\/","og_site_name":"Spiritual Touch","article_publisher":"https:\/\/www.facebook.com\/profile.php?id=100057105473672","article_modified_time":"2025-05-24T08:04:20+00:00","twitter_card":"summary_large_image","twitter_misc":{"Estimated reading time":"3 minutes"},"schema":{"@context":"https:\/\/schema.org","@graph":[{"@type":"WebPage","@id":"https:\/\/spiritual-touch.de\/tantramassage\/","url":"https:\/\/spiritual-touch.de\/tantramassage\/","name":"Tantramassage - Spiritual Touch","isPartOf":{"@id":"https:\/\/spiritual-touch.de\/#website"},"datePublished":"2024-02-01T17:50:28+00:00","dateModified":"2025-05-24T08:04:20+00:00","breadcrumb":{"@id":"https:\/\/spiritual-touch.de\/tantramassage\/#breadcrumb"},"inLanguage":"en-GB","potentialAction":[{"@type":"ReadAction","target":["https:\/\/spiritual-touch.de\/tantramassage\/"]}]},{"@type":"BreadcrumbList","@id":"https:\/\/spiritual-touch.de\/tantramassage\/#breadcrumb","itemListElement":[{"@type":"ListItem","position":1,"name":"Startseite","item":"https:\/\/spiritual-touch.de\/"},{"@type":"ListItem","position":2,"name":"Tantramassage"}]},{"@type":"WebSite","@id":"https:\/\/spiritual-touch.de\/#website","url":"https:\/\/spiritual-touch.de\/","name":"Tantra massage Munich","description":"Tantra Massage Munich","publisher":{"@id":"https:\/\/spiritual-touch.de\/#organization"},"potentialAction":[{"@type":"SearchAction","target":{"@type":"EntryPoint","urlTemplate":"https:\/\/spiritual-touch.de\/?s={search_term_string}"},"query-input":{"@type":"PropertyValueSpecification","valueRequired":true,"valueName":"search_term_string"}}],"inLanguage":"en-GB"},{"@type":"Organization","@id":"https:\/\/spiritual-touch.de\/#organization","name":"Spiritual Touch","url":"https:\/\/spiritual-touch.de\/","logo":{"@type":"ImageObject","inLanguage":"en-GB","@id":"https:\/\/spiritual-touch.de\/#\/schema\/logo\/image\/","url":"https:\/\/spiritual-touch.de\/wp-content\/uploads\/2024\/01\/Heart.png","contentUrl":"https:\/\/spiritual-touch.de\/wp-content\/uploads\/2024\/01\/Heart.png","width":500,"height":500,"caption":"Spiritual Touch"},"image":{"@id":"https:\/\/spiritual-touch.de\/#\/schema\/logo\/image\/"},"sameAs":["https:\/\/www.facebook.com\/profile.php?id=100057105473672","https:\/\/www.instagram.com\/praxis_spiritual_touch\/"]}]}},"_links":{"self":[{"href":"https:\/\/spiritual-touch.de\/en\/wp-json\/wp\/v2\/pages\/43","targetHints":{"allow":["GET"]}}],"collection":[{"href":"https:\/\/spiritual-touch.de\/en\/wp-json\/wp\/v2\/pages"}],"about":[{"href":"https:\/\/spiritual-touch.de\/en\/wp-json\/wp\/v2\/types\/page"}],"author":[{"embeddable":true,"href":"https:\/\/spiritual-touch.de\/en\/wp-json\/wp\/v2\/users\/1"}],"replies":[{"embeddable":true,"href":"https:\/\/spiritual-touch.de\/en\/wp-json\/wp\/v2\/comments?post=43"}],"version-history":[{"count":56,"href":"https:\/\/spiritual-touch.de\/en\/wp-json\/wp\/v2\/pages\/43\/revisions"}],"predecessor-version":[{"id":22088,"href":"https:\/\/spiritual-touch.de\/en\/wp-json\/wp\/v2\/pages\/43\/revisions\/22088"}],"wp:attachment":[{"href":"https:\/\/spiritual-touch.de\/en\/wp-json\/wp\/v2\/media?parent=43"}],"curies":[{"name":"wp","href":"https:\/\/api.w.org\/{rel}","templated":true}]}}