{"id":23647,"date":"2026-02-08T17:10:00","date_gmt":"2026-02-08T16:10:00","guid":{"rendered":"https:\/\/spiritual-touch.de\/?page_id=23647"},"modified":"2026-02-11T16:56:28","modified_gmt":"2026-02-11T15:56:28","slug":"kontakt","status":"publish","type":"page","link":"https:\/\/spiritual-touch.de\/en\/kontakt\/","title":{"rendered":"Kontakt &amp; Orientierung"},"content":{"rendered":"\t\t<div data-elementor-type=\"wp-page\" data-elementor-id=\"23647\" class=\"elementor elementor-23647\" data-elementor-post-type=\"page\">\n\t\t\t\t<div class=\"elementor-element elementor-element-4d9d324 e-flex e-con-boxed e-con e-parent\" data-id=\"4d9d324\" data-element_type=\"container\" data-e-type=\"container\">\n\t\t\t\t\t<div class=\"e-con-inner\">\n\t\t\t\t<div class=\"elementor-element elementor-element-d75cd90 elementor-widget elementor-widget-heading\" data-id=\"d75cd90\" data-element_type=\"widget\" data-e-type=\"widget\" data-widget_type=\"heading.default\">\n\t\t\t\t<div class=\"elementor-widget-container\">\n\t\t\t\t\t<h1 class=\"elementor-heading-title elementor-size-default\">Kontakt &amp; Orientierung<\/h1>\t\t\t\t<\/div>\n\t\t\t\t<\/div>\n\t\t\t\t<div class=\"elementor-element elementor-element-e4e9519 elementor-widget elementor-widget-text-editor\" data-id=\"e4e9519\" data-element_type=\"widget\" data-e-type=\"widget\" data-widget_type=\"text-editor.default\">\n\t\t\t\t<div class=\"elementor-widget-container\">\n\t\t\t\t\t\t\t\t\t<p data-pm-slice=\"1 1 [&quot;list&quot;,{&quot;spread&quot;:false,&quot;start&quot;:1337,&quot;end&quot;:1502},&quot;regular_list_item&quot;,{&quot;start&quot;:1370,&quot;end&quot;:1476},&quot;blockquote&quot;,{&quot;start&quot;:1387,&quot;end&quot;:1476}]\">Nicht jede Frage braucht sofort eine Entscheidung. Manchmal reicht ein erstes Gespr\u00e4ch.<\/p>\t\t\t\t\t\t\t\t<\/div>\n\t\t\t\t<\/div>\n\t\t\t\t\t<\/div>\n\t\t\t\t<\/div>\n\t\t<div class=\"elementor-element elementor-element-9c22a82 e-flex e-con-boxed e-con e-parent\" data-id=\"9c22a82\" data-element_type=\"container\" data-e-type=\"container\">\n\t\t\t\t\t<div class=\"e-con-inner\">\n\t\t\t\t<div class=\"elementor-element elementor-element-abd9416 elementor-widget elementor-widget-spacer\" data-id=\"abd9416\" data-element_type=\"widget\" data-e-type=\"widget\" data-widget_type=\"spacer.default\">\n\t\t\t\t<div class=\"elementor-widget-container\">\n\t\t\t\t\t\t\t<div class=\"elementor-spacer\">\n\t\t\t<div class=\"elementor-spacer-inner\"><\/div>\n\t\t<\/div>\n\t\t\t\t\t\t<\/div>\n\t\t\t\t<\/div>\n\t\t\t\t\t<\/div>\n\t\t\t\t<\/div>\n\t\t<div class=\"elementor-element elementor-element-acba747 e-con-full e-flex elementor-invisible e-con e-parent\" data-id=\"acba747\" data-element_type=\"container\" data-e-type=\"container\" data-settings=\"{&quot;background_background&quot;:&quot;classic&quot;,&quot;animation&quot;:&quot;fadeIn&quot;}\">\n\t\t\t\t<div class=\"elementor-element elementor-element-afeb60c elementor-widget elementor-widget-heading\" data-id=\"afeb60c\" data-element_type=\"widget\" data-e-type=\"widget\" data-settings=\"{&quot;_animation&quot;:&quot;none&quot;,&quot;_animation_mobile&quot;:&quot;fadeIn&quot;}\" data-widget_type=\"heading.default\">\n\t\t\t\t<div class=\"elementor-widget-container\">\n\t\t\t\t\t<h2 class=\"elementor-heading-title elementor-size-default\">Kostenloses Vorgespr\u00e4ch<\/h2>\t\t\t\t<\/div>\n\t\t\t\t<\/div>\n\t\t\t\t<div class=\"elementor-element elementor-element-03b4208 elementor-widget elementor-widget-text-editor\" data-id=\"03b4208\" data-element_type=\"widget\" data-e-type=\"widget\" data-widget_type=\"text-editor.default\">\n\t\t\t\t<div class=\"elementor-widget-container\">\n\t\t\t\t\t\t\t\t\t<p data-pm-slice=\"1 1 [&quot;blockquote&quot;,{&quot;start&quot;:2219,&quot;end&quot;:2457}]\">Wenn du unsicher bist, welches Angebot zu dir passt, empfehlen wir ein kostenfreies Vorgespr\u00e4ch.<br \/>In ca. 15\u201320 Minuten kl\u00e4ren wir Fragen, geben eine erste Einordnung und schauen gemeinsam, ob und wie ein weiterer Schritt stimmig ist.<\/p><p data-pm-slice=\"1 1 []\"><strong>Format:<\/strong> Online oder Telefon<\/p>\t\t\t\t\t\t\t\t<\/div>\n\t\t\t\t<\/div>\n\t\t\t\t<div class=\"elementor-element elementor-element-055e4e9 elementor-widget elementor-widget-text-editor\" data-id=\"055e4e9\" data-element_type=\"widget\" data-e-type=\"widget\" data-widget_type=\"text-editor.default\">\n\t\t\t\t<div class=\"elementor-widget-container\">\n\t\t\t\t\t\t\t\t\t<p data-pm-slice=\"1 1 []\"><a href=\"https:\/\/calendar.google.com\/appointments\/schedules\/AcZssZ1QC5SfkoF3gkCFYBQmp1vVKgFu7oyucxcDAQxbUMEj6czXDeqCQZ4x4zrPRoCzaoC6hwWsC4tI\" target=\"_blank\" rel=\"noopener\">Kostenfreies Vorgespr\u00e4ch vereinbaren<\/a><\/p>\t\t\t\t\t\t\t\t<\/div>\n\t\t\t\t<\/div>\n\t\t\t\t<\/div>\n\t\t<div class=\"elementor-element elementor-element-62691df e-flex e-con-boxed e-con e-parent\" data-id=\"62691df\" data-element_type=\"container\" data-e-type=\"container\">\n\t\t\t\t\t<div class=\"e-con-inner\">\n\t\t\t\t<div class=\"elementor-element elementor-element-5ebb165 elementor-widget elementor-widget-spacer\" data-id=\"5ebb165\" data-element_type=\"widget\" data-e-type=\"widget\" data-widget_type=\"spacer.default\">\n\t\t\t\t<div class=\"elementor-widget-container\">\n\t\t\t\t\t\t\t<div class=\"elementor-spacer\">\n\t\t\t<div class=\"elementor-spacer-inner\"><\/div>\n\t\t<\/div>\n\t\t\t\t\t\t<\/div>\n\t\t\t\t<\/div>\n\t\t\t\t\t<\/div>\n\t\t\t\t<\/div>\n\t\t<div class=\"elementor-element elementor-element-ed00010 e-con-full e-flex elementor-invisible e-con e-parent\" data-id=\"ed00010\" data-element_type=\"container\" data-e-type=\"container\" data-settings=\"{&quot;background_background&quot;:&quot;classic&quot;,&quot;animation&quot;:&quot;fadeIn&quot;}\">\n\t\t\t\t<div class=\"elementor-element elementor-element-78b79d9 elementor-widget elementor-widget-heading\" data-id=\"78b79d9\" data-element_type=\"widget\" data-e-type=\"widget\" data-widget_type=\"heading.default\">\n\t\t\t\t<div class=\"elementor-widget-container\">\n\t\t\t\t\t<h2 class=\"elementor-heading-title elementor-size-default\">Direkt einen Termin vereinbaren<\/h2>\t\t\t\t<\/div>\n\t\t\t\t<\/div>\n\t\t\t\t<div class=\"elementor-element elementor-element-207f0ec elementor-widget elementor-widget-text-editor\" data-id=\"207f0ec\" data-element_type=\"widget\" data-e-type=\"widget\" data-widget_type=\"text-editor.default\">\n\t\t\t\t<div class=\"elementor-widget-container\">\n\t\t\t\t\t\t\t\t\t<p data-pm-slice=\"1 1 [&quot;blockquote&quot;,{&quot;start&quot;:2666,&quot;end&quot;:2829}]\">Wenn du bereits wei\u00dft, welches Angebot f\u00fcr dich passt, kannst du direkt einen Termin buchen.<\/p>\t\t\t\t\t\t\t\t<\/div>\n\t\t\t\t<\/div>\n\t\t\t\t<div class=\"elementor-element elementor-element-36b65cd elementor-widget elementor-widget-text-editor\" data-id=\"36b65cd\" data-element_type=\"widget\" data-e-type=\"widget\" data-widget_type=\"text-editor.default\">\n\t\t\t\t<div class=\"elementor-widget-container\">\n\t\t\t\t\t\t\t\t\t<p data-pm-slice=\"1 1 []\"><a href=\"https:\/\/spiritual-touch.de\/buchungsformular\/\" target=\"_blank\" rel=\"noopener\">Zur Terminbuchung<\/a><\/p>\t\t\t\t\t\t\t\t<\/div>\n\t\t\t\t<\/div>\n\t\t\t\t<\/div>\n\t\t<div class=\"elementor-element elementor-element-7a884be e-flex e-con-boxed e-con e-parent\" data-id=\"7a884be\" data-element_type=\"container\" data-e-type=\"container\">\n\t\t\t\t\t<div class=\"e-con-inner\">\n\t\t\t\t<div class=\"elementor-element elementor-element-5dc60d7 elementor-widget elementor-widget-spacer\" data-id=\"5dc60d7\" data-element_type=\"widget\" data-e-type=\"widget\" data-widget_type=\"spacer.default\">\n\t\t\t\t<div class=\"elementor-widget-container\">\n\t\t\t\t\t\t\t<div class=\"elementor-spacer\">\n\t\t\t<div class=\"elementor-spacer-inner\"><\/div>\n\t\t<\/div>\n\t\t\t\t\t\t<\/div>\n\t\t\t\t<\/div>\n\t\t\t\t\t<\/div>\n\t\t\t\t<\/div>\n\t\t<div class=\"elementor-element elementor-element-7cd246c e-con-full e-flex e-con e-parent\" data-id=\"7cd246c\" data-element_type=\"container\" data-e-type=\"container\" data-settings=\"{&quot;background_background&quot;:&quot;classic&quot;,&quot;animation_mobile&quot;:&quot;fadeIn&quot;}\">\n\t\t\t\t<div class=\"elementor-element elementor-element-5fa24cd elementor-widget elementor-widget-heading\" data-id=\"5fa24cd\" data-element_type=\"widget\" data-e-type=\"widget\" data-widget_type=\"heading.default\">\n\t\t\t\t<div class=\"elementor-widget-container\">\n\t\t\t\t\t<h2 class=\"elementor-heading-title elementor-size-default\">Telefonischer Kontakt<\/h2>\t\t\t\t<\/div>\n\t\t\t\t<\/div>\n\t\t\t\t<div class=\"elementor-element elementor-element-96886e9 elementor-widget elementor-widget-text-editor\" data-id=\"96886e9\" data-element_type=\"widget\" data-e-type=\"widget\" data-widget_type=\"text-editor.default\">\n\t\t\t\t<div class=\"elementor-widget-container\">\n\t\t\t\t\t\t\t\t\t<p data-pm-slice=\"1 1 [&quot;blockquote&quot;,{&quot;start&quot;:2939,&quot;end&quot;:3132}]\">F\u00fcr kurze organisatorische Fragen oder wenn du lieber direkt sprechen m\u00f6chtest, erreichst du uns telefonisch.<br \/>Sollten wir gerade in einer Sitzung sein, bitten wir um eine kurze Nachricht.<\/p>\t\t\t\t\t\t\t\t<\/div>\n\t\t\t\t<\/div>\n\t\t\t\t<div class=\"elementor-element elementor-element-c26c631 elementor-widget elementor-widget-text-editor\" data-id=\"c26c631\" data-element_type=\"widget\" data-e-type=\"widget\" data-widget_type=\"text-editor.default\">\n\t\t\t\t<div class=\"elementor-widget-container\">\n\t\t\t\t\t\t\t\t\t<p data-pm-slice=\"1 1 []\"><a href=\"tel:+4915781504469\">01578\/1504469<\/a> oder <a href=\"http:\/\/wa.me\/4915781504469\">Whatsapp<\/a><\/p>\t\t\t\t\t\t\t\t<\/div>\n\t\t\t\t<\/div>\n\t\t\t\t<\/div>\n\t\t<div class=\"elementor-element elementor-element-7553597 e-flex e-con-boxed e-con e-parent\" data-id=\"7553597\" data-element_type=\"container\" data-e-type=\"container\">\n\t\t\t\t\t<div class=\"e-con-inner\">\n\t\t\t\t<div class=\"elementor-element elementor-element-aca2e81 elementor-widget elementor-widget-spacer\" data-id=\"aca2e81\" data-element_type=\"widget\" data-e-type=\"widget\" data-widget_type=\"spacer.default\">\n\t\t\t\t<div class=\"elementor-widget-container\">\n\t\t\t\t\t\t\t<div class=\"elementor-spacer\">\n\t\t\t<div class=\"elementor-spacer-inner\"><\/div>\n\t\t<\/div>\n\t\t\t\t\t\t<\/div>\n\t\t\t\t<\/div>\n\t\t\t\t\t<\/div>\n\t\t\t\t<\/div>\n\t\t<div class=\"elementor-element elementor-element-89a9f69 e-con-full e-flex e-con e-parent\" data-id=\"89a9f69\" data-element_type=\"container\" data-e-type=\"container\" data-settings=\"{&quot;background_background&quot;:&quot;classic&quot;,&quot;animation_mobile&quot;:&quot;fadeIn&quot;}\">\n\t\t\t\t<div class=\"elementor-element elementor-element-a383a25 elementor-widget elementor-widget-heading\" data-id=\"a383a25\" data-element_type=\"widget\" data-e-type=\"widget\" data-widget_type=\"heading.default\">\n\t\t\t\t<div class=\"elementor-widget-container\">\n\t\t\t\t\t<h2 class=\"elementor-heading-title elementor-size-default\">E\u2011Mail<\/h2>\t\t\t\t<\/div>\n\t\t\t\t<\/div>\n\t\t\t\t<div class=\"elementor-element elementor-element-f82f15b elementor-widget elementor-widget-text-editor\" data-id=\"f82f15b\" data-element_type=\"widget\" data-e-type=\"widget\" data-widget_type=\"text-editor.default\">\n\t\t\t\t<div class=\"elementor-widget-container\">\n\t\t\t\t\t\t\t\t\t<p data-pm-slice=\"1 1 [&quot;blockquote&quot;,{&quot;start&quot;:3209,&quot;end&quot;:3351}]\">F\u00fcr schriftliche Anfragen, R\u00fcckfragen oder Informationen kannst du uns auch per E\u2011Mail kontaktieren.<br \/>Wir antworten in der Regel zeitnah.<\/p>\t\t\t\t\t\t\t\t<\/div>\n\t\t\t\t<\/div>\n\t\t\t\t<div class=\"elementor-element elementor-element-6dae81a elementor-widget elementor-widget-text-editor\" data-id=\"6dae81a\" data-element_type=\"widget\" data-e-type=\"widget\" data-widget_type=\"text-editor.default\">\n\t\t\t\t<div class=\"elementor-widget-container\">\n\t\t\t\t\t\t\t\t\t<p data-pm-slice=\"1 1 []\"><a href=\"mailto:info@spiritual-touch.de\">E\u2011Mail schreiben<\/a><\/p>\t\t\t\t\t\t\t\t<\/div>\n\t\t\t\t<\/div>\n\t\t\t\t<\/div>\n\t\t<div class=\"elementor-element elementor-element-52f1ff2 e-flex e-con-boxed e-con e-parent\" data-id=\"52f1ff2\" data-element_type=\"container\" data-e-type=\"container\">\n\t\t\t\t\t<div class=\"e-con-inner\">\n\t\t\t\t<div class=\"elementor-element elementor-element-d84b0d4 elementor-widget elementor-widget-spacer\" data-id=\"d84b0d4\" data-element_type=\"widget\" data-e-type=\"widget\" data-widget_type=\"spacer.default\">\n\t\t\t\t<div class=\"elementor-widget-container\">\n\t\t\t\t\t\t\t<div class=\"elementor-spacer\">\n\t\t\t<div class=\"elementor-spacer-inner\"><\/div>\n\t\t<\/div>\n\t\t\t\t\t\t<\/div>\n\t\t\t\t<\/div>\n\t\t\t\t\t<\/div>\n\t\t\t\t<\/div>\n\t\t\t\t<\/div>\n\t\t","protected":false},"excerpt":{"rendered":"<p>Kontakt &amp; Orientierung Nicht jede Frage braucht sofort eine Entscheidung. Manchmal reicht ein erstes Gespr\u00e4ch. Kostenloses Vorgespr\u00e4ch Wenn du unsicher bist, welches Angebot zu dir passt, empfehlen wir ein kostenfreies Vorgespr\u00e4ch.In ca. 15\u201320 Minuten kl\u00e4ren wir Fragen, geben eine erste Einordnung und schauen gemeinsam, ob und wie ein weiterer Schritt stimmig ist. Format: Online oder [&hellip;]<\/p>\n","protected":false},"author":1,"featured_media":0,"parent":0,"menu_order":19,"comment_status":"closed","ping_status":"closed","template":"","meta":{"footnotes":""},"class_list":["post-23647","page","type-page","status-publish","hentry"],"yoast_head":"<!-- This site is optimized with the Yoast SEO Premium plugin v24.7 (Yoast SEO v27.4) - https:\/\/yoast.com\/product\/yoast-seo-premium-wordpress\/ -->\n<title>Kontakt &amp; Orientierung - Spiritual Touch<\/title>\n<meta name=\"description\" content=\"Kontaktm\u00f6glichkeiten, kostenfreies Vorgespr\u00e4ch und Terminvereinbarung bei Spiritual Touch \u2013 Praxis &amp; Institut. Pers\u00f6nlich, klar und unverbindlich.\" \/>\n<meta name=\"robots\" content=\"index, follow, max-snippet:-1, max-image-preview:large, max-video-preview:-1\" \/>\n<link rel=\"canonical\" href=\"https:\/\/spiritual-touch.de\/en\/kontakt\/\" \/>\n<meta property=\"og:locale\" content=\"en_GB\" \/>\n<meta property=\"og:type\" content=\"article\" \/>\n<meta property=\"og:title\" content=\"Kontakt &amp; Orientierung\" \/>\n<meta property=\"og:description\" content=\"Kontaktm\u00f6glichkeiten, kostenfreies Vorgespr\u00e4ch und Terminvereinbarung bei Spiritual Touch \u2013 Praxis &amp; Institut. Pers\u00f6nlich, klar und unverbindlich.\" \/>\n<meta property=\"og:url\" content=\"https:\/\/spiritual-touch.de\/en\/kontakt\/\" \/>\n<meta property=\"og:site_name\" content=\"Spiritual Touch\" \/>\n<meta property=\"article:publisher\" content=\"https:\/\/www.facebook.com\/profile.php?id=100057105473672\" \/>\n<meta property=\"article:modified_time\" content=\"2026-02-11T15:56:28+00:00\" \/>\n<meta name=\"twitter:card\" content=\"summary_large_image\" \/>\n<meta name=\"twitter:label1\" content=\"Estimated reading time\" \/>\n\t<meta name=\"twitter:data1\" content=\"1 minute\" \/>\n<script type=\"application\/ld+json\" class=\"yoast-schema-graph\">{\"@context\":\"https:\\\/\\\/schema.org\",\"@graph\":[{\"@type\":\"WebPage\",\"@id\":\"https:\\\/\\\/spiritual-touch.de\\\/kontakt\\\/\",\"url\":\"https:\\\/\\\/spiritual-touch.de\\\/kontakt\\\/\",\"name\":\"Kontakt &amp; Orientierung - Spiritual Touch\",\"isPartOf\":{\"@id\":\"https:\\\/\\\/spiritual-touch.de\\\/#website\"},\"datePublished\":\"2026-02-08T16:10:00+00:00\",\"dateModified\":\"2026-02-11T15:56:28+00:00\",\"description\":\"Kontaktm\u00f6glichkeiten, kostenfreies Vorgespr\u00e4ch und Terminvereinbarung bei Spiritual Touch \u2013 Praxis & Institut. Pers\u00f6nlich, klar und unverbindlich.\",\"breadcrumb\":{\"@id\":\"https:\\\/\\\/spiritual-touch.de\\\/kontakt\\\/#breadcrumb\"},\"inLanguage\":\"en-GB\",\"potentialAction\":[{\"@type\":\"ReadAction\",\"target\":[\"https:\\\/\\\/spiritual-touch.de\\\/kontakt\\\/\"]}]},{\"@type\":\"BreadcrumbList\",\"@id\":\"https:\\\/\\\/spiritual-touch.de\\\/kontakt\\\/#breadcrumb\",\"itemListElement\":[{\"@type\":\"ListItem\",\"position\":1,\"name\":\"Startseite\",\"item\":\"https:\\\/\\\/spiritual-touch.de\\\/\"},{\"@type\":\"ListItem\",\"position\":2,\"name\":\"Kontakt &amp; Orientierung\"}]},{\"@type\":\"WebSite\",\"@id\":\"https:\\\/\\\/spiritual-touch.de\\\/#website\",\"url\":\"https:\\\/\\\/spiritual-touch.de\\\/\",\"name\":\"Tantramassage M\u00fcnchen\",\"description\":\"Tantra Massage M\u00fcnchen\",\"publisher\":{\"@id\":\"https:\\\/\\\/spiritual-touch.de\\\/#organization\"},\"potentialAction\":[{\"@type\":\"SearchAction\",\"target\":{\"@type\":\"EntryPoint\",\"urlTemplate\":\"https:\\\/\\\/spiritual-touch.de\\\/?s={search_term_string}\"},\"query-input\":{\"@type\":\"PropertyValueSpecification\",\"valueRequired\":true,\"valueName\":\"search_term_string\"}}],\"inLanguage\":\"en-GB\"},{\"@type\":\"Organization\",\"@id\":\"https:\\\/\\\/spiritual-touch.de\\\/#organization\",\"name\":\"Spiritual Touch\",\"url\":\"https:\\\/\\\/spiritual-touch.de\\\/\",\"logo\":{\"@type\":\"ImageObject\",\"inLanguage\":\"en-GB\",\"@id\":\"https:\\\/\\\/spiritual-touch.de\\\/#\\\/schema\\\/logo\\\/image\\\/\",\"url\":\"https:\\\/\\\/spiritual-touch.de\\\/wp-content\\\/uploads\\\/2024\\\/01\\\/Heart.png\",\"contentUrl\":\"https:\\\/\\\/spiritual-touch.de\\\/wp-content\\\/uploads\\\/2024\\\/01\\\/Heart.png\",\"width\":500,\"height\":500,\"caption\":\"Spiritual Touch\"},\"image\":{\"@id\":\"https:\\\/\\\/spiritual-touch.de\\\/#\\\/schema\\\/logo\\\/image\\\/\"},\"sameAs\":[\"https:\\\/\\\/www.facebook.com\\\/profile.php?id=100057105473672\",\"https:\\\/\\\/www.instagram.com\\\/praxis_spiritual_touch\\\/\"]}]}<\/script>\n<!-- \/ Yoast SEO Premium plugin. -->","yoast_head_json":{"title":"Kontakt &amp; Orientierung - Spiritual Touch","description":"Kontaktm\u00f6glichkeiten, kostenfreies Vorgespr\u00e4ch und Terminvereinbarung bei Spiritual Touch \u2013 Praxis & Institut. Pers\u00f6nlich, klar und unverbindlich.","robots":{"index":"index","follow":"follow","max-snippet":"max-snippet:-1","max-image-preview":"max-image-preview:large","max-video-preview":"max-video-preview:-1"},"canonical":"https:\/\/spiritual-touch.de\/en\/kontakt\/","og_locale":"en_GB","og_type":"article","og_title":"Kontakt &amp; Orientierung","og_description":"Kontaktm\u00f6glichkeiten, kostenfreies Vorgespr\u00e4ch und Terminvereinbarung bei Spiritual Touch \u2013 Praxis & Institut. Pers\u00f6nlich, klar und unverbindlich.","og_url":"https:\/\/spiritual-touch.de\/en\/kontakt\/","og_site_name":"Spiritual Touch","article_publisher":"https:\/\/www.facebook.com\/profile.php?id=100057105473672","article_modified_time":"2026-02-11T15:56:28+00:00","twitter_card":"summary_large_image","twitter_misc":{"Estimated reading time":"1 minute"},"schema":{"@context":"https:\/\/schema.org","@graph":[{"@type":"WebPage","@id":"https:\/\/spiritual-touch.de\/kontakt\/","url":"https:\/\/spiritual-touch.de\/kontakt\/","name":"Kontakt &amp; Orientierung - Spiritual Touch","isPartOf":{"@id":"https:\/\/spiritual-touch.de\/#website"},"datePublished":"2026-02-08T16:10:00+00:00","dateModified":"2026-02-11T15:56:28+00:00","description":"Kontaktm\u00f6glichkeiten, kostenfreies Vorgespr\u00e4ch und Terminvereinbarung bei Spiritual Touch \u2013 Praxis & Institut. Pers\u00f6nlich, klar und unverbindlich.","breadcrumb":{"@id":"https:\/\/spiritual-touch.de\/kontakt\/#breadcrumb"},"inLanguage":"en-GB","potentialAction":[{"@type":"ReadAction","target":["https:\/\/spiritual-touch.de\/kontakt\/"]}]},{"@type":"BreadcrumbList","@id":"https:\/\/spiritual-touch.de\/kontakt\/#breadcrumb","itemListElement":[{"@type":"ListItem","position":1,"name":"Startseite","item":"https:\/\/spiritual-touch.de\/"},{"@type":"ListItem","position":2,"name":"Kontakt &amp; Orientierung"}]},{"@type":"WebSite","@id":"https:\/\/spiritual-touch.de\/#website","url":"https:\/\/spiritual-touch.de\/","name":"Tantra massage Munich","description":"Tantra Massage Munich","publisher":{"@id":"https:\/\/spiritual-touch.de\/#organization"},"potentialAction":[{"@type":"SearchAction","target":{"@type":"EntryPoint","urlTemplate":"https:\/\/spiritual-touch.de\/?s={search_term_string}"},"query-input":{"@type":"PropertyValueSpecification","valueRequired":true,"valueName":"search_term_string"}}],"inLanguage":"en-GB"},{"@type":"Organization","@id":"https:\/\/spiritual-touch.de\/#organization","name":"Spiritual Touch","url":"https:\/\/spiritual-touch.de\/","logo":{"@type":"ImageObject","inLanguage":"en-GB","@id":"https:\/\/spiritual-touch.de\/#\/schema\/logo\/image\/","url":"https:\/\/spiritual-touch.de\/wp-content\/uploads\/2024\/01\/Heart.png","contentUrl":"https:\/\/spiritual-touch.de\/wp-content\/uploads\/2024\/01\/Heart.png","width":500,"height":500,"caption":"Spiritual Touch"},"image":{"@id":"https:\/\/spiritual-touch.de\/#\/schema\/logo\/image\/"},"sameAs":["https:\/\/www.facebook.com\/profile.php?id=100057105473672","https:\/\/www.instagram.com\/praxis_spiritual_touch\/"]}]}},"_links":{"self":[{"href":"https:\/\/spiritual-touch.de\/en\/wp-json\/wp\/v2\/pages\/23647","targetHints":{"allow":["GET"]}}],"collection":[{"href":"https:\/\/spiritual-touch.de\/en\/wp-json\/wp\/v2\/pages"}],"about":[{"href":"https:\/\/spiritual-touch.de\/en\/wp-json\/wp\/v2\/types\/page"}],"author":[{"embeddable":true,"href":"https:\/\/spiritual-touch.de\/en\/wp-json\/wp\/v2\/users\/1"}],"replies":[{"embeddable":true,"href":"https:\/\/spiritual-touch.de\/en\/wp-json\/wp\/v2\/comments?post=23647"}],"version-history":[{"count":24,"href":"https:\/\/spiritual-touch.de\/en\/wp-json\/wp\/v2\/pages\/23647\/revisions"}],"predecessor-version":[{"id":23776,"href":"https:\/\/spiritual-touch.de\/en\/wp-json\/wp\/v2\/pages\/23647\/revisions\/23776"}],"wp:attachment":[{"href":"https:\/\/spiritual-touch.de\/en\/wp-json\/wp\/v2\/media?parent=23647"}],"curies":[{"name":"wp","href":"https:\/\/api.w.org\/{rel}","templated":true}]}}