{"id":23628,"date":"2026-02-08T15:22:27","date_gmt":"2026-02-08T14:22:27","guid":{"rendered":"https:\/\/spiritual-touch.de\/?page_id=23628"},"modified":"2026-04-04T20:31:38","modified_gmt":"2026-04-04T18:31:38","slug":"paare","status":"publish","type":"page","link":"https:\/\/spiritual-touch.de\/en\/praxis\/paare\/","title":{"rendered":"Angebote f\u00fcr Paare in M\u00fcnchen | Paarmassage, Rituale &amp; Workshops"},"content":{"rendered":"\t\t<div data-elementor-type=\"wp-page\" data-elementor-id=\"23628\" class=\"elementor elementor-23628\" data-elementor-post-type=\"page\">\n\t\t\t\t<div class=\"elementor-element elementor-element-2381508 e-flex e-con-boxed elementor-invisible e-con e-parent\" data-id=\"2381508\" data-element_type=\"container\" data-e-type=\"container\" data-settings=\"{&quot;background_background&quot;:&quot;classic&quot;,&quot;animation&quot;:&quot;fadeIn&quot;}\">\n\t\t\t\t\t<div class=\"e-con-inner\">\n\t\t\t\t<div class=\"elementor-element elementor-element-f004022 elementor-widget elementor-widget-spacer\" data-id=\"f004022\" data-element_type=\"widget\" data-e-type=\"widget\" data-widget_type=\"spacer.default\">\n\t\t\t\t<div class=\"elementor-widget-container\">\n\t\t\t\t\t\t\t<div class=\"elementor-spacer\">\n\t\t\t<div class=\"elementor-spacer-inner\"><\/div>\n\t\t<\/div>\n\t\t\t\t\t\t<\/div>\n\t\t\t\t<\/div>\n\t\t\t\t<div class=\"elementor-element elementor-element-40cd2c3 elementor-widget elementor-widget-heading\" data-id=\"40cd2c3\" data-element_type=\"widget\" data-e-type=\"widget\" data-widget_type=\"heading.default\">\n\t\t\t\t<div class=\"elementor-widget-container\">\n\t\t\t\t\t<h1 class=\"elementor-heading-title elementor-size-default\">Angebote zu Zweit<\/h1>\t\t\t\t<\/div>\n\t\t\t\t<\/div>\n\t\t\t\t<div class=\"elementor-element elementor-element-401f045 elementor-widget elementor-widget-text-editor\" data-id=\"401f045\" data-element_type=\"widget\" data-e-type=\"widget\" data-widget_type=\"text-editor.default\">\n\t\t\t\t<div class=\"elementor-widget-container\">\n\t\t\t\t\t\t\t\t\t<p>R\u00e4ume, in denen N\u00e4he wieder sp\u00fcrbar wird \u2013 \u00fcber Ber\u00fchrung, Pr\u00e4senz und bewusste Begegnung.<\/p>\t\t\t\t\t\t\t\t<\/div>\n\t\t\t\t<\/div>\n\t\t\t\t\t<\/div>\n\t\t\t\t<\/div>\n\t\t<div class=\"elementor-element elementor-element-88b4190 e-flex e-con-boxed e-con e-parent\" data-id=\"88b4190\" data-element_type=\"container\" data-e-type=\"container\">\n\t\t\t\t\t<div class=\"e-con-inner\">\n\t\t\t\t<div class=\"elementor-element elementor-element-2ed8362 elementor-widget elementor-widget-text-editor\" data-id=\"2ed8362\" data-element_type=\"widget\" data-e-type=\"widget\" data-widget_type=\"text-editor.default\">\n\t\t\t\t<div class=\"elementor-widget-container\">\n\t\t\t\t\t\t\t\t\t<p class=\"font-claude-response-body break-words whitespace-normal leading-[1.7]\"><em>Viele Paare die zu uns kommen wissen nicht genau was sie brauchen. Sie sp\u00fcren nur: da ist etwas. Eine Sehnsucht, eine Distanz, eine Neugier \u2013 oder einfach der Wunsch nach mehr.<\/em><\/p><p class=\"font-claude-response-body break-words whitespace-normal leading-[1.7]\"><em>Das reicht vollkommen als Anfang.<\/em><\/p>\t\t\t\t\t\t\t\t<\/div>\n\t\t\t\t<\/div>\n\t\t\t\t\t<\/div>\n\t\t\t\t<\/div>\n\t\t<div class=\"elementor-element elementor-element-2c1e3c2 e-flex e-con-boxed elementor-invisible e-con e-parent\" data-id=\"2c1e3c2\" data-element_type=\"container\" data-e-type=\"container\" data-settings=\"{&quot;animation&quot;:&quot;fadeIn&quot;}\">\n\t\t\t\t\t<div class=\"e-con-inner\">\n\t\t\t\t<div class=\"elementor-element elementor-element-c635a41 elementor-widget elementor-widget-heading\" data-id=\"c635a41\" data-element_type=\"widget\" data-e-type=\"widget\" data-widget_type=\"heading.default\">\n\t\t\t\t<div class=\"elementor-widget-container\">\n\t\t\t\t\t<h2 class=\"elementor-heading-title elementor-size-default\">Wie wir arbeiten<\/h2>\t\t\t\t<\/div>\n\t\t\t\t<\/div>\n\t\t\t\t<div class=\"elementor-element elementor-element-35c1e28 elementor-widget elementor-widget-text-editor\" data-id=\"35c1e28\" data-element_type=\"widget\" data-e-type=\"widget\" data-widget_type=\"text-editor.default\">\n\t\t\t\t<div class=\"elementor-widget-container\">\n\t\t\t\t\t\t\t\t\t<p>Die Begleitung von zwei Menschen ist uns \u2013 selbst als Paar \u2013 eine wirkliche Herzensangelegenheit. Wir kennen aus eigener Erfahrung was es bedeutet, N\u00e4he zu suchen, Reibung auszuhalten und gemeinsam zu wachsen. Wir sind authentisch, mit Ecken und Kanten \u2013 und genau das bringen wir in die Arbeit mit euch.<\/p>\t\t\t\t\t\t\t\t<\/div>\n\t\t\t\t<\/div>\n\t\t\t\t\t<\/div>\n\t\t\t\t<\/div>\n\t\t<div class=\"elementor-element elementor-element-1202e88 e-flex e-con-boxed elementor-invisible e-con e-parent\" data-id=\"1202e88\" data-element_type=\"container\" data-e-type=\"container\" data-settings=\"{&quot;animation&quot;:&quot;fadeIn&quot;}\">\n\t\t\t\t\t<div class=\"e-con-inner\">\n\t\t\t\t<div class=\"elementor-element elementor-element-e21c717 elementor-widget elementor-widget-heading\" data-id=\"e21c717\" data-element_type=\"widget\" data-e-type=\"widget\" data-widget_type=\"heading.default\">\n\t\t\t\t<div class=\"elementor-widget-container\">\n\t\t\t\t\t<h2 class=\"elementor-heading-title elementor-size-default\">Wo steht Ihr gerade?<\/h2>\t\t\t\t<\/div>\n\t\t\t\t<\/div>\n\t\t\t\t\t<\/div>\n\t\t\t\t<\/div>\n\t\t<div class=\"elementor-element elementor-element-3ae4e04 e-grid e-con-boxed e-con e-parent\" data-id=\"3ae4e04\" data-element_type=\"container\" data-e-type=\"container\">\n\t\t\t\t\t<div class=\"e-con-inner\">\n\t\t<div class=\"elementor-element elementor-element-a659bea e-con-full e-flex elementor-invisible e-con e-child\" data-id=\"a659bea\" data-element_type=\"container\" data-e-type=\"container\" data-settings=\"{&quot;background_background&quot;:&quot;classic&quot;,&quot;animation&quot;:&quot;fadeIn&quot;}\">\n\t\t\t\t<div class=\"elementor-element elementor-element-444ce6a elementor-widget elementor-widget-heading\" data-id=\"444ce6a\" data-element_type=\"widget\" data-e-type=\"widget\" data-widget_type=\"heading.default\">\n\t\t\t\t<div class=\"elementor-widget-container\">\n\t\t\t\t\t<h3 class=\"elementor-heading-title elementor-size-default\">Wir m\u00f6chten N\u00e4he neu entdecken<\/h3>\t\t\t\t<\/div>\n\t\t\t\t<\/div>\n\t\t\t\t<div class=\"elementor-element elementor-element-bb27c2c elementor-hidden-mobile elementor-widget elementor-widget-text-editor\" data-id=\"bb27c2c\" data-element_type=\"widget\" data-e-type=\"widget\" data-widget_type=\"text-editor.default\">\n\t\t\t\t<div class=\"elementor-widget-container\">\n\t\t\t\t\t\t\t\t\t<p>Ihr seid neugierig, vielleicht auch ein bisschen aufgeregt. Ihr m\u00f6chtet Ber\u00fchrung bewusster erleben \u2013 sinnlich, spielerisch, gemeinsam. Ohne Druck, ohne Ziel.<\/p>\t\t\t\t\t\t\t\t<\/div>\n\t\t\t\t<\/div>\n\t\t\t\t<div class=\"elementor-element elementor-element-f5236f0 elementor-widget elementor-widget-text-editor\" data-id=\"f5236f0\" data-element_type=\"widget\" data-e-type=\"widget\" data-widget_type=\"text-editor.default\">\n\t\t\t\t<div class=\"elementor-widget-container\">\n\t\t\t\t\t\t\t\t\t<p data-pm-slice=\"1 1 []\"><strong>Passende Angebote:<\/strong><\/p><p data-pm-slice=\"1 1 []\"><a href=\"https:\/\/spiritual-touch.de\/praxis\/einzelarbeit\/korperarbeit-massagen\/massagen-tantramassage\/#paare\">Paarmassagen<\/a> &#8211; <a href=\"https:\/\/spiritual-touch.de\/praxis\/paare\/ritual-zu-dritt\/\">Ritual zu Dritt<\/a><\/p>\t\t\t\t\t\t\t\t<\/div>\n\t\t\t\t<\/div>\n\t\t\t\t<\/div>\n\t\t<div class=\"elementor-element elementor-element-561d04a e-con-full e-flex elementor-invisible e-con e-child\" data-id=\"561d04a\" data-element_type=\"container\" data-e-type=\"container\" data-settings=\"{&quot;background_background&quot;:&quot;classic&quot;,&quot;animation&quot;:&quot;fadeIn&quot;}\">\n\t\t\t\t<div class=\"elementor-element elementor-element-81b502f elementor-widget elementor-widget-heading\" data-id=\"81b502f\" data-element_type=\"widget\" data-e-type=\"widget\" data-widget_type=\"heading.default\">\n\t\t\t\t<div class=\"elementor-widget-container\">\n\t\t\t\t\t<h3 class=\"elementor-heading-title elementor-size-default\">Wir m\u00f6chten etwas kl\u00e4ren oder vertiefen<\/h3>\t\t\t\t<\/div>\n\t\t\t\t<\/div>\n\t\t\t\t<div class=\"elementor-element elementor-element-ee9f507 elementor-hidden-mobile elementor-widget elementor-widget-text-editor\" data-id=\"ee9f507\" data-element_type=\"widget\" data-e-type=\"widget\" data-widget_type=\"text-editor.default\">\n\t\t\t\t<div class=\"elementor-widget-container\">\n\t\t\t\t\t\t\t\t\t<p>Es gibt etwas zwischen euch das Raum braucht. Vielleicht eine Distanz, ein Muster, etwas Unausgesprochenes. Ihr sucht keinen Streit \u2013 sondern einen gesch\u00fctzten Rahmen zum Ankommen.<\/p>\t\t\t\t\t\t\t\t<\/div>\n\t\t\t\t<\/div>\n\t\t\t\t<div class=\"elementor-element elementor-element-41157a5 elementor-widget elementor-widget-text-editor\" data-id=\"41157a5\" data-element_type=\"widget\" data-e-type=\"widget\" data-widget_type=\"text-editor.default\">\n\t\t\t\t<div class=\"elementor-widget-container\">\n\t\t\t\t\t\t\t\t\t<p data-pm-slice=\"1 1 []\"><strong>Passende Angebote:<\/strong><\/p><p data-pm-slice=\"1 1 []\"><a href=\"https:\/\/spiritual-touch.de\/praxis\/einzelarbeit\/somatisches-coaching\/\">Somatische Paarberatung<\/a> &#8211; <a href=\"https:\/\/spiritual-touch.de\/praxis\/einzelarbeit\/korperarbeit-massagen\/sexological-bodywork\/#paare\"><span style=\"letter-spacing: -0.27px;\">Intuitive K\u00f6rperarbeit als Paar<\/span><\/a><\/p>\t\t\t\t\t\t\t\t<\/div>\n\t\t\t\t<\/div>\n\t\t\t\t<\/div>\n\t\t<div class=\"elementor-element elementor-element-0525dd2 e-con-full e-flex elementor-invisible e-con e-child\" data-id=\"0525dd2\" data-element_type=\"container\" data-e-type=\"container\" data-settings=\"{&quot;background_background&quot;:&quot;classic&quot;,&quot;animation&quot;:&quot;fadeIn&quot;}\">\n\t\t\t\t<div class=\"elementor-element elementor-element-502f93c elementor-widget elementor-widget-heading\" data-id=\"502f93c\" data-element_type=\"widget\" data-e-type=\"widget\" data-widget_type=\"heading.default\">\n\t\t\t\t<div class=\"elementor-widget-container\">\n\t\t\t\t\t<h3 class=\"elementor-heading-title elementor-size-default\">Wir m\u00f6chten gemeinsam wachsen<\/h3>\t\t\t\t<\/div>\n\t\t\t\t<\/div>\n\t\t\t\t<div class=\"elementor-element elementor-element-7996066 elementor-hidden-mobile elementor-widget elementor-widget-text-editor\" data-id=\"7996066\" data-element_type=\"widget\" data-e-type=\"widget\" data-widget_type=\"text-editor.default\">\n\t\t\t\t<div class=\"elementor-widget-container\">\n\t\t\t\t\t\t\t\t\t<p>Ihr seid neugierig auf euch als Paar \u2013 bewusst, lernend, offen. Ihr m\u00f6chtet nicht nur erleben sondern auch verstehen und integrieren.<\/p>\t\t\t\t\t\t\t\t<\/div>\n\t\t\t\t<\/div>\n\t\t\t\t<div class=\"elementor-element elementor-element-91db7b5 elementor-widget elementor-widget-text-editor\" data-id=\"91db7b5\" data-element_type=\"widget\" data-e-type=\"widget\" data-widget_type=\"text-editor.default\">\n\t\t\t\t<div class=\"elementor-widget-container\">\n\t\t\t\t\t\t\t\t\t<p data-pm-slice=\"1 1 []\"><strong>Passende Angebote:<\/strong><\/p><p data-pm-slice=\"1 1 []\"><a href=\"https:\/\/spiritual-touch.de\/praxis\/beruhrungsworkshop\/\">Ber\u00fchrungsworkshops<\/a> &#8211; <a href=\"https:\/\/spiritual-touch.de\/praxis\/paare\/tantramassage-lernen-paare\/\">Tantramassage lernen<\/a> &#8211; Intensiv-Retreat (coming soon)<\/p>\t\t\t\t\t\t\t\t<\/div>\n\t\t\t\t<\/div>\n\t\t\t\t<\/div>\n\t\t\t\t\t<\/div>\n\t\t\t\t<\/div>\n\t\t<div class=\"elementor-element elementor-element-b46e99e e-flex e-con-boxed e-con e-parent\" data-id=\"b46e99e\" data-element_type=\"container\" data-e-type=\"container\">\n\t\t\t\t\t<div class=\"e-con-inner\">\n\t\t\t\t<div class=\"elementor-element elementor-element-0f5af73 elementor-widget elementor-widget-spacer\" data-id=\"0f5af73\" data-element_type=\"widget\" data-e-type=\"widget\" data-widget_type=\"spacer.default\">\n\t\t\t\t<div class=\"elementor-widget-container\">\n\t\t\t\t\t\t\t<div class=\"elementor-spacer\">\n\t\t\t<div class=\"elementor-spacer-inner\"><\/div>\n\t\t<\/div>\n\t\t\t\t\t\t<\/div>\n\t\t\t\t<\/div>\n\t\t\t\t\t<\/div>\n\t\t\t\t<\/div>\n\t\t<div class=\"elementor-element elementor-element-7a834b0 e-con-full e-flex e-con e-parent\" data-id=\"7a834b0\" data-element_type=\"container\" data-e-type=\"container\" data-settings=\"{&quot;background_background&quot;:&quot;classic&quot;}\">\n\t\t\t\t<div class=\"elementor-element elementor-element-d347169 elementor-widget elementor-widget-heading\" data-id=\"d347169\" data-element_type=\"widget\" data-e-type=\"widget\" data-widget_type=\"heading.default\">\n\t\t\t\t<div class=\"elementor-widget-container\">\n\t\t\t\t\t<h2 class=\"elementor-heading-title elementor-size-default\">Was passt zu Euch?<\/h2>\t\t\t\t<\/div>\n\t\t\t\t<\/div>\n\t\t\t\t<div class=\"elementor-element elementor-element-0d3bed6 elementor-widget elementor-widget-text-editor\" data-id=\"0d3bed6\" data-element_type=\"widget\" data-e-type=\"widget\" data-widget_type=\"text-editor.default\">\n\t\t\t\t<div class=\"elementor-widget-container\">\n\t\t\t\t\t\t\t\t\t<p class=\"font-claude-response-body break-words whitespace-normal leading-[1.7]\">Ihr seid noch nicht sicher welches Angebot zu euch passt \u2013 oder ob ihr \u00fcberhaupt bereit seid f\u00fcr den n\u00e4chsten Schritt?<\/p><p class=\"font-claude-response-body break-words whitespace-normal leading-[1.7]\"><em>Das kostenlose Vorgespr\u00e4ch ist genau daf\u00fcr da. Kein Commitment, keine Vorbereitung. Einfach ein erstes Gespr\u00e4ch \u2013 mit uns als Paar.<\/em><\/p>\t\t\t\t\t\t\t\t<\/div>\n\t\t\t\t<\/div>\n\t\t\t\t<div class=\"elementor-element elementor-element-ce7f83d elementor-align-center elementor-widget elementor-widget-button\" data-id=\"ce7f83d\" data-element_type=\"widget\" data-e-type=\"widget\" data-widget_type=\"button.default\">\n\t\t\t\t<div class=\"elementor-widget-container\">\n\t\t\t\t\t\t\t\t\t<div class=\"elementor-button-wrapper\">\n\t\t\t\t\t<a class=\"elementor-button elementor-button-link elementor-size-sm elementor-animation-grow\" href=\"https:\/\/calendar.google.com\/calendar\/u\/0\/appointments\/schedules\/AcZssZ1QC5SfkoF3gkCFYBQmp1vVKgFu7oyucxcDAQxbUMEj6czXDeqCQZ4x4zrPRoCzaoC6hwWsC4tI\">\n\t\t\t\t\t\t<span class=\"elementor-button-content-wrapper\">\n\t\t\t\t\t\t\t\t\t<span class=\"elementor-button-text\">Kostenloses Vorgespr\u00e4ch buchen<\/span>\n\t\t\t\t\t<\/span>\n\t\t\t\t\t<\/a>\n\t\t\t\t<\/div>\n\t\t\t\t\t\t\t\t<\/div>\n\t\t\t\t<\/div>\n\t\t\t\t<div class=\"elementor-element elementor-element-0ffa7c4 elementor-widget elementor-widget-text-editor\" data-id=\"0ffa7c4\" data-element_type=\"widget\" data-e-type=\"widget\" data-widget_type=\"text-editor.default\">\n\t\t\t\t<div class=\"elementor-widget-container\">\n\t\t\t\t\t\t\t\t\t<p>Oder direkt zur <a href=\"https:\/\/spiritual-touch.de\/buchungsformular\/\">Terminfindung<\/a><\/p>\t\t\t\t\t\t\t\t<\/div>\n\t\t\t\t<\/div>\n\t\t\t\t<\/div>\n\t\t<div class=\"elementor-element elementor-element-771bc6f e-flex e-con-boxed e-con e-parent\" data-id=\"771bc6f\" data-element_type=\"container\" data-e-type=\"container\" id=\"workshops\">\n\t\t\t\t\t<div class=\"e-con-inner\">\n\t\t\t\t<div class=\"elementor-element elementor-element-16c320a elementor-widget elementor-widget-spacer\" data-id=\"16c320a\" data-element_type=\"widget\" data-e-type=\"widget\" id=\"Workshops\" data-widget_type=\"spacer.default\">\n\t\t\t\t<div class=\"elementor-widget-container\">\n\t\t\t\t\t\t\t<div class=\"elementor-spacer\">\n\t\t\t<div class=\"elementor-spacer-inner\"><\/div>\n\t\t<\/div>\n\t\t\t\t\t\t<\/div>\n\t\t\t\t<\/div>\n\t\t\t\t\t<\/div>\n\t\t\t\t<\/div>\n\t\t\t\t<\/div>\n\t\t","protected":false},"excerpt":{"rendered":"<p>Angebote zu Zweit R\u00e4ume, in denen N\u00e4he wieder sp\u00fcrbar wird \u2013 \u00fcber Ber\u00fchrung, Pr\u00e4senz und bewusste Begegnung. Viele Paare die zu uns kommen wissen nicht genau was sie brauchen. Sie sp\u00fcren nur: da ist etwas. Eine Sehnsucht, eine Distanz, eine Neugier \u2013 oder einfach der Wunsch nach mehr. Das reicht vollkommen als Anfang. Wie wir [&hellip;]<\/p>\n","protected":false},"author":1,"featured_media":0,"parent":23361,"menu_order":5,"comment_status":"closed","ping_status":"closed","template":"","meta":{"footnotes":""},"class_list":["post-23628","page","type-page","status-publish","hentry"],"yoast_head":"<!-- This site is optimized with the Yoast SEO Premium plugin v24.7 (Yoast SEO v27.4) - https:\/\/yoast.com\/product\/yoast-seo-premium-wordpress\/ -->\n<title>Angebote f\u00fcr Paare in M\u00fcnchen | Paarmassage, Rituale &amp; Workshops - Spiritual Touch<\/title>\n<meta name=\"description\" content=\"Paarmassage, Rituale zu Dritt, Paarworkshops und Retreats in M\u00fcnchen. K\u00f6rperorientierte Paarbegleitung bei Spiritual Touch.\" \/>\n<meta name=\"robots\" content=\"index, follow, max-snippet:-1, max-image-preview:large, max-video-preview:-1\" \/>\n<link rel=\"canonical\" href=\"https:\/\/spiritual-touch.de\/en\/praxis\/paare\/\" \/>\n<meta property=\"og:locale\" content=\"en_GB\" \/>\n<meta property=\"og:type\" content=\"article\" \/>\n<meta property=\"og:title\" content=\"Angebote f\u00fcr Paare in M\u00fcnchen | Paarmassage, Rituale &amp; Workshops\" \/>\n<meta property=\"og:description\" content=\"Paarmassage, Rituale zu Dritt, Paarworkshops und Retreats in M\u00fcnchen. K\u00f6rperorientierte Paarbegleitung bei Spiritual Touch.\" \/>\n<meta property=\"og:url\" content=\"https:\/\/spiritual-touch.de\/en\/praxis\/paare\/\" \/>\n<meta property=\"og:site_name\" content=\"Spiritual Touch\" \/>\n<meta property=\"article:publisher\" content=\"https:\/\/www.facebook.com\/profile.php?id=100057105473672\" \/>\n<meta property=\"article:modified_time\" content=\"2026-04-04T18:31:38+00:00\" \/>\n<meta name=\"twitter:card\" content=\"summary_large_image\" \/>\n<meta name=\"twitter:label1\" content=\"Estimated reading time\" \/>\n\t<meta name=\"twitter:data1\" content=\"2 minutes\" \/>\n<script type=\"application\/ld+json\" class=\"yoast-schema-graph\">{\"@context\":\"https:\\\/\\\/schema.org\",\"@graph\":[{\"@type\":\"WebPage\",\"@id\":\"https:\\\/\\\/spiritual-touch.de\\\/praxis\\\/paare\\\/\",\"url\":\"https:\\\/\\\/spiritual-touch.de\\\/praxis\\\/paare\\\/\",\"name\":\"Angebote f\u00fcr Paare in M\u00fcnchen | Paarmassage, Rituale &amp; Workshops - Spiritual Touch\",\"isPartOf\":{\"@id\":\"https:\\\/\\\/spiritual-touch.de\\\/#website\"},\"datePublished\":\"2026-02-08T14:22:27+00:00\",\"dateModified\":\"2026-04-04T18:31:38+00:00\",\"description\":\"Paarmassage, Rituale zu Dritt, Paarworkshops und Retreats in M\u00fcnchen. K\u00f6rperorientierte Paarbegleitung bei Spiritual Touch.\",\"breadcrumb\":{\"@id\":\"https:\\\/\\\/spiritual-touch.de\\\/praxis\\\/paare\\\/#breadcrumb\"},\"inLanguage\":\"en-GB\",\"potentialAction\":[{\"@type\":\"ReadAction\",\"target\":[\"https:\\\/\\\/spiritual-touch.de\\\/praxis\\\/paare\\\/\"]}]},{\"@type\":\"BreadcrumbList\",\"@id\":\"https:\\\/\\\/spiritual-touch.de\\\/praxis\\\/paare\\\/#breadcrumb\",\"itemListElement\":[{\"@type\":\"ListItem\",\"position\":1,\"name\":\"Startseite\",\"item\":\"https:\\\/\\\/spiritual-touch.de\\\/\"},{\"@type\":\"ListItem\",\"position\":2,\"name\":\"Tantramassage &#038; K\u00f6rperarbeit in M\u00fcnchen | Spiritual Touch\",\"item\":\"https:\\\/\\\/spiritual-touch.de\\\/\"},{\"@type\":\"ListItem\",\"position\":3,\"name\":\"Angebote f\u00fcr Paare in M\u00fcnchen | Paarmassage, Rituale &amp; Workshops\"}]},{\"@type\":\"WebSite\",\"@id\":\"https:\\\/\\\/spiritual-touch.de\\\/#website\",\"url\":\"https:\\\/\\\/spiritual-touch.de\\\/\",\"name\":\"Tantramassage M\u00fcnchen\",\"description\":\"Tantra Massage M\u00fcnchen\",\"publisher\":{\"@id\":\"https:\\\/\\\/spiritual-touch.de\\\/#organization\"},\"potentialAction\":[{\"@type\":\"SearchAction\",\"target\":{\"@type\":\"EntryPoint\",\"urlTemplate\":\"https:\\\/\\\/spiritual-touch.de\\\/?s={search_term_string}\"},\"query-input\":{\"@type\":\"PropertyValueSpecification\",\"valueRequired\":true,\"valueName\":\"search_term_string\"}}],\"inLanguage\":\"en-GB\"},{\"@type\":\"Organization\",\"@id\":\"https:\\\/\\\/spiritual-touch.de\\\/#organization\",\"name\":\"Spiritual Touch\",\"url\":\"https:\\\/\\\/spiritual-touch.de\\\/\",\"logo\":{\"@type\":\"ImageObject\",\"inLanguage\":\"en-GB\",\"@id\":\"https:\\\/\\\/spiritual-touch.de\\\/#\\\/schema\\\/logo\\\/image\\\/\",\"url\":\"https:\\\/\\\/spiritual-touch.de\\\/wp-content\\\/uploads\\\/2024\\\/01\\\/Heart.png\",\"contentUrl\":\"https:\\\/\\\/spiritual-touch.de\\\/wp-content\\\/uploads\\\/2024\\\/01\\\/Heart.png\",\"width\":500,\"height\":500,\"caption\":\"Spiritual Touch\"},\"image\":{\"@id\":\"https:\\\/\\\/spiritual-touch.de\\\/#\\\/schema\\\/logo\\\/image\\\/\"},\"sameAs\":[\"https:\\\/\\\/www.facebook.com\\\/profile.php?id=100057105473672\",\"https:\\\/\\\/www.instagram.com\\\/praxis_spiritual_touch\\\/\"]}]}<\/script>\n<!-- \/ Yoast SEO Premium plugin. -->","yoast_head_json":{"title":"Angebote f\u00fcr Paare in M\u00fcnchen | Paarmassage, Rituale &amp; Workshops - Spiritual Touch","description":"Paarmassage, Rituale zu Dritt, Paarworkshops und Retreats in M\u00fcnchen. K\u00f6rperorientierte Paarbegleitung bei Spiritual Touch.","robots":{"index":"index","follow":"follow","max-snippet":"max-snippet:-1","max-image-preview":"max-image-preview:large","max-video-preview":"max-video-preview:-1"},"canonical":"https:\/\/spiritual-touch.de\/en\/praxis\/paare\/","og_locale":"en_GB","og_type":"article","og_title":"Angebote f\u00fcr Paare in M\u00fcnchen | Paarmassage, Rituale &amp; Workshops","og_description":"Paarmassage, Rituale zu Dritt, Paarworkshops und Retreats in M\u00fcnchen. K\u00f6rperorientierte Paarbegleitung bei Spiritual Touch.","og_url":"https:\/\/spiritual-touch.de\/en\/praxis\/paare\/","og_site_name":"Spiritual Touch","article_publisher":"https:\/\/www.facebook.com\/profile.php?id=100057105473672","article_modified_time":"2026-04-04T18:31:38+00:00","twitter_card":"summary_large_image","twitter_misc":{"Estimated reading time":"2 minutes"},"schema":{"@context":"https:\/\/schema.org","@graph":[{"@type":"WebPage","@id":"https:\/\/spiritual-touch.de\/praxis\/paare\/","url":"https:\/\/spiritual-touch.de\/praxis\/paare\/","name":"Angebote f\u00fcr Paare in M\u00fcnchen | Paarmassage, Rituale &amp; Workshops - Spiritual Touch","isPartOf":{"@id":"https:\/\/spiritual-touch.de\/#website"},"datePublished":"2026-02-08T14:22:27+00:00","dateModified":"2026-04-04T18:31:38+00:00","description":"Paarmassage, Rituale zu Dritt, Paarworkshops und Retreats in M\u00fcnchen. K\u00f6rperorientierte Paarbegleitung bei Spiritual Touch.","breadcrumb":{"@id":"https:\/\/spiritual-touch.de\/praxis\/paare\/#breadcrumb"},"inLanguage":"en-GB","potentialAction":[{"@type":"ReadAction","target":["https:\/\/spiritual-touch.de\/praxis\/paare\/"]}]},{"@type":"BreadcrumbList","@id":"https:\/\/spiritual-touch.de\/praxis\/paare\/#breadcrumb","itemListElement":[{"@type":"ListItem","position":1,"name":"Startseite","item":"https:\/\/spiritual-touch.de\/"},{"@type":"ListItem","position":2,"name":"Tantramassage &#038; K\u00f6rperarbeit in M\u00fcnchen | Spiritual Touch","item":"https:\/\/spiritual-touch.de\/"},{"@type":"ListItem","position":3,"name":"Angebote f\u00fcr Paare in M\u00fcnchen | Paarmassage, Rituale &amp; Workshops"}]},{"@type":"WebSite","@id":"https:\/\/spiritual-touch.de\/#website","url":"https:\/\/spiritual-touch.de\/","name":"Tantra massage Munich","description":"Tantra Massage Munich","publisher":{"@id":"https:\/\/spiritual-touch.de\/#organization"},"potentialAction":[{"@type":"SearchAction","target":{"@type":"EntryPoint","urlTemplate":"https:\/\/spiritual-touch.de\/?s={search_term_string}"},"query-input":{"@type":"PropertyValueSpecification","valueRequired":true,"valueName":"search_term_string"}}],"inLanguage":"en-GB"},{"@type":"Organization","@id":"https:\/\/spiritual-touch.de\/#organization","name":"Spiritual Touch","url":"https:\/\/spiritual-touch.de\/","logo":{"@type":"ImageObject","inLanguage":"en-GB","@id":"https:\/\/spiritual-touch.de\/#\/schema\/logo\/image\/","url":"https:\/\/spiritual-touch.de\/wp-content\/uploads\/2024\/01\/Heart.png","contentUrl":"https:\/\/spiritual-touch.de\/wp-content\/uploads\/2024\/01\/Heart.png","width":500,"height":500,"caption":"Spiritual Touch"},"image":{"@id":"https:\/\/spiritual-touch.de\/#\/schema\/logo\/image\/"},"sameAs":["https:\/\/www.facebook.com\/profile.php?id=100057105473672","https:\/\/www.instagram.com\/praxis_spiritual_touch\/"]}]}},"_links":{"self":[{"href":"https:\/\/spiritual-touch.de\/en\/wp-json\/wp\/v2\/pages\/23628","targetHints":{"allow":["GET"]}}],"collection":[{"href":"https:\/\/spiritual-touch.de\/en\/wp-json\/wp\/v2\/pages"}],"about":[{"href":"https:\/\/spiritual-touch.de\/en\/wp-json\/wp\/v2\/types\/page"}],"author":[{"embeddable":true,"href":"https:\/\/spiritual-touch.de\/en\/wp-json\/wp\/v2\/users\/1"}],"replies":[{"embeddable":true,"href":"https:\/\/spiritual-touch.de\/en\/wp-json\/wp\/v2\/comments?post=23628"}],"version-history":[{"count":58,"href":"https:\/\/spiritual-touch.de\/en\/wp-json\/wp\/v2\/pages\/23628\/revisions"}],"predecessor-version":[{"id":24842,"href":"https:\/\/spiritual-touch.de\/en\/wp-json\/wp\/v2\/pages\/23628\/revisions\/24842"}],"up":[{"embeddable":true,"href":"https:\/\/spiritual-touch.de\/en\/wp-json\/wp\/v2\/pages\/23361"}],"wp:attachment":[{"href":"https:\/\/spiritual-touch.de\/en\/wp-json\/wp\/v2\/media?parent=23628"}],"curies":[{"name":"wp","href":"https:\/\/api.w.org\/{rel}","templated":true}]}}