{"id":22798,"date":"2025-12-03T09:42:23","date_gmt":"2025-12-03T08:42:23","guid":{"rendered":"https:\/\/spiritual-touch.de\/?page_id=22798"},"modified":"2026-02-16T20:13:10","modified_gmt":"2026-02-16T19:13:10","slug":"dominik","status":"publish","type":"page","link":"https:\/\/spiritual-touch.de\/en\/praxis\/team\/dominik\/","title":{"rendered":"Dominik \u2013 Tantramasseur bei Spiritual Touch M\u00fcnchen"},"content":{"rendered":"<div data-elementor-type=\"wp-page\" data-elementor-id=\"22798\" class=\"elementor elementor-22798\" data-elementor-post-type=\"page\">\n\t\t\t\t<div class=\"elementor-element elementor-element-3df2cac e-flex e-con-boxed e-con e-parent\" data-id=\"3df2cac\" data-element_type=\"container\" data-e-type=\"container\">\n\t\t\t\t\t<div class=\"e-con-inner\">\n\t\t\t\t<div class=\"elementor-element elementor-element-7458c90 elementor-widget elementor-widget-heading\" data-id=\"7458c90\" data-element_type=\"widget\" data-e-type=\"widget\" data-widget_type=\"heading.default\">\n\t\t\t\t<div class=\"elementor-widget-container\">\n\t\t\t\t\t<h1 class=\"elementor-heading-title elementor-size-default\">Dominik<\/h1>\t\t\t\t<\/div>\n\t\t\t\t<\/div>\n\t\t\t\t\t<\/div>\n\t\t\t\t<\/div>\n\t\t<div class=\"elementor-element elementor-element-bdffc39 e-con-full e-flex e-con e-parent\" data-id=\"bdffc39\" data-element_type=\"container\" data-e-type=\"container\">\n\t\t\t\t<div class=\"elementor-element elementor-element-4c95937 elementor-widget__width-inherit elementor-widget elementor-widget-image\" data-id=\"4c95937\" data-element_type=\"widget\" data-e-type=\"widget\" data-widget_type=\"image.default\">\n\t\t\t\t<div class=\"elementor-widget-container\">\n\t\t\t\t\t\t\t\t\t\t\t\t\t\t\t<img fetchpriority=\"high\" decoding=\"async\" width=\"1000\" height=\"1000\" src=\"https:\/\/spiritual-touch.de\/wp-content\/uploads\/2025\/12\/4.png\" class=\"attachment-medium size-medium wp-image-22797\" alt=\"\" srcset=\"https:\/\/spiritual-touch.de\/wp-content\/uploads\/2025\/12\/4.png 1000w, https:\/\/spiritual-touch.de\/wp-content\/uploads\/2025\/12\/4-150x150.png 150w, https:\/\/spiritual-touch.de\/wp-content\/uploads\/2025\/12\/4-768x768.png 768w, https:\/\/spiritual-touch.de\/wp-content\/uploads\/2025\/12\/4-12x12.png 12w, https:\/\/spiritual-touch.de\/wp-content\/uploads\/2025\/12\/4-450x450.png 450w, https:\/\/spiritual-touch.de\/wp-content\/uploads\/2025\/12\/4-600x600.png 600w, https:\/\/spiritual-touch.de\/wp-content\/uploads\/2025\/12\/4-100x100.png 100w\" sizes=\"(max-width: 1000px) 100vw, 1000px\" \/>\t\t\t\t\t\t\t\t\t\t\t\t\t\t\t<\/div>\n\t\t\t\t<\/div>\n\t\t\t\t<\/div>\n\t\t<div class=\"elementor-element elementor-element-0179b77 e-flex e-con-boxed e-con e-parent\" data-id=\"0179b77\" data-element_type=\"container\" data-e-type=\"container\">\n\t\t\t\t\t<div class=\"e-con-inner\">\n\t\t\t\t<div class=\"elementor-element elementor-element-9457fa8 elementor-widget elementor-widget-text-editor\" data-id=\"9457fa8\" data-element_type=\"widget\" data-e-type=\"widget\" data-widget_type=\"text-editor.default\">\n\t\t\t\t<div class=\"elementor-widget-container\">\n\t\t\t\t\t\t\t\t\t<p style=\"text-align: center;\">Tantra hat mein Leben tiefgreifend ver\u00e4ndert &#8211; es hat mir neue Wege er\u00f6ffnet, mich selbst<br \/>zu sp\u00fcren, Grenzen zu l\u00f6sen und mich lebendiger zu f\u00fchlen.<br \/>Diese bereichernden Erfahrungen m\u00f6chte ich mit dir teilen. In meinen Massagen lade ich dich ein, in einen gesch\u00fctzten Raum einzutreten, in dem du dich fallen lassen darfst. Achtsame Ber\u00fchrung, Pr\u00e4senz und Sinnlichkeit begleiten dich auf deiner Reise zu mehr Tiefe und Selbstverbundenheit. Alles was dein K\u00f6rper zeigt darf da<br \/>sein. Sei es Entspannung, Freude, Trauer oder Erregung.<br \/>Von Herz zu Herz &#8211; ich freue mich, dich auf diesem Weg\u00a0zu\u00a0begleiten<\/p>\t\t\t\t\t\t\t\t<\/div>\n\t\t\t\t<\/div>\n\t\t\t\t<div class=\"elementor-element elementor-element-ee54385 elementor-invisible elementor-widget elementor-widget-heading\" data-id=\"ee54385\" data-element_type=\"widget\" data-e-type=\"widget\" data-settings=\"{&quot;_animation&quot;:&quot;fadeIn&quot;}\" data-widget_type=\"heading.default\">\n\t\t\t\t<div class=\"elementor-widget-container\">\n\t\t\t\t\t<h2 class=\"elementor-heading-title elementor-size-default\">Dominik begleitet dich in folgenden Formaten:<\/h2>\t\t\t\t<\/div>\n\t\t\t\t<\/div>\n\t\t\t\t<div class=\"elementor-element elementor-element-567c34f elementor-invisible elementor-widget elementor-widget-text-editor\" data-id=\"567c34f\" data-element_type=\"widget\" data-e-type=\"widget\" data-settings=\"{&quot;_animation&quot;:&quot;fadeIn&quot;}\" data-widget_type=\"text-editor.default\">\n\t\t\t\t<div class=\"elementor-widget-container\">\n\t\t\t\t\t\t\t\t\t<p><a href=\"https:\/\/spiritual-touch.de\/en\/praxis\/einzelarbeit\/korperarbeit-massagen\/massagen-tantramassage\/\" target=\"_blank\" rel=\"noopener\">Intuitive tantric massage for all genders<\/a><\/p><p><a href=\"https:\/\/spiritual-touch.de\/en\/praxis\/einzelarbeit\/korperarbeit-massagen\/massagen-tantramassage\/#paare\" target=\"_blank\" rel=\"noopener\">Couples massages<\/a><\/p>\t\t\t\t\t\t\t\t<\/div>\n\t\t\t\t<\/div>\n\t\t\t\t<div class=\"elementor-element elementor-element-1503955 elementor-widget elementor-widget-heading\" data-id=\"1503955\" data-element_type=\"widget\" data-e-type=\"widget\" data-widget_type=\"heading.default\">\n\t\t\t\t<div class=\"elementor-widget-container\">\n\t\t\t\t\t<h2 class=\"elementor-heading-title elementor-size-default\">Training<\/h2>\t\t\t\t<\/div>\n\t\t\t\t<\/div>\n\t\t\t\t<div class=\"elementor-element elementor-element-57160d0 elementor-widget elementor-widget-text-editor\" data-id=\"57160d0\" data-element_type=\"widget\" data-e-type=\"widget\" data-widget_type=\"text-editor.default\">\n\t\t\t\t<div class=\"elementor-widget-container\">\n\t\t\t\t\t\t\t\t\t<p>Grundausbildung bei Spiritual Touch M\u00fcnchen<br \/>Intensiv-Seminar Yoni &amp; Lingam (Spiritual Touch, M\u00fcnchen)<br \/>Anal- &amp; Beckenboden-Massage (Spiritual Touch, M\u00fcnchen)<br \/>Bewegung &amp; Energie (Spiritual Touch, M\u00fcnchen)<\/p>\t\t\t\t\t\t\t\t<\/div>\n\t\t\t\t<\/div>\n\t\t\t\t\t<\/div>\n\t\t\t\t<\/div>\n\t\t\t\t<\/div>","protected":false},"excerpt":{"rendered":"<p>Dominik Tantra hat mein Leben tiefgreifend ver\u00e4ndert &#8211; es hat mir neue Wege er\u00f6ffnet, mich selbstzu sp\u00fcren, Grenzen zu l\u00f6sen und mich lebendiger zu f\u00fchlen.Diese bereichernden Erfahrungen m\u00f6chte ich mit dir teilen. In meinen Massagen lade ich dich ein, in einen gesch\u00fctzten Raum einzutreten, in dem du dich fallen lassen darfst. Achtsame Ber\u00fchrung, Pr\u00e4senz und [&hellip;]<\/p>\n","protected":false},"author":1,"featured_media":0,"parent":23613,"menu_order":2,"comment_status":"closed","ping_status":"closed","template":"","meta":{"footnotes":""},"class_list":["post-22798","page","type-page","status-publish","hentry"],"yoast_head":"<!-- This site is optimized with the Yoast SEO Premium plugin v24.7 (Yoast SEO v27.4) - https:\/\/yoast.com\/product\/yoast-seo-premium-wordpress\/ -->\n<title>Dominik \u2013 Tantramasseur bei Spiritual Touch M\u00fcnchen - Spiritual Touch<\/title>\n<meta name=\"description\" content=\"Von Herz zu Herz - ich freue mich, Dich auf Deinem Weg\u00a0zu\u00a0begleiten\" \/>\n<meta name=\"robots\" content=\"index, follow, max-snippet:-1, max-image-preview:large, max-video-preview:-1\" \/>\n<link rel=\"canonical\" href=\"https:\/\/spiritual-touch.de\/en\/praxis\/team\/dominik\/\" \/>\n<meta property=\"og:locale\" content=\"en_GB\" \/>\n<meta property=\"og:type\" content=\"article\" \/>\n<meta property=\"og:title\" content=\"Dominik \u2013 Tantramasseur bei Spiritual Touch M\u00fcnchen\" \/>\n<meta property=\"og:description\" content=\"Von Herz zu Herz - ich freue mich, Dich auf Deinem Weg\u00a0zu\u00a0begleiten\" \/>\n<meta property=\"og:url\" content=\"https:\/\/spiritual-touch.de\/en\/praxis\/team\/dominik\/\" \/>\n<meta property=\"og:site_name\" content=\"Spiritual Touch\" \/>\n<meta property=\"article:publisher\" content=\"https:\/\/www.facebook.com\/profile.php?id=100057105473672\" \/>\n<meta property=\"article:modified_time\" content=\"2026-02-16T19:13:10+00:00\" \/>\n<meta property=\"og:image\" content=\"https:\/\/spiritual-touch.de\/wp-content\/uploads\/2025\/12\/4.png\" \/>\n\t<meta property=\"og:image:width\" content=\"1000\" \/>\n\t<meta property=\"og:image:height\" content=\"1000\" \/>\n\t<meta property=\"og:image:type\" content=\"image\/png\" \/>\n<meta name=\"twitter:card\" content=\"summary_large_image\" \/>\n<meta name=\"twitter:label1\" content=\"Estimated reading time\" \/>\n\t<meta name=\"twitter:data1\" content=\"1 minute\" \/>\n<script type=\"application\/ld+json\" class=\"yoast-schema-graph\">{\"@context\":\"https:\\\/\\\/schema.org\",\"@graph\":[{\"@type\":\"WebPage\",\"@id\":\"https:\\\/\\\/spiritual-touch.de\\\/praxis\\\/team\\\/dominik\\\/\",\"url\":\"https:\\\/\\\/spiritual-touch.de\\\/praxis\\\/team\\\/dominik\\\/\",\"name\":\"Dominik \u2013 Tantramasseur bei Spiritual Touch M\u00fcnchen - Spiritual Touch\",\"isPartOf\":{\"@id\":\"https:\\\/\\\/spiritual-touch.de\\\/#website\"},\"primaryImageOfPage\":{\"@id\":\"https:\\\/\\\/spiritual-touch.de\\\/praxis\\\/team\\\/dominik\\\/#primaryimage\"},\"image\":{\"@id\":\"https:\\\/\\\/spiritual-touch.de\\\/praxis\\\/team\\\/dominik\\\/#primaryimage\"},\"thumbnailUrl\":\"https:\\\/\\\/spiritual-touch.de\\\/wp-content\\\/uploads\\\/2025\\\/12\\\/4.png\",\"datePublished\":\"2025-12-03T08:42:23+00:00\",\"dateModified\":\"2026-02-16T19:13:10+00:00\",\"description\":\"Von Herz zu Herz - ich freue mich, Dich auf Deinem Weg\u00a0zu\u00a0begleiten\",\"breadcrumb\":{\"@id\":\"https:\\\/\\\/spiritual-touch.de\\\/praxis\\\/team\\\/dominik\\\/#breadcrumb\"},\"inLanguage\":\"en-GB\",\"potentialAction\":[{\"@type\":\"ReadAction\",\"target\":[\"https:\\\/\\\/spiritual-touch.de\\\/praxis\\\/team\\\/dominik\\\/\"]}]},{\"@type\":\"ImageObject\",\"inLanguage\":\"en-GB\",\"@id\":\"https:\\\/\\\/spiritual-touch.de\\\/praxis\\\/team\\\/dominik\\\/#primaryimage\",\"url\":\"https:\\\/\\\/spiritual-touch.de\\\/wp-content\\\/uploads\\\/2025\\\/12\\\/4.png\",\"contentUrl\":\"https:\\\/\\\/spiritual-touch.de\\\/wp-content\\\/uploads\\\/2025\\\/12\\\/4.png\"},{\"@type\":\"BreadcrumbList\",\"@id\":\"https:\\\/\\\/spiritual-touch.de\\\/praxis\\\/team\\\/dominik\\\/#breadcrumb\",\"itemListElement\":[{\"@type\":\"ListItem\",\"position\":1,\"name\":\"Startseite\",\"item\":\"https:\\\/\\\/spiritual-touch.de\\\/\"},{\"@type\":\"ListItem\",\"position\":2,\"name\":\"Tantramassage &#038; K\u00f6rperarbeit in M\u00fcnchen | Spiritual Touch\",\"item\":\"https:\\\/\\\/spiritual-touch.de\\\/\"},{\"@type\":\"ListItem\",\"position\":3,\"name\":\"Team der Praxis Spiritual Touch in M\u00fcnchen\",\"item\":\"https:\\\/\\\/spiritual-touch.de\\\/praxis\\\/team\\\/\"},{\"@type\":\"ListItem\",\"position\":4,\"name\":\"Dominik \u2013 Tantramasseur bei Spiritual Touch M\u00fcnchen\"}]},{\"@type\":\"WebSite\",\"@id\":\"https:\\\/\\\/spiritual-touch.de\\\/#website\",\"url\":\"https:\\\/\\\/spiritual-touch.de\\\/\",\"name\":\"Tantramassage M\u00fcnchen\",\"description\":\"Tantra Massage M\u00fcnchen\",\"publisher\":{\"@id\":\"https:\\\/\\\/spiritual-touch.de\\\/#organization\"},\"potentialAction\":[{\"@type\":\"SearchAction\",\"target\":{\"@type\":\"EntryPoint\",\"urlTemplate\":\"https:\\\/\\\/spiritual-touch.de\\\/?s={search_term_string}\"},\"query-input\":{\"@type\":\"PropertyValueSpecification\",\"valueRequired\":true,\"valueName\":\"search_term_string\"}}],\"inLanguage\":\"en-GB\"},{\"@type\":\"Organization\",\"@id\":\"https:\\\/\\\/spiritual-touch.de\\\/#organization\",\"name\":\"Spiritual Touch\",\"url\":\"https:\\\/\\\/spiritual-touch.de\\\/\",\"logo\":{\"@type\":\"ImageObject\",\"inLanguage\":\"en-GB\",\"@id\":\"https:\\\/\\\/spiritual-touch.de\\\/#\\\/schema\\\/logo\\\/image\\\/\",\"url\":\"https:\\\/\\\/spiritual-touch.de\\\/wp-content\\\/uploads\\\/2024\\\/01\\\/Heart.png\",\"contentUrl\":\"https:\\\/\\\/spiritual-touch.de\\\/wp-content\\\/uploads\\\/2024\\\/01\\\/Heart.png\",\"width\":500,\"height\":500,\"caption\":\"Spiritual Touch\"},\"image\":{\"@id\":\"https:\\\/\\\/spiritual-touch.de\\\/#\\\/schema\\\/logo\\\/image\\\/\"},\"sameAs\":[\"https:\\\/\\\/www.facebook.com\\\/profile.php?id=100057105473672\",\"https:\\\/\\\/www.instagram.com\\\/praxis_spiritual_touch\\\/\"]}]}<\/script>\n<!-- \/ Yoast SEO Premium plugin. -->","yoast_head_json":{"title":"Dominik \u2013 Tantramasseur bei Spiritual Touch M\u00fcnchen - Spiritual Touch","description":"Von Herz zu Herz - ich freue mich, Dich auf Deinem Weg\u00a0zu\u00a0begleiten","robots":{"index":"index","follow":"follow","max-snippet":"max-snippet:-1","max-image-preview":"max-image-preview:large","max-video-preview":"max-video-preview:-1"},"canonical":"https:\/\/spiritual-touch.de\/en\/praxis\/team\/dominik\/","og_locale":"en_GB","og_type":"article","og_title":"Dominik \u2013 Tantramasseur bei Spiritual Touch M\u00fcnchen","og_description":"Von Herz zu Herz - ich freue mich, Dich auf Deinem Weg\u00a0zu\u00a0begleiten","og_url":"https:\/\/spiritual-touch.de\/en\/praxis\/team\/dominik\/","og_site_name":"Spiritual Touch","article_publisher":"https:\/\/www.facebook.com\/profile.php?id=100057105473672","article_modified_time":"2026-02-16T19:13:10+00:00","og_image":[{"width":1000,"height":1000,"url":"https:\/\/spiritual-touch.de\/wp-content\/uploads\/2025\/12\/4.png","type":"image\/png"}],"twitter_card":"summary_large_image","twitter_misc":{"Estimated reading time":"1 minute"},"schema":{"@context":"https:\/\/schema.org","@graph":[{"@type":"WebPage","@id":"https:\/\/spiritual-touch.de\/praxis\/team\/dominik\/","url":"https:\/\/spiritual-touch.de\/praxis\/team\/dominik\/","name":"Dominik \u2013 Tantramasseur bei Spiritual Touch M\u00fcnchen - Spiritual Touch","isPartOf":{"@id":"https:\/\/spiritual-touch.de\/#website"},"primaryImageOfPage":{"@id":"https:\/\/spiritual-touch.de\/praxis\/team\/dominik\/#primaryimage"},"image":{"@id":"https:\/\/spiritual-touch.de\/praxis\/team\/dominik\/#primaryimage"},"thumbnailUrl":"https:\/\/spiritual-touch.de\/wp-content\/uploads\/2025\/12\/4.png","datePublished":"2025-12-03T08:42:23+00:00","dateModified":"2026-02-16T19:13:10+00:00","description":"Von Herz zu Herz - ich freue mich, Dich auf Deinem Weg\u00a0zu\u00a0begleiten","breadcrumb":{"@id":"https:\/\/spiritual-touch.de\/praxis\/team\/dominik\/#breadcrumb"},"inLanguage":"en-GB","potentialAction":[{"@type":"ReadAction","target":["https:\/\/spiritual-touch.de\/praxis\/team\/dominik\/"]}]},{"@type":"ImageObject","inLanguage":"en-GB","@id":"https:\/\/spiritual-touch.de\/praxis\/team\/dominik\/#primaryimage","url":"https:\/\/spiritual-touch.de\/wp-content\/uploads\/2025\/12\/4.png","contentUrl":"https:\/\/spiritual-touch.de\/wp-content\/uploads\/2025\/12\/4.png"},{"@type":"BreadcrumbList","@id":"https:\/\/spiritual-touch.de\/praxis\/team\/dominik\/#breadcrumb","itemListElement":[{"@type":"ListItem","position":1,"name":"Startseite","item":"https:\/\/spiritual-touch.de\/"},{"@type":"ListItem","position":2,"name":"Tantramassage &#038; K\u00f6rperarbeit in M\u00fcnchen | Spiritual Touch","item":"https:\/\/spiritual-touch.de\/"},{"@type":"ListItem","position":3,"name":"Team der Praxis Spiritual Touch in M\u00fcnchen","item":"https:\/\/spiritual-touch.de\/praxis\/team\/"},{"@type":"ListItem","position":4,"name":"Dominik \u2013 Tantramasseur bei Spiritual Touch M\u00fcnchen"}]},{"@type":"WebSite","@id":"https:\/\/spiritual-touch.de\/#website","url":"https:\/\/spiritual-touch.de\/","name":"Tantra massage Munich","description":"Tantra Massage Munich","publisher":{"@id":"https:\/\/spiritual-touch.de\/#organization"},"potentialAction":[{"@type":"SearchAction","target":{"@type":"EntryPoint","urlTemplate":"https:\/\/spiritual-touch.de\/?s={search_term_string}"},"query-input":{"@type":"PropertyValueSpecification","valueRequired":true,"valueName":"search_term_string"}}],"inLanguage":"en-GB"},{"@type":"Organization","@id":"https:\/\/spiritual-touch.de\/#organization","name":"Spiritual Touch","url":"https:\/\/spiritual-touch.de\/","logo":{"@type":"ImageObject","inLanguage":"en-GB","@id":"https:\/\/spiritual-touch.de\/#\/schema\/logo\/image\/","url":"https:\/\/spiritual-touch.de\/wp-content\/uploads\/2024\/01\/Heart.png","contentUrl":"https:\/\/spiritual-touch.de\/wp-content\/uploads\/2024\/01\/Heart.png","width":500,"height":500,"caption":"Spiritual Touch"},"image":{"@id":"https:\/\/spiritual-touch.de\/#\/schema\/logo\/image\/"},"sameAs":["https:\/\/www.facebook.com\/profile.php?id=100057105473672","https:\/\/www.instagram.com\/praxis_spiritual_touch\/"]}]}},"_links":{"self":[{"href":"https:\/\/spiritual-touch.de\/en\/wp-json\/wp\/v2\/pages\/22798","targetHints":{"allow":["GET"]}}],"collection":[{"href":"https:\/\/spiritual-touch.de\/en\/wp-json\/wp\/v2\/pages"}],"about":[{"href":"https:\/\/spiritual-touch.de\/en\/wp-json\/wp\/v2\/types\/page"}],"author":[{"embeddable":true,"href":"https:\/\/spiritual-touch.de\/en\/wp-json\/wp\/v2\/users\/1"}],"replies":[{"embeddable":true,"href":"https:\/\/spiritual-touch.de\/en\/wp-json\/wp\/v2\/comments?post=22798"}],"version-history":[{"count":11,"href":"https:\/\/spiritual-touch.de\/en\/wp-json\/wp\/v2\/pages\/22798\/revisions"}],"predecessor-version":[{"id":24086,"href":"https:\/\/spiritual-touch.de\/en\/wp-json\/wp\/v2\/pages\/22798\/revisions\/24086"}],"up":[{"embeddable":true,"href":"https:\/\/spiritual-touch.de\/en\/wp-json\/wp\/v2\/pages\/23613"}],"wp:attachment":[{"href":"https:\/\/spiritual-touch.de\/en\/wp-json\/wp\/v2\/media?parent=22798"}],"curies":[{"name":"wp","href":"https:\/\/api.w.org\/{rel}","templated":true}]}}