{"id":22683,"date":"2025-11-04T12:06:11","date_gmt":"2025-11-04T11:06:11","guid":{"rendered":"https:\/\/spiritual-touch.de\/?page_id=22683"},"modified":"2026-02-16T19:51:19","modified_gmt":"2026-02-16T18:51:19","slug":"mia","status":"publish","type":"page","link":"https:\/\/spiritual-touch.de\/en\/praxis\/team\/mia\/","title":{"rendered":"Mia \u2013 Tantramasseurin bei Spiritual Touch M\u00fcnchen"},"content":{"rendered":"<div data-elementor-type=\"wp-page\" data-elementor-id=\"22683\" class=\"elementor elementor-22683\" data-elementor-post-type=\"page\">\n\t\t\t\t<div class=\"elementor-element elementor-element-2bac71b e-flex e-con-boxed e-con e-parent\" data-id=\"2bac71b\" data-element_type=\"container\" data-e-type=\"container\">\n\t\t\t\t\t<div class=\"e-con-inner\">\n\t\t\t\t<div class=\"elementor-element elementor-element-c2c3726 elementor-widget elementor-widget-heading\" data-id=\"c2c3726\" data-element_type=\"widget\" data-e-type=\"widget\" data-widget_type=\"heading.default\">\n\t\t\t\t<div class=\"elementor-widget-container\">\n\t\t\t\t\t<h1 class=\"elementor-heading-title elementor-size-default\">Mia<\/h1>\t\t\t\t<\/div>\n\t\t\t\t<\/div>\n\t\t\t\t\t<\/div>\n\t\t\t\t<\/div>\n\t\t<div class=\"elementor-element elementor-element-861e635 e-flex e-con-boxed e-con e-parent\" data-id=\"861e635\" data-element_type=\"container\" data-e-type=\"container\">\n\t\t\t\t\t<div class=\"e-con-inner\">\n\t\t\t\t<div class=\"elementor-element elementor-element-1b20546 elementor-widget elementor-widget-image\" data-id=\"1b20546\" data-element_type=\"widget\" data-e-type=\"widget\" data-widget_type=\"image.default\">\n\t\t\t\t<div class=\"elementor-widget-container\">\n\t\t\t\t\t\t\t\t\t\t\t\t\t\t\t<img fetchpriority=\"high\" decoding=\"async\" width=\"580\" height=\"580\" src=\"https:\/\/spiritual-touch.de\/wp-content\/uploads\/2025\/12\/2.png\" class=\"attachment-large size-large wp-image-22816\" alt=\"\" srcset=\"https:\/\/spiritual-touch.de\/wp-content\/uploads\/2025\/12\/2.png 1000w, https:\/\/spiritual-touch.de\/wp-content\/uploads\/2025\/12\/2-150x150.png 150w, https:\/\/spiritual-touch.de\/wp-content\/uploads\/2025\/12\/2-768x768.png 768w, https:\/\/spiritual-touch.de\/wp-content\/uploads\/2025\/12\/2-12x12.png 12w, https:\/\/spiritual-touch.de\/wp-content\/uploads\/2025\/12\/2-450x450.png 450w, https:\/\/spiritual-touch.de\/wp-content\/uploads\/2025\/12\/2-600x600.png 600w, https:\/\/spiritual-touch.de\/wp-content\/uploads\/2025\/12\/2-100x100.png 100w\" sizes=\"(max-width: 580px) 100vw, 580px\" \/>\t\t\t\t\t\t\t\t\t\t\t\t\t\t\t<\/div>\n\t\t\t\t<\/div>\n\t\t\t\t\t<\/div>\n\t\t\t\t<\/div>\n\t\t<div class=\"elementor-element elementor-element-b815e27 e-flex e-con-boxed e-con e-parent\" data-id=\"b815e27\" data-element_type=\"container\" data-e-type=\"container\">\n\t\t\t\t\t<div class=\"e-con-inner\">\n\t\t\t\t<div class=\"elementor-element elementor-element-856d460 elementor-widget elementor-widget-text-editor\" data-id=\"856d460\" data-element_type=\"widget\" data-e-type=\"widget\" data-widget_type=\"text-editor.default\">\n\t\t\t\t<div class=\"elementor-widget-container\">\n\t\t\t\t\t\t\t\t\t<div class=\"\" style=\"text-align: center;\"><b class=\"\">Erwecke die Magie in Dir &#8211;\u00a0<\/b><\/div><div class=\"\" style=\"text-align: center;\"><b class=\"\">Erfinde Dich neu<\/b><\/div><div class=\"\" style=\"text-align: center;\">\u00a0<\/div><div class=\"\" style=\"text-align: center;\">\u00a0<\/div><div class=\"\" style=\"text-align: center;\">Jeder Mensch tr\u00e4gt Lebensgeschichten in sich.\u00a0<\/div><div class=\"\" style=\"text-align: center;\">Sie haben ihn gepr\u00e4gt, und zu dem Menschen werden lassen welcher er jetzt ist.<\/div><div class=\"\" style=\"text-align: center;\">\u00a0<\/div><div class=\"\" style=\"text-align: center;\">Jedoch ist noch viel wundervolles verborgen, welches es zu entdecken gibt.<\/div><div class=\"\" style=\"text-align: center;\">\u00a0<\/div><div class=\"\" style=\"text-align: center;\">Ich Lade Dich auf diese Entdeckungsreise zu Dir selbst ein, verborgene magische Sch\u00e4tze zu bergen, und T\u00fcren zu \u00f6ffnen, welche bisher verschlossen waren..<\/div><div class=\"\" style=\"text-align: center;\">\u00a0<\/div><div class=\"\" style=\"text-align: center;\">Dich hinderten dich selbst neu zu erfinden..<\/div><div class=\"\" style=\"text-align: center;\">\u00a0<\/div><div class=\"\" style=\"text-align: center;\">M\u00f6glichkeiten, welche du f\u00fcr unm\u00f6glich gehalten hast zu entdecken..<\/div><div class=\"\" style=\"text-align: center;\">\u00a0<\/div><div class=\"\" style=\"text-align: center;\">Welche dich mit inspirierenden neuen Lebensenergien durchstr\u00f6men..<\/div><div class=\"\" style=\"text-align: center;\">\u00a0<\/div><div class=\"\" style=\"text-align: center;\">Lass Dich auf Deine Reise zu dir selbst ein, und sei offen f\u00fcr die Magie in Dir.<\/div><div class=\"\" style=\"text-align: center;\">\u00a0<\/div><div class=\"\" style=\"text-align: center;\">Diese Reise ist f\u00fcr jeder Mann und jede Frau gleicherma\u00dfen zu entdecken.<\/div><div class=\"\" style=\"text-align: center;\">\u00a0<\/div><div class=\"\" style=\"text-align: center;\">\u00a0<\/div><div class=\"\" style=\"text-align: center;\"><b class=\"\">Du fragst Dich welche magischen Sch\u00e4tze ich auf meiner bisherigen Reise mit Tantra entdeckt habe?<\/b><\/div><div class=\"\" style=\"text-align: center;\">\u00a0<\/div><div class=\"\" style=\"text-align: center;\">Hier m\u00f6chte ich Dich an einem Teil meiner \u201eMagischen Reise\u201c teil haben lassen, welche gerade erst richtig beginnt.<\/div><div class=\"\" style=\"text-align: center;\">\u00a0<\/div><div class=\"\" style=\"text-align: center;\">Meine magische Reise zu und mit Tantra begann durch meine wundervolle neue Freundin, und ihre Freundschaft bereichert mich auf besondere Art &amp; Weise, wof\u00fcr ich sehr dankbar bin!\u00a0<\/div><div class=\"\" style=\"text-align: center;\">\u00a0<\/div><div class=\"\" style=\"text-align: center;\">Sie er\u00f6ffnete mir vor nicht all zu langer Zeit die T\u00fcren zu Tantra-Massagen, und wie viele von uns, hatte ich ein v\u00f6llig anderes Bild in mir.<\/div><div class=\"\" style=\"text-align: center;\">Jenes von Vor- und Ver- Urteilen welche ein Teil unserer Gesellschaft aus Unwissenheit, uns von klein an vermittelt hat, ebenso wie Medien.<\/div><div class=\"\" style=\"text-align: center;\">\u00a0<\/div><div class=\"\" style=\"text-align: center;\">Wie in allen Bereichen unseres Lebens gibt es gute und weniger gute Varianten der selben Dinge, doch hier begegnete ich jener, welche mir dass gr\u00f6\u00dfte Geschenk machte welches es geben kann, Danke!<\/div><div class=\"\" style=\"text-align: center;\">\u00a0<\/div><div class=\"\" style=\"text-align: center;\">Sie \u00f6ffnete Teile in meinem Herzen weit, welche sich aufgrund vergangener Erlebnisse immer wieder sehr schmerzhaft verschlossen zeigten.. &#8211; sich widerspenstig weigerten zu gehen.<\/div><div class=\"\" style=\"text-align: center;\">\u00a0<\/div><div class=\"\" style=\"text-align: center;\">Dieses Geschenk habe ich meiner wundervollen magischen Reise zu mir Selbst mit Tantra, und besonderen Menschen &#8211; wie Du und ich &#8211; erfahren d\u00fcrfen.. &#8211; und meine Reise hat gerade erst begonnen.. &#8211; wieviel besser kann es werden..?!<\/div><div class=\"\" style=\"text-align: center;\">\u00a0<\/div><div class=\"\" style=\"text-align: center;\">Da ich mit verschiedene K\u00f6rper-Techniken, und Seelenpsychologie t\u00e4tig bin, wusste ich, dass dieses wundervolle magischen Geschenk mein neuer Weg ist, auch andere Menschen daran Teil haben zu lassen, diese achtsame, weltsch\u00e4tzende, respektvolle Sinnlichkeit mit Tantra erfahren zu d\u00fcrfen.<\/div><div class=\"\" style=\"text-align: center;\">\u00a0<\/div><div class=\"\" style=\"text-align: center;\">Ich lade dich von Herzen ein \u201eDeine Magische Reise, jetzt zu beginnen, und ich freue mich Dich auf einem Teil deiner Reise begleiten zu d\u00fcrfen!<\/div><div class=\"\" style=\"text-align: center;\">\u00a0<\/div><div class=\"\" style=\"text-align: center;\">Herzvoll\u00a0<\/div><div class=\"\" style=\"text-align: center;\">Mia<\/div>\t\t\t\t\t\t\t\t<\/div>\n\t\t\t\t<\/div>\n\t\t\t\t\t<\/div>\n\t\t\t\t<\/div>\n\t\t<div class=\"elementor-element elementor-element-e645389 e-flex e-con-boxed e-con e-parent\" data-id=\"e645389\" data-element_type=\"container\" data-e-type=\"container\">\n\t\t\t\t\t<div class=\"e-con-inner\">\n\t\t\t\t<div class=\"elementor-element elementor-element-788b5dd elementor-invisible elementor-widget elementor-widget-heading\" data-id=\"788b5dd\" data-element_type=\"widget\" data-e-type=\"widget\" data-settings=\"{&quot;_animation&quot;:&quot;fadeIn&quot;}\" data-widget_type=\"heading.default\">\n\t\t\t\t<div class=\"elementor-widget-container\">\n\t\t\t\t\t<h2 class=\"elementor-heading-title elementor-size-default\">Mia begleitet dich in folgenden Formaten:<\/h2>\t\t\t\t<\/div>\n\t\t\t\t<\/div>\n\t\t\t\t<div class=\"elementor-element elementor-element-de38d21 elementor-invisible elementor-widget elementor-widget-text-editor\" data-id=\"de38d21\" data-element_type=\"widget\" data-e-type=\"widget\" data-settings=\"{&quot;_animation&quot;:&quot;fadeIn&quot;}\" data-widget_type=\"text-editor.default\">\n\t\t\t\t<div class=\"elementor-widget-container\">\n\t\t\t\t\t\t\t\t\t<p><a href=\"https:\/\/spiritual-touch.de\/en\/praxis\/einzelarbeit\/korperarbeit-massagen\/massagen-tantramassage\/\" target=\"_blank\" rel=\"noopener\">Intuitive tantric massage for all genders<\/a><\/p><p><a href=\"https:\/\/spiritual-touch.de\/en\/praxis\/einzelarbeit\/korperarbeit-massagen\/massagen-tantramassage\/#paare\" target=\"_blank\" rel=\"noopener\">Couples massages<\/a><\/p>\t\t\t\t\t\t\t\t<\/div>\n\t\t\t\t<\/div>\n\t\t\t\t\t<\/div>\n\t\t\t\t<\/div>\n\t\t\t\t<\/div>","protected":false},"excerpt":{"rendered":"<p>Mia Erwecke die Magie in Dir &#8211;\u00a0Erfinde Dich neu\u00a0\u00a0Jeder Mensch tr\u00e4gt Lebensgeschichten in sich.\u00a0Sie haben ihn gepr\u00e4gt, und zu dem Menschen werden lassen welcher er jetzt ist.\u00a0Jedoch ist noch viel wundervolles verborgen, welches es zu entdecken gibt.\u00a0Ich Lade Dich auf diese Entdeckungsreise zu Dir selbst ein, verborgene magische Sch\u00e4tze zu bergen, und T\u00fcren zu \u00f6ffnen, [&hellip;]<\/p>\n","protected":false},"author":1,"featured_media":0,"parent":23613,"menu_order":8,"comment_status":"closed","ping_status":"closed","template":"","meta":{"footnotes":""},"class_list":["post-22683","page","type-page","status-publish","hentry"],"yoast_head":"<!-- This site is optimized with the Yoast SEO Premium plugin v24.7 (Yoast SEO v27.4) - https:\/\/yoast.com\/product\/yoast-seo-premium-wordpress\/ -->\n<title>Mia \u2013 Tantramasseurin bei Spiritual Touch M\u00fcnchen - Spiritual Touch<\/title>\n<meta name=\"description\" content=\"Mia begleitet dich bei Spiritual Touch in M\u00fcnchen mit achtsamer Tantramassage, Pr\u00e4senz und feiner Ber\u00fchrungsqualit\u00e4t. Mehr \u00fcber ihre Ausbildung, Schwerpunkte und Haltung.\" \/>\n<meta name=\"robots\" content=\"index, follow, max-snippet:-1, max-image-preview:large, max-video-preview:-1\" \/>\n<link rel=\"canonical\" href=\"https:\/\/spiritual-touch.de\/en\/praxis\/team\/mia\/\" \/>\n<meta property=\"og:locale\" content=\"en_GB\" \/>\n<meta property=\"og:type\" content=\"article\" \/>\n<meta property=\"og:title\" content=\"Mia \u2013 Tantramasseurin bei Spiritual Touch M\u00fcnchen\" \/>\n<meta property=\"og:description\" content=\"Mia begleitet dich bei Spiritual Touch in M\u00fcnchen mit achtsamer Tantramassage, Pr\u00e4senz und feiner Ber\u00fchrungsqualit\u00e4t. Mehr \u00fcber ihre Ausbildung, Schwerpunkte und Haltung.\" \/>\n<meta property=\"og:url\" content=\"https:\/\/spiritual-touch.de\/en\/praxis\/team\/mia\/\" \/>\n<meta property=\"og:site_name\" content=\"Spiritual Touch\" \/>\n<meta property=\"article:publisher\" content=\"https:\/\/www.facebook.com\/profile.php?id=100057105473672\" \/>\n<meta property=\"article:modified_time\" content=\"2026-02-16T18:51:19+00:00\" \/>\n<meta property=\"og:image\" content=\"https:\/\/spiritual-touch.de\/wp-content\/uploads\/2025\/12\/2.png\" \/>\n\t<meta property=\"og:image:width\" content=\"1000\" \/>\n\t<meta property=\"og:image:height\" content=\"1000\" \/>\n\t<meta property=\"og:image:type\" content=\"image\/png\" \/>\n<meta name=\"twitter:card\" content=\"summary_large_image\" \/>\n<meta name=\"twitter:label1\" content=\"Estimated reading time\" \/>\n\t<meta name=\"twitter:data1\" content=\"3 minutes\" \/>\n<script type=\"application\/ld+json\" class=\"yoast-schema-graph\">{\"@context\":\"https:\\\/\\\/schema.org\",\"@graph\":[{\"@type\":\"WebPage\",\"@id\":\"https:\\\/\\\/spiritual-touch.de\\\/praxis\\\/team\\\/mia\\\/\",\"url\":\"https:\\\/\\\/spiritual-touch.de\\\/praxis\\\/team\\\/mia\\\/\",\"name\":\"Mia \u2013 Tantramasseurin bei Spiritual Touch M\u00fcnchen - Spiritual Touch\",\"isPartOf\":{\"@id\":\"https:\\\/\\\/spiritual-touch.de\\\/#website\"},\"primaryImageOfPage\":{\"@id\":\"https:\\\/\\\/spiritual-touch.de\\\/praxis\\\/team\\\/mia\\\/#primaryimage\"},\"image\":{\"@id\":\"https:\\\/\\\/spiritual-touch.de\\\/praxis\\\/team\\\/mia\\\/#primaryimage\"},\"thumbnailUrl\":\"https:\\\/\\\/spiritual-touch.de\\\/wp-content\\\/uploads\\\/2025\\\/12\\\/2.png\",\"datePublished\":\"2025-11-04T11:06:11+00:00\",\"dateModified\":\"2026-02-16T18:51:19+00:00\",\"description\":\"Mia begleitet dich bei Spiritual Touch in M\u00fcnchen mit achtsamer Tantramassage, Pr\u00e4senz und feiner Ber\u00fchrungsqualit\u00e4t. Mehr \u00fcber ihre Ausbildung, Schwerpunkte und Haltung.\",\"breadcrumb\":{\"@id\":\"https:\\\/\\\/spiritual-touch.de\\\/praxis\\\/team\\\/mia\\\/#breadcrumb\"},\"inLanguage\":\"en-GB\",\"potentialAction\":[{\"@type\":\"ReadAction\",\"target\":[\"https:\\\/\\\/spiritual-touch.de\\\/praxis\\\/team\\\/mia\\\/\"]}]},{\"@type\":\"ImageObject\",\"inLanguage\":\"en-GB\",\"@id\":\"https:\\\/\\\/spiritual-touch.de\\\/praxis\\\/team\\\/mia\\\/#primaryimage\",\"url\":\"https:\\\/\\\/spiritual-touch.de\\\/wp-content\\\/uploads\\\/2025\\\/12\\\/2.png\",\"contentUrl\":\"https:\\\/\\\/spiritual-touch.de\\\/wp-content\\\/uploads\\\/2025\\\/12\\\/2.png\"},{\"@type\":\"BreadcrumbList\",\"@id\":\"https:\\\/\\\/spiritual-touch.de\\\/praxis\\\/team\\\/mia\\\/#breadcrumb\",\"itemListElement\":[{\"@type\":\"ListItem\",\"position\":1,\"name\":\"Startseite\",\"item\":\"https:\\\/\\\/spiritual-touch.de\\\/\"},{\"@type\":\"ListItem\",\"position\":2,\"name\":\"Tantramassage &#038; K\u00f6rperarbeit in M\u00fcnchen | Spiritual Touch\",\"item\":\"https:\\\/\\\/spiritual-touch.de\\\/\"},{\"@type\":\"ListItem\",\"position\":3,\"name\":\"Team der Praxis Spiritual Touch in M\u00fcnchen\",\"item\":\"https:\\\/\\\/spiritual-touch.de\\\/praxis\\\/team\\\/\"},{\"@type\":\"ListItem\",\"position\":4,\"name\":\"Mia \u2013 Tantramasseurin bei Spiritual Touch M\u00fcnchen\"}]},{\"@type\":\"WebSite\",\"@id\":\"https:\\\/\\\/spiritual-touch.de\\\/#website\",\"url\":\"https:\\\/\\\/spiritual-touch.de\\\/\",\"name\":\"Tantramassage M\u00fcnchen\",\"description\":\"Tantra Massage M\u00fcnchen\",\"publisher\":{\"@id\":\"https:\\\/\\\/spiritual-touch.de\\\/#organization\"},\"potentialAction\":[{\"@type\":\"SearchAction\",\"target\":{\"@type\":\"EntryPoint\",\"urlTemplate\":\"https:\\\/\\\/spiritual-touch.de\\\/?s={search_term_string}\"},\"query-input\":{\"@type\":\"PropertyValueSpecification\",\"valueRequired\":true,\"valueName\":\"search_term_string\"}}],\"inLanguage\":\"en-GB\"},{\"@type\":\"Organization\",\"@id\":\"https:\\\/\\\/spiritual-touch.de\\\/#organization\",\"name\":\"Spiritual Touch\",\"url\":\"https:\\\/\\\/spiritual-touch.de\\\/\",\"logo\":{\"@type\":\"ImageObject\",\"inLanguage\":\"en-GB\",\"@id\":\"https:\\\/\\\/spiritual-touch.de\\\/#\\\/schema\\\/logo\\\/image\\\/\",\"url\":\"https:\\\/\\\/spiritual-touch.de\\\/wp-content\\\/uploads\\\/2024\\\/01\\\/Heart.png\",\"contentUrl\":\"https:\\\/\\\/spiritual-touch.de\\\/wp-content\\\/uploads\\\/2024\\\/01\\\/Heart.png\",\"width\":500,\"height\":500,\"caption\":\"Spiritual Touch\"},\"image\":{\"@id\":\"https:\\\/\\\/spiritual-touch.de\\\/#\\\/schema\\\/logo\\\/image\\\/\"},\"sameAs\":[\"https:\\\/\\\/www.facebook.com\\\/profile.php?id=100057105473672\",\"https:\\\/\\\/www.instagram.com\\\/praxis_spiritual_touch\\\/\"]}]}<\/script>\n<!-- \/ Yoast SEO Premium plugin. -->","yoast_head_json":{"title":"Mia \u2013 Tantramasseurin bei Spiritual Touch M\u00fcnchen - Spiritual Touch","description":"Mia begleitet dich bei Spiritual Touch in M\u00fcnchen mit achtsamer Tantramassage, Pr\u00e4senz und feiner Ber\u00fchrungsqualit\u00e4t. Mehr \u00fcber ihre Ausbildung, Schwerpunkte und Haltung.","robots":{"index":"index","follow":"follow","max-snippet":"max-snippet:-1","max-image-preview":"max-image-preview:large","max-video-preview":"max-video-preview:-1"},"canonical":"https:\/\/spiritual-touch.de\/en\/praxis\/team\/mia\/","og_locale":"en_GB","og_type":"article","og_title":"Mia \u2013 Tantramasseurin bei Spiritual Touch M\u00fcnchen","og_description":"Mia begleitet dich bei Spiritual Touch in M\u00fcnchen mit achtsamer Tantramassage, Pr\u00e4senz und feiner Ber\u00fchrungsqualit\u00e4t. Mehr \u00fcber ihre Ausbildung, Schwerpunkte und Haltung.","og_url":"https:\/\/spiritual-touch.de\/en\/praxis\/team\/mia\/","og_site_name":"Spiritual Touch","article_publisher":"https:\/\/www.facebook.com\/profile.php?id=100057105473672","article_modified_time":"2026-02-16T18:51:19+00:00","og_image":[{"width":1000,"height":1000,"url":"https:\/\/spiritual-touch.de\/wp-content\/uploads\/2025\/12\/2.png","type":"image\/png"}],"twitter_card":"summary_large_image","twitter_misc":{"Estimated reading time":"3 minutes"},"schema":{"@context":"https:\/\/schema.org","@graph":[{"@type":"WebPage","@id":"https:\/\/spiritual-touch.de\/praxis\/team\/mia\/","url":"https:\/\/spiritual-touch.de\/praxis\/team\/mia\/","name":"Mia \u2013 Tantramasseurin bei Spiritual Touch M\u00fcnchen - Spiritual Touch","isPartOf":{"@id":"https:\/\/spiritual-touch.de\/#website"},"primaryImageOfPage":{"@id":"https:\/\/spiritual-touch.de\/praxis\/team\/mia\/#primaryimage"},"image":{"@id":"https:\/\/spiritual-touch.de\/praxis\/team\/mia\/#primaryimage"},"thumbnailUrl":"https:\/\/spiritual-touch.de\/wp-content\/uploads\/2025\/12\/2.png","datePublished":"2025-11-04T11:06:11+00:00","dateModified":"2026-02-16T18:51:19+00:00","description":"Mia begleitet dich bei Spiritual Touch in M\u00fcnchen mit achtsamer Tantramassage, Pr\u00e4senz und feiner Ber\u00fchrungsqualit\u00e4t. Mehr \u00fcber ihre Ausbildung, Schwerpunkte und Haltung.","breadcrumb":{"@id":"https:\/\/spiritual-touch.de\/praxis\/team\/mia\/#breadcrumb"},"inLanguage":"en-GB","potentialAction":[{"@type":"ReadAction","target":["https:\/\/spiritual-touch.de\/praxis\/team\/mia\/"]}]},{"@type":"ImageObject","inLanguage":"en-GB","@id":"https:\/\/spiritual-touch.de\/praxis\/team\/mia\/#primaryimage","url":"https:\/\/spiritual-touch.de\/wp-content\/uploads\/2025\/12\/2.png","contentUrl":"https:\/\/spiritual-touch.de\/wp-content\/uploads\/2025\/12\/2.png"},{"@type":"BreadcrumbList","@id":"https:\/\/spiritual-touch.de\/praxis\/team\/mia\/#breadcrumb","itemListElement":[{"@type":"ListItem","position":1,"name":"Startseite","item":"https:\/\/spiritual-touch.de\/"},{"@type":"ListItem","position":2,"name":"Tantramassage &#038; K\u00f6rperarbeit in M\u00fcnchen | Spiritual Touch","item":"https:\/\/spiritual-touch.de\/"},{"@type":"ListItem","position":3,"name":"Team der Praxis Spiritual Touch in M\u00fcnchen","item":"https:\/\/spiritual-touch.de\/praxis\/team\/"},{"@type":"ListItem","position":4,"name":"Mia \u2013 Tantramasseurin bei Spiritual Touch M\u00fcnchen"}]},{"@type":"WebSite","@id":"https:\/\/spiritual-touch.de\/#website","url":"https:\/\/spiritual-touch.de\/","name":"Tantramassage M\u00fcnchen","description":"Tantra Massage M\u00fcnchen","publisher":{"@id":"https:\/\/spiritual-touch.de\/#organization"},"potentialAction":[{"@type":"SearchAction","target":{"@type":"EntryPoint","urlTemplate":"https:\/\/spiritual-touch.de\/?s={search_term_string}"},"query-input":{"@type":"PropertyValueSpecification","valueRequired":true,"valueName":"search_term_string"}}],"inLanguage":"en-GB"},{"@type":"Organization","@id":"https:\/\/spiritual-touch.de\/#organization","name":"Spiritual Touch","url":"https:\/\/spiritual-touch.de\/","logo":{"@type":"ImageObject","inLanguage":"en-GB","@id":"https:\/\/spiritual-touch.de\/#\/schema\/logo\/image\/","url":"https:\/\/spiritual-touch.de\/wp-content\/uploads\/2024\/01\/Heart.png","contentUrl":"https:\/\/spiritual-touch.de\/wp-content\/uploads\/2024\/01\/Heart.png","width":500,"height":500,"caption":"Spiritual Touch"},"image":{"@id":"https:\/\/spiritual-touch.de\/#\/schema\/logo\/image\/"},"sameAs":["https:\/\/www.facebook.com\/profile.php?id=100057105473672","https:\/\/www.instagram.com\/praxis_spiritual_touch\/"]}]}},"_links":{"self":[{"href":"https:\/\/spiritual-touch.de\/en\/wp-json\/wp\/v2\/pages\/22683","targetHints":{"allow":["GET"]}}],"collection":[{"href":"https:\/\/spiritual-touch.de\/en\/wp-json\/wp\/v2\/pages"}],"about":[{"href":"https:\/\/spiritual-touch.de\/en\/wp-json\/wp\/v2\/types\/page"}],"author":[{"embeddable":true,"href":"https:\/\/spiritual-touch.de\/en\/wp-json\/wp\/v2\/users\/1"}],"replies":[{"embeddable":true,"href":"https:\/\/spiritual-touch.de\/en\/wp-json\/wp\/v2\/comments?post=22683"}],"version-history":[{"count":14,"href":"https:\/\/spiritual-touch.de\/en\/wp-json\/wp\/v2\/pages\/22683\/revisions"}],"predecessor-version":[{"id":24076,"href":"https:\/\/spiritual-touch.de\/en\/wp-json\/wp\/v2\/pages\/22683\/revisions\/24076"}],"up":[{"embeddable":true,"href":"https:\/\/spiritual-touch.de\/en\/wp-json\/wp\/v2\/pages\/23613"}],"wp:attachment":[{"href":"https:\/\/spiritual-touch.de\/en\/wp-json\/wp\/v2\/media?parent=22683"}],"curies":[{"name":"wp","href":"https:\/\/api.w.org\/{rel}","templated":true}]}}