{"id":22128,"date":"2025-06-26T10:25:38","date_gmt":"2025-06-26T08:25:38","guid":{"rendered":"https:\/\/spiritual-touch.de\/?page_id=22128"},"modified":"2026-02-16T19:34:25","modified_gmt":"2026-02-16T18:34:25","slug":"karen","status":"publish","type":"page","link":"https:\/\/spiritual-touch.de\/en\/praxis\/team\/karen\/","title":{"rendered":"Karen \u2013 Tantramassage bei Spiritual Touch M\u00fcnchen"},"content":{"rendered":"<div data-elementor-type=\"wp-page\" data-elementor-id=\"22128\" class=\"elementor elementor-22128\" data-elementor-post-type=\"page\">\n\t\t\t\t<div class=\"elementor-element elementor-element-51a0ee7 e-flex e-con-boxed e-con e-parent\" data-id=\"51a0ee7\" data-element_type=\"container\" data-e-type=\"container\">\n\t\t\t\t\t<div class=\"e-con-inner\">\n\t\t\t\t<div class=\"elementor-element elementor-element-18e5b84 elementor-widget elementor-widget-spacer\" data-id=\"18e5b84\" data-element_type=\"widget\" data-e-type=\"widget\" data-widget_type=\"spacer.default\">\n\t\t\t\t<div class=\"elementor-widget-container\">\n\t\t\t\t\t\t\t<div class=\"elementor-spacer\">\n\t\t\t<div class=\"elementor-spacer-inner\"><\/div>\n\t\t<\/div>\n\t\t\t\t\t\t<\/div>\n\t\t\t\t<\/div>\n\t\t\t\t<div class=\"elementor-element elementor-element-bfa514c elementor-widget elementor-widget-heading\" data-id=\"bfa514c\" data-element_type=\"widget\" data-e-type=\"widget\" data-widget_type=\"heading.default\">\n\t\t\t\t<div class=\"elementor-widget-container\">\n\t\t\t\t\t<h1 class=\"elementor-heading-title elementor-size-default\">Karen <\/h1>\t\t\t\t<\/div>\n\t\t\t\t<\/div>\n\t\t\t\t\t<\/div>\n\t\t\t\t<\/div>\n\t\t<div class=\"elementor-element elementor-element-3266b10 e-flex e-con-boxed e-con e-parent\" data-id=\"3266b10\" data-element_type=\"container\" data-e-type=\"container\">\n\t\t\t\t\t<div class=\"e-con-inner\">\n\t\t\t\t<div class=\"elementor-element elementor-element-a25240a elementor-widget elementor-widget-image\" data-id=\"a25240a\" data-element_type=\"widget\" data-e-type=\"widget\" data-widget_type=\"image.default\">\n\t\t\t\t<div class=\"elementor-widget-container\">\n\t\t\t\t\t\t\t\t\t\t\t\t\t\t\t<img fetchpriority=\"high\" decoding=\"async\" width=\"668\" height=\"1000\" src=\"https:\/\/spiritual-touch.de\/wp-content\/uploads\/2025\/06\/KarenZeilerBusinessPortrait-27-668x1000.jpg\" class=\"attachment-medium size-medium wp-image-22130\" alt=\"\" srcset=\"https:\/\/spiritual-touch.de\/wp-content\/uploads\/2025\/06\/KarenZeilerBusinessPortrait-27-668x1000.jpg 668w, https:\/\/spiritual-touch.de\/wp-content\/uploads\/2025\/06\/KarenZeilerBusinessPortrait-27-1025x1536.jpg 1025w, https:\/\/spiritual-touch.de\/wp-content\/uploads\/2025\/06\/KarenZeilerBusinessPortrait-27-1367x2048.jpg 1367w, https:\/\/spiritual-touch.de\/wp-content\/uploads\/2025\/06\/KarenZeilerBusinessPortrait-27-1200x1797.jpg 1200w, https:\/\/spiritual-touch.de\/wp-content\/uploads\/2025\/06\/KarenZeilerBusinessPortrait-27-1980x2966.jpg 1980w\" sizes=\"(max-width: 668px) 100vw, 668px\" \/>\t\t\t\t\t\t\t\t\t\t\t\t\t\t\t<\/div>\n\t\t\t\t<\/div>\n\t\t\t\t\t<\/div>\n\t\t\t\t<\/div>\n\t\t<div class=\"elementor-element elementor-element-c837158 e-flex e-con-boxed e-con e-parent\" data-id=\"c837158\" data-element_type=\"container\" data-e-type=\"container\">\n\t\t\t\t\t<div class=\"e-con-inner\">\n\t\t\t\t<div class=\"elementor-element elementor-element-7795f65 elementor-widget elementor-widget-heading\" data-id=\"7795f65\" data-element_type=\"widget\" data-e-type=\"widget\" data-widget_type=\"heading.default\">\n\t\t\t\t<div class=\"elementor-widget-container\">\n\t\t\t\t\t<h2 class=\"elementor-heading-title elementor-size-default\">\u201e&quot;Feel and Touch&quot;\u201c<\/h2>\t\t\t\t<\/div>\n\t\t\t\t<\/div>\n\t\t\t\t\t<\/div>\n\t\t\t\t<\/div>\n\t\t<div class=\"elementor-element elementor-element-b09911e e-flex e-con-boxed e-con e-parent\" data-id=\"b09911e\" data-element_type=\"container\" data-e-type=\"container\">\n\t\t\t\t\t<div class=\"e-con-inner\">\n\t\t\t\t<div class=\"elementor-element elementor-element-48cc812 elementor-widget elementor-widget-text-editor\" data-id=\"48cc812\" data-element_type=\"widget\" data-e-type=\"widget\" data-widget_type=\"text-editor.default\">\n\t\t\t\t<div class=\"elementor-widget-container\">\n\t\t\t\t\t\t\t\t\t<p>These are the two words I would use to describe my work and my deep calling!<\/p><p><span style=\"font-size: inherit; letter-spacing: -0.015em; text-align: inherit;\">How wonderful it is to truly and deeply touch people\u2026 On the skin, all over the body, in the heart\u2026.<\/span><\/p><p>How wonderful it is to feel the touch of people who are approachable\u2026.<\/p><p>To sense people who are becoming increasingly more vulnerable, because it is anything but a given that we are vulnerable\u2026.<\/p><p>How often do we build thick, invisible walls around ourselves to protect ourselves\u2026<\/p><p>How often are we in our heads, thinking, analyzing and evaluating\u2026simply because that&#039;s how we learned to do it and we&#039;ve received little support in paying attention to and trusting our feelings, our intuition?.<\/p><p>A mindful, loving and fully present touch, a \u201espiritual touch\u201c, is always able to shift the focus a little from the head to the body, to penetrate these walls and to touch people in their deepest inner being\u2026.<\/p><p>As a touch coach, I consider tantric massage to be the ultimate discipline of &quot;feeling and touching&quot;.\u00a0<br \/><span style=\"font-size: inherit; text-align: inherit; letter-spacing: -0.015em;\">On the one hand, it is a wonderful opportunity to let go of everyday life, to get &quot;from head to body&quot; and to experience deep relaxation.\u00a0<br \/><\/span><span style=\"font-size: inherit; text-align: inherit; letter-spacing: -0.015em;\">Furthermore, a tantric massage can enable deep inner experiences that are hardly possible in normal everyday life.<\/span><\/p><p>Are you ready to immerse yourself in this world of the senses for two hours or more? To feel, to observe what happens inside you as I touch every inch of your body? Even if what happens inside you isn&#039;t always pleasure and bliss, but can also be anger, shame, or sadness? Even if you might find it difficult to relax and feel anything at all right now?<\/p><p>I am here, I will hold the space and support you, no matter what you are experiencing.<\/p><p>I love immersing myself in this space of non-judgment with you, and often after the massage I am allowed to look into those wonderful, radiant eyes\u2026.<\/p><p>How wonderful it is when more and more people&#039;s eyes light up again and again in everyday life\u2026.<\/p><p>I would be delighted to accompany you during your very own massage and, if you wish, also for a while on your very own journey.<br \/>This path of self-discovery and mindfulness, which appeals to all the senses and allows people to blossom in their entire being\u2026<\/p><p>I look forward to you!!<\/p><p>I enjoy speaking English!<\/p><p>\u00a0<\/p><p>Karen<\/p>\t\t\t\t\t\t\t\t<\/div>\n\t\t\t\t<\/div>\n\t\t\t\t\t<\/div>\n\t\t\t\t<\/div>\n\t\t<div class=\"elementor-element elementor-element-6468b1c e-flex e-con-boxed e-con e-parent\" data-id=\"6468b1c\" data-element_type=\"container\" data-e-type=\"container\">\n\t\t\t\t\t<div class=\"e-con-inner\">\n\t\t\t\t<div class=\"elementor-element elementor-element-1de8498 elementor-widget elementor-widget-heading\" data-id=\"1de8498\" data-element_type=\"widget\" data-e-type=\"widget\" data-widget_type=\"heading.default\">\n\t\t\t\t<div class=\"elementor-widget-container\">\n\t\t\t\t\t<h2 class=\"elementor-heading-title elementor-size-default\">Karen will accompany you in the following formats:<\/h2>\t\t\t\t<\/div>\n\t\t\t\t<\/div>\n\t\t\t\t<div class=\"elementor-element elementor-element-8b0afcd elementor-invisible elementor-widget elementor-widget-text-editor\" data-id=\"8b0afcd\" data-element_type=\"widget\" data-e-type=\"widget\" data-settings=\"{&quot;_animation&quot;:&quot;fadeIn&quot;}\" data-widget_type=\"text-editor.default\">\n\t\t\t\t<div class=\"elementor-widget-container\">\n\t\t\t\t\t\t\t\t\t<p><a href=\"https:\/\/spiritual-touch.de\/en\/praxis\/einzelarbeit\/korperarbeit-massagen\/massagen-tantramassage\/\" target=\"_blank\" rel=\"noopener\">Intuitive tantric massage for all genders<\/a><\/p><p><a href=\"https:\/\/spiritual-touch.de\/en\/praxis\/einzelarbeit\/korperarbeit-massagen\/massagen-tantramassage\/#paare\" target=\"_blank\" rel=\"noopener\">Couples massages<\/a><\/p><p><a href=\"https:\/\/spiritual-touch.de\/en\/praxis\/paare\/ritual-zu-dritt\/\" target=\"_blank\" rel=\"noopener\">Ritual for three<\/a><\/p><p><a href=\"https:\/\/spiritual-touch.de\/en\/praxis\/beruhrungsworkshop\/\" target=\"_blank\" rel=\"noopener\">Touch workshops<\/a><\/p>\t\t\t\t\t\t\t\t<\/div>\n\t\t\t\t<\/div>\n\t\t\t\t\t<\/div>\n\t\t\t\t<\/div>\n\t\t<div class=\"elementor-element elementor-element-a0e3ca4 e-flex e-con-boxed e-con e-parent\" data-id=\"a0e3ca4\" data-element_type=\"container\" data-e-type=\"container\">\n\t\t\t\t\t<div class=\"e-con-inner\">\n\t\t\t\t<div class=\"elementor-element elementor-element-bd4134c elementor-widget elementor-widget-text-editor\" data-id=\"bd4134c\" data-element_type=\"widget\" data-e-type=\"widget\" data-widget_type=\"text-editor.default\">\n\t\t\t\t<div class=\"elementor-widget-container\">\n\t\t\t\t\t\t\t\t\t<div class=\"wpb_text_column wpb_content_element\"><div class=\"wpb_text_column wpb_content_element\"><div class=\"wpb_wrapper\"><p><strong>My path:<\/strong><\/p><p>Since my own 20s, I have been attracted to spaces that focus on bodywork, presence, and non-judgment.<\/p><p>The first stop on this journey was <strong>Rebirthing<\/strong> at Solara Christiane Gentner.<\/p><p>My path then led me to many other exciting methods, all of which work through the body and on a different level than the mind.<\/p><p>Here&#039;s a brief overview:<\/p><p><strong>Training:<\/strong><\/p><p>Certified Tantra masseuse TMV, trained by Pamela Behnke and Daniel H\u00f6ppli (Zinnoberschule)<\/p><p>Assistance with Tantra massage training (Zinnoberschule)<\/p><p>Assistance at women&#039;s seminars (Zinnoberschule)<\/p><p>Health practitioner for sexual culture (Pamela Behnke, Inari Hanel)<\/p><p>Annual training in laying on of hands according to Anne H\u00f6fler with Gerlinde Kapp and Barbara Schneider-Schwab<\/p><p>Laughter Yoga training with Christoph Emmelmann<\/p><p><strong>Self-discovery and personal development:<\/strong><\/p><p><strong>\u00a0<\/strong><\/p><p>Inner child work with Sabine Schr\u00f6der<\/p><p>Reading in the field of consciousness according to Carola L\u00f6cherer and Stefan Meier<\/p><p>Workshops with Gerd Bodhi Ziegler and Carola L\u00f6cherer<\/p><p>Trauma-sensitive training with Maria Rappay<\/p><p>Honest communication according to Gopal<\/p><p>Somatic Experiencing with Maria Rappay and Doris Rothbauer<\/p><p>Voice work using the Roy Hart method with Ulrik Barfod<\/p><p>Free dancing<\/p><p>Contact Improvisation and Contact Tango<\/p><p><strong>Originally <\/strong>I studied English and music and worked in schools for over 20 years.<\/p><p><strong>Today<\/strong><\/p><p>I am in the school of life and give private instrumental and English lessons.<\/p><p>I really enjoy chatting with guests in English.<\/p><p>I lead groups in mantra singing and vocal improvisation.<\/p><p>I lead women&#039;s groups<\/p><p>I lead cuddle evenings and everything that has to do with &quot;feeling and touching&quot;.<\/p><\/div><\/div><\/div>\t\t\t\t\t\t\t\t<\/div>\n\t\t\t\t<\/div>\n\t\t\t\t\t<\/div>\n\t\t\t\t<\/div>\n\t\t\t\t<\/div>","protected":false},"excerpt":{"rendered":"<p>Karen \u201eSp\u00fcren und Ber\u00fchren\u201c Das sind die zwei Worte, mit denen ich meine Arbeit und meine tiefe Berufung beschreiben m\u00f6chte! Wie sch\u00f6n ist es, Menschen wirklich und in der Tiefe zu ber\u00fchren\u2026. Auf der Haut, am ganzen K\u00f6rper, im Herzen\u2026. Wie sch\u00f6n ist es, Menschen zu sp\u00fcren, die ber\u00fchrbar sind\u2026. Menschen zu sp\u00fcren, die immer [&hellip;]<\/p>\n","protected":false},"author":1,"featured_media":0,"parent":23613,"menu_order":7,"comment_status":"closed","ping_status":"closed","template":"","meta":{"footnotes":""},"class_list":["post-22128","page","type-page","status-publish","hentry"],"yoast_head":"<!-- This site is optimized with the Yoast SEO Premium plugin v24.7 (Yoast SEO v27.4) - https:\/\/yoast.com\/product\/yoast-seo-premium-wordpress\/ -->\n<title>Karen \u2013 Tantramassage bei Spiritual Touch M\u00fcnchen - Spiritual Touch<\/title>\n<meta name=\"description\" content=\"Karen begleitet dich bei Spiritual Touch in M\u00fcnchen mit achtsamer Tantramassage, Pr\u00e4senz und feiner Ber\u00fchrungsqualit\u00e4t. Mehr \u00fcber ihre Ausbildung, Schwerpunkte und Haltung.\" \/>\n<meta name=\"robots\" content=\"index, follow, max-snippet:-1, max-image-preview:large, max-video-preview:-1\" \/>\n<link rel=\"canonical\" href=\"https:\/\/spiritual-touch.de\/en\/praxis\/team\/karen\/\" \/>\n<meta property=\"og:locale\" content=\"en_GB\" \/>\n<meta property=\"og:type\" content=\"article\" \/>\n<meta property=\"og:title\" content=\"Karen \u2013 Tantramassage bei Spiritual Touch M\u00fcnchen\" \/>\n<meta property=\"og:description\" content=\"Karen begleitet dich bei Spiritual Touch in M\u00fcnchen mit achtsamer Tantramassage, Pr\u00e4senz und feiner Ber\u00fchrungsqualit\u00e4t. Mehr \u00fcber ihre Ausbildung, Schwerpunkte und Haltung.\" \/>\n<meta property=\"og:url\" content=\"https:\/\/spiritual-touch.de\/en\/praxis\/team\/karen\/\" \/>\n<meta property=\"og:site_name\" content=\"Spiritual Touch\" \/>\n<meta property=\"article:publisher\" content=\"https:\/\/www.facebook.com\/profile.php?id=100057105473672\" \/>\n<meta property=\"article:modified_time\" content=\"2026-02-16T18:34:25+00:00\" \/>\n<meta property=\"og:image\" content=\"https:\/\/spiritual-touch.de\/wp-content\/uploads\/2025\/06\/KarenZeilerBusinessPortrait-27-scaled-e1750927500604.jpg\" \/>\n\t<meta property=\"og:image:width\" content=\"1000\" \/>\n\t<meta property=\"og:image:height\" content=\"1000\" \/>\n\t<meta property=\"og:image:type\" content=\"image\/jpeg\" \/>\n<meta name=\"twitter:card\" content=\"summary_large_image\" \/>\n<meta name=\"twitter:label1\" content=\"Estimated reading time\" \/>\n\t<meta name=\"twitter:data1\" content=\"4 minutes\" \/>\n<script type=\"application\/ld+json\" class=\"yoast-schema-graph\">{\"@context\":\"https:\\\/\\\/schema.org\",\"@graph\":[{\"@type\":\"WebPage\",\"@id\":\"https:\\\/\\\/spiritual-touch.de\\\/praxis\\\/team\\\/karen\\\/\",\"url\":\"https:\\\/\\\/spiritual-touch.de\\\/praxis\\\/team\\\/karen\\\/\",\"name\":\"Karen \u2013 Tantramassage bei Spiritual Touch M\u00fcnchen - Spiritual Touch\",\"isPartOf\":{\"@id\":\"https:\\\/\\\/spiritual-touch.de\\\/#website\"},\"primaryImageOfPage\":{\"@id\":\"https:\\\/\\\/spiritual-touch.de\\\/praxis\\\/team\\\/karen\\\/#primaryimage\"},\"image\":{\"@id\":\"https:\\\/\\\/spiritual-touch.de\\\/praxis\\\/team\\\/karen\\\/#primaryimage\"},\"thumbnailUrl\":\"https:\\\/\\\/spiritual-touch.de\\\/wp-content\\\/uploads\\\/2025\\\/06\\\/KarenZeilerBusinessPortrait-27-668x1000.jpg\",\"datePublished\":\"2025-06-26T08:25:38+00:00\",\"dateModified\":\"2026-02-16T18:34:25+00:00\",\"description\":\"Karen begleitet dich bei Spiritual Touch in M\u00fcnchen mit achtsamer Tantramassage, Pr\u00e4senz und feiner Ber\u00fchrungsqualit\u00e4t. Mehr \u00fcber ihre Ausbildung, Schwerpunkte und Haltung.\",\"breadcrumb\":{\"@id\":\"https:\\\/\\\/spiritual-touch.de\\\/praxis\\\/team\\\/karen\\\/#breadcrumb\"},\"inLanguage\":\"en-GB\",\"potentialAction\":[{\"@type\":\"ReadAction\",\"target\":[\"https:\\\/\\\/spiritual-touch.de\\\/praxis\\\/team\\\/karen\\\/\"]}]},{\"@type\":\"ImageObject\",\"inLanguage\":\"en-GB\",\"@id\":\"https:\\\/\\\/spiritual-touch.de\\\/praxis\\\/team\\\/karen\\\/#primaryimage\",\"url\":\"https:\\\/\\\/spiritual-touch.de\\\/wp-content\\\/uploads\\\/2025\\\/06\\\/KarenZeilerBusinessPortrait-27-668x1000.jpg\",\"contentUrl\":\"https:\\\/\\\/spiritual-touch.de\\\/wp-content\\\/uploads\\\/2025\\\/06\\\/KarenZeilerBusinessPortrait-27-668x1000.jpg\"},{\"@type\":\"BreadcrumbList\",\"@id\":\"https:\\\/\\\/spiritual-touch.de\\\/praxis\\\/team\\\/karen\\\/#breadcrumb\",\"itemListElement\":[{\"@type\":\"ListItem\",\"position\":1,\"name\":\"Startseite\",\"item\":\"https:\\\/\\\/spiritual-touch.de\\\/\"},{\"@type\":\"ListItem\",\"position\":2,\"name\":\"Tantramassage &#038; K\u00f6rperarbeit in M\u00fcnchen | Spiritual Touch\",\"item\":\"https:\\\/\\\/spiritual-touch.de\\\/\"},{\"@type\":\"ListItem\",\"position\":3,\"name\":\"Team der Praxis Spiritual Touch in M\u00fcnchen\",\"item\":\"https:\\\/\\\/spiritual-touch.de\\\/praxis\\\/team\\\/\"},{\"@type\":\"ListItem\",\"position\":4,\"name\":\"Karen \u2013 Tantramassage bei Spiritual Touch M\u00fcnchen\"}]},{\"@type\":\"WebSite\",\"@id\":\"https:\\\/\\\/spiritual-touch.de\\\/#website\",\"url\":\"https:\\\/\\\/spiritual-touch.de\\\/\",\"name\":\"Tantramassage M\u00fcnchen\",\"description\":\"Tantra Massage M\u00fcnchen\",\"publisher\":{\"@id\":\"https:\\\/\\\/spiritual-touch.de\\\/#organization\"},\"potentialAction\":[{\"@type\":\"SearchAction\",\"target\":{\"@type\":\"EntryPoint\",\"urlTemplate\":\"https:\\\/\\\/spiritual-touch.de\\\/?s={search_term_string}\"},\"query-input\":{\"@type\":\"PropertyValueSpecification\",\"valueRequired\":true,\"valueName\":\"search_term_string\"}}],\"inLanguage\":\"en-GB\"},{\"@type\":\"Organization\",\"@id\":\"https:\\\/\\\/spiritual-touch.de\\\/#organization\",\"name\":\"Spiritual Touch\",\"url\":\"https:\\\/\\\/spiritual-touch.de\\\/\",\"logo\":{\"@type\":\"ImageObject\",\"inLanguage\":\"en-GB\",\"@id\":\"https:\\\/\\\/spiritual-touch.de\\\/#\\\/schema\\\/logo\\\/image\\\/\",\"url\":\"https:\\\/\\\/spiritual-touch.de\\\/wp-content\\\/uploads\\\/2024\\\/01\\\/Heart.png\",\"contentUrl\":\"https:\\\/\\\/spiritual-touch.de\\\/wp-content\\\/uploads\\\/2024\\\/01\\\/Heart.png\",\"width\":500,\"height\":500,\"caption\":\"Spiritual Touch\"},\"image\":{\"@id\":\"https:\\\/\\\/spiritual-touch.de\\\/#\\\/schema\\\/logo\\\/image\\\/\"},\"sameAs\":[\"https:\\\/\\\/www.facebook.com\\\/profile.php?id=100057105473672\",\"https:\\\/\\\/www.instagram.com\\\/praxis_spiritual_touch\\\/\"]}]}<\/script>\n<!-- \/ Yoast SEO Premium plugin. -->","yoast_head_json":{"title":"Karen \u2013 Tantramassage bei Spiritual Touch M\u00fcnchen - Spiritual Touch","description":"Karen begleitet dich bei Spiritual Touch in M\u00fcnchen mit achtsamer Tantramassage, Pr\u00e4senz und feiner Ber\u00fchrungsqualit\u00e4t. Mehr \u00fcber ihre Ausbildung, Schwerpunkte und Haltung.","robots":{"index":"index","follow":"follow","max-snippet":"max-snippet:-1","max-image-preview":"max-image-preview:large","max-video-preview":"max-video-preview:-1"},"canonical":"https:\/\/spiritual-touch.de\/en\/praxis\/team\/karen\/","og_locale":"en_GB","og_type":"article","og_title":"Karen \u2013 Tantramassage bei Spiritual Touch M\u00fcnchen","og_description":"Karen begleitet dich bei Spiritual Touch in M\u00fcnchen mit achtsamer Tantramassage, Pr\u00e4senz und feiner Ber\u00fchrungsqualit\u00e4t. Mehr \u00fcber ihre Ausbildung, Schwerpunkte und Haltung.","og_url":"https:\/\/spiritual-touch.de\/en\/praxis\/team\/karen\/","og_site_name":"Spiritual Touch","article_publisher":"https:\/\/www.facebook.com\/profile.php?id=100057105473672","article_modified_time":"2026-02-16T18:34:25+00:00","og_image":[{"width":1000,"height":1000,"url":"https:\/\/spiritual-touch.de\/wp-content\/uploads\/2025\/06\/KarenZeilerBusinessPortrait-27-scaled-e1750927500604.jpg","type":"image\/jpeg"}],"twitter_card":"summary_large_image","twitter_misc":{"Estimated reading time":"4 minutes"},"schema":{"@context":"https:\/\/schema.org","@graph":[{"@type":"WebPage","@id":"https:\/\/spiritual-touch.de\/praxis\/team\/karen\/","url":"https:\/\/spiritual-touch.de\/praxis\/team\/karen\/","name":"Karen \u2013 Tantramassage bei Spiritual Touch M\u00fcnchen - Spiritual Touch","isPartOf":{"@id":"https:\/\/spiritual-touch.de\/#website"},"primaryImageOfPage":{"@id":"https:\/\/spiritual-touch.de\/praxis\/team\/karen\/#primaryimage"},"image":{"@id":"https:\/\/spiritual-touch.de\/praxis\/team\/karen\/#primaryimage"},"thumbnailUrl":"https:\/\/spiritual-touch.de\/wp-content\/uploads\/2025\/06\/KarenZeilerBusinessPortrait-27-668x1000.jpg","datePublished":"2025-06-26T08:25:38+00:00","dateModified":"2026-02-16T18:34:25+00:00","description":"Karen begleitet dich bei Spiritual Touch in M\u00fcnchen mit achtsamer Tantramassage, Pr\u00e4senz und feiner Ber\u00fchrungsqualit\u00e4t. Mehr \u00fcber ihre Ausbildung, Schwerpunkte und Haltung.","breadcrumb":{"@id":"https:\/\/spiritual-touch.de\/praxis\/team\/karen\/#breadcrumb"},"inLanguage":"en-GB","potentialAction":[{"@type":"ReadAction","target":["https:\/\/spiritual-touch.de\/praxis\/team\/karen\/"]}]},{"@type":"ImageObject","inLanguage":"en-GB","@id":"https:\/\/spiritual-touch.de\/praxis\/team\/karen\/#primaryimage","url":"https:\/\/spiritual-touch.de\/wp-content\/uploads\/2025\/06\/KarenZeilerBusinessPortrait-27-668x1000.jpg","contentUrl":"https:\/\/spiritual-touch.de\/wp-content\/uploads\/2025\/06\/KarenZeilerBusinessPortrait-27-668x1000.jpg"},{"@type":"BreadcrumbList","@id":"https:\/\/spiritual-touch.de\/praxis\/team\/karen\/#breadcrumb","itemListElement":[{"@type":"ListItem","position":1,"name":"Startseite","item":"https:\/\/spiritual-touch.de\/"},{"@type":"ListItem","position":2,"name":"Tantramassage &#038; K\u00f6rperarbeit in M\u00fcnchen | Spiritual Touch","item":"https:\/\/spiritual-touch.de\/"},{"@type":"ListItem","position":3,"name":"Team der Praxis Spiritual Touch in M\u00fcnchen","item":"https:\/\/spiritual-touch.de\/praxis\/team\/"},{"@type":"ListItem","position":4,"name":"Karen \u2013 Tantramassage bei Spiritual Touch M\u00fcnchen"}]},{"@type":"WebSite","@id":"https:\/\/spiritual-touch.de\/#website","url":"https:\/\/spiritual-touch.de\/","name":"Tantra massage Munich","description":"Tantra Massage Munich","publisher":{"@id":"https:\/\/spiritual-touch.de\/#organization"},"potentialAction":[{"@type":"SearchAction","target":{"@type":"EntryPoint","urlTemplate":"https:\/\/spiritual-touch.de\/?s={search_term_string}"},"query-input":{"@type":"PropertyValueSpecification","valueRequired":true,"valueName":"search_term_string"}}],"inLanguage":"en-GB"},{"@type":"Organization","@id":"https:\/\/spiritual-touch.de\/#organization","name":"Spiritual Touch","url":"https:\/\/spiritual-touch.de\/","logo":{"@type":"ImageObject","inLanguage":"en-GB","@id":"https:\/\/spiritual-touch.de\/#\/schema\/logo\/image\/","url":"https:\/\/spiritual-touch.de\/wp-content\/uploads\/2024\/01\/Heart.png","contentUrl":"https:\/\/spiritual-touch.de\/wp-content\/uploads\/2024\/01\/Heart.png","width":500,"height":500,"caption":"Spiritual Touch"},"image":{"@id":"https:\/\/spiritual-touch.de\/#\/schema\/logo\/image\/"},"sameAs":["https:\/\/www.facebook.com\/profile.php?id=100057105473672","https:\/\/www.instagram.com\/praxis_spiritual_touch\/"]}]}},"_links":{"self":[{"href":"https:\/\/spiritual-touch.de\/en\/wp-json\/wp\/v2\/pages\/22128","targetHints":{"allow":["GET"]}}],"collection":[{"href":"https:\/\/spiritual-touch.de\/en\/wp-json\/wp\/v2\/pages"}],"about":[{"href":"https:\/\/spiritual-touch.de\/en\/wp-json\/wp\/v2\/types\/page"}],"author":[{"embeddable":true,"href":"https:\/\/spiritual-touch.de\/en\/wp-json\/wp\/v2\/users\/1"}],"replies":[{"embeddable":true,"href":"https:\/\/spiritual-touch.de\/en\/wp-json\/wp\/v2\/comments?post=22128"}],"version-history":[{"count":8,"href":"https:\/\/spiritual-touch.de\/en\/wp-json\/wp\/v2\/pages\/22128\/revisions"}],"predecessor-version":[{"id":24071,"href":"https:\/\/spiritual-touch.de\/en\/wp-json\/wp\/v2\/pages\/22128\/revisions\/24071"}],"up":[{"embeddable":true,"href":"https:\/\/spiritual-touch.de\/en\/wp-json\/wp\/v2\/pages\/23613"}],"wp:attachment":[{"href":"https:\/\/spiritual-touch.de\/en\/wp-json\/wp\/v2\/media?parent=22128"}],"curies":[{"name":"wp","href":"https:\/\/api.w.org\/{rel}","templated":true}]}}