{"id":21798,"date":"2025-01-30T14:56:48","date_gmt":"2025-01-30T13:56:48","guid":{"rendered":"https:\/\/spiritual-touch.de\/?page_id=21798"},"modified":"2026-02-17T08:28:55","modified_gmt":"2026-02-17T07:28:55","slug":"sarah","status":"publish","type":"page","link":"https:\/\/spiritual-touch.de\/en\/praxis\/team\/sarah\/","title":{"rendered":"Sarah \u2013 Tantramassage in M\u00fcnchen | Spiritual Touch"},"content":{"rendered":"<div data-elementor-type=\"wp-page\" data-elementor-id=\"21798\" class=\"elementor elementor-21798\" data-elementor-post-type=\"page\">\n\t\t\t\t<div class=\"elementor-element elementor-element-3266b10 e-flex e-con-boxed e-con e-parent\" data-id=\"3266b10\" data-element_type=\"container\" data-e-type=\"container\">\n\t\t\t\t\t<div class=\"e-con-inner\">\n\t\t\t\t<div class=\"elementor-element elementor-element-4db1ddc elementor-widget elementor-widget-heading\" data-id=\"4db1ddc\" data-element_type=\"widget\" data-e-type=\"widget\" data-widget_type=\"heading.default\">\n\t\t\t\t<div class=\"elementor-widget-container\">\n\t\t\t\t\t<h1 class=\"elementor-heading-title elementor-size-default\">Sarah<\/h1>\t\t\t\t<\/div>\n\t\t\t\t<\/div>\n\t\t\t\t<div class=\"elementor-element elementor-element-a25240a elementor-widget elementor-widget-image\" data-id=\"a25240a\" data-element_type=\"widget\" data-e-type=\"widget\" data-widget_type=\"image.default\">\n\t\t\t\t<div class=\"elementor-widget-container\">\n\t\t\t\t\t\t\t\t\t\t\t\t\t\t\t<img fetchpriority=\"high\" decoding=\"async\" width=\"911\" height=\"1000\" src=\"https:\/\/spiritual-touch.de\/wp-content\/uploads\/2025\/01\/IMG_2683-scaled-e1738246138839-911x1000.jpeg\" class=\"attachment-medium size-medium wp-image-21799\" alt=\"\" srcset=\"https:\/\/spiritual-touch.de\/wp-content\/uploads\/2025\/01\/IMG_2683-scaled-e1738246138839-911x1000.jpeg 911w, https:\/\/spiritual-touch.de\/wp-content\/uploads\/2025\/01\/IMG_2683-scaled-e1738246138839-1399x1536.jpeg 1399w, https:\/\/spiritual-touch.de\/wp-content\/uploads\/2025\/01\/IMG_2683-scaled-e1738246138839-1865x2048.jpeg 1865w, https:\/\/spiritual-touch.de\/wp-content\/uploads\/2025\/01\/IMG_2683-scaled-e1738246138839-1200x1318.jpeg 1200w, https:\/\/spiritual-touch.de\/wp-content\/uploads\/2025\/01\/IMG_2683-scaled-e1738246138839-1980x2174.jpeg 1980w\" sizes=\"(max-width: 911px) 100vw, 911px\" \/>\t\t\t\t\t\t\t\t\t\t\t\t\t\t\t<\/div>\n\t\t\t\t<\/div>\n\t\t\t\t\t<\/div>\n\t\t\t\t<\/div>\n\t\t<div class=\"elementor-element elementor-element-ed5ef98 e-flex e-con-boxed e-con e-parent\" data-id=\"ed5ef98\" data-element_type=\"container\" data-e-type=\"container\">\n\t\t\t\t\t<div class=\"e-con-inner\">\n\t\t\t\t<div class=\"elementor-element elementor-element-c863524 elementor-widget elementor-widget-text-editor\" data-id=\"c863524\" data-element_type=\"widget\" data-e-type=\"widget\" data-widget_type=\"text-editor.default\">\n\t\t\t\t<div class=\"elementor-widget-container\">\n\t\t\t\t\t\t\t\t\t<div class=\"wpb_wrapper\">\n<div title=\"Page 1\">\n<p class=\"p3\" style=\"text-align: center;\"><span class=\"s1\">I&#039;m glad I&#039;ve sparked your interest.<\/span><\/p>\n<p class=\"p3\" style=\"text-align: center;\"><span class=\"s1\">I&#039;m Sarah and I warmly welcome you to my page.&nbsp;<\/span><\/p>\n<p class=\"p3\" style=\"text-align: center;\"><span class=\"s1\">For some time now, I&#039;ve been on a journey of self-discovery, and alongside countless personal experiences, I&#039;ve also discovered training in women&#039;s healing massage. I initially began the training primarily to heal myself and my yoni. However, I soon realized how much joy it brings me to share what I&#039;ve learned with other women\u2014to offer touch in a loving, yet intentionless way, slowly and gently.&nbsp;<\/span><\/p>\n<p class=\"p3\" style=\"text-align: center;\"><span class=\"s1\">Women&#039;s healing massage is a holistic massage that encompasses the entire body, including the female intimate area. While touching the intimate area may be part of the massage, it is not mandatory.&nbsp;<\/span><\/p>\n<p class=\"p3\" style=\"text-align: center;\"><span class=\"s1\">Massage can help you reconnect with yourself, to better feel your body and its needs, to find the courage to articulate and express those needs, and to set bodily processes in motion.<\/span><\/p>\n<p class=\"p3\" style=\"text-align: center;\"><span class=\"s1\">Especially during massage of the pelvic area, pain points and blockages can be released, allowing you to rediscover the joy of intimacy. Depending on the focus, yoni mapping can also help you explore new areas and discover new pleasure points. It can help you reawaken seemingly numb areas and give you a new sense of your body.<\/span><\/p>\n<p class=\"p3\" style=\"text-align: center;\"><span class=\"s1\">Time just for you.<\/span><\/p>\n<p class=\"p3\" style=\"text-align: center;\"><span class=\"s1\">In our preliminary discussion, I invite you to tell me about your personal concerns, wishes and needs so that I can cater to you in the best possible way during the massage.<\/span><\/p>\n<p class=\"p3\" style=\"text-align: center;\"><span class=\"s1\">Experience your massage in a relaxed and comfortable atmosphere. You are welcome to express all your emotions and needs during the massage, just as you are in that moment. Free from societal norms, performance pressure, and expectations. I am here for you and will support you throughout your process.&nbsp;<\/span><\/p>\n<p class=\"p3\" style=\"text-align: center;\"><span class=\"s1\">I am delighted to welcome you to this loving and protected space full of mindful presence and trust.&nbsp;<\/span><\/p>\n<p class=\"p3\" style=\"text-align: center;\"><strong><span class=\"s1\">Note:<\/span><\/strong><\/p>\n<p class=\"p3\" style=\"text-align: center;\"><span class=\"s1\">The massage is not a medical treatment and does not guarantee a cure. Furthermore, it is not a sexual service.&nbsp;<\/span><\/p>\n<p class=\"p3\" style=\"text-align: center;\"><span class=\"s1\">During the Yoni massage, we are in a mindful dialogue.&nbsp;<\/span><\/p>\n<p class=\"p1\" style=\"text-align: center;\">\n<\/p><\/div>\n<\/div>\t\t\t\t\t\t\t\t<\/div>\n\t\t\t\t<\/div>\n\t\t\t\t\t<\/div>\n\t\t\t\t<\/div>\n\t\t<div class=\"elementor-element elementor-element-bbd0f55 e-flex e-con-boxed e-con e-parent\" data-id=\"bbd0f55\" data-element_type=\"container\" data-e-type=\"container\">\n\t\t\t\t\t<div class=\"e-con-inner\">\n\t\t\t\t<div class=\"elementor-element elementor-element-941a83c elementor-invisible elementor-widget elementor-widget-heading\" data-id=\"941a83c\" data-element_type=\"widget\" data-e-type=\"widget\" data-settings=\"{&quot;_animation&quot;:&quot;fadeIn&quot;}\" data-widget_type=\"heading.default\">\n\t\t\t\t<div class=\"elementor-widget-container\">\n\t\t\t\t\t<h2 class=\"elementor-heading-title elementor-size-default\">Sarah accompanies women in the following formats:<\/h2>\t\t\t\t<\/div>\n\t\t\t\t<\/div>\n\t\t\t\t<div class=\"elementor-element elementor-element-413ee50 elementor-invisible elementor-widget elementor-widget-text-editor\" data-id=\"413ee50\" data-element_type=\"widget\" data-e-type=\"widget\" data-settings=\"{&quot;_animation&quot;:&quot;fadeIn&quot;}\" data-widget_type=\"text-editor.default\">\n\t\t\t\t<div class=\"elementor-widget-container\">\n\t\t\t\t\t\t\t\t\t<p><a href=\"https:\/\/spiritual-touch.de\/en\/praxis\/einzelarbeit\/korperarbeit-massagen\/frauen-heilmassage\/\" target=\"_blank\" rel=\"noopener\">Women&#039;s therapeutic massage<\/a><\/p><p><a href=\"https:\/\/spiritual-touch.de\/en\/praxis\/einzelarbeit\/korperarbeit-massagen\/massagen-tantramassage\/#paare\" target=\"_blank\" rel=\"noopener\">Couples massages<\/a><\/p>\t\t\t\t\t\t\t\t<\/div>\n\t\t\t\t<\/div>\n\t\t\t\t<div class=\"elementor-element elementor-element-59a8a4f elementor-widget elementor-widget-heading\" data-id=\"59a8a4f\" data-element_type=\"widget\" data-e-type=\"widget\" data-widget_type=\"heading.default\">\n\t\t\t\t<div class=\"elementor-widget-container\">\n\t\t\t\t\t<h2 class=\"elementor-heading-title elementor-size-default\">Training<\/h2>\t\t\t\t<\/div>\n\t\t\t\t<\/div>\n\t\t\t\t<div class=\"elementor-element elementor-element-a744e6d elementor-widget elementor-widget-text-editor\" data-id=\"a744e6d\" data-element_type=\"widget\" data-e-type=\"widget\" data-widget_type=\"text-editor.default\">\n\t\t\t\t<div class=\"elementor-widget-container\">\n\t\t\t\t\t\t\t\t\t<p class=\"p3\"><strong><span class=\"s1\">Women&#039;s Healing Massage \u2013 Awakening of the Woman<\/span><\/strong><\/p><p class=\"p3\"><span class=\"s1\">Wild Shakti I \u2013 The Temple of My Soul<\/span><\/p><p class=\"p3\"><span class=\"s1\">Wild Shakti II \u2013 The Butterfly Flight<\/span><\/p><p class=\"p3\"><span class=\"s1\">Wild Shakti III \u2013 The Inner Source<\/span><\/p><p class=\"p3\"><span class=\"s1\">Wild Shakti IV \u2013 The Sacred Flower<\/span><\/p>\t\t\t\t\t\t\t\t<\/div>\n\t\t\t\t<\/div>\n\t\t\t\t\t<\/div>\n\t\t\t\t<\/div>\n\t\t<div class=\"elementor-element elementor-element-decb243 e-flex e-con-boxed e-con e-parent\" data-id=\"decb243\" data-element_type=\"container\" data-e-type=\"container\">\n\t\t\t\t\t<div class=\"e-con-inner\">\n\t\t\t\t<div class=\"elementor-element elementor-element-dac502f elementor-widget elementor-widget-global elementor-global-23856 elementor-widget-text-editor\" data-id=\"dac502f\" data-element_type=\"widget\" data-e-type=\"widget\" data-widget_type=\"text-editor.default\">\n\t\t\t\t<div class=\"elementor-widget-container\">\n\t\t\t\t\t\t\t\t\t<p>\u2192 To <a href=\"https:\/\/spiritual-touch.de\/en\/praxis\/team\/\">team<\/a><br data-start=\"4490\" data-end=\"4493\" \/>\u2192 To <a href=\"https:\/\/spiritual-touch.de\/en\/kontakt\/\" target=\"_blank\" rel=\"noopener\">free initial consultation<\/a><br \/>\u2192 Go directly to <a href=\"https:\/\/spiritual-touch.de\/en\/buchungsformular\/\" target=\"_blank\" rel=\"noopener\">Appointment booking<\/a><\/p>\t\t\t\t\t\t\t\t<\/div>\n\t\t\t\t<\/div>\n\t\t\t\t\t<\/div>\n\t\t\t\t<\/div>\n\t\t\t\t<\/div>","protected":false},"excerpt":{"rendered":"<p>Sarah Sch\u00f6n, dass ich dein Interesse geweckt habe. Ich bin Sarah und hei\u00dfe dich herzlich willkommen auf meiner Seite.&nbsp; Seit einiger Zeit befinde ich mich auf der Reise zu mir selbst und habe neben unz\u00e4hligen Selbsterfahrungen auch die Ausbildung zur Frauenheilmassage f\u00fcr mich entdeckt. Ich hatte die Ausbildung in erster Linie begonnen, um mich selbst [&hellip;]<\/p>\n","protected":false},"author":1,"featured_media":0,"parent":23613,"menu_order":4,"comment_status":"closed","ping_status":"closed","template":"","meta":{"footnotes":""},"class_list":["post-21798","page","type-page","status-publish","hentry"],"yoast_head":"<!-- This site is optimized with the Yoast SEO Premium plugin v24.7 (Yoast SEO v27.4) - https:\/\/yoast.com\/product\/yoast-seo-premium-wordpress\/ -->\n<title>Sarah \u2013 Tantramassage in M\u00fcnchen | Spiritual Touch - Spiritual Touch<\/title>\n<meta name=\"description\" content=\"Sarah begleitet dich bei Spiritual Touch in M\u00fcnchen mit achtsamer Frauen-Heilmassage, Pr\u00e4senz und feiner Ber\u00fchrungsqualit\u00e4t. Mehr \u00fcber ihre Ausbildung, Schwerpunkte und Haltung.\" \/>\n<meta name=\"robots\" content=\"index, follow, max-snippet:-1, max-image-preview:large, max-video-preview:-1\" \/>\n<link rel=\"canonical\" href=\"https:\/\/spiritual-touch.de\/en\/praxis\/team\/sarah\/\" \/>\n<meta property=\"og:locale\" content=\"en_GB\" \/>\n<meta property=\"og:type\" content=\"article\" \/>\n<meta property=\"og:title\" content=\"Sarah \u2013 Tantramassage in M\u00fcnchen | Spiritual Touch\" \/>\n<meta property=\"og:description\" content=\"Sarah begleitet dich bei Spiritual Touch in M\u00fcnchen mit achtsamer Frauen-Heilmassage, Pr\u00e4senz und feiner Ber\u00fchrungsqualit\u00e4t. Mehr \u00fcber ihre Ausbildung, Schwerpunkte und Haltung.\" \/>\n<meta property=\"og:url\" content=\"https:\/\/spiritual-touch.de\/en\/praxis\/team\/sarah\/\" \/>\n<meta property=\"og:site_name\" content=\"Spiritual Touch\" \/>\n<meta property=\"article:publisher\" content=\"https:\/\/www.facebook.com\/profile.php?id=100057105473672\" \/>\n<meta property=\"article:modified_time\" content=\"2026-02-17T07:28:55+00:00\" \/>\n<meta property=\"og:image\" content=\"https:\/\/spiritual-touch.de\/wp-content\/uploads\/2025\/01\/IMG_2683-scaled-e1738246238280.jpeg\" \/>\n\t<meta property=\"og:image:width\" content=\"999\" \/>\n\t<meta property=\"og:image:height\" content=\"999\" \/>\n\t<meta property=\"og:image:type\" content=\"image\/jpeg\" \/>\n<meta name=\"twitter:card\" content=\"summary_large_image\" \/>\n<meta name=\"twitter:label1\" content=\"Estimated reading time\" \/>\n\t<meta name=\"twitter:data1\" content=\"3 minutes\" \/>\n<script type=\"application\/ld+json\" class=\"yoast-schema-graph\">{\"@context\":\"https:\\\/\\\/schema.org\",\"@graph\":[{\"@type\":\"WebPage\",\"@id\":\"https:\\\/\\\/spiritual-touch.de\\\/praxis\\\/team\\\/sarah\\\/\",\"url\":\"https:\\\/\\\/spiritual-touch.de\\\/praxis\\\/team\\\/sarah\\\/\",\"name\":\"Sarah \u2013 Tantramassage in M\u00fcnchen | Spiritual Touch - Spiritual Touch\",\"isPartOf\":{\"@id\":\"https:\\\/\\\/spiritual-touch.de\\\/#website\"},\"primaryImageOfPage\":{\"@id\":\"https:\\\/\\\/spiritual-touch.de\\\/praxis\\\/team\\\/sarah\\\/#primaryimage\"},\"image\":{\"@id\":\"https:\\\/\\\/spiritual-touch.de\\\/praxis\\\/team\\\/sarah\\\/#primaryimage\"},\"thumbnailUrl\":\"https:\\\/\\\/spiritual-touch.de\\\/wp-content\\\/uploads\\\/2025\\\/01\\\/IMG_2683-scaled-e1738246138839-911x1000.jpeg\",\"datePublished\":\"2025-01-30T13:56:48+00:00\",\"dateModified\":\"2026-02-17T07:28:55+00:00\",\"description\":\"Sarah begleitet dich bei Spiritual Touch in M\u00fcnchen mit achtsamer Frauen-Heilmassage, Pr\u00e4senz und feiner Ber\u00fchrungsqualit\u00e4t. Mehr \u00fcber ihre Ausbildung, Schwerpunkte und Haltung.\",\"breadcrumb\":{\"@id\":\"https:\\\/\\\/spiritual-touch.de\\\/praxis\\\/team\\\/sarah\\\/#breadcrumb\"},\"inLanguage\":\"en-GB\",\"potentialAction\":[{\"@type\":\"ReadAction\",\"target\":[\"https:\\\/\\\/spiritual-touch.de\\\/praxis\\\/team\\\/sarah\\\/\"]}]},{\"@type\":\"ImageObject\",\"inLanguage\":\"en-GB\",\"@id\":\"https:\\\/\\\/spiritual-touch.de\\\/praxis\\\/team\\\/sarah\\\/#primaryimage\",\"url\":\"https:\\\/\\\/spiritual-touch.de\\\/wp-content\\\/uploads\\\/2025\\\/01\\\/IMG_2683-scaled-e1738246138839-911x1000.jpeg\",\"contentUrl\":\"https:\\\/\\\/spiritual-touch.de\\\/wp-content\\\/uploads\\\/2025\\\/01\\\/IMG_2683-scaled-e1738246138839-911x1000.jpeg\"},{\"@type\":\"BreadcrumbList\",\"@id\":\"https:\\\/\\\/spiritual-touch.de\\\/praxis\\\/team\\\/sarah\\\/#breadcrumb\",\"itemListElement\":[{\"@type\":\"ListItem\",\"position\":1,\"name\":\"Startseite\",\"item\":\"https:\\\/\\\/spiritual-touch.de\\\/\"},{\"@type\":\"ListItem\",\"position\":2,\"name\":\"Tantramassage &#038; K\u00f6rperarbeit in M\u00fcnchen | Spiritual Touch\",\"item\":\"https:\\\/\\\/spiritual-touch.de\\\/\"},{\"@type\":\"ListItem\",\"position\":3,\"name\":\"Team der Praxis Spiritual Touch in M\u00fcnchen\",\"item\":\"https:\\\/\\\/spiritual-touch.de\\\/praxis\\\/team\\\/\"},{\"@type\":\"ListItem\",\"position\":4,\"name\":\"Sarah \u2013 Tantramassage in M\u00fcnchen | Spiritual Touch\"}]},{\"@type\":\"WebSite\",\"@id\":\"https:\\\/\\\/spiritual-touch.de\\\/#website\",\"url\":\"https:\\\/\\\/spiritual-touch.de\\\/\",\"name\":\"Tantramassage M\u00fcnchen\",\"description\":\"Tantra Massage M\u00fcnchen\",\"publisher\":{\"@id\":\"https:\\\/\\\/spiritual-touch.de\\\/#organization\"},\"potentialAction\":[{\"@type\":\"SearchAction\",\"target\":{\"@type\":\"EntryPoint\",\"urlTemplate\":\"https:\\\/\\\/spiritual-touch.de\\\/?s={search_term_string}\"},\"query-input\":{\"@type\":\"PropertyValueSpecification\",\"valueRequired\":true,\"valueName\":\"search_term_string\"}}],\"inLanguage\":\"en-GB\"},{\"@type\":\"Organization\",\"@id\":\"https:\\\/\\\/spiritual-touch.de\\\/#organization\",\"name\":\"Spiritual Touch\",\"url\":\"https:\\\/\\\/spiritual-touch.de\\\/\",\"logo\":{\"@type\":\"ImageObject\",\"inLanguage\":\"en-GB\",\"@id\":\"https:\\\/\\\/spiritual-touch.de\\\/#\\\/schema\\\/logo\\\/image\\\/\",\"url\":\"https:\\\/\\\/spiritual-touch.de\\\/wp-content\\\/uploads\\\/2024\\\/01\\\/Heart.png\",\"contentUrl\":\"https:\\\/\\\/spiritual-touch.de\\\/wp-content\\\/uploads\\\/2024\\\/01\\\/Heart.png\",\"width\":500,\"height\":500,\"caption\":\"Spiritual Touch\"},\"image\":{\"@id\":\"https:\\\/\\\/spiritual-touch.de\\\/#\\\/schema\\\/logo\\\/image\\\/\"},\"sameAs\":[\"https:\\\/\\\/www.facebook.com\\\/profile.php?id=100057105473672\",\"https:\\\/\\\/www.instagram.com\\\/praxis_spiritual_touch\\\/\"]}]}<\/script>\n<!-- \/ Yoast SEO Premium plugin. -->","yoast_head_json":{"title":"Sarah \u2013 Tantramassage in M\u00fcnchen | Spiritual Touch - Spiritual Touch","description":"Sarah begleitet dich bei Spiritual Touch in M\u00fcnchen mit achtsamer Frauen-Heilmassage, Pr\u00e4senz und feiner Ber\u00fchrungsqualit\u00e4t. Mehr \u00fcber ihre Ausbildung, Schwerpunkte und Haltung.","robots":{"index":"index","follow":"follow","max-snippet":"max-snippet:-1","max-image-preview":"max-image-preview:large","max-video-preview":"max-video-preview:-1"},"canonical":"https:\/\/spiritual-touch.de\/en\/praxis\/team\/sarah\/","og_locale":"en_GB","og_type":"article","og_title":"Sarah \u2013 Tantramassage in M\u00fcnchen | Spiritual Touch","og_description":"Sarah begleitet dich bei Spiritual Touch in M\u00fcnchen mit achtsamer Frauen-Heilmassage, Pr\u00e4senz und feiner Ber\u00fchrungsqualit\u00e4t. Mehr \u00fcber ihre Ausbildung, Schwerpunkte und Haltung.","og_url":"https:\/\/spiritual-touch.de\/en\/praxis\/team\/sarah\/","og_site_name":"Spiritual Touch","article_publisher":"https:\/\/www.facebook.com\/profile.php?id=100057105473672","article_modified_time":"2026-02-17T07:28:55+00:00","og_image":[{"width":999,"height":999,"url":"https:\/\/spiritual-touch.de\/wp-content\/uploads\/2025\/01\/IMG_2683-scaled-e1738246238280.jpeg","type":"image\/jpeg"}],"twitter_card":"summary_large_image","twitter_misc":{"Estimated reading time":"3 minutes"},"schema":{"@context":"https:\/\/schema.org","@graph":[{"@type":"WebPage","@id":"https:\/\/spiritual-touch.de\/praxis\/team\/sarah\/","url":"https:\/\/spiritual-touch.de\/praxis\/team\/sarah\/","name":"Sarah \u2013 Tantramassage in M\u00fcnchen | Spiritual Touch - Spiritual Touch","isPartOf":{"@id":"https:\/\/spiritual-touch.de\/#website"},"primaryImageOfPage":{"@id":"https:\/\/spiritual-touch.de\/praxis\/team\/sarah\/#primaryimage"},"image":{"@id":"https:\/\/spiritual-touch.de\/praxis\/team\/sarah\/#primaryimage"},"thumbnailUrl":"https:\/\/spiritual-touch.de\/wp-content\/uploads\/2025\/01\/IMG_2683-scaled-e1738246138839-911x1000.jpeg","datePublished":"2025-01-30T13:56:48+00:00","dateModified":"2026-02-17T07:28:55+00:00","description":"Sarah begleitet dich bei Spiritual Touch in M\u00fcnchen mit achtsamer Frauen-Heilmassage, Pr\u00e4senz und feiner Ber\u00fchrungsqualit\u00e4t. Mehr \u00fcber ihre Ausbildung, Schwerpunkte und Haltung.","breadcrumb":{"@id":"https:\/\/spiritual-touch.de\/praxis\/team\/sarah\/#breadcrumb"},"inLanguage":"en-GB","potentialAction":[{"@type":"ReadAction","target":["https:\/\/spiritual-touch.de\/praxis\/team\/sarah\/"]}]},{"@type":"ImageObject","inLanguage":"en-GB","@id":"https:\/\/spiritual-touch.de\/praxis\/team\/sarah\/#primaryimage","url":"https:\/\/spiritual-touch.de\/wp-content\/uploads\/2025\/01\/IMG_2683-scaled-e1738246138839-911x1000.jpeg","contentUrl":"https:\/\/spiritual-touch.de\/wp-content\/uploads\/2025\/01\/IMG_2683-scaled-e1738246138839-911x1000.jpeg"},{"@type":"BreadcrumbList","@id":"https:\/\/spiritual-touch.de\/praxis\/team\/sarah\/#breadcrumb","itemListElement":[{"@type":"ListItem","position":1,"name":"Startseite","item":"https:\/\/spiritual-touch.de\/"},{"@type":"ListItem","position":2,"name":"Tantramassage &#038; K\u00f6rperarbeit in M\u00fcnchen | Spiritual Touch","item":"https:\/\/spiritual-touch.de\/"},{"@type":"ListItem","position":3,"name":"Team der Praxis Spiritual Touch in M\u00fcnchen","item":"https:\/\/spiritual-touch.de\/praxis\/team\/"},{"@type":"ListItem","position":4,"name":"Sarah \u2013 Tantramassage in M\u00fcnchen | Spiritual Touch"}]},{"@type":"WebSite","@id":"https:\/\/spiritual-touch.de\/#website","url":"https:\/\/spiritual-touch.de\/","name":"Tantra massage Munich","description":"Tantra Massage Munich","publisher":{"@id":"https:\/\/spiritual-touch.de\/#organization"},"potentialAction":[{"@type":"SearchAction","target":{"@type":"EntryPoint","urlTemplate":"https:\/\/spiritual-touch.de\/?s={search_term_string}"},"query-input":{"@type":"PropertyValueSpecification","valueRequired":true,"valueName":"search_term_string"}}],"inLanguage":"en-GB"},{"@type":"Organization","@id":"https:\/\/spiritual-touch.de\/#organization","name":"Spiritual Touch","url":"https:\/\/spiritual-touch.de\/","logo":{"@type":"ImageObject","inLanguage":"en-GB","@id":"https:\/\/spiritual-touch.de\/#\/schema\/logo\/image\/","url":"https:\/\/spiritual-touch.de\/wp-content\/uploads\/2024\/01\/Heart.png","contentUrl":"https:\/\/spiritual-touch.de\/wp-content\/uploads\/2024\/01\/Heart.png","width":500,"height":500,"caption":"Spiritual Touch"},"image":{"@id":"https:\/\/spiritual-touch.de\/#\/schema\/logo\/image\/"},"sameAs":["https:\/\/www.facebook.com\/profile.php?id=100057105473672","https:\/\/www.instagram.com\/praxis_spiritual_touch\/"]}]}},"_links":{"self":[{"href":"https:\/\/spiritual-touch.de\/en\/wp-json\/wp\/v2\/pages\/21798","targetHints":{"allow":["GET"]}}],"collection":[{"href":"https:\/\/spiritual-touch.de\/en\/wp-json\/wp\/v2\/pages"}],"about":[{"href":"https:\/\/spiritual-touch.de\/en\/wp-json\/wp\/v2\/types\/page"}],"author":[{"embeddable":true,"href":"https:\/\/spiritual-touch.de\/en\/wp-json\/wp\/v2\/users\/1"}],"replies":[{"embeddable":true,"href":"https:\/\/spiritual-touch.de\/en\/wp-json\/wp\/v2\/comments?post=21798"}],"version-history":[{"count":9,"href":"https:\/\/spiritual-touch.de\/en\/wp-json\/wp\/v2\/pages\/21798\/revisions"}],"predecessor-version":[{"id":24093,"href":"https:\/\/spiritual-touch.de\/en\/wp-json\/wp\/v2\/pages\/21798\/revisions\/24093"}],"up":[{"embeddable":true,"href":"https:\/\/spiritual-touch.de\/en\/wp-json\/wp\/v2\/pages\/23613"}],"wp:attachment":[{"href":"https:\/\/spiritual-touch.de\/en\/wp-json\/wp\/v2\/media?parent=21798"}],"curies":[{"name":"wp","href":"https:\/\/api.w.org\/{rel}","templated":true}]}}