{"id":21569,"date":"2024-12-03T22:11:50","date_gmt":"2024-12-03T21:11:50","guid":{"rendered":"https:\/\/spiritual-touch.de\/?page_id=21569"},"modified":"2024-12-03T23:44:54","modified_gmt":"2024-12-03T22:44:54","slug":"intensiv-retreat","status":"publish","type":"page","link":"https:\/\/spiritual-touch.de\/en\/intensiv-retreat\/","title":{"rendered":"Intensiv-Retreat mit J\u00f6rg"},"content":{"rendered":"<div data-elementor-type=\"wp-page\" data-elementor-id=\"21569\" class=\"elementor elementor-21569\" data-elementor-post-type=\"page\">\n\t\t\t\t<div class=\"elementor-element elementor-element-1eff154 e-flex e-con-boxed e-con e-parent\" data-id=\"1eff154\" data-element_type=\"container\" data-e-type=\"container\">\n\t\t\t\t\t<div class=\"e-con-inner\">\n\t\t\t\t<div class=\"elementor-element elementor-element-500d169 elementor-widget elementor-widget-image\" data-id=\"500d169\" data-element_type=\"widget\" data-e-type=\"widget\" data-widget_type=\"image.default\">\n\t\t\t\t<div class=\"elementor-widget-container\">\n\t\t\t\t\t\t\t\t\t\t\t\t\t\t\t<img fetchpriority=\"high\" decoding=\"async\" width=\"1000\" height=\"1000\" src=\"https:\/\/spiritual-touch.de\/wp-content\/uploads\/2024\/12\/Frontup-1000x1000.png\" class=\"attachment-medium size-medium wp-image-21571\" alt=\"\" srcset=\"https:\/\/spiritual-touch.de\/wp-content\/uploads\/2024\/12\/Frontup-1000x1000.png 1000w, https:\/\/spiritual-touch.de\/wp-content\/uploads\/2024\/12\/Frontup-150x150.png 150w, https:\/\/spiritual-touch.de\/wp-content\/uploads\/2024\/12\/Frontup-768x768.png 768w, https:\/\/spiritual-touch.de\/wp-content\/uploads\/2024\/12\/Frontup-450x450.png 450w, https:\/\/spiritual-touch.de\/wp-content\/uploads\/2024\/12\/Frontup-600x600.png 600w, https:\/\/spiritual-touch.de\/wp-content\/uploads\/2024\/12\/Frontup-100x100.png 100w, https:\/\/spiritual-touch.de\/wp-content\/uploads\/2024\/12\/Frontup-45x45.png 45w, https:\/\/spiritual-touch.de\/wp-content\/uploads\/2024\/12\/Frontup.png 1080w\" sizes=\"(max-width: 1000px) 100vw, 1000px\" \/>\t\t\t\t\t\t\t\t\t\t\t\t\t\t\t<\/div>\n\t\t\t\t<\/div>\n\t\t\t\t\t<\/div>\n\t\t\t\t<\/div>\n\t\t<div class=\"elementor-element elementor-element-8d21e8a e-flex e-con-boxed e-con e-parent\" data-id=\"8d21e8a\" data-element_type=\"container\" data-e-type=\"container\">\n\t\t\t\t\t<div class=\"e-con-inner\">\n\t\t\t\t<div class=\"elementor-element elementor-element-32c0846 elementor-widget-divider--view-line elementor-widget elementor-widget-divider\" data-id=\"32c0846\" data-element_type=\"widget\" data-e-type=\"widget\" data-widget_type=\"divider.default\">\n\t\t\t\t<div class=\"elementor-widget-container\">\n\t\t\t\t\t\t\t<div class=\"elementor-divider\">\n\t\t\t<span class=\"elementor-divider-separator\">\n\t\t\t\t\t\t<\/span>\n\t\t<\/div>\n\t\t\t\t\t\t<\/div>\n\t\t\t\t<\/div>\n\t\t\t\t\t<\/div>\n\t\t\t\t<\/div>\n\t\t<div class=\"elementor-element elementor-element-224b168 e-flex e-con-boxed e-con e-parent\" data-id=\"224b168\" data-element_type=\"container\" data-e-type=\"container\">\n\t\t\t\t\t<div class=\"e-con-inner\">\n\t\t\t\t<div class=\"elementor-element elementor-element-7346ef3 elementor-widget__width-initial elementor-widget elementor-widget-heading\" data-id=\"7346ef3\" data-element_type=\"widget\" data-e-type=\"widget\" data-widget_type=\"heading.default\">\n\t\t\t\t<div class=\"elementor-widget-container\">\n\t\t\t\t\t<h1 class=\"elementor-heading-title elementor-size-default\">Intensive growth work for you<\/h1>\t\t\t\t<\/div>\n\t\t\t\t<\/div>\n\t\t\t\t<div class=\"elementor-element elementor-element-66961d2 elementor-widget__width-initial elementor-widget elementor-widget-heading\" data-id=\"66961d2\" data-element_type=\"widget\" data-e-type=\"widget\" data-widget_type=\"heading.default\">\n\t\t\t\t<div class=\"elementor-widget-container\">\n\t\t\t\t\t<h2 class=\"elementor-heading-title elementor-size-default\">2 or 3 days <br>without everyday life &amp; without distractions <\/h2>\t\t\t\t<\/div>\n\t\t\t\t<\/div>\n\t\t\t\t\t<\/div>\n\t\t\t\t<\/div>\n\t\t<div class=\"elementor-element elementor-element-9e69330 e-con-full e-flex e-con e-parent\" data-id=\"9e69330\" data-element_type=\"container\" data-e-type=\"container\">\n\t\t\t\t<div class=\"elementor-element elementor-element-c19da07 elementor-widget elementor-widget-spacer\" data-id=\"c19da07\" data-element_type=\"widget\" data-e-type=\"widget\" data-widget_type=\"spacer.default\">\n\t\t\t\t<div class=\"elementor-widget-container\">\n\t\t\t\t\t\t\t<div class=\"elementor-spacer\">\n\t\t\t<div class=\"elementor-spacer-inner\"><\/div>\n\t\t<\/div>\n\t\t\t\t\t\t<\/div>\n\t\t\t\t<\/div>\n\t\t\t\t<\/div>\n\t\t<div class=\"elementor-element elementor-element-74032f1 e-flex e-con-boxed e-con e-parent\" data-id=\"74032f1\" data-element_type=\"container\" data-e-type=\"container\">\n\t\t\t\t\t<div class=\"e-con-inner\">\n\t\t\t\t<div class=\"elementor-element elementor-element-e23f255 elementor-widget elementor-widget-text-editor\" data-id=\"e23f255\" data-element_type=\"widget\" data-e-type=\"widget\" data-widget_type=\"text-editor.default\">\n\t\t\t\t<div class=\"elementor-widget-container\">\n\t\t\t\t\t\t\t\t\t<h4 style=\"text-align: center;\"><strong>Growth requires slowness and calm.<\/strong><\/h4>\n<p style=\"text-align: center;\">And \u2013 your decision, finally <strong>really<\/strong> wanting to change something in your life<\/p>\n<p style=\"text-align: center;\">If you want to listen to yourself and your body, then you need a safe place where you can listen inwards.<\/p>\n<p style=\"text-align: center;\">I&#039;ll create this place for you!<\/p>\n<p style=\"text-align: center;\">I, J\u00f6rg, will accompany you on your journey into your issues and, in an integrative way, back out again. With me, you will experience a <strong>competent support<\/strong> with a unique range of linked methods such as the <strong>Sexological Bodywork, Acceptance and Commitment Therapy, tantric teachings and integral somatic work.&nbsp;<\/strong><\/p>\n<p style=\"text-align: center;\">3 days away from everyday life in picturesque landscapes and nature, with healthy food in an exclusive cabin.<\/p>\n<p><strong>What you can expect:<\/strong><\/p>\n<ul>\n<li>2 nights in an exclusive cabin with sauna, wood stove &amp; whirlpool<\/li>\n<li>vegetarian full board<\/li>\n<li>Guided morning meditations on your topics<\/li>\n<li>2 bodyworking sessions with bodywork<\/li>\n<li>1-2 hikes with integration work<\/li>\n<li>Time and peace for yourself alone<\/li>\n<li>2-hour after-care consultation following the retreat<\/li>\n<\/ul>\n<p><\/p>\t\t\t\t\t\t\t\t<\/div>\n\t\t\t\t<\/div>\n\t\t\t\t\t<\/div>\n\t\t\t\t<\/div>\n\t\t\t\t<\/div>","protected":false},"excerpt":{"rendered":"<p>Intensive Wachstumsarbeit f\u00fcr Dich 2 oder 3 Tage ohne Alltag &amp; ohne Ablenkung Wachstum braucht Langsamkeit und Ruhe Und &#8211; Deine Entscheidung, endlich wirklich etwas in Deinem Leben \u00e4ndern zu wollen Wenn Du Dir und Deinem K\u00f6rper zuh\u00f6ren willst, dann brauchst Du einen sicheren Ort, an dem Du nach innen lauschen kannst. Diesen Ort schaffe [&hellip;]<\/p>\n","protected":false},"author":1,"featured_media":0,"parent":0,"menu_order":17,"comment_status":"closed","ping_status":"closed","template":"","meta":{"footnotes":""},"class_list":["post-21569","page","type-page","status-publish","hentry"],"yoast_head":"<!-- This site is optimized with the Yoast SEO Premium plugin v24.7 (Yoast SEO v27.5) - https:\/\/yoast.com\/product\/yoast-seo-premium-wordpress\/ -->\n<title>Intensiv-Retreat mit J\u00f6rg - Spiritual Touch<\/title>\n<meta name=\"description\" content=\"2 oder 3 intensive Tage f\u00fcr Dein Wachstum und Deine Freiheit. Gel\u00f6st aus Alltag und Ablenkungen mit Gespr\u00e4chen, K\u00f6rperarbeit und Integration\" \/>\n<meta name=\"robots\" content=\"index, follow, max-snippet:-1, max-image-preview:large, max-video-preview:-1\" \/>\n<link rel=\"canonical\" href=\"https:\/\/spiritual-touch.de\/en\/intensiv-retreat\/\" \/>\n<meta property=\"og:locale\" content=\"en_GB\" \/>\n<meta property=\"og:type\" content=\"article\" \/>\n<meta property=\"og:title\" content=\"Intensiv-Retreat mit J\u00f6rg\" \/>\n<meta property=\"og:description\" content=\"2 oder 3 intensive Tage f\u00fcr Dein Wachstum und Deine Freiheit. Gel\u00f6st aus Alltag und Ablenkungen mit Gespr\u00e4chen, K\u00f6rperarbeit und Integration\" \/>\n<meta property=\"og:url\" content=\"https:\/\/spiritual-touch.de\/en\/intensiv-retreat\/\" \/>\n<meta property=\"og:site_name\" content=\"Spiritual Touch\" \/>\n<meta property=\"article:publisher\" content=\"https:\/\/www.facebook.com\/profile.php?id=100057105473672\" \/>\n<meta property=\"article:modified_time\" content=\"2024-12-03T22:44:54+00:00\" \/>\n<meta property=\"og:image\" content=\"https:\/\/spiritual-touch.de\/wp-content\/uploads\/2024\/12\/Frontup.png\" \/>\n\t<meta property=\"og:image:width\" content=\"580\" \/>\n\t<meta property=\"og:image:height\" content=\"580\" \/>\n\t<meta property=\"og:image:type\" content=\"image\/png\" \/>\n<meta name=\"twitter:card\" content=\"summary_large_image\" \/>\n<meta name=\"twitter:label1\" content=\"Estimated reading time\" \/>\n\t<meta name=\"twitter:data1\" content=\"2 minutes\" \/>\n<script type=\"application\/ld+json\" class=\"yoast-schema-graph\">{\"@context\":\"https:\\\/\\\/schema.org\",\"@graph\":[{\"@type\":\"WebPage\",\"@id\":\"https:\\\/\\\/spiritual-touch.de\\\/intensiv-retreat\\\/\",\"url\":\"https:\\\/\\\/spiritual-touch.de\\\/intensiv-retreat\\\/\",\"name\":\"Intensiv-Retreat mit J\u00f6rg - Spiritual Touch\",\"isPartOf\":{\"@id\":\"https:\\\/\\\/spiritual-touch.de\\\/#website\"},\"primaryImageOfPage\":{\"@id\":\"https:\\\/\\\/spiritual-touch.de\\\/intensiv-retreat\\\/#primaryimage\"},\"image\":{\"@id\":\"https:\\\/\\\/spiritual-touch.de\\\/intensiv-retreat\\\/#primaryimage\"},\"thumbnailUrl\":\"https:\\\/\\\/spiritual-touch.de\\\/wp-content\\\/uploads\\\/2024\\\/12\\\/Frontup-1000x1000.png\",\"datePublished\":\"2024-12-03T21:11:50+00:00\",\"dateModified\":\"2024-12-03T22:44:54+00:00\",\"description\":\"2 oder 3 intensive Tage f\u00fcr Dein Wachstum und Deine Freiheit. Gel\u00f6st aus Alltag und Ablenkungen mit Gespr\u00e4chen, K\u00f6rperarbeit und Integration\",\"breadcrumb\":{\"@id\":\"https:\\\/\\\/spiritual-touch.de\\\/intensiv-retreat\\\/#breadcrumb\"},\"inLanguage\":\"en-GB\",\"potentialAction\":[{\"@type\":\"ReadAction\",\"target\":[\"https:\\\/\\\/spiritual-touch.de\\\/intensiv-retreat\\\/\"]}]},{\"@type\":\"ImageObject\",\"inLanguage\":\"en-GB\",\"@id\":\"https:\\\/\\\/spiritual-touch.de\\\/intensiv-retreat\\\/#primaryimage\",\"url\":\"https:\\\/\\\/spiritual-touch.de\\\/wp-content\\\/uploads\\\/2024\\\/12\\\/Frontup-1000x1000.png\",\"contentUrl\":\"https:\\\/\\\/spiritual-touch.de\\\/wp-content\\\/uploads\\\/2024\\\/12\\\/Frontup-1000x1000.png\"},{\"@type\":\"BreadcrumbList\",\"@id\":\"https:\\\/\\\/spiritual-touch.de\\\/intensiv-retreat\\\/#breadcrumb\",\"itemListElement\":[{\"@type\":\"ListItem\",\"position\":1,\"name\":\"Startseite\",\"item\":\"https:\\\/\\\/spiritual-touch.de\\\/\"},{\"@type\":\"ListItem\",\"position\":2,\"name\":\"Intensiv-Retreat mit J\u00f6rg\"}]},{\"@type\":\"WebSite\",\"@id\":\"https:\\\/\\\/spiritual-touch.de\\\/#website\",\"url\":\"https:\\\/\\\/spiritual-touch.de\\\/\",\"name\":\"Tantramassage M\u00fcnchen\",\"description\":\"Tantra Massage M\u00fcnchen\",\"publisher\":{\"@id\":\"https:\\\/\\\/spiritual-touch.de\\\/#organization\"},\"potentialAction\":[{\"@type\":\"SearchAction\",\"target\":{\"@type\":\"EntryPoint\",\"urlTemplate\":\"https:\\\/\\\/spiritual-touch.de\\\/?s={search_term_string}\"},\"query-input\":{\"@type\":\"PropertyValueSpecification\",\"valueRequired\":true,\"valueName\":\"search_term_string\"}}],\"inLanguage\":\"en-GB\"},{\"@type\":\"Organization\",\"@id\":\"https:\\\/\\\/spiritual-touch.de\\\/#organization\",\"name\":\"Spiritual Touch\",\"url\":\"https:\\\/\\\/spiritual-touch.de\\\/\",\"logo\":{\"@type\":\"ImageObject\",\"inLanguage\":\"en-GB\",\"@id\":\"https:\\\/\\\/spiritual-touch.de\\\/#\\\/schema\\\/logo\\\/image\\\/\",\"url\":\"https:\\\/\\\/spiritual-touch.de\\\/wp-content\\\/uploads\\\/2024\\\/01\\\/Heart.png\",\"contentUrl\":\"https:\\\/\\\/spiritual-touch.de\\\/wp-content\\\/uploads\\\/2024\\\/01\\\/Heart.png\",\"width\":500,\"height\":500,\"caption\":\"Spiritual Touch\"},\"image\":{\"@id\":\"https:\\\/\\\/spiritual-touch.de\\\/#\\\/schema\\\/logo\\\/image\\\/\"},\"sameAs\":[\"https:\\\/\\\/www.facebook.com\\\/profile.php?id=100057105473672\",\"https:\\\/\\\/www.instagram.com\\\/praxis_spiritual_touch\\\/\"]}]}<\/script>\n<!-- \/ Yoast SEO Premium plugin. -->","yoast_head_json":{"title":"Intensiv-Retreat mit J\u00f6rg - Spiritual Touch","description":"2 oder 3 intensive Tage f\u00fcr Dein Wachstum und Deine Freiheit. Gel\u00f6st aus Alltag und Ablenkungen mit Gespr\u00e4chen, K\u00f6rperarbeit und Integration","robots":{"index":"index","follow":"follow","max-snippet":"max-snippet:-1","max-image-preview":"max-image-preview:large","max-video-preview":"max-video-preview:-1"},"canonical":"https:\/\/spiritual-touch.de\/en\/intensiv-retreat\/","og_locale":"en_GB","og_type":"article","og_title":"Intensiv-Retreat mit J\u00f6rg","og_description":"2 oder 3 intensive Tage f\u00fcr Dein Wachstum und Deine Freiheit. Gel\u00f6st aus Alltag und Ablenkungen mit Gespr\u00e4chen, K\u00f6rperarbeit und Integration","og_url":"https:\/\/spiritual-touch.de\/en\/intensiv-retreat\/","og_site_name":"Spiritual Touch","article_publisher":"https:\/\/www.facebook.com\/profile.php?id=100057105473672","article_modified_time":"2024-12-03T22:44:54+00:00","og_image":[{"url":"https:\/\/spiritual-touch.de\/wp-content\/uploads\/2024\/12\/Frontup.png","width":580,"height":580,"type":"image\/png"}],"twitter_card":"summary_large_image","twitter_misc":{"Estimated reading time":"2 minutes"},"schema":{"@context":"https:\/\/schema.org","@graph":[{"@type":"WebPage","@id":"https:\/\/spiritual-touch.de\/intensiv-retreat\/","url":"https:\/\/spiritual-touch.de\/intensiv-retreat\/","name":"Intensiv-Retreat mit J\u00f6rg - Spiritual Touch","isPartOf":{"@id":"https:\/\/spiritual-touch.de\/#website"},"primaryImageOfPage":{"@id":"https:\/\/spiritual-touch.de\/intensiv-retreat\/#primaryimage"},"image":{"@id":"https:\/\/spiritual-touch.de\/intensiv-retreat\/#primaryimage"},"thumbnailUrl":"https:\/\/spiritual-touch.de\/wp-content\/uploads\/2024\/12\/Frontup-1000x1000.png","datePublished":"2024-12-03T21:11:50+00:00","dateModified":"2024-12-03T22:44:54+00:00","description":"2 oder 3 intensive Tage f\u00fcr Dein Wachstum und Deine Freiheit. Gel\u00f6st aus Alltag und Ablenkungen mit Gespr\u00e4chen, K\u00f6rperarbeit und Integration","breadcrumb":{"@id":"https:\/\/spiritual-touch.de\/intensiv-retreat\/#breadcrumb"},"inLanguage":"en-GB","potentialAction":[{"@type":"ReadAction","target":["https:\/\/spiritual-touch.de\/intensiv-retreat\/"]}]},{"@type":"ImageObject","inLanguage":"en-GB","@id":"https:\/\/spiritual-touch.de\/intensiv-retreat\/#primaryimage","url":"https:\/\/spiritual-touch.de\/wp-content\/uploads\/2024\/12\/Frontup-1000x1000.png","contentUrl":"https:\/\/spiritual-touch.de\/wp-content\/uploads\/2024\/12\/Frontup-1000x1000.png"},{"@type":"BreadcrumbList","@id":"https:\/\/spiritual-touch.de\/intensiv-retreat\/#breadcrumb","itemListElement":[{"@type":"ListItem","position":1,"name":"Startseite","item":"https:\/\/spiritual-touch.de\/"},{"@type":"ListItem","position":2,"name":"Intensiv-Retreat mit J\u00f6rg"}]},{"@type":"WebSite","@id":"https:\/\/spiritual-touch.de\/#website","url":"https:\/\/spiritual-touch.de\/","name":"Tantra massage Munich","description":"Tantra Massage Munich","publisher":{"@id":"https:\/\/spiritual-touch.de\/#organization"},"potentialAction":[{"@type":"SearchAction","target":{"@type":"EntryPoint","urlTemplate":"https:\/\/spiritual-touch.de\/?s={search_term_string}"},"query-input":{"@type":"PropertyValueSpecification","valueRequired":true,"valueName":"search_term_string"}}],"inLanguage":"en-GB"},{"@type":"Organization","@id":"https:\/\/spiritual-touch.de\/#organization","name":"Spiritual Touch","url":"https:\/\/spiritual-touch.de\/","logo":{"@type":"ImageObject","inLanguage":"en-GB","@id":"https:\/\/spiritual-touch.de\/#\/schema\/logo\/image\/","url":"https:\/\/spiritual-touch.de\/wp-content\/uploads\/2024\/01\/Heart.png","contentUrl":"https:\/\/spiritual-touch.de\/wp-content\/uploads\/2024\/01\/Heart.png","width":500,"height":500,"caption":"Spiritual Touch"},"image":{"@id":"https:\/\/spiritual-touch.de\/#\/schema\/logo\/image\/"},"sameAs":["https:\/\/www.facebook.com\/profile.php?id=100057105473672","https:\/\/www.instagram.com\/praxis_spiritual_touch\/"]}]}},"_links":{"self":[{"href":"https:\/\/spiritual-touch.de\/en\/wp-json\/wp\/v2\/pages\/21569","targetHints":{"allow":["GET"]}}],"collection":[{"href":"https:\/\/spiritual-touch.de\/en\/wp-json\/wp\/v2\/pages"}],"about":[{"href":"https:\/\/spiritual-touch.de\/en\/wp-json\/wp\/v2\/types\/page"}],"author":[{"embeddable":true,"href":"https:\/\/spiritual-touch.de\/en\/wp-json\/wp\/v2\/users\/1"}],"replies":[{"embeddable":true,"href":"https:\/\/spiritual-touch.de\/en\/wp-json\/wp\/v2\/comments?post=21569"}],"version-history":[{"count":8,"href":"https:\/\/spiritual-touch.de\/en\/wp-json\/wp\/v2\/pages\/21569\/revisions"}],"predecessor-version":[{"id":21841,"href":"https:\/\/spiritual-touch.de\/en\/wp-json\/wp\/v2\/pages\/21569\/revisions\/21841"}],"wp:attachment":[{"href":"https:\/\/spiritual-touch.de\/en\/wp-json\/wp\/v2\/media?parent=21569"}],"curies":[{"name":"wp","href":"https:\/\/api.w.org\/{rel}","templated":true}]}}