{"id":21090,"date":"2024-11-24T14:52:24","date_gmt":"2024-11-24T13:52:24","guid":{"rendered":"https:\/\/spiritual-touch.de\/?page_id=21090"},"modified":"2026-01-27T12:52:19","modified_gmt":"2026-01-27T11:52:19","slug":"angebot-preise","status":"publish","type":"page","link":"https:\/\/spiritual-touch.de\/en\/angebot-preise\/","title":{"rendered":"Offers &amp; Prices"},"content":{"rendered":"<div data-elementor-type=\"wp-page\" data-elementor-id=\"21090\" class=\"elementor elementor-21090\" data-elementor-post-type=\"page\">\n\t\t\t\t<div class=\"elementor-element elementor-element-9dc0bea e-flex e-con-boxed e-con e-parent\" data-id=\"9dc0bea\" data-element_type=\"container\" data-e-type=\"container\">\n\t\t\t\t\t<div class=\"e-con-inner\">\n\t\t\t\t<div class=\"elementor-element elementor-element-b0a7f75 elementor-widget elementor-widget-spacer\" data-id=\"b0a7f75\" data-element_type=\"widget\" data-e-type=\"widget\" data-widget_type=\"spacer.default\">\n\t\t\t\t<div class=\"elementor-widget-container\">\n\t\t\t\t\t\t\t<div class=\"elementor-spacer\">\n\t\t\t<div class=\"elementor-spacer-inner\"><\/div>\n\t\t<\/div>\n\t\t\t\t\t\t<\/div>\n\t\t\t\t<\/div>\n\t\t\t\t\t<\/div>\n\t\t\t\t<\/div>\n\t\t<div class=\"elementor-element elementor-element-1371dde e-con-full e-flex e-con e-parent\" data-id=\"1371dde\" data-element_type=\"container\" data-e-type=\"container\" data-settings=\"{&quot;background_background&quot;:&quot;classic&quot;}\">\n\t\t\t\t<div class=\"elementor-element elementor-element-7bcd7e1 elementor-widget elementor-widget-heading\" data-id=\"7bcd7e1\" data-element_type=\"widget\" data-e-type=\"widget\" data-widget_type=\"heading.default\">\n\t\t\t\t<div class=\"elementor-widget-container\">\n\t\t\t\t\t<h2 class=\"elementor-heading-title elementor-size-default\">Offer overview<\/h2>\t\t\t\t<\/div>\n\t\t\t\t<\/div>\n\t\t\t\t<\/div>\n\t\t<div class=\"elementor-element elementor-element-45534f2 e-flex e-con-boxed e-con e-parent\" data-id=\"45534f2\" data-element_type=\"container\" data-e-type=\"container\">\n\t\t\t\t\t<div class=\"e-con-inner\">\n\t\t\t\t<div class=\"elementor-element elementor-element-3b1aae1 elementor-widget-divider--view-line elementor-widget elementor-widget-divider\" data-id=\"3b1aae1\" data-element_type=\"widget\" data-e-type=\"widget\" data-widget_type=\"divider.default\">\n\t\t\t\t<div class=\"elementor-widget-container\">\n\t\t\t\t\t\t\t<div class=\"elementor-divider\">\n\t\t\t<span class=\"elementor-divider-separator\">\n\t\t\t\t\t\t<\/span>\n\t\t<\/div>\n\t\t\t\t\t\t<\/div>\n\t\t\t\t<\/div>\n\t\t\t\t\t<\/div>\n\t\t\t\t<\/div>\n\t\t<div class=\"elementor-element elementor-element-2bb3812 e-grid e-con-full e-con e-parent\" data-id=\"2bb3812\" data-element_type=\"container\" data-e-type=\"container\" data-settings=\"{&quot;background_background&quot;:&quot;classic&quot;}\">\n\t\t\t\t<div class=\"elementor-element elementor-element-f8a47cf elementor-widget elementor-widget-image\" data-id=\"f8a47cf\" data-element_type=\"widget\" data-e-type=\"widget\" data-widget_type=\"image.default\">\n\t\t\t\t<div class=\"elementor-widget-container\">\n\t\t\t\t\t\t\t\t\t\t\t\t\t\t\t\t<a href=\"https:\/\/spiritual-touch.de\/en\/sexological-bodywork\/\">\n\t\t\t\t\t\t\t<img fetchpriority=\"high\" decoding=\"async\" width=\"1000\" height=\"1000\" src=\"https:\/\/spiritual-touch.de\/wp-content\/uploads\/2024\/11\/SexBod-1000x1000.png\" class=\"elementor-animation-grow attachment-medium size-medium wp-image-21100\" alt=\"\" srcset=\"https:\/\/spiritual-touch.de\/wp-content\/uploads\/2024\/11\/SexBod-1000x1000.png 1000w, https:\/\/spiritual-touch.de\/wp-content\/uploads\/2024\/11\/SexBod-150x150.png 150w, https:\/\/spiritual-touch.de\/wp-content\/uploads\/2024\/11\/SexBod-768x768.png 768w, https:\/\/spiritual-touch.de\/wp-content\/uploads\/2024\/11\/SexBod-450x450.png 450w, https:\/\/spiritual-touch.de\/wp-content\/uploads\/2024\/11\/SexBod-600x600.png 600w, https:\/\/spiritual-touch.de\/wp-content\/uploads\/2024\/11\/SexBod-100x100.png 100w, https:\/\/spiritual-touch.de\/wp-content\/uploads\/2024\/11\/SexBod-45x45.png 45w, https:\/\/spiritual-touch.de\/wp-content\/uploads\/2024\/11\/SexBod.png 1080w\" sizes=\"(max-width: 1000px) 100vw, 1000px\" \/>\t\t\t\t\t\t\t\t<\/a>\n\t\t\t\t\t\t\t\t\t\t\t\t\t\t\t<\/div>\n\t\t\t\t<\/div>\n\t\t\t\t<div class=\"elementor-element elementor-element-092ceb7 elementor-widget elementor-widget-image\" data-id=\"092ceb7\" data-element_type=\"widget\" data-e-type=\"widget\" data-widget_type=\"image.default\">\n\t\t\t\t<div class=\"elementor-widget-container\">\n\t\t\t\t\t\t\t\t\t\t\t\t\t\t\t\t<a href=\"https:\/\/spiritual-touch.de\/en\/tantramassage\/\">\n\t\t\t\t\t\t\t<img decoding=\"async\" width=\"1000\" height=\"1000\" src=\"https:\/\/spiritual-touch.de\/wp-content\/uploads\/2024\/11\/Tantramassage-1000x1000.png\" class=\"elementor-animation-grow attachment-medium size-medium wp-image-21095\" alt=\"\" srcset=\"https:\/\/spiritual-touch.de\/wp-content\/uploads\/2024\/11\/Tantramassage-1000x1000.png 1000w, https:\/\/spiritual-touch.de\/wp-content\/uploads\/2024\/11\/Tantramassage-150x150.png 150w, https:\/\/spiritual-touch.de\/wp-content\/uploads\/2024\/11\/Tantramassage-768x768.png 768w, https:\/\/spiritual-touch.de\/wp-content\/uploads\/2024\/11\/Tantramassage-450x450.png 450w, https:\/\/spiritual-touch.de\/wp-content\/uploads\/2024\/11\/Tantramassage-600x600.png 600w, https:\/\/spiritual-touch.de\/wp-content\/uploads\/2024\/11\/Tantramassage-100x100.png 100w, https:\/\/spiritual-touch.de\/wp-content\/uploads\/2024\/11\/Tantramassage-45x45.png 45w, https:\/\/spiritual-touch.de\/wp-content\/uploads\/2024\/11\/Tantramassage.png 1080w\" sizes=\"(max-width: 1000px) 100vw, 1000px\" \/>\t\t\t\t\t\t\t\t<\/a>\n\t\t\t\t\t\t\t\t\t\t\t\t\t\t\t<\/div>\n\t\t\t\t<\/div>\n\t\t\t\t<div class=\"elementor-element elementor-element-0a20eb7 elementor-widget elementor-widget-image\" data-id=\"0a20eb7\" data-element_type=\"widget\" data-e-type=\"widget\" data-widget_type=\"image.default\">\n\t\t\t\t<div class=\"elementor-widget-container\">\n\t\t\t\t\t\t\t\t\t\t\t\t\t\t\t\t<a href=\"https:\/\/spiritual-touch.de\/en\/tantramassage-seminar\/\">\n\t\t\t\t\t\t\t<img decoding=\"async\" width=\"1000\" height=\"1000\" src=\"https:\/\/spiritual-touch.de\/wp-content\/uploads\/2024\/11\/Ausbildung-1-1000x1000.png\" class=\"elementor-animation-grow attachment-medium size-medium wp-image-21125\" alt=\"\" srcset=\"https:\/\/spiritual-touch.de\/wp-content\/uploads\/2024\/11\/Ausbildung-1-1000x1000.png 1000w, https:\/\/spiritual-touch.de\/wp-content\/uploads\/2024\/11\/Ausbildung-1-150x150.png 150w, https:\/\/spiritual-touch.de\/wp-content\/uploads\/2024\/11\/Ausbildung-1-768x768.png 768w, https:\/\/spiritual-touch.de\/wp-content\/uploads\/2024\/11\/Ausbildung-1-450x450.png 450w, https:\/\/spiritual-touch.de\/wp-content\/uploads\/2024\/11\/Ausbildung-1-600x600.png 600w, https:\/\/spiritual-touch.de\/wp-content\/uploads\/2024\/11\/Ausbildung-1-100x100.png 100w, https:\/\/spiritual-touch.de\/wp-content\/uploads\/2024\/11\/Ausbildung-1-45x45.png 45w, https:\/\/spiritual-touch.de\/wp-content\/uploads\/2024\/11\/Ausbildung-1.png 1080w\" sizes=\"(max-width: 1000px) 100vw, 1000px\" \/>\t\t\t\t\t\t\t\t<\/a>\n\t\t\t\t\t\t\t\t\t\t\t\t\t\t\t<\/div>\n\t\t\t\t<\/div>\n\t\t\t\t<div class=\"elementor-element elementor-element-a141be8 elementor-widget elementor-widget-image\" data-id=\"a141be8\" data-element_type=\"widget\" data-e-type=\"widget\" data-widget_type=\"image.default\">\n\t\t\t\t<div class=\"elementor-widget-container\">\n\t\t\t\t\t\t\t\t\t\t\t\t\t\t\t\t<a href=\"https:\/\/spiritual-touch.de\/en\/preise\/\">\n\t\t\t\t\t\t\t<img loading=\"lazy\" decoding=\"async\" width=\"1000\" height=\"1000\" src=\"https:\/\/spiritual-touch.de\/wp-content\/uploads\/2024\/11\/Preise-1000x1000.png\" class=\"elementor-animation-grow attachment-medium size-medium wp-image-21093\" alt=\"\" srcset=\"https:\/\/spiritual-touch.de\/wp-content\/uploads\/2024\/11\/Preise-1000x1000.png 1000w, https:\/\/spiritual-touch.de\/wp-content\/uploads\/2024\/11\/Preise-150x150.png 150w, https:\/\/spiritual-touch.de\/wp-content\/uploads\/2024\/11\/Preise-768x768.png 768w, https:\/\/spiritual-touch.de\/wp-content\/uploads\/2024\/11\/Preise-450x450.png 450w, https:\/\/spiritual-touch.de\/wp-content\/uploads\/2024\/11\/Preise-600x600.png 600w, https:\/\/spiritual-touch.de\/wp-content\/uploads\/2024\/11\/Preise-100x100.png 100w, https:\/\/spiritual-touch.de\/wp-content\/uploads\/2024\/11\/Preise-45x45.png 45w, https:\/\/spiritual-touch.de\/wp-content\/uploads\/2024\/11\/Preise.png 1080w\" sizes=\"(max-width: 1000px) 100vw, 1000px\" \/>\t\t\t\t\t\t\t\t<\/a>\n\t\t\t\t\t\t\t\t\t\t\t\t\t\t\t<\/div>\n\t\t\t\t<\/div>\n\t\t\t\t<div class=\"elementor-element elementor-element-a86dcf8 elementor-widget elementor-widget-image\" data-id=\"a86dcf8\" data-element_type=\"widget\" data-e-type=\"widget\" data-widget_type=\"image.default\">\n\t\t\t\t<div class=\"elementor-widget-container\">\n\t\t\t\t\t\t\t\t\t\t\t\t\t\t\t\t<a href=\"https:\/\/spiritual-touch.de\/en\/gutscheine\/\">\n\t\t\t\t\t\t\t<img loading=\"lazy\" decoding=\"async\" width=\"1000\" height=\"1000\" src=\"https:\/\/spiritual-touch.de\/wp-content\/uploads\/2024\/11\/Gutscheine-2-1000x1000.png\" class=\"elementor-animation-grow attachment-medium size-medium wp-image-21118\" alt=\"\" srcset=\"https:\/\/spiritual-touch.de\/wp-content\/uploads\/2024\/11\/Gutscheine-2-1000x1000.png 1000w, https:\/\/spiritual-touch.de\/wp-content\/uploads\/2024\/11\/Gutscheine-2-150x150.png 150w, https:\/\/spiritual-touch.de\/wp-content\/uploads\/2024\/11\/Gutscheine-2-768x768.png 768w, https:\/\/spiritual-touch.de\/wp-content\/uploads\/2024\/11\/Gutscheine-2-450x450.png 450w, https:\/\/spiritual-touch.de\/wp-content\/uploads\/2024\/11\/Gutscheine-2-600x600.png 600w, https:\/\/spiritual-touch.de\/wp-content\/uploads\/2024\/11\/Gutscheine-2-100x100.png 100w, https:\/\/spiritual-touch.de\/wp-content\/uploads\/2024\/11\/Gutscheine-2-45x45.png 45w, https:\/\/spiritual-touch.de\/wp-content\/uploads\/2024\/11\/Gutscheine-2.png 1080w\" sizes=\"(max-width: 1000px) 100vw, 1000px\" \/>\t\t\t\t\t\t\t\t<\/a>\n\t\t\t\t\t\t\t\t\t\t\t\t\t\t\t<\/div>\n\t\t\t\t<\/div>\n\t\t\t\t<div class=\"elementor-element elementor-element-3ee7be8 elementor-widget elementor-widget-image\" data-id=\"3ee7be8\" data-element_type=\"widget\" data-e-type=\"widget\" data-widget_type=\"image.default\">\n\t\t\t\t<div class=\"elementor-widget-container\">\n\t\t\t\t\t\t\t\t\t\t\t\t\t\t\t\t<a href=\"https:\/\/spiritual-touch.de\/en\/unterstuetzen-mitwirken\/\">\n\t\t\t\t\t\t\t<img loading=\"lazy\" decoding=\"async\" width=\"1000\" height=\"1000\" src=\"https:\/\/spiritual-touch.de\/wp-content\/uploads\/2024\/11\/Spenden-Unterstuetzen-2-1-1000x1000.png\" class=\"elementor-animation-grow attachment-medium size-medium wp-image-21509\" alt=\"\" srcset=\"https:\/\/spiritual-touch.de\/wp-content\/uploads\/2024\/11\/Spenden-Unterstuetzen-2-1-1000x1000.png 1000w, https:\/\/spiritual-touch.de\/wp-content\/uploads\/2024\/11\/Spenden-Unterstuetzen-2-1-150x150.png 150w, https:\/\/spiritual-touch.de\/wp-content\/uploads\/2024\/11\/Spenden-Unterstuetzen-2-1-768x768.png 768w, https:\/\/spiritual-touch.de\/wp-content\/uploads\/2024\/11\/Spenden-Unterstuetzen-2-1-450x450.png 450w, https:\/\/spiritual-touch.de\/wp-content\/uploads\/2024\/11\/Spenden-Unterstuetzen-2-1-600x600.png 600w, https:\/\/spiritual-touch.de\/wp-content\/uploads\/2024\/11\/Spenden-Unterstuetzen-2-1-100x100.png 100w, https:\/\/spiritual-touch.de\/wp-content\/uploads\/2024\/11\/Spenden-Unterstuetzen-2-1-45x45.png 45w, https:\/\/spiritual-touch.de\/wp-content\/uploads\/2024\/11\/Spenden-Unterstuetzen-2-1.png 1080w\" sizes=\"(max-width: 1000px) 100vw, 1000px\" \/>\t\t\t\t\t\t\t\t<\/a>\n\t\t\t\t\t\t\t\t\t\t\t\t\t\t\t<\/div>\n\t\t\t\t<\/div>\n\t\t\t\t<\/div>\n\t\t\t\t<\/div>","protected":false},"excerpt":{"rendered":"<p>Offer overview<\/p>","protected":false},"author":1,"featured_media":21093,"parent":0,"menu_order":24,"comment_status":"closed","ping_status":"closed","template":"","meta":{"footnotes":""},"class_list":["post-21090","page","type-page","status-publish","has-post-thumbnail","hentry"],"yoast_head":"<!-- This site is optimized with the Yoast SEO Premium plugin v24.7 (Yoast SEO v27.5) - https:\/\/yoast.com\/product\/yoast-seo-premium-wordpress\/ -->\n<title>Angebot &amp; Preise - Spiritual Touch<\/title>\n<meta name=\"description\" content=\"Die komplette \u00dcbersicht \u00fcber Deine M\u00f6glichkeiten bei uns! Ob Tantramassage, Sexological Bodywork oder Ausbildung, bei uns bist Du richtig!\" \/>\n<meta name=\"robots\" content=\"index, follow, max-snippet:-1, max-image-preview:large, max-video-preview:-1\" \/>\n<link rel=\"canonical\" href=\"https:\/\/spiritual-touch.de\/en\/angebot-preise\/\" \/>\n<meta property=\"og:locale\" content=\"en_GB\" \/>\n<meta property=\"og:type\" content=\"article\" \/>\n<meta property=\"og:title\" content=\"Angebot &amp; Preise\" \/>\n<meta property=\"og:description\" content=\"Die komplette \u00dcbersicht \u00fcber Deine M\u00f6glichkeiten bei uns! Ob Tantramassage, Sexological Bodywork oder Ausbildung, bei uns bist Du richtig!\" \/>\n<meta property=\"og:url\" content=\"https:\/\/spiritual-touch.de\/en\/angebot-preise\/\" \/>\n<meta property=\"og:site_name\" content=\"Spiritual Touch\" \/>\n<meta property=\"article:publisher\" content=\"https:\/\/www.facebook.com\/profile.php?id=100057105473672\" \/>\n<meta property=\"article:modified_time\" content=\"2026-01-27T11:52:19+00:00\" \/>\n<meta property=\"og:image\" content=\"https:\/\/spiritual-touch.de\/wp-content\/uploads\/2024\/11\/Preise.png\" \/>\n\t<meta property=\"og:image:width\" content=\"1080\" \/>\n\t<meta property=\"og:image:height\" content=\"1080\" \/>\n\t<meta property=\"og:image:type\" content=\"image\/png\" \/>\n<meta name=\"twitter:card\" content=\"summary_large_image\" \/>\n<meta name=\"twitter:label1\" content=\"Estimated reading time\" \/>\n\t<meta name=\"twitter:data1\" content=\"2 minutes\" \/>\n<script type=\"application\/ld+json\" class=\"yoast-schema-graph\">{\"@context\":\"https:\\\/\\\/schema.org\",\"@graph\":[{\"@type\":\"WebPage\",\"@id\":\"https:\\\/\\\/spiritual-touch.de\\\/angebot-preise\\\/\",\"url\":\"https:\\\/\\\/spiritual-touch.de\\\/angebot-preise\\\/\",\"name\":\"Angebot &amp; Preise - Spiritual Touch\",\"isPartOf\":{\"@id\":\"https:\\\/\\\/spiritual-touch.de\\\/#website\"},\"primaryImageOfPage\":{\"@id\":\"https:\\\/\\\/spiritual-touch.de\\\/angebot-preise\\\/#primaryimage\"},\"image\":{\"@id\":\"https:\\\/\\\/spiritual-touch.de\\\/angebot-preise\\\/#primaryimage\"},\"thumbnailUrl\":\"https:\\\/\\\/spiritual-touch.de\\\/wp-content\\\/uploads\\\/2024\\\/11\\\/Preise.png\",\"datePublished\":\"2024-11-24T13:52:24+00:00\",\"dateModified\":\"2026-01-27T11:52:19+00:00\",\"description\":\"Die komplette \u00dcbersicht \u00fcber Deine M\u00f6glichkeiten bei uns! Ob Tantramassage, Sexological Bodywork oder Ausbildung, bei uns bist Du richtig!\",\"breadcrumb\":{\"@id\":\"https:\\\/\\\/spiritual-touch.de\\\/angebot-preise\\\/#breadcrumb\"},\"inLanguage\":\"en-GB\",\"potentialAction\":[{\"@type\":\"ReadAction\",\"target\":[\"https:\\\/\\\/spiritual-touch.de\\\/angebot-preise\\\/\"]}]},{\"@type\":\"ImageObject\",\"inLanguage\":\"en-GB\",\"@id\":\"https:\\\/\\\/spiritual-touch.de\\\/angebot-preise\\\/#primaryimage\",\"url\":\"https:\\\/\\\/spiritual-touch.de\\\/wp-content\\\/uploads\\\/2024\\\/11\\\/Preise.png\",\"contentUrl\":\"https:\\\/\\\/spiritual-touch.de\\\/wp-content\\\/uploads\\\/2024\\\/11\\\/Preise.png\",\"width\":1080,\"height\":1080},{\"@type\":\"BreadcrumbList\",\"@id\":\"https:\\\/\\\/spiritual-touch.de\\\/angebot-preise\\\/#breadcrumb\",\"itemListElement\":[{\"@type\":\"ListItem\",\"position\":1,\"name\":\"Startseite\",\"item\":\"https:\\\/\\\/spiritual-touch.de\\\/\"},{\"@type\":\"ListItem\",\"position\":2,\"name\":\"Angebot &amp; Preise\"}]},{\"@type\":\"WebSite\",\"@id\":\"https:\\\/\\\/spiritual-touch.de\\\/#website\",\"url\":\"https:\\\/\\\/spiritual-touch.de\\\/\",\"name\":\"Tantramassage M\u00fcnchen\",\"description\":\"Tantra Massage M\u00fcnchen\",\"publisher\":{\"@id\":\"https:\\\/\\\/spiritual-touch.de\\\/#organization\"},\"potentialAction\":[{\"@type\":\"SearchAction\",\"target\":{\"@type\":\"EntryPoint\",\"urlTemplate\":\"https:\\\/\\\/spiritual-touch.de\\\/?s={search_term_string}\"},\"query-input\":{\"@type\":\"PropertyValueSpecification\",\"valueRequired\":true,\"valueName\":\"search_term_string\"}}],\"inLanguage\":\"en-GB\"},{\"@type\":\"Organization\",\"@id\":\"https:\\\/\\\/spiritual-touch.de\\\/#organization\",\"name\":\"Spiritual Touch\",\"url\":\"https:\\\/\\\/spiritual-touch.de\\\/\",\"logo\":{\"@type\":\"ImageObject\",\"inLanguage\":\"en-GB\",\"@id\":\"https:\\\/\\\/spiritual-touch.de\\\/#\\\/schema\\\/logo\\\/image\\\/\",\"url\":\"https:\\\/\\\/spiritual-touch.de\\\/wp-content\\\/uploads\\\/2024\\\/01\\\/Heart.png\",\"contentUrl\":\"https:\\\/\\\/spiritual-touch.de\\\/wp-content\\\/uploads\\\/2024\\\/01\\\/Heart.png\",\"width\":500,\"height\":500,\"caption\":\"Spiritual Touch\"},\"image\":{\"@id\":\"https:\\\/\\\/spiritual-touch.de\\\/#\\\/schema\\\/logo\\\/image\\\/\"},\"sameAs\":[\"https:\\\/\\\/www.facebook.com\\\/profile.php?id=100057105473672\",\"https:\\\/\\\/www.instagram.com\\\/praxis_spiritual_touch\\\/\"]}]}<\/script>\n<!-- \/ Yoast SEO Premium plugin. -->","yoast_head_json":{"title":"Offer &amp; Prices - Spiritual Touch","description":"A complete overview of your options with us! Whether it&#039;s tantric massage, sexological bodywork, or training, you&#039;ve come to the right place!","robots":{"index":"index","follow":"follow","max-snippet":"max-snippet:-1","max-image-preview":"max-image-preview:large","max-video-preview":"max-video-preview:-1"},"canonical":"https:\/\/spiritual-touch.de\/en\/angebot-preise\/","og_locale":"en_GB","og_type":"article","og_title":"Angebot &amp; Preise","og_description":"Die komplette \u00dcbersicht \u00fcber Deine M\u00f6glichkeiten bei uns! Ob Tantramassage, Sexological Bodywork oder Ausbildung, bei uns bist Du richtig!","og_url":"https:\/\/spiritual-touch.de\/en\/angebot-preise\/","og_site_name":"Spiritual Touch","article_publisher":"https:\/\/www.facebook.com\/profile.php?id=100057105473672","article_modified_time":"2026-01-27T11:52:19+00:00","og_image":[{"width":1080,"height":1080,"url":"https:\/\/spiritual-touch.de\/wp-content\/uploads\/2024\/11\/Preise.png","type":"image\/png"}],"twitter_card":"summary_large_image","twitter_misc":{"Estimated reading time":"2 minutes"},"schema":{"@context":"https:\/\/schema.org","@graph":[{"@type":"WebPage","@id":"https:\/\/spiritual-touch.de\/angebot-preise\/","url":"https:\/\/spiritual-touch.de\/angebot-preise\/","name":"Offer &amp; Prices - Spiritual Touch","isPartOf":{"@id":"https:\/\/spiritual-touch.de\/#website"},"primaryImageOfPage":{"@id":"https:\/\/spiritual-touch.de\/angebot-preise\/#primaryimage"},"image":{"@id":"https:\/\/spiritual-touch.de\/angebot-preise\/#primaryimage"},"thumbnailUrl":"https:\/\/spiritual-touch.de\/wp-content\/uploads\/2024\/11\/Preise.png","datePublished":"2024-11-24T13:52:24+00:00","dateModified":"2026-01-27T11:52:19+00:00","description":"A complete overview of your options with us! Whether it&#039;s tantric massage, sexological bodywork, or training, you&#039;ve come to the right place!","breadcrumb":{"@id":"https:\/\/spiritual-touch.de\/angebot-preise\/#breadcrumb"},"inLanguage":"en-GB","potentialAction":[{"@type":"ReadAction","target":["https:\/\/spiritual-touch.de\/angebot-preise\/"]}]},{"@type":"ImageObject","inLanguage":"en-GB","@id":"https:\/\/spiritual-touch.de\/angebot-preise\/#primaryimage","url":"https:\/\/spiritual-touch.de\/wp-content\/uploads\/2024\/11\/Preise.png","contentUrl":"https:\/\/spiritual-touch.de\/wp-content\/uploads\/2024\/11\/Preise.png","width":1080,"height":1080},{"@type":"BreadcrumbList","@id":"https:\/\/spiritual-touch.de\/angebot-preise\/#breadcrumb","itemListElement":[{"@type":"ListItem","position":1,"name":"Startseite","item":"https:\/\/spiritual-touch.de\/"},{"@type":"ListItem","position":2,"name":"Angebot &amp; Preise"}]},{"@type":"WebSite","@id":"https:\/\/spiritual-touch.de\/#website","url":"https:\/\/spiritual-touch.de\/","name":"Tantra massage Munich","description":"Tantra Massage Munich","publisher":{"@id":"https:\/\/spiritual-touch.de\/#organization"},"potentialAction":[{"@type":"SearchAction","target":{"@type":"EntryPoint","urlTemplate":"https:\/\/spiritual-touch.de\/?s={search_term_string}"},"query-input":{"@type":"PropertyValueSpecification","valueRequired":true,"valueName":"search_term_string"}}],"inLanguage":"en-GB"},{"@type":"Organization","@id":"https:\/\/spiritual-touch.de\/#organization","name":"Spiritual Touch","url":"https:\/\/spiritual-touch.de\/","logo":{"@type":"ImageObject","inLanguage":"en-GB","@id":"https:\/\/spiritual-touch.de\/#\/schema\/logo\/image\/","url":"https:\/\/spiritual-touch.de\/wp-content\/uploads\/2024\/01\/Heart.png","contentUrl":"https:\/\/spiritual-touch.de\/wp-content\/uploads\/2024\/01\/Heart.png","width":500,"height":500,"caption":"Spiritual Touch"},"image":{"@id":"https:\/\/spiritual-touch.de\/#\/schema\/logo\/image\/"},"sameAs":["https:\/\/www.facebook.com\/profile.php?id=100057105473672","https:\/\/www.instagram.com\/praxis_spiritual_touch\/"]}]}},"_links":{"self":[{"href":"https:\/\/spiritual-touch.de\/en\/wp-json\/wp\/v2\/pages\/21090","targetHints":{"allow":["GET"]}}],"collection":[{"href":"https:\/\/spiritual-touch.de\/en\/wp-json\/wp\/v2\/pages"}],"about":[{"href":"https:\/\/spiritual-touch.de\/en\/wp-json\/wp\/v2\/types\/page"}],"author":[{"embeddable":true,"href":"https:\/\/spiritual-touch.de\/en\/wp-json\/wp\/v2\/users\/1"}],"replies":[{"embeddable":true,"href":"https:\/\/spiritual-touch.de\/en\/wp-json\/wp\/v2\/comments?post=21090"}],"version-history":[{"count":48,"href":"https:\/\/spiritual-touch.de\/en\/wp-json\/wp\/v2\/pages\/21090\/revisions"}],"predecessor-version":[{"id":23390,"href":"https:\/\/spiritual-touch.de\/en\/wp-json\/wp\/v2\/pages\/21090\/revisions\/23390"}],"wp:featuredmedia":[{"embeddable":true,"href":"https:\/\/spiritual-touch.de\/en\/wp-json\/wp\/v2\/media\/21093"}],"wp:attachment":[{"href":"https:\/\/spiritual-touch.de\/en\/wp-json\/wp\/v2\/media?parent=21090"}],"curies":[{"name":"wp","href":"https:\/\/api.w.org\/{rel}","templated":true}]}}