{"id":20748,"date":"2024-09-13T21:04:23","date_gmt":"2024-09-13T19:04:23","guid":{"rendered":"https:\/\/spiritual-touch.de\/?page_id=20748"},"modified":"2025-02-03T08:12:00","modified_gmt":"2025-02-03T07:12:00","slug":"heart-circle-3","status":"publish","type":"page","link":"https:\/\/spiritual-touch.de\/en\/heart-circle-3\/","title":{"rendered":"Heart Circle 3"},"content":{"rendered":"<div data-elementor-type=\"wp-page\" data-elementor-id=\"20748\" class=\"elementor elementor-20748\" data-elementor-post-type=\"page\">\n\t\t\t\t<div class=\"elementor-element elementor-element-acbad1d e-flex e-con-boxed e-con e-parent\" data-id=\"acbad1d\" data-element_type=\"container\" data-e-type=\"container\">\n\t\t\t\t\t<div class=\"e-con-inner\">\n\t\t\t\t<div class=\"elementor-element elementor-element-791bb74 elementor-widget elementor-widget-image\" data-id=\"791bb74\" data-element_type=\"widget\" data-e-type=\"widget\" data-widget_type=\"image.default\">\n\t\t\t\t<div class=\"elementor-widget-container\">\n\t\t\t\t\t\t\t\t\t\t\t\t\t\t\t<img fetchpriority=\"high\" decoding=\"async\" width=\"500\" height=\"500\" src=\"https:\/\/spiritual-touch.de\/wp-content\/uploads\/2024\/09\/4.png\" class=\"attachment-large size-large wp-image-20751\" alt=\"\" srcset=\"https:\/\/spiritual-touch.de\/wp-content\/uploads\/2024\/09\/4.png 500w, https:\/\/spiritual-touch.de\/wp-content\/uploads\/2024\/09\/4-150x150.png 150w, https:\/\/spiritual-touch.de\/wp-content\/uploads\/2024\/09\/4-450x450.png 450w, https:\/\/spiritual-touch.de\/wp-content\/uploads\/2024\/09\/4-100x100.png 100w, https:\/\/spiritual-touch.de\/wp-content\/uploads\/2024\/09\/4-45x45.png 45w\" sizes=\"(max-width: 500px) 100vw, 500px\" \/>\t\t\t\t\t\t\t\t\t\t\t\t\t\t\t<\/div>\n\t\t\t\t<\/div>\n\t\t\t\t\t<\/div>\n\t\t\t\t<\/div>\n\t\t<div class=\"elementor-element elementor-element-3c858d1 e-flex e-con-boxed e-con e-parent\" data-id=\"3c858d1\" data-element_type=\"container\" data-e-type=\"container\">\n\t\t\t\t\t<div class=\"e-con-inner\">\n\t\t\t\t<div class=\"elementor-element elementor-element-83976b2 elementor-widget elementor-widget-heading\" data-id=\"83976b2\" data-element_type=\"widget\" data-e-type=\"widget\" data-widget_type=\"heading.default\">\n\t\t\t\t<div class=\"elementor-widget-container\">\n\t\t\t\t\t<h2 class=\"elementor-heading-title elementor-size-default\">Prickeln auf der Haut . . . <\/h2>\t\t\t\t<\/div>\n\t\t\t\t<\/div>\n\t\t\t\t\t<\/div>\n\t\t\t\t<\/div>\n\t\t<div class=\"elementor-element elementor-element-d168cd7 e-flex e-con-boxed e-con e-parent\" data-id=\"d168cd7\" data-element_type=\"container\" data-e-type=\"container\">\n\t\t\t\t\t<div class=\"e-con-inner\">\n\t\t\t\t<div class=\"elementor-element elementor-element-1f42075 elementor-widget elementor-widget-heading\" data-id=\"1f42075\" data-element_type=\"widget\" data-e-type=\"widget\" data-widget_type=\"heading.default\">\n\t\t\t\t<div class=\"elementor-widget-container\">\n\t\t\t\t\t<h4 class=\"elementor-heading-title elementor-size-default\">Der monatliche Massageaustausch-Abend <\/h4>\t\t\t\t<\/div>\n\t\t\t\t<\/div>\n\t\t\t\t\t<\/div>\n\t\t\t\t<\/div>\n\t\t<div class=\"elementor-element elementor-element-25df35d e-flex e-con-boxed e-con e-parent\" data-id=\"25df35d\" data-element_type=\"container\" data-e-type=\"container\">\n\t\t\t\t\t<div class=\"e-con-inner\">\n\t\t\t\t<div class=\"elementor-element elementor-element-ca150c2 elementor-widget elementor-widget-text-editor\" data-id=\"ca150c2\" data-element_type=\"widget\" data-e-type=\"widget\" data-widget_type=\"text-editor.default\">\n\t\t\t\t<div class=\"elementor-widget-container\">\n\t\t\t\t\t\t\t\t\t<p>Der <strong>Heart Circle 3<\/strong> ist eine <b>Begegnungsm\u00f6glichkeit f\u00fcr Fortgeschrittene aller Gender<\/b> um regelm\u00e4\u00dfig in die Welt der Tantra-Massage einzutauchen. In liebevoller Atmosph\u00e4re erschaffen wir einen achtsamen und gesch\u00fctzten Raum, in dem Du <b>authentisch und bewusst<\/b> in Kontakt mit Dir selbst und anderen treten kannst.<\/p>\n<p>Im ersten Teil des Abends erwarten dich angeleitete (Partner-) \u00dcbungen, die dazu dienen, Dich weiter in der <b>tantrischen Haltung<\/b> zu<b> \u00fcben<\/b> und deinen K\u00f6rper und die Gruppenenergie wahrzunehmen. Hierbei darfst Du sowohl Deine als auch die Grenzen der anderen Teilnehmer bewusst erfahren und achtsam wahrnehmen.<\/p>\n<p>Im Anschluss \u00f6ffnen wir den Raum, um die breite Vielfalt der Tantra-Massage zu erleben: Mit <b>Geborgenheit<\/b> schenkenden, <b>sinnlich verspielten<\/b> oder energetisierenden <b>Ber\u00fchrungen<\/b> hast du die M\u00f6glichkeit deine gesamte Herzenergie in die Begegnungen hineinzugeben. Dabei kannst Du sowohl in der gebenden, als auch in der empfangenden Rolle f\u00fcr dich selbst w\u00e4hlen, wie weit du dich auf die einzelnen Ber\u00fchrungen einlassen und du bspw. deinen K\u00f6rper bedeckt lassen m\u00f6chtest.<\/p>\n<p>Wir geben dabei <b>Anleitung zu Massagetechniken<\/b> und teilen unsere Erfahrung mit Euch. Dazu m\u00f6chten wir Euch zum Dialog einladen.<\/p>\n<p>Nach einem abschlie\u00dfenden Austausch in der Gruppe lassen wir unsere <b>tantrische Reise<\/b>&nbsp;im gem\u00fctlichen Beisammensein zu mitgebrachten Speisen ausklingen.<\/p>\n<p><strong>Weitere Informationen:<\/strong><\/p>\n<p><strong>Uhrzeiten:<\/strong><br>17:00 Uhr &#8211; 17:30 Uhr ankommen<br>17:30 Uhr &#8211; 22:30 Uhr<\/p>\n<p><strong style=\"font-size: inherit; text-align: inherit; color: var( --e-global-color-text ); letter-spacing: -0.015em;\">Location:<\/strong><\/p><p>Praxis &#8222;Spiritual Touch&#8220;<br>Olschewskibogen 12<br>80935 M\u00fcnchen<\/p>\n<p><strong>Mitbringliste:<\/strong><\/p>\n<ul>\n<li>bequeme Kleidung<\/li>\n<li>gro\u00dfes Tuch\/Ritualtuch* oder Bettlaken (mind. 140*200cm)<\/li>\n<li>gro\u00dfes Handtuch<\/li>\n<li>Trinkflasche<\/li>\n<li>ein Lunghi\/Sarong*\n<p>* Diese Dinge k\u00f6nnen bei Bedarf vor Ort bezogen werden<\/p>\n<\/li>\n<\/ul>\t\t\t\t\t\t\t\t<\/div>\n\t\t\t\t<\/div>\n\t\t\t\t\t<\/div>\n\t\t\t\t<\/div>\n\t\t<div class=\"elementor-element elementor-element-3c133cd e-flex e-con-boxed e-con e-parent\" data-id=\"3c133cd\" data-element_type=\"container\" data-e-type=\"container\">\n\t\t\t\t\t<div class=\"e-con-inner\">\n\t\t\t\t<div class=\"elementor-element elementor-element-6d59cba elementor-widget elementor-widget-html\" data-id=\"6d59cba\" data-element_type=\"widget\" data-e-type=\"widget\" data-widget_type=\"html.default\">\n\t\t\t\t<div class=\"elementor-widget-container\">\n\t\t\t\t\t<!-- Noscript-Inhalt f\u00fcr hinzugef\u00fcgtes SEO -->\r\n<noscript><a href=\"https:\/\/www.eventbrite.de\/e\/heart-circle-3-tickets-1016879071677\" rel=\"noopener noreferrer\" target=\"_blank\">Ticketkauf auf Eventbrite<\/a><\/noscript>\r\n<!-- Sie k\u00f6nnen diese Schaltfl\u00e4che individuell anpassen. -->\r\n<button id=\"eventbrite-widget-modal-trigger-1016879071677\" type=\"button\">Termine & Anmeldung   <\/button>\r\n\r\n<script src=\"https:\/\/www.eventbrite.de\/static\/widgets\/eb_widgets.js\"><\/script>\r\n\r\n<script type=\"text\/javascript\">\r\n    var exampleCallback = function() {\r\n        console.log('Bestellung ist abgeschlossen!');\r\n    };\r\n\r\n    window.EBWidgets.createWidget({\r\n        widgetType: 'checkout',\r\n        eventId: '1016879071677',\r\n        modal: true,\r\n        modalTriggerElementId: 'eventbrite-widget-modal-trigger-1016879071677',\r\n        onOrderComplete: exampleCallback\r\n    });\r\n<\/script>\t\t\t\t<\/div>\n\t\t\t\t<\/div>\n\t\t\t\t\t<\/div>\n\t\t\t\t<\/div>\n\t\t\t\t<\/div>","protected":false},"excerpt":{"rendered":"<p>Prickeln auf der Haut . . . Der monatliche Massageaustausch-Abend Der Heart Circle 3 ist eine Begegnungsm\u00f6glichkeit f\u00fcr Fortgeschrittene aller Gender um regelm\u00e4\u00dfig in die Welt der Tantra-Massage einzutauchen. In liebevoller Atmosph\u00e4re erschaffen wir einen achtsamen und gesch\u00fctzten Raum, in dem Du authentisch und bewusst in Kontakt mit Dir selbst und anderen treten kannst. Im [&hellip;]<\/p>\n","protected":false},"author":1,"featured_media":0,"parent":0,"menu_order":4,"comment_status":"closed","ping_status":"closed","template":"","meta":{"footnotes":""},"class_list":["post-20748","page","type-page","status-publish","hentry"],"yoast_head":"<!-- This site is optimized with the Yoast SEO Premium plugin v24.7 (Yoast SEO v27.3) - https:\/\/yoast.com\/product\/yoast-seo-premium-wordpress\/ -->\n<title>Heart Circle 3 - Spiritual Touch<\/title>\n<meta name=\"robots\" content=\"index, follow, max-snippet:-1, max-image-preview:large, max-video-preview:-1\" \/>\n<link rel=\"canonical\" href=\"https:\/\/spiritual-touch.de\/en\/heart-circle-3\/\" \/>\n<meta property=\"og:locale\" content=\"en_GB\" \/>\n<meta property=\"og:type\" content=\"article\" \/>\n<meta property=\"og:title\" content=\"Heart Circle 3\" \/>\n<meta property=\"og:description\" content=\"Prickeln auf der Haut . . . Der monatliche Massageaustausch-Abend Der Heart Circle 3 ist eine Begegnungsm\u00f6glichkeit f\u00fcr Fortgeschrittene aller Gender um regelm\u00e4\u00dfig in die Welt der Tantra-Massage einzutauchen. In liebevoller Atmosph\u00e4re erschaffen wir einen achtsamen und gesch\u00fctzten Raum, in dem Du authentisch und bewusst in Kontakt mit Dir selbst und anderen treten kannst. Im [&hellip;]\" \/>\n<meta property=\"og:url\" content=\"https:\/\/spiritual-touch.de\/en\/heart-circle-3\/\" \/>\n<meta property=\"og:site_name\" content=\"Spiritual Touch\" \/>\n<meta property=\"article:publisher\" content=\"https:\/\/www.facebook.com\/profile.php?id=100057105473672\" \/>\n<meta property=\"article:modified_time\" content=\"2025-02-03T07:12:00+00:00\" \/>\n<meta property=\"og:image\" content=\"https:\/\/spiritual-touch.de\/wp-content\/uploads\/2024\/09\/4.png\" \/>\n\t<meta property=\"og:image:width\" content=\"500\" \/>\n\t<meta property=\"og:image:height\" content=\"500\" \/>\n\t<meta property=\"og:image:type\" content=\"image\/png\" \/>\n<meta name=\"twitter:card\" content=\"summary_large_image\" \/>\n<meta name=\"twitter:label1\" content=\"Estimated reading time\" \/>\n\t<meta name=\"twitter:data1\" content=\"2 minutes\" \/>\n<script type=\"application\/ld+json\" class=\"yoast-schema-graph\">{\"@context\":\"https:\\\/\\\/schema.org\",\"@graph\":[{\"@type\":\"WebPage\",\"@id\":\"https:\\\/\\\/spiritual-touch.de\\\/heart-circle-3\\\/\",\"url\":\"https:\\\/\\\/spiritual-touch.de\\\/heart-circle-3\\\/\",\"name\":\"Heart Circle 3 - Spiritual Touch\",\"isPartOf\":{\"@id\":\"https:\\\/\\\/spiritual-touch.de\\\/#website\"},\"primaryImageOfPage\":{\"@id\":\"https:\\\/\\\/spiritual-touch.de\\\/heart-circle-3\\\/#primaryimage\"},\"image\":{\"@id\":\"https:\\\/\\\/spiritual-touch.de\\\/heart-circle-3\\\/#primaryimage\"},\"thumbnailUrl\":\"https:\\\/\\\/spiritual-touch.de\\\/wp-content\\\/uploads\\\/2024\\\/09\\\/4.png\",\"datePublished\":\"2024-09-13T19:04:23+00:00\",\"dateModified\":\"2025-02-03T07:12:00+00:00\",\"breadcrumb\":{\"@id\":\"https:\\\/\\\/spiritual-touch.de\\\/heart-circle-3\\\/#breadcrumb\"},\"inLanguage\":\"en-GB\",\"potentialAction\":[{\"@type\":\"ReadAction\",\"target\":[\"https:\\\/\\\/spiritual-touch.de\\\/heart-circle-3\\\/\"]}]},{\"@type\":\"ImageObject\",\"inLanguage\":\"en-GB\",\"@id\":\"https:\\\/\\\/spiritual-touch.de\\\/heart-circle-3\\\/#primaryimage\",\"url\":\"https:\\\/\\\/spiritual-touch.de\\\/wp-content\\\/uploads\\\/2024\\\/09\\\/4.png\",\"contentUrl\":\"https:\\\/\\\/spiritual-touch.de\\\/wp-content\\\/uploads\\\/2024\\\/09\\\/4.png\"},{\"@type\":\"BreadcrumbList\",\"@id\":\"https:\\\/\\\/spiritual-touch.de\\\/heart-circle-3\\\/#breadcrumb\",\"itemListElement\":[{\"@type\":\"ListItem\",\"position\":1,\"name\":\"Startseite\",\"item\":\"https:\\\/\\\/spiritual-touch.de\\\/\"},{\"@type\":\"ListItem\",\"position\":2,\"name\":\"Heart Circle 3\"}]},{\"@type\":\"WebSite\",\"@id\":\"https:\\\/\\\/spiritual-touch.de\\\/#website\",\"url\":\"https:\\\/\\\/spiritual-touch.de\\\/\",\"name\":\"Tantramassage M\u00fcnchen\",\"description\":\"Tantra Massage M\u00fcnchen\",\"publisher\":{\"@id\":\"https:\\\/\\\/spiritual-touch.de\\\/#organization\"},\"potentialAction\":[{\"@type\":\"SearchAction\",\"target\":{\"@type\":\"EntryPoint\",\"urlTemplate\":\"https:\\\/\\\/spiritual-touch.de\\\/?s={search_term_string}\"},\"query-input\":{\"@type\":\"PropertyValueSpecification\",\"valueRequired\":true,\"valueName\":\"search_term_string\"}}],\"inLanguage\":\"en-GB\"},{\"@type\":\"Organization\",\"@id\":\"https:\\\/\\\/spiritual-touch.de\\\/#organization\",\"name\":\"Spiritual Touch\",\"url\":\"https:\\\/\\\/spiritual-touch.de\\\/\",\"logo\":{\"@type\":\"ImageObject\",\"inLanguage\":\"en-GB\",\"@id\":\"https:\\\/\\\/spiritual-touch.de\\\/#\\\/schema\\\/logo\\\/image\\\/\",\"url\":\"https:\\\/\\\/spiritual-touch.de\\\/wp-content\\\/uploads\\\/2024\\\/01\\\/Heart.png\",\"contentUrl\":\"https:\\\/\\\/spiritual-touch.de\\\/wp-content\\\/uploads\\\/2024\\\/01\\\/Heart.png\",\"width\":500,\"height\":500,\"caption\":\"Spiritual Touch\"},\"image\":{\"@id\":\"https:\\\/\\\/spiritual-touch.de\\\/#\\\/schema\\\/logo\\\/image\\\/\"},\"sameAs\":[\"https:\\\/\\\/www.facebook.com\\\/profile.php?id=100057105473672\",\"https:\\\/\\\/www.instagram.com\\\/praxis_spiritual_touch\\\/\"]}]}<\/script>\n<!-- \/ Yoast SEO Premium plugin. -->","yoast_head_json":{"title":"Heart Circle 3 - Spiritual Touch","robots":{"index":"index","follow":"follow","max-snippet":"max-snippet:-1","max-image-preview":"max-image-preview:large","max-video-preview":"max-video-preview:-1"},"canonical":"https:\/\/spiritual-touch.de\/en\/heart-circle-3\/","og_locale":"en_GB","og_type":"article","og_title":"Heart Circle 3","og_description":"Prickeln auf der Haut . . . Der monatliche Massageaustausch-Abend Der Heart Circle 3 ist eine Begegnungsm\u00f6glichkeit f\u00fcr Fortgeschrittene aller Gender um regelm\u00e4\u00dfig in die Welt der Tantra-Massage einzutauchen. In liebevoller Atmosph\u00e4re erschaffen wir einen achtsamen und gesch\u00fctzten Raum, in dem Du authentisch und bewusst in Kontakt mit Dir selbst und anderen treten kannst. Im [&hellip;]","og_url":"https:\/\/spiritual-touch.de\/en\/heart-circle-3\/","og_site_name":"Spiritual Touch","article_publisher":"https:\/\/www.facebook.com\/profile.php?id=100057105473672","article_modified_time":"2025-02-03T07:12:00+00:00","og_image":[{"width":500,"height":500,"url":"https:\/\/spiritual-touch.de\/wp-content\/uploads\/2024\/09\/4.png","type":"image\/png"}],"twitter_card":"summary_large_image","twitter_misc":{"Estimated reading time":"2 minutes"},"schema":{"@context":"https:\/\/schema.org","@graph":[{"@type":"WebPage","@id":"https:\/\/spiritual-touch.de\/heart-circle-3\/","url":"https:\/\/spiritual-touch.de\/heart-circle-3\/","name":"Heart Circle 3 - Spiritual Touch","isPartOf":{"@id":"https:\/\/spiritual-touch.de\/#website"},"primaryImageOfPage":{"@id":"https:\/\/spiritual-touch.de\/heart-circle-3\/#primaryimage"},"image":{"@id":"https:\/\/spiritual-touch.de\/heart-circle-3\/#primaryimage"},"thumbnailUrl":"https:\/\/spiritual-touch.de\/wp-content\/uploads\/2024\/09\/4.png","datePublished":"2024-09-13T19:04:23+00:00","dateModified":"2025-02-03T07:12:00+00:00","breadcrumb":{"@id":"https:\/\/spiritual-touch.de\/heart-circle-3\/#breadcrumb"},"inLanguage":"en-GB","potentialAction":[{"@type":"ReadAction","target":["https:\/\/spiritual-touch.de\/heart-circle-3\/"]}]},{"@type":"ImageObject","inLanguage":"en-GB","@id":"https:\/\/spiritual-touch.de\/heart-circle-3\/#primaryimage","url":"https:\/\/spiritual-touch.de\/wp-content\/uploads\/2024\/09\/4.png","contentUrl":"https:\/\/spiritual-touch.de\/wp-content\/uploads\/2024\/09\/4.png"},{"@type":"BreadcrumbList","@id":"https:\/\/spiritual-touch.de\/heart-circle-3\/#breadcrumb","itemListElement":[{"@type":"ListItem","position":1,"name":"Startseite","item":"https:\/\/spiritual-touch.de\/"},{"@type":"ListItem","position":2,"name":"Heart Circle 3"}]},{"@type":"WebSite","@id":"https:\/\/spiritual-touch.de\/#website","url":"https:\/\/spiritual-touch.de\/","name":"Tantramassage M\u00fcnchen","description":"Tantra Massage M\u00fcnchen","publisher":{"@id":"https:\/\/spiritual-touch.de\/#organization"},"potentialAction":[{"@type":"SearchAction","target":{"@type":"EntryPoint","urlTemplate":"https:\/\/spiritual-touch.de\/?s={search_term_string}"},"query-input":{"@type":"PropertyValueSpecification","valueRequired":true,"valueName":"search_term_string"}}],"inLanguage":"en-GB"},{"@type":"Organization","@id":"https:\/\/spiritual-touch.de\/#organization","name":"Spiritual Touch","url":"https:\/\/spiritual-touch.de\/","logo":{"@type":"ImageObject","inLanguage":"en-GB","@id":"https:\/\/spiritual-touch.de\/#\/schema\/logo\/image\/","url":"https:\/\/spiritual-touch.de\/wp-content\/uploads\/2024\/01\/Heart.png","contentUrl":"https:\/\/spiritual-touch.de\/wp-content\/uploads\/2024\/01\/Heart.png","width":500,"height":500,"caption":"Spiritual Touch"},"image":{"@id":"https:\/\/spiritual-touch.de\/#\/schema\/logo\/image\/"},"sameAs":["https:\/\/www.facebook.com\/profile.php?id=100057105473672","https:\/\/www.instagram.com\/praxis_spiritual_touch\/"]}]}},"_links":{"self":[{"href":"https:\/\/spiritual-touch.de\/en\/wp-json\/wp\/v2\/pages\/20748","targetHints":{"allow":["GET"]}}],"collection":[{"href":"https:\/\/spiritual-touch.de\/en\/wp-json\/wp\/v2\/pages"}],"about":[{"href":"https:\/\/spiritual-touch.de\/en\/wp-json\/wp\/v2\/types\/page"}],"author":[{"embeddable":true,"href":"https:\/\/spiritual-touch.de\/en\/wp-json\/wp\/v2\/users\/1"}],"replies":[{"embeddable":true,"href":"https:\/\/spiritual-touch.de\/en\/wp-json\/wp\/v2\/comments?post=20748"}],"version-history":[{"count":11,"href":"https:\/\/spiritual-touch.de\/en\/wp-json\/wp\/v2\/pages\/20748\/revisions"}],"predecessor-version":[{"id":21837,"href":"https:\/\/spiritual-touch.de\/en\/wp-json\/wp\/v2\/pages\/20748\/revisions\/21837"}],"wp:attachment":[{"href":"https:\/\/spiritual-touch.de\/en\/wp-json\/wp\/v2\/media?parent=20748"}],"curies":[{"name":"wp","href":"https:\/\/api.w.org\/{rel}","templated":true}]}}