{"id":20585,"date":"2024-09-03T14:46:31","date_gmt":"2024-09-03T12:46:31","guid":{"rendered":"https:\/\/spiritual-touch.de\/?page_id=20585"},"modified":"2024-11-25T22:16:22","modified_gmt":"2024-11-25T21:16:22","slug":"heart-circle","status":"publish","type":"page","link":"https:\/\/spiritual-touch.de\/en\/heart-circle\/","title":{"rendered":"Heart Circle"},"content":{"rendered":"<div data-elementor-type=\"wp-page\" data-elementor-id=\"20585\" class=\"elementor elementor-20585\" data-elementor-post-type=\"page\">\n\t\t\t\t<div class=\"elementor-element elementor-element-967caec e-flex e-con-boxed e-con e-parent\" data-id=\"967caec\" data-element_type=\"container\" data-e-type=\"container\">\n\t\t\t\t\t<div class=\"e-con-inner\">\n\t\t\t\t<div class=\"elementor-element elementor-element-cb8f8c9 elementor-widget elementor-widget-spacer\" data-id=\"cb8f8c9\" data-element_type=\"widget\" data-e-type=\"widget\" data-widget_type=\"spacer.default\">\n\t\t\t\t<div class=\"elementor-widget-container\">\n\t\t\t\t\t\t\t<div class=\"elementor-spacer\">\n\t\t\t<div class=\"elementor-spacer-inner\"><\/div>\n\t\t<\/div>\n\t\t\t\t\t\t<\/div>\n\t\t\t\t<\/div>\n\t\t\t\t\t<\/div>\n\t\t\t\t<\/div>\n\t\t<div class=\"elementor-element elementor-element-7f5add2 e-flex e-con-boxed e-con e-parent\" data-id=\"7f5add2\" data-element_type=\"container\" data-e-type=\"container\">\n\t\t\t\t\t<div class=\"e-con-inner\">\n\t\t\t\t<div class=\"elementor-element elementor-element-ab3f4f3 elementor-widget elementor-widget-heading\" data-id=\"ab3f4f3\" data-element_type=\"widget\" data-e-type=\"widget\" data-widget_type=\"heading.default\">\n\t\t\t\t<div class=\"elementor-widget-container\">\n\t\t\t\t\t<h2 class=\"elementor-heading-title elementor-size-default\">\"Heart Circle\"<br>Dein Weg zu mehr Freiheit &amp; Verbundenheit<\/h2>\t\t\t\t<\/div>\n\t\t\t\t<\/div>\n\t\t\t\t\t<\/div>\n\t\t\t\t<\/div>\n\t\t<div class=\"elementor-element elementor-element-1891e20 e-flex e-con-boxed e-con e-parent\" data-id=\"1891e20\" data-element_type=\"container\" data-e-type=\"container\">\n\t\t\t\t\t<div class=\"e-con-inner\">\n\t\t\t\t<div class=\"elementor-element elementor-element-a56539f elementor-widget-divider--view-line elementor-widget elementor-widget-divider\" data-id=\"a56539f\" data-element_type=\"widget\" data-e-type=\"widget\" data-widget_type=\"divider.default\">\n\t\t\t\t<div class=\"elementor-widget-container\">\n\t\t\t\t\t\t\t<div class=\"elementor-divider\">\n\t\t\t<span class=\"elementor-divider-separator\">\n\t\t\t\t\t\t<\/span>\n\t\t<\/div>\n\t\t\t\t\t\t<\/div>\n\t\t\t\t<\/div>\n\t\t\t\t\t<\/div>\n\t\t\t\t<\/div>\n\t\t<div class=\"elementor-element elementor-element-f125c0b e-grid e-con-full e-con e-parent\" data-id=\"f125c0b\" data-element_type=\"container\" data-e-type=\"container\" data-settings=\"{&quot;background_background&quot;:&quot;classic&quot;}\">\n\t\t\t\t<div class=\"elementor-element elementor-element-7d52708 elementor-widget elementor-widget-image\" data-id=\"7d52708\" data-element_type=\"widget\" data-e-type=\"widget\" data-widget_type=\"image.default\">\n\t\t\t\t<div class=\"elementor-widget-container\">\n\t\t\t\t\t\t\t\t\t\t\t\t\t\t\t\t<a href=\"https:\/\/spiritual-touch.de\/en\/heart-circle1\/\">\n\t\t\t\t\t\t\t<img fetchpriority=\"high\" decoding=\"async\" width=\"1000\" height=\"1000\" src=\"https:\/\/spiritual-touch.de\/wp-content\/uploads\/2024\/11\/3-1-1000x1000.png\" class=\"elementor-animation-grow attachment-medium size-medium wp-image-21150\" alt=\"\" srcset=\"https:\/\/spiritual-touch.de\/wp-content\/uploads\/2024\/11\/3-1-1000x1000.png 1000w, https:\/\/spiritual-touch.de\/wp-content\/uploads\/2024\/11\/3-1-150x150.png 150w, https:\/\/spiritual-touch.de\/wp-content\/uploads\/2024\/11\/3-1-768x768.png 768w, https:\/\/spiritual-touch.de\/wp-content\/uploads\/2024\/11\/3-1-450x450.png 450w, https:\/\/spiritual-touch.de\/wp-content\/uploads\/2024\/11\/3-1-600x600.png 600w, https:\/\/spiritual-touch.de\/wp-content\/uploads\/2024\/11\/3-1-100x100.png 100w, https:\/\/spiritual-touch.de\/wp-content\/uploads\/2024\/11\/3-1-45x45.png 45w, https:\/\/spiritual-touch.de\/wp-content\/uploads\/2024\/11\/3-1-e1732569353951.png 500w\" sizes=\"(max-width: 1000px) 100vw, 1000px\" \/>\t\t\t\t\t\t\t\t<\/a>\n\t\t\t\t\t\t\t\t\t\t\t\t\t\t\t<\/div>\n\t\t\t\t<\/div>\n\t\t\t\t<div class=\"elementor-element elementor-element-d51d226 elementor-widget elementor-widget-image\" data-id=\"d51d226\" data-element_type=\"widget\" data-e-type=\"widget\" data-widget_type=\"image.default\">\n\t\t\t\t<div class=\"elementor-widget-container\">\n\t\t\t\t\t\t\t\t\t\t\t\t\t\t\t\t<a href=\"https:\/\/spiritual-touch.de\/en\/heart-circle-2\/\">\n\t\t\t\t\t\t\t<img decoding=\"async\" width=\"1000\" height=\"1000\" src=\"https:\/\/spiritual-touch.de\/wp-content\/uploads\/2024\/11\/4-1-1000x1000.png\" class=\"elementor-animation-grow attachment-medium size-medium wp-image-21151\" alt=\"\" srcset=\"https:\/\/spiritual-touch.de\/wp-content\/uploads\/2024\/11\/4-1-1000x1000.png 1000w, https:\/\/spiritual-touch.de\/wp-content\/uploads\/2024\/11\/4-1-150x150.png 150w, https:\/\/spiritual-touch.de\/wp-content\/uploads\/2024\/11\/4-1-768x768.png 768w, https:\/\/spiritual-touch.de\/wp-content\/uploads\/2024\/11\/4-1-450x450.png 450w, https:\/\/spiritual-touch.de\/wp-content\/uploads\/2024\/11\/4-1-600x600.png 600w, https:\/\/spiritual-touch.de\/wp-content\/uploads\/2024\/11\/4-1-100x100.png 100w, https:\/\/spiritual-touch.de\/wp-content\/uploads\/2024\/11\/4-1-45x45.png 45w, https:\/\/spiritual-touch.de\/wp-content\/uploads\/2024\/11\/4-1.png 1080w\" sizes=\"(max-width: 1000px) 100vw, 1000px\" \/>\t\t\t\t\t\t\t\t<\/a>\n\t\t\t\t\t\t\t\t\t\t\t\t\t\t\t<\/div>\n\t\t\t\t<\/div>\n\t\t\t\t<\/div>\n\t\t<div class=\"elementor-element elementor-element-ac5136a e-con-full e-flex e-con e-parent\" data-id=\"ac5136a\" data-element_type=\"container\" data-e-type=\"container\" data-settings=\"{&quot;background_background&quot;:&quot;classic&quot;}\">\n\t\t\t\t<div class=\"elementor-element elementor-element-0e80a90 elementor-widget elementor-widget-image\" data-id=\"0e80a90\" data-element_type=\"widget\" data-e-type=\"widget\" data-widget_type=\"image.default\">\n\t\t\t\t<div class=\"elementor-widget-container\">\n\t\t\t\t\t\t\t\t\t\t\t\t\t\t\t\t<a href=\"https:\/\/spiritual-touch.de\/en\/heart-circle-3\/\">\n\t\t\t\t\t\t\t<img decoding=\"async\" width=\"1000\" height=\"1000\" src=\"https:\/\/spiritual-touch.de\/wp-content\/uploads\/2024\/11\/5-1-1000x1000.png\" class=\"elementor-animation-grow attachment-medium size-medium wp-image-21152\" alt=\"\" srcset=\"https:\/\/spiritual-touch.de\/wp-content\/uploads\/2024\/11\/5-1-1000x1000.png 1000w, https:\/\/spiritual-touch.de\/wp-content\/uploads\/2024\/11\/5-1-150x150.png 150w, https:\/\/spiritual-touch.de\/wp-content\/uploads\/2024\/11\/5-1-768x768.png 768w, https:\/\/spiritual-touch.de\/wp-content\/uploads\/2024\/11\/5-1-450x450.png 450w, https:\/\/spiritual-touch.de\/wp-content\/uploads\/2024\/11\/5-1-600x600.png 600w, https:\/\/spiritual-touch.de\/wp-content\/uploads\/2024\/11\/5-1-100x100.png 100w, https:\/\/spiritual-touch.de\/wp-content\/uploads\/2024\/11\/5-1-45x45.png 45w, https:\/\/spiritual-touch.de\/wp-content\/uploads\/2024\/11\/5-1.png 1080w\" sizes=\"(max-width: 1000px) 100vw, 1000px\" \/>\t\t\t\t\t\t\t\t<\/a>\n\t\t\t\t\t\t\t\t\t\t\t\t\t\t\t<\/div>\n\t\t\t\t<\/div>\n\t\t\t\t<\/div>\n\t\t<div class=\"elementor-element elementor-element-8e9cb9e e-flex e-con-boxed e-con e-parent\" data-id=\"8e9cb9e\" data-element_type=\"container\" data-e-type=\"container\">\n\t\t\t\t\t<div class=\"e-con-inner\">\n\t\t\t\t<div class=\"elementor-element elementor-element-37550e9 elementor-widget-divider--view-line elementor-widget elementor-widget-divider\" data-id=\"37550e9\" data-element_type=\"widget\" data-e-type=\"widget\" data-widget_type=\"divider.default\">\n\t\t\t\t<div class=\"elementor-widget-container\">\n\t\t\t\t\t\t\t<div class=\"elementor-divider\">\n\t\t\t<span class=\"elementor-divider-separator\">\n\t\t\t\t\t\t<\/span>\n\t\t<\/div>\n\t\t\t\t\t\t<\/div>\n\t\t\t\t<\/div>\n\t\t\t\t\t<\/div>\n\t\t\t\t<\/div>\n\t\t<div class=\"elementor-element elementor-element-a59b6d2 e-flex e-con-boxed e-con e-parent\" data-id=\"a59b6d2\" data-element_type=\"container\" data-e-type=\"container\">\n\t\t\t\t\t<div class=\"e-con-inner\">\n\t\t\t\t<div class=\"elementor-element elementor-element-aab28c0 elementor-widget elementor-widget-text-editor\" data-id=\"aab28c0\" data-element_type=\"widget\" data-e-type=\"widget\" data-widget_type=\"text-editor.default\">\n\t\t\t\t<div class=\"elementor-widget-container\">\n\t\t\t\t\t\t\t\t\t<p style=\"text-align: center;\">Mit dem <b>Spiritual-Touch &#8222;Heart Circle&#8220;<\/b> bereiten wir Dir einen Weg in mehr Freiheit, Verbundenheit und Gl\u00fcck.<\/p><p style=\"text-align: center;\">Stufe f\u00fcr Stufe begleiten wir Dich n\u00e4her zu Dir. Finde heraus, wovon Du mehr in Deinem Leben haben m\u00f6chtest und mit welchen Menschen Du es teilen willst. Hier geht es in erster Linie um Dich!<\/p><p style=\"text-align: center;\">Eine unserer wichtigsten St\u00e4rken als Menschen liegt im Kontakt und in der Kommunikation mit anderen. Wir bieten daf\u00fcr einen sicheren Rahmen und ein Gef\u00fchl von Vertrauen und Zugeh\u00f6rigkeit, damit Du den Kontakt zu Dir und anderen Menschen sicher erforschen und Dich ausprobieren kannst.\u00a0<\/p><p style=\"text-align: center;\">In the &quot;\u201e<a href=\"https:\/\/spiritual-touch.de\/en\/heart-circle1\/\" target=\"_blank\" rel=\"noopener\"><b>Heart Circle 1<\/b><\/a>&#8220; geht es den Einstieg in den bewussten Umgang mit Deiner Innenwelt und wie Du Dich damit in einer Gruppe bewegst.\u00a0<\/p><p style=\"text-align: center;\">Der &#8222;<a href=\"https:\/\/spiritual-touch.de\/en\/heart-circle-2\/\" target=\"_blank\" rel=\"noopener\"><b>Heart Circle 2<\/b>&#8222;<\/a>\u00a0ist die n\u00e4chste Stufe und Du kannst auch ersten k\u00f6rperlichen Kontakt f\u00fcr Dich erforschen.<\/p><p style=\"text-align: center;\">The <a href=\"https:\/\/spiritual-touch.de\/en\/heart-circle-3\/\">&#8222;<b>Heart Circle 3<\/b>&#8222;<\/a> geht tiefer in die Welt von achtsamer Ber\u00fchrung und beinhaltet Massagen unter Anleitung durch uns. Dieser Teil \u00e4hnelt dem bisherigen &#8222;Tantra Massage Circle&#8220; am meisten.<\/p><p style=\"text-align: center;\">G\u00f6nn Dir eine gute Zeit und mach Dich mit uns auf die Reise!<\/p>\t\t\t\t\t\t\t\t<\/div>\n\t\t\t\t<\/div>\n\t\t\t\t\t<\/div>\n\t\t\t\t<\/div>\n\t\t<div class=\"elementor-element elementor-element-8886180 e-flex e-con-boxed e-con e-parent\" data-id=\"8886180\" data-element_type=\"container\" data-e-type=\"container\">\n\t\t\t\t\t<div class=\"e-con-inner\">\n\t\t\t\t<div class=\"elementor-element elementor-element-3980df6 elementor-widget elementor-widget-spacer\" data-id=\"3980df6\" data-element_type=\"widget\" data-e-type=\"widget\" data-widget_type=\"spacer.default\">\n\t\t\t\t<div class=\"elementor-widget-container\">\n\t\t\t\t\t\t\t<div class=\"elementor-spacer\">\n\t\t\t<div class=\"elementor-spacer-inner\"><\/div>\n\t\t<\/div>\n\t\t\t\t\t\t<\/div>\n\t\t\t\t<\/div>\n\t\t\t\t\t<\/div>\n\t\t\t\t<\/div>\n\t\t\t\t<\/div>","protected":false},"excerpt":{"rendered":"<p>&#8222;Heart Circle&#8220;Dein Weg zu mehr Freiheit &amp; Verbundenheit Mit dem Spiritual-Touch &#8222;Heart Circle&#8220; bereiten wir Dir einen Weg in mehr Freiheit, Verbundenheit und Gl\u00fcck. Stufe f\u00fcr Stufe begleiten wir Dich n\u00e4her zu Dir. Finde heraus, wovon Du mehr in Deinem Leben haben m\u00f6chtest und mit welchen Menschen Du es teilen willst. Hier geht es in [&hellip;]<\/p>\n","protected":false},"author":1,"featured_media":0,"parent":0,"menu_order":25,"comment_status":"closed","ping_status":"closed","template":"","meta":{"footnotes":""},"class_list":["post-20585","page","type-page","status-publish","hentry"],"yoast_head":"<!-- This site is optimized with the Yoast SEO Premium plugin v24.7 (Yoast SEO v27.5) - https:\/\/yoast.com\/product\/yoast-seo-premium-wordpress\/ -->\n<title>Heart Circle - Spiritual Touch<\/title>\n<meta name=\"robots\" content=\"index, follow, max-snippet:-1, max-image-preview:large, max-video-preview:-1\" \/>\n<link rel=\"canonical\" href=\"https:\/\/spiritual-touch.de\/en\/heart-circle\/\" \/>\n<meta property=\"og:locale\" content=\"en_GB\" \/>\n<meta property=\"og:type\" content=\"article\" \/>\n<meta property=\"og:title\" content=\"Heart Circle\" \/>\n<meta property=\"og:description\" content=\"&#8222;Heart Circle&#8220;Dein Weg zu mehr Freiheit &amp; Verbundenheit Mit dem Spiritual-Touch &#8222;Heart Circle&#8220; bereiten wir Dir einen Weg in mehr Freiheit, Verbundenheit und Gl\u00fcck. Stufe f\u00fcr Stufe begleiten wir Dich n\u00e4her zu Dir. Finde heraus, wovon Du mehr in Deinem Leben haben m\u00f6chtest und mit welchen Menschen Du es teilen willst. Hier geht es in [&hellip;]\" \/>\n<meta property=\"og:url\" content=\"https:\/\/spiritual-touch.de\/en\/heart-circle\/\" \/>\n<meta property=\"og:site_name\" content=\"Spiritual Touch\" \/>\n<meta property=\"article:publisher\" content=\"https:\/\/www.facebook.com\/profile.php?id=100057105473672\" \/>\n<meta property=\"article:modified_time\" content=\"2024-11-25T21:16:22+00:00\" \/>\n<meta property=\"og:image\" content=\"https:\/\/spiritual-touch.de\/wp-content\/uploads\/2024\/11\/3-1-e1732569353951.png\" \/>\n\t<meta property=\"og:image:width\" content=\"500\" \/>\n\t<meta property=\"og:image:height\" content=\"500\" \/>\n\t<meta property=\"og:image:type\" content=\"image\/png\" \/>\n<meta name=\"twitter:card\" content=\"summary_large_image\" \/>\n<meta name=\"twitter:label1\" content=\"Estimated reading time\" \/>\n\t<meta name=\"twitter:data1\" content=\"2 minutes\" \/>\n<script type=\"application\/ld+json\" class=\"yoast-schema-graph\">{\"@context\":\"https:\\\/\\\/schema.org\",\"@graph\":[{\"@type\":\"WebPage\",\"@id\":\"https:\\\/\\\/spiritual-touch.de\\\/heart-circle\\\/\",\"url\":\"https:\\\/\\\/spiritual-touch.de\\\/heart-circle\\\/\",\"name\":\"Heart Circle - Spiritual Touch\",\"isPartOf\":{\"@id\":\"https:\\\/\\\/spiritual-touch.de\\\/#website\"},\"primaryImageOfPage\":{\"@id\":\"https:\\\/\\\/spiritual-touch.de\\\/heart-circle\\\/#primaryimage\"},\"image\":{\"@id\":\"https:\\\/\\\/spiritual-touch.de\\\/heart-circle\\\/#primaryimage\"},\"thumbnailUrl\":\"https:\\\/\\\/spiritual-touch.de\\\/wp-content\\\/uploads\\\/2024\\\/11\\\/3-1-1000x1000.png\",\"datePublished\":\"2024-09-03T12:46:31+00:00\",\"dateModified\":\"2024-11-25T21:16:22+00:00\",\"breadcrumb\":{\"@id\":\"https:\\\/\\\/spiritual-touch.de\\\/heart-circle\\\/#breadcrumb\"},\"inLanguage\":\"en-GB\",\"potentialAction\":[{\"@type\":\"ReadAction\",\"target\":[\"https:\\\/\\\/spiritual-touch.de\\\/heart-circle\\\/\"]}]},{\"@type\":\"ImageObject\",\"inLanguage\":\"en-GB\",\"@id\":\"https:\\\/\\\/spiritual-touch.de\\\/heart-circle\\\/#primaryimage\",\"url\":\"https:\\\/\\\/spiritual-touch.de\\\/wp-content\\\/uploads\\\/2024\\\/11\\\/3-1-1000x1000.png\",\"contentUrl\":\"https:\\\/\\\/spiritual-touch.de\\\/wp-content\\\/uploads\\\/2024\\\/11\\\/3-1-1000x1000.png\"},{\"@type\":\"BreadcrumbList\",\"@id\":\"https:\\\/\\\/spiritual-touch.de\\\/heart-circle\\\/#breadcrumb\",\"itemListElement\":[{\"@type\":\"ListItem\",\"position\":1,\"name\":\"Startseite\",\"item\":\"https:\\\/\\\/spiritual-touch.de\\\/\"},{\"@type\":\"ListItem\",\"position\":2,\"name\":\"Heart Circle\"}]},{\"@type\":\"WebSite\",\"@id\":\"https:\\\/\\\/spiritual-touch.de\\\/#website\",\"url\":\"https:\\\/\\\/spiritual-touch.de\\\/\",\"name\":\"Tantramassage M\u00fcnchen\",\"description\":\"Tantra Massage M\u00fcnchen\",\"publisher\":{\"@id\":\"https:\\\/\\\/spiritual-touch.de\\\/#organization\"},\"potentialAction\":[{\"@type\":\"SearchAction\",\"target\":{\"@type\":\"EntryPoint\",\"urlTemplate\":\"https:\\\/\\\/spiritual-touch.de\\\/?s={search_term_string}\"},\"query-input\":{\"@type\":\"PropertyValueSpecification\",\"valueRequired\":true,\"valueName\":\"search_term_string\"}}],\"inLanguage\":\"en-GB\"},{\"@type\":\"Organization\",\"@id\":\"https:\\\/\\\/spiritual-touch.de\\\/#organization\",\"name\":\"Spiritual Touch\",\"url\":\"https:\\\/\\\/spiritual-touch.de\\\/\",\"logo\":{\"@type\":\"ImageObject\",\"inLanguage\":\"en-GB\",\"@id\":\"https:\\\/\\\/spiritual-touch.de\\\/#\\\/schema\\\/logo\\\/image\\\/\",\"url\":\"https:\\\/\\\/spiritual-touch.de\\\/wp-content\\\/uploads\\\/2024\\\/01\\\/Heart.png\",\"contentUrl\":\"https:\\\/\\\/spiritual-touch.de\\\/wp-content\\\/uploads\\\/2024\\\/01\\\/Heart.png\",\"width\":500,\"height\":500,\"caption\":\"Spiritual Touch\"},\"image\":{\"@id\":\"https:\\\/\\\/spiritual-touch.de\\\/#\\\/schema\\\/logo\\\/image\\\/\"},\"sameAs\":[\"https:\\\/\\\/www.facebook.com\\\/profile.php?id=100057105473672\",\"https:\\\/\\\/www.instagram.com\\\/praxis_spiritual_touch\\\/\"]}]}<\/script>\n<!-- \/ Yoast SEO Premium plugin. -->","yoast_head_json":{"title":"Heart Circle - Spiritual Touch","robots":{"index":"index","follow":"follow","max-snippet":"max-snippet:-1","max-image-preview":"max-image-preview:large","max-video-preview":"max-video-preview:-1"},"canonical":"https:\/\/spiritual-touch.de\/en\/heart-circle\/","og_locale":"en_GB","og_type":"article","og_title":"Heart Circle","og_description":"&#8222;Heart Circle&#8220;Dein Weg zu mehr Freiheit &amp; Verbundenheit Mit dem Spiritual-Touch &#8222;Heart Circle&#8220; bereiten wir Dir einen Weg in mehr Freiheit, Verbundenheit und Gl\u00fcck. Stufe f\u00fcr Stufe begleiten wir Dich n\u00e4her zu Dir. Finde heraus, wovon Du mehr in Deinem Leben haben m\u00f6chtest und mit welchen Menschen Du es teilen willst. Hier geht es in [&hellip;]","og_url":"https:\/\/spiritual-touch.de\/en\/heart-circle\/","og_site_name":"Spiritual Touch","article_publisher":"https:\/\/www.facebook.com\/profile.php?id=100057105473672","article_modified_time":"2024-11-25T21:16:22+00:00","og_image":[{"width":500,"height":500,"url":"https:\/\/spiritual-touch.de\/wp-content\/uploads\/2024\/11\/3-1-e1732569353951.png","type":"image\/png"}],"twitter_card":"summary_large_image","twitter_misc":{"Estimated reading time":"2 minutes"},"schema":{"@context":"https:\/\/schema.org","@graph":[{"@type":"WebPage","@id":"https:\/\/spiritual-touch.de\/heart-circle\/","url":"https:\/\/spiritual-touch.de\/heart-circle\/","name":"Heart Circle - Spiritual Touch","isPartOf":{"@id":"https:\/\/spiritual-touch.de\/#website"},"primaryImageOfPage":{"@id":"https:\/\/spiritual-touch.de\/heart-circle\/#primaryimage"},"image":{"@id":"https:\/\/spiritual-touch.de\/heart-circle\/#primaryimage"},"thumbnailUrl":"https:\/\/spiritual-touch.de\/wp-content\/uploads\/2024\/11\/3-1-1000x1000.png","datePublished":"2024-09-03T12:46:31+00:00","dateModified":"2024-11-25T21:16:22+00:00","breadcrumb":{"@id":"https:\/\/spiritual-touch.de\/heart-circle\/#breadcrumb"},"inLanguage":"en-GB","potentialAction":[{"@type":"ReadAction","target":["https:\/\/spiritual-touch.de\/heart-circle\/"]}]},{"@type":"ImageObject","inLanguage":"en-GB","@id":"https:\/\/spiritual-touch.de\/heart-circle\/#primaryimage","url":"https:\/\/spiritual-touch.de\/wp-content\/uploads\/2024\/11\/3-1-1000x1000.png","contentUrl":"https:\/\/spiritual-touch.de\/wp-content\/uploads\/2024\/11\/3-1-1000x1000.png"},{"@type":"BreadcrumbList","@id":"https:\/\/spiritual-touch.de\/heart-circle\/#breadcrumb","itemListElement":[{"@type":"ListItem","position":1,"name":"Startseite","item":"https:\/\/spiritual-touch.de\/"},{"@type":"ListItem","position":2,"name":"Heart Circle"}]},{"@type":"WebSite","@id":"https:\/\/spiritual-touch.de\/#website","url":"https:\/\/spiritual-touch.de\/","name":"Tantra massage Munich","description":"Tantra Massage Munich","publisher":{"@id":"https:\/\/spiritual-touch.de\/#organization"},"potentialAction":[{"@type":"SearchAction","target":{"@type":"EntryPoint","urlTemplate":"https:\/\/spiritual-touch.de\/?s={search_term_string}"},"query-input":{"@type":"PropertyValueSpecification","valueRequired":true,"valueName":"search_term_string"}}],"inLanguage":"en-GB"},{"@type":"Organization","@id":"https:\/\/spiritual-touch.de\/#organization","name":"Spiritual Touch","url":"https:\/\/spiritual-touch.de\/","logo":{"@type":"ImageObject","inLanguage":"en-GB","@id":"https:\/\/spiritual-touch.de\/#\/schema\/logo\/image\/","url":"https:\/\/spiritual-touch.de\/wp-content\/uploads\/2024\/01\/Heart.png","contentUrl":"https:\/\/spiritual-touch.de\/wp-content\/uploads\/2024\/01\/Heart.png","width":500,"height":500,"caption":"Spiritual Touch"},"image":{"@id":"https:\/\/spiritual-touch.de\/#\/schema\/logo\/image\/"},"sameAs":["https:\/\/www.facebook.com\/profile.php?id=100057105473672","https:\/\/www.instagram.com\/praxis_spiritual_touch\/"]}]}},"_links":{"self":[{"href":"https:\/\/spiritual-touch.de\/en\/wp-json\/wp\/v2\/pages\/20585","targetHints":{"allow":["GET"]}}],"collection":[{"href":"https:\/\/spiritual-touch.de\/en\/wp-json\/wp\/v2\/pages"}],"about":[{"href":"https:\/\/spiritual-touch.de\/en\/wp-json\/wp\/v2\/types\/page"}],"author":[{"embeddable":true,"href":"https:\/\/spiritual-touch.de\/en\/wp-json\/wp\/v2\/users\/1"}],"replies":[{"embeddable":true,"href":"https:\/\/spiritual-touch.de\/en\/wp-json\/wp\/v2\/comments?post=20585"}],"version-history":[{"count":49,"href":"https:\/\/spiritual-touch.de\/en\/wp-json\/wp\/v2\/pages\/20585\/revisions"}],"predecessor-version":[{"id":21437,"href":"https:\/\/spiritual-touch.de\/en\/wp-json\/wp\/v2\/pages\/20585\/revisions\/21437"}],"wp:attachment":[{"href":"https:\/\/spiritual-touch.de\/en\/wp-json\/wp\/v2\/media?parent=20585"}],"curies":[{"name":"wp","href":"https:\/\/api.w.org\/{rel}","templated":true}]}}