{"id":19885,"date":"2024-04-10T15:44:24","date_gmt":"2024-04-10T13:44:24","guid":{"rendered":"https:\/\/spiritual-touch.de\/?page_id=19885"},"modified":"2024-04-11T08:19:46","modified_gmt":"2024-04-11T06:19:46","slug":"anmeldungen","status":"publish","type":"page","link":"https:\/\/spiritual-touch.de\/en\/anmeldungen\/","title":{"rendered":"Event-Dashboard"},"content":{"rendered":"<div data-elementor-type=\"wp-page\" data-elementor-id=\"19885\" class=\"elementor elementor-19885\" data-elementor-post-type=\"page\">\n\t\t\t\t<div class=\"elementor-element elementor-element-a8ba277 e-flex e-con-boxed e-con e-parent\" data-id=\"a8ba277\" data-element_type=\"container\" data-e-type=\"container\">\n\t\t\t\t\t<div class=\"e-con-inner\">\n\t\t\t\t<div class=\"elementor-element elementor-element-3e5d45a elementor-widget elementor-widget-event-dashboard\" data-id=\"3e5d45a\" data-element_type=\"widget\" data-e-type=\"widget\" data-widget_type=\"event-dashboard.default\">\n\t\t\t\t<div class=\"elementor-widget-container\">\n\t\t\t\t\t<div id=\"event-manager-event-dashboard\">\n\t<p class=\"account-sign-in wpem-alert wpem-alert-info\">\n    You need to be signed in to manage your listings. \n\t\t<a href=\"https:\/\/spiritual-touch.de\/en\/wp-login.php\">\n\t\t\tSign in\t\t<\/a>\n\t<\/p>\n<\/div>\n\t\t\t\t<\/div>\n\t\t\t\t<\/div>\n\t\t\t\t\t<\/div>\n\t\t\t\t<\/div>\n\t\t\t\t<\/div>","protected":false},"excerpt":{"rendered":"<p>Veranstaltungen Benachrichtigungen Registrierungen Liste Export Name Badges Event Dashboard Sortieren nachAufsteigend (ASC)Descending (DESC) Aufsteigend (ASC)Descending (DESC) Aufsteigend (ASC)Descending (DESC) Aufsteigend (ASC)Descending (DESC) Filter Zur\u00fccksetzen Tantramassge hautnah erleben Details Bearbeiten Abgesagte markieren Duplizieren L\u00f6schen Date And Time 2024-05-25 @ 20:00 &#8211; 2024-05-25 @ 23:00 Ort Olschewskibogen 12, 80935 M\u00fcnchen Hide Veranstaltungsdetails Angesehen 25 Registrierungen &ndash; Tag [&hellip;]<\/p>\n","protected":false},"author":1,"featured_media":0,"parent":0,"menu_order":34,"comment_status":"closed","ping_status":"closed","template":"elementor_canvas","meta":{"footnotes":""},"class_list":["post-19885","page","type-page","status-publish","hentry"],"yoast_head":"<!-- This site is optimized with the Yoast SEO Premium plugin v24.7 (Yoast SEO v27.5) - https:\/\/yoast.com\/product\/yoast-seo-premium-wordpress\/ -->\n<title>Event-Dashboard - Spiritual Touch<\/title>\n<meta name=\"robots\" content=\"index, follow, max-snippet:-1, max-image-preview:large, max-video-preview:-1\" \/>\n<link rel=\"canonical\" href=\"https:\/\/spiritual-touch.de\/en\/anmeldungen\/\" \/>\n<meta property=\"og:locale\" content=\"en_GB\" \/>\n<meta property=\"og:type\" content=\"article\" \/>\n<meta property=\"og:title\" content=\"Event-Dashboard\" \/>\n<meta property=\"og:description\" content=\"Veranstaltungen Benachrichtigungen Registrierungen Liste Export Name Badges Event Dashboard Sortieren nachAufsteigend (ASC)Descending (DESC) Aufsteigend (ASC)Descending (DESC) Aufsteigend (ASC)Descending (DESC) Aufsteigend (ASC)Descending (DESC) Filter Zur\u00fccksetzen Tantramassge hautnah erleben Details Bearbeiten Abgesagte markieren Duplizieren L\u00f6schen Date And Time 2024-05-25 @ 20:00 &#8211; 2024-05-25 @ 23:00 Ort Olschewskibogen 12, 80935 M\u00fcnchen Hide Veranstaltungsdetails Angesehen 25 Registrierungen &ndash; Tag [&hellip;]\" \/>\n<meta property=\"og:url\" content=\"https:\/\/spiritual-touch.de\/en\/anmeldungen\/\" \/>\n<meta property=\"og:site_name\" content=\"Spiritual Touch\" \/>\n<meta property=\"article:publisher\" content=\"https:\/\/www.facebook.com\/profile.php?id=100057105473672\" \/>\n<meta property=\"article:modified_time\" content=\"2024-04-11T06:19:46+00:00\" \/>\n<meta name=\"twitter:card\" content=\"summary_large_image\" \/>\n<meta name=\"twitter:label1\" content=\"Estimated reading time\" \/>\n\t<meta name=\"twitter:data1\" content=\"1 minute\" \/>\n<script type=\"application\/ld+json\" class=\"yoast-schema-graph\">{\"@context\":\"https:\\\/\\\/schema.org\",\"@graph\":[{\"@type\":\"WebPage\",\"@id\":\"https:\\\/\\\/spiritual-touch.de\\\/anmeldungen\\\/\",\"url\":\"https:\\\/\\\/spiritual-touch.de\\\/anmeldungen\\\/\",\"name\":\"Event-Dashboard - Spiritual Touch\",\"isPartOf\":{\"@id\":\"https:\\\/\\\/spiritual-touch.de\\\/#website\"},\"datePublished\":\"2024-04-10T13:44:24+00:00\",\"dateModified\":\"2024-04-11T06:19:46+00:00\",\"breadcrumb\":{\"@id\":\"https:\\\/\\\/spiritual-touch.de\\\/anmeldungen\\\/#breadcrumb\"},\"inLanguage\":\"en-GB\",\"potentialAction\":[{\"@type\":\"ReadAction\",\"target\":[\"https:\\\/\\\/spiritual-touch.de\\\/anmeldungen\\\/\"]}]},{\"@type\":\"BreadcrumbList\",\"@id\":\"https:\\\/\\\/spiritual-touch.de\\\/anmeldungen\\\/#breadcrumb\",\"itemListElement\":[{\"@type\":\"ListItem\",\"position\":1,\"name\":\"Startseite\",\"item\":\"https:\\\/\\\/spiritual-touch.de\\\/\"},{\"@type\":\"ListItem\",\"position\":2,\"name\":\"Event-Dashboard\"}]},{\"@type\":\"WebSite\",\"@id\":\"https:\\\/\\\/spiritual-touch.de\\\/#website\",\"url\":\"https:\\\/\\\/spiritual-touch.de\\\/\",\"name\":\"Tantramassage M\u00fcnchen\",\"description\":\"Tantra Massage M\u00fcnchen\",\"publisher\":{\"@id\":\"https:\\\/\\\/spiritual-touch.de\\\/#organization\"},\"potentialAction\":[{\"@type\":\"SearchAction\",\"target\":{\"@type\":\"EntryPoint\",\"urlTemplate\":\"https:\\\/\\\/spiritual-touch.de\\\/?s={search_term_string}\"},\"query-input\":{\"@type\":\"PropertyValueSpecification\",\"valueRequired\":true,\"valueName\":\"search_term_string\"}}],\"inLanguage\":\"en-GB\"},{\"@type\":\"Organization\",\"@id\":\"https:\\\/\\\/spiritual-touch.de\\\/#organization\",\"name\":\"Spiritual Touch\",\"url\":\"https:\\\/\\\/spiritual-touch.de\\\/\",\"logo\":{\"@type\":\"ImageObject\",\"inLanguage\":\"en-GB\",\"@id\":\"https:\\\/\\\/spiritual-touch.de\\\/#\\\/schema\\\/logo\\\/image\\\/\",\"url\":\"https:\\\/\\\/spiritual-touch.de\\\/wp-content\\\/uploads\\\/2024\\\/01\\\/Heart.png\",\"contentUrl\":\"https:\\\/\\\/spiritual-touch.de\\\/wp-content\\\/uploads\\\/2024\\\/01\\\/Heart.png\",\"width\":500,\"height\":500,\"caption\":\"Spiritual Touch\"},\"image\":{\"@id\":\"https:\\\/\\\/spiritual-touch.de\\\/#\\\/schema\\\/logo\\\/image\\\/\"},\"sameAs\":[\"https:\\\/\\\/www.facebook.com\\\/profile.php?id=100057105473672\",\"https:\\\/\\\/www.instagram.com\\\/praxis_spiritual_touch\\\/\"]}]}<\/script>\n<!-- \/ Yoast SEO Premium plugin. -->","yoast_head_json":{"title":"Event-Dashboard - Spiritual Touch","robots":{"index":"index","follow":"follow","max-snippet":"max-snippet:-1","max-image-preview":"max-image-preview:large","max-video-preview":"max-video-preview:-1"},"canonical":"https:\/\/spiritual-touch.de\/en\/anmeldungen\/","og_locale":"en_GB","og_type":"article","og_title":"Event-Dashboard","og_description":"Veranstaltungen Benachrichtigungen Registrierungen Liste Export Name Badges Event Dashboard Sortieren nachAufsteigend (ASC)Descending (DESC) Aufsteigend (ASC)Descending (DESC) Aufsteigend (ASC)Descending (DESC) Aufsteigend (ASC)Descending (DESC) Filter Zur\u00fccksetzen Tantramassge hautnah erleben Details Bearbeiten Abgesagte markieren Duplizieren L\u00f6schen Date And Time 2024-05-25 @ 20:00 &#8211; 2024-05-25 @ 23:00 Ort Olschewskibogen 12, 80935 M\u00fcnchen Hide Veranstaltungsdetails Angesehen 25 Registrierungen &ndash; Tag [&hellip;]","og_url":"https:\/\/spiritual-touch.de\/en\/anmeldungen\/","og_site_name":"Spiritual Touch","article_publisher":"https:\/\/www.facebook.com\/profile.php?id=100057105473672","article_modified_time":"2024-04-11T06:19:46+00:00","twitter_card":"summary_large_image","twitter_misc":{"Estimated reading time":"1 minute"},"schema":{"@context":"https:\/\/schema.org","@graph":[{"@type":"WebPage","@id":"https:\/\/spiritual-touch.de\/anmeldungen\/","url":"https:\/\/spiritual-touch.de\/anmeldungen\/","name":"Event-Dashboard - Spiritual Touch","isPartOf":{"@id":"https:\/\/spiritual-touch.de\/#website"},"datePublished":"2024-04-10T13:44:24+00:00","dateModified":"2024-04-11T06:19:46+00:00","breadcrumb":{"@id":"https:\/\/spiritual-touch.de\/anmeldungen\/#breadcrumb"},"inLanguage":"en-GB","potentialAction":[{"@type":"ReadAction","target":["https:\/\/spiritual-touch.de\/anmeldungen\/"]}]},{"@type":"BreadcrumbList","@id":"https:\/\/spiritual-touch.de\/anmeldungen\/#breadcrumb","itemListElement":[{"@type":"ListItem","position":1,"name":"Startseite","item":"https:\/\/spiritual-touch.de\/"},{"@type":"ListItem","position":2,"name":"Event-Dashboard"}]},{"@type":"WebSite","@id":"https:\/\/spiritual-touch.de\/#website","url":"https:\/\/spiritual-touch.de\/","name":"Tantra massage Munich","description":"Tantra Massage Munich","publisher":{"@id":"https:\/\/spiritual-touch.de\/#organization"},"potentialAction":[{"@type":"SearchAction","target":{"@type":"EntryPoint","urlTemplate":"https:\/\/spiritual-touch.de\/?s={search_term_string}"},"query-input":{"@type":"PropertyValueSpecification","valueRequired":true,"valueName":"search_term_string"}}],"inLanguage":"en-GB"},{"@type":"Organization","@id":"https:\/\/spiritual-touch.de\/#organization","name":"Spiritual Touch","url":"https:\/\/spiritual-touch.de\/","logo":{"@type":"ImageObject","inLanguage":"en-GB","@id":"https:\/\/spiritual-touch.de\/#\/schema\/logo\/image\/","url":"https:\/\/spiritual-touch.de\/wp-content\/uploads\/2024\/01\/Heart.png","contentUrl":"https:\/\/spiritual-touch.de\/wp-content\/uploads\/2024\/01\/Heart.png","width":500,"height":500,"caption":"Spiritual Touch"},"image":{"@id":"https:\/\/spiritual-touch.de\/#\/schema\/logo\/image\/"},"sameAs":["https:\/\/www.facebook.com\/profile.php?id=100057105473672","https:\/\/www.instagram.com\/praxis_spiritual_touch\/"]}]}},"_links":{"self":[{"href":"https:\/\/spiritual-touch.de\/en\/wp-json\/wp\/v2\/pages\/19885","targetHints":{"allow":["GET"]}}],"collection":[{"href":"https:\/\/spiritual-touch.de\/en\/wp-json\/wp\/v2\/pages"}],"about":[{"href":"https:\/\/spiritual-touch.de\/en\/wp-json\/wp\/v2\/types\/page"}],"author":[{"embeddable":true,"href":"https:\/\/spiritual-touch.de\/en\/wp-json\/wp\/v2\/users\/1"}],"replies":[{"embeddable":true,"href":"https:\/\/spiritual-touch.de\/en\/wp-json\/wp\/v2\/comments?post=19885"}],"version-history":[{"count":11,"href":"https:\/\/spiritual-touch.de\/en\/wp-json\/wp\/v2\/pages\/19885\/revisions"}],"predecessor-version":[{"id":19968,"href":"https:\/\/spiritual-touch.de\/en\/wp-json\/wp\/v2\/pages\/19885\/revisions\/19968"}],"wp:attachment":[{"href":"https:\/\/spiritual-touch.de\/en\/wp-json\/wp\/v2\/media?parent=19885"}],"curies":[{"name":"wp","href":"https:\/\/api.w.org\/{rel}","templated":true}]}}