{"id":18878,"date":"2024-02-04T10:42:01","date_gmt":"2024-02-04T10:42:01","guid":{"rendered":"https:\/\/spiritual-touch.de\/?page_id=18878"},"modified":"2025-10-02T11:53:56","modified_gmt":"2025-10-02T09:53:56","slug":"analbeckenboden","status":"publish","type":"page","link":"https:\/\/spiritual-touch.de\/en\/analbeckenboden\/","title":{"rendered":"Anal &#038; Beckenboden"},"content":{"rendered":"<div data-elementor-type=\"wp-page\" data-elementor-id=\"18878\" class=\"elementor elementor-18878\" data-elementor-post-type=\"page\">\n\t\t\t\t<div class=\"elementor-element elementor-element-a163e01 e-flex e-con-boxed e-con e-parent\" data-id=\"a163e01\" data-element_type=\"container\" data-e-type=\"container\">\n\t\t\t\t\t<div class=\"e-con-inner\">\n\t\t\t\t<div class=\"elementor-element elementor-element-bfa7411 elementor-invisible elementor-widget elementor-widget-heading\" data-id=\"bfa7411\" data-element_type=\"widget\" data-e-type=\"widget\" data-settings=\"{&quot;_animation&quot;:&quot;fadeIn&quot;}\" data-widget_type=\"heading.default\">\n\t\t\t\t<div class=\"elementor-widget-container\">\n\t\t\t\t\t<h1 class=\"elementor-heading-title elementor-size-default\">Module 3 \u2013 Anal &amp; Pelvic Floor<\/h1>\t\t\t\t<\/div>\n\t\t\t\t<\/div>\n\t\t\t\t<div class=\"elementor-element elementor-element-4eb08a1 elementor-invisible elementor-widget elementor-widget-heading\" data-id=\"4eb08a1\" data-element_type=\"widget\" data-e-type=\"widget\" data-settings=\"{&quot;_animation&quot;:&quot;fadeIn&quot;}\" data-widget_type=\"heading.default\">\n\t\t\t\t<div class=\"elementor-widget-container\">\n\t\t\t\t\t<h2 class=\"elementor-heading-title elementor-size-default\">Prostate massage, pelvic floor exercises &amp; shame issues<\/h2>\t\t\t\t<\/div>\n\t\t\t\t<\/div>\n\t\t\t\t<div class=\"elementor-element elementor-element-2f8edfd elementor-invisible elementor-widget elementor-widget-text-editor\" data-id=\"2f8edfd\" data-element_type=\"widget\" data-e-type=\"widget\" data-settings=\"{&quot;_animation&quot;:&quot;fadeIn&quot;}\" data-widget_type=\"text-editor.default\">\n\t\t\t\t<div class=\"elementor-widget-container\">\n\t\t\t\t\t\t\t\t\t<p data-start=\"404\" data-end=\"778\">Anal massage, like yoni and lingam massage, is a source of intense pleasure, deep relaxation, and healing experience. The anal area is highly sensitive, rich in nerve endings, and an erogenous zone in its own right. In combination with yoni or lingam, new and surprising combinations arise that can touch body and mind in a unique way.<\/p><p data-start=\"780\" data-end=\"1113\">Prostate massage often opens up a completely new dimension of pleasure for men. Because the prostate affects different nerve pathways than the penis, sensations arise that many men experience for the first time. The connection between the penis and prostate creates a powerful intensity that can bring profound ecstasy as well as healing.<\/p><p data-start=\"1115\" data-end=\"1555\">At the same time, the anal area is associated with shame or taboo for many people. In this seminar, you will have the opportunity to explore these boundaries in a safe and supportive environment, build trust, and learn the art of anal touch mindfully, respectfully, and intuitively. For couples as well as individuals, discovering anal massage is an enriching experience that deepens intimacy and expands access to one&#039;s own body.<\/p>\t\t\t\t\t\t\t\t<\/div>\n\t\t\t\t<\/div>\n\t\t\t\t<div class=\"elementor-element elementor-element-9f33152 elementor-invisible elementor-widget elementor-widget-heading\" data-id=\"9f33152\" data-element_type=\"widget\" data-e-type=\"widget\" data-settings=\"{&quot;_animation&quot;:&quot;fadeIn&quot;}\" data-widget_type=\"heading.default\">\n\t\t\t\t<div class=\"elementor-widget-container\">\n\t\t\t\t\t<h2 class=\"elementor-heading-title elementor-size-default\">Seminar content<\/h2>\t\t\t\t<\/div>\n\t\t\t\t<\/div>\n\t\t\t\t<div class=\"elementor-element elementor-element-9dd0243 elementor-invisible elementor-widget elementor-widget-text-editor\" data-id=\"9dd0243\" data-element_type=\"widget\" data-e-type=\"widget\" data-settings=\"{&quot;_animation&quot;:&quot;fadeIn&quot;}\" data-widget_type=\"text-editor.default\">\n\t\t\t\t<div class=\"elementor-widget-container\">\n\t\t\t\t\t\t\t\t\t<p data-start=\"1586\" data-end=\"1626\">Anatomy &amp; Functions of the Pelvic Floor<\/p><p data-start=\"1629\" data-end=\"1679\">Building trust and safety in anal massage<\/p><p data-start=\"1682\" data-end=\"1717\">Anal massage for women and men<\/p><p data-start=\"1720\" data-end=\"1761\">Prostate massage and its special features<\/p><p data-start=\"1764\" data-end=\"1805\">Connection of anus with lingam and yoni<\/p><p data-start=\"1808\" data-end=\"1848\">Positions &amp; Techniques of Anal Massage<\/p><p data-start=\"1851\" data-end=\"1897\">Mindful touch practice with partner exercises<\/p><p data-start=\"1900\" data-end=\"1943\">Breathing exercises, physical exercises &amp; meditations<\/p><p data-start=\"1946\" data-end=\"1984\">Opening and relaxing the pelvic floor<\/p><p data-start=\"1987\" data-end=\"2042\">Pleasure, healing, and transformation through anal contact<\/p>\t\t\t\t\t\t\t\t<\/div>\n\t\t\t\t<\/div>\n\t\t\t\t<div class=\"elementor-element elementor-element-6a963a1 elementor-invisible elementor-widget elementor-widget-heading\" data-id=\"6a963a1\" data-element_type=\"widget\" data-e-type=\"widget\" data-settings=\"{&quot;_animation&quot;:&quot;fadeIn&quot;}\" data-widget_type=\"heading.default\">\n\t\t\t\t<div class=\"elementor-widget-container\">\n\t\t\t\t\t<h2 class=\"elementor-heading-title elementor-size-default\">Who is this seminar suitable for?<\/h2>\t\t\t\t<\/div>\n\t\t\t\t<\/div>\n\t\t\t\t<div class=\"elementor-element elementor-element-9697e89 elementor-invisible elementor-widget elementor-widget-text-editor\" data-id=\"9697e89\" data-element_type=\"widget\" data-e-type=\"widget\" data-settings=\"{&quot;_animation&quot;:&quot;fadeIn&quot;}\" data-widget_type=\"text-editor.default\">\n\t\t\t\t<div class=\"elementor-widget-container\">\n\t\t\t\t\t\t\t\t\t<p data-start=\"2089\" data-end=\"2168\">People who want to deepen their competence and knowledge about sexuality<\/p><p data-start=\"2171\" data-end=\"2224\">Professional tantric masseurs and body therapists<\/p><p data-start=\"2171\" data-end=\"2224\">Couples and individuals who wish to explore the anal area respectfully and consciously.<\/p><p data-start=\"2171\" data-end=\"2224\">Anyone who wants to expand their touch skills and support competence<\/p>\t\t\t\t\t\t\t\t<\/div>\n\t\t\t\t<\/div>\n\t\t\t\t<div class=\"elementor-element elementor-element-794fef7 elementor-invisible elementor-widget elementor-widget-heading\" data-id=\"794fef7\" data-element_type=\"widget\" data-e-type=\"widget\" data-settings=\"{&quot;_animation&quot;:&quot;fadeIn&quot;}\" data-widget_type=\"heading.default\">\n\t\t\t\t<div class=\"elementor-widget-container\">\n\t\t\t\t\t<h2 class=\"elementor-heading-title elementor-size-default\">Requirements<\/h2>\t\t\t\t<\/div>\n\t\t\t\t<\/div>\n\t\t\t\t<div class=\"elementor-element elementor-element-9aa788c elementor-invisible elementor-widget elementor-widget-text-editor\" data-id=\"9aa788c\" data-element_type=\"widget\" data-e-type=\"widget\" data-settings=\"{&quot;_animation&quot;:&quot;fadeIn&quot;}\" data-widget_type=\"text-editor.default\">\n\t\t\t\t<div class=\"elementor-widget-container\">\n\t\t\t\t\t\t\t\t\t<p data-start=\"1972\" data-end=\"2032\">Participation in <strong data-start=\"1985\" data-end=\"2001\">Basic Module 1<\/strong> at <em data-start=\"2006\" data-end=\"2023\">Spiritual Touch<\/em><br data-start=\"2023\" data-end=\"2026\" \/>or a comparable basic tantric massage course at a recognized training institute<\/p>\t\t\t\t\t\t\t\t<\/div>\n\t\t\t\t<\/div>\n\t\t\t\t\t<\/div>\n\t\t\t\t<\/div>\n\t\t<div class=\"elementor-element elementor-element-b951e0d e-flex e-con-boxed e-con e-parent\" data-id=\"b951e0d\" data-element_type=\"container\" data-e-type=\"container\">\n\t\t\t\t\t<div class=\"e-con-inner\">\n\t\t<div class=\"elementor-element elementor-element-31c8058 e-con-full e-flex e-con e-child\" data-id=\"31c8058\" data-element_type=\"container\" data-e-type=\"container\">\n\t\t\t\t<div class=\"elementor-element elementor-element-d59378b elementor-invisible elementor-widget elementor-widget-heading\" data-id=\"d59378b\" data-element_type=\"widget\" data-e-type=\"widget\" data-settings=\"{&quot;_animation&quot;:&quot;fadeIn&quot;}\" data-widget_type=\"heading.default\">\n\t\t\t\t<div class=\"elementor-widget-container\">\n\t\t\t\t\t<h2 class=\"elementor-heading-title elementor-size-default\">Framework conditions<\/h2>\t\t\t\t<\/div>\n\t\t\t\t<\/div>\n\t\t\t\t<div class=\"elementor-element elementor-element-ef5ac81 elementor-invisible elementor-widget elementor-widget-text-editor\" data-id=\"ef5ac81\" data-element_type=\"widget\" data-e-type=\"widget\" data-settings=\"{&quot;_animation&quot;:&quot;fadeIn&quot;}\" data-widget_type=\"text-editor.default\">\n\t\t\t\t<div class=\"elementor-widget-container\">\n\t\t\t\t\t\t\t\t\t<p><span style=\"font-size: inherit; text-align: inherit; letter-spacing: -0.015em;\">The basic module lasts 6 days (Tue.\u2013Sun.) and forms the basis for all further advanced modules of the Tantra massage training.<\/span><\/p><p data-start=\"2251\" data-end=\"2263\"><strong data-start=\"2251\" data-end=\"2261\">Times<\/strong><\/p><p data-start=\"2266\" data-end=\"2304\">Thurs.\u2013Fri.: 10:00 \u2013 approx. 19:00\/20:00<\/p><p data-start=\"2307\" data-end=\"2351\">Saturday: ritual evening until approximately 11:00 PM<\/p><p data-start=\"2354\" data-end=\"2404\">Sunday: joint closing ceremony until approximately 3:00 pm<\/p><p data-start=\"2354\" data-end=\"2404\"><strong data-start=\"2825\" data-end=\"2836\">Notice<\/strong><br data-start=\"2836\" data-end=\"2839\" \/>All genders are welcome \u2013 we strive for the most balanced gender ratio possible.<br data-start=\"2943\" data-end=\"2946\" \/>Be aware that you won&#039;t always get the massage partner you want. But it will always be someone from whom you can learn something valuable about yourself.<\/p>\t\t\t\t\t\t\t\t<\/div>\n\t\t\t\t<\/div>\n\t\t\t\t<div class=\"elementor-element elementor-element-6825d6a elementor-invisible elementor-widget elementor-widget-heading\" data-id=\"6825d6a\" data-element_type=\"widget\" data-e-type=\"widget\" data-settings=\"{&quot;_animation&quot;:&quot;fadeIn&quot;}\" data-widget_type=\"heading.default\">\n\t\t\t\t<div class=\"elementor-widget-container\">\n\t\t\t\t\t<h3 class=\"elementor-heading-title elementor-size-default\">Seminar fee<\/h3>\t\t\t\t<\/div>\n\t\t\t\t<\/div>\n\t\t\t\t<div class=\"elementor-element elementor-element-9c169e3 elementor-invisible elementor-widget elementor-widget-text-editor\" data-id=\"9c169e3\" data-element_type=\"widget\" data-e-type=\"widget\" data-settings=\"{&quot;_animation&quot;:&quot;fadeIn&quot;}\" data-widget_type=\"text-editor.default\">\n\t\t\t\t<div class=\"elementor-widget-container\">\n\t\t\t\t\t\t\t\t\t<p>560.00 euros + voluntary contribution to support people with lower financial means<\/p>\t\t\t\t\t\t\t\t<\/div>\n\t\t\t\t<\/div>\n\t\t\t\t<div class=\"elementor-element elementor-element-c855327 elementor-invisible elementor-widget elementor-widget-heading\" data-id=\"c855327\" data-element_type=\"widget\" data-e-type=\"widget\" data-settings=\"{&quot;_animation&quot;:&quot;fadeIn&quot;}\" data-widget_type=\"heading.default\">\n\t\t\t\t<div class=\"elementor-widget-container\">\n\t\t\t\t\t<h3 class=\"elementor-heading-title elementor-size-default\">Accommodation<\/h3>\t\t\t\t<\/div>\n\t\t\t\t<\/div>\n\t\t\t\t<div class=\"elementor-element elementor-element-1eed749 elementor-invisible elementor-widget elementor-widget-text-editor\" data-id=\"1eed749\" data-element_type=\"widget\" data-e-type=\"widget\" data-settings=\"{&quot;_animation&quot;:&quot;fadeIn&quot;}\" data-widget_type=\"text-editor.default\">\n\t\t\t\t<div class=\"elementor-widget-container\">\n\t\t\t\t\t\t\t\t\t<p>Overnight stays at the practice are possible for \u20ac25.00 per person per night. Blankets, pillows, and bed linen are included.<\/p>\t\t\t\t\t\t\t\t<\/div>\n\t\t\t\t<\/div>\n\t\t\t\t<div class=\"elementor-element elementor-element-8d985cb elementor-invisible elementor-widget elementor-widget-heading\" data-id=\"8d985cb\" data-element_type=\"widget\" data-e-type=\"widget\" data-settings=\"{&quot;_animation&quot;:&quot;fadeIn&quot;}\" data-widget_type=\"heading.default\">\n\t\t\t\t<div class=\"elementor-widget-container\">\n\t\t\t\t\t<h3 class=\"elementor-heading-title elementor-size-default\">Catering<\/h3>\t\t\t\t<\/div>\n\t\t\t\t<\/div>\n\t\t\t\t<div class=\"elementor-element elementor-element-3879475 elementor-invisible elementor-widget elementor-widget-text-editor\" data-id=\"3879475\" data-element_type=\"widget\" data-e-type=\"widget\" data-settings=\"{&quot;_animation&quot;:&quot;fadeIn&quot;}\" data-widget_type=\"text-editor.default\">\n\t\t\t\t<div class=\"elementor-widget-container\">\n\t\t\t\t\t\t\t\t\t<p>Self-catering \u2013 the practice&#039;s kitchen is open to all participants.<\/p><p>Tea, coffee, small snacks and a small surprise for the ritual are included.\u00a0<\/p>\t\t\t\t\t\t\t\t<\/div>\n\t\t\t\t<\/div>\n\t\t\t\t<\/div>\n\t\t\t\t\t<\/div>\n\t\t\t\t<\/div>\n\t\t<div class=\"elementor-element elementor-element-8ffe7df e-flex e-con-boxed e-con e-parent\" data-id=\"8ffe7df\" data-element_type=\"container\" data-e-type=\"container\">\n\t\t\t\t\t<div class=\"e-con-inner\">\n\t\t\t\t<div class=\"elementor-element elementor-element-2d3023e elementor-align-center elementor-widget elementor-widget-button\" data-id=\"2d3023e\" data-element_type=\"widget\" data-e-type=\"widget\" data-widget_type=\"button.default\">\n\t\t\t\t<div class=\"elementor-widget-container\">\n\t\t\t\t\t\t\t\t\t<div class=\"elementor-button-wrapper\">\n\t\t\t\t\t<a class=\"elementor-button elementor-button-link elementor-size-sm elementor-animation-grow\" href=\"https:\/\/spiritual-touch.de\/en\/ta\/\">\n\t\t\t\t\t\t<span class=\"elementor-button-content-wrapper\">\n\t\t\t\t\t\t\t\t\t<span class=\"elementor-button-text\">Registration<\/span>\n\t\t\t\t\t<\/span>\n\t\t\t\t\t<\/a>\n\t\t\t\t<\/div>\n\t\t\t\t\t\t\t\t<\/div>\n\t\t\t\t<\/div>\n\t\t\t\t\t<\/div>\n\t\t\t\t<\/div>\n\t\t\t\t<\/div>","protected":false},"excerpt":{"rendered":"<p>Modul 3 \u2013 Anal &amp; Beckenboden Prostatamassage, Beckenbodenarbeit &amp; Schamthemen Die Analmassage ist \u2013 ebenso wie die Yoni- und Lingam-Massage \u2013 eine Quelle intensiver Lust, tiefer Entspannung und heilsamer Erfahrung. Der Analbereich ist hochsensibel, reich an Nervenenden und eine eigenst\u00e4ndige erogene Zone. In Verbindung mit Yoni oder Lingam entstehen neue, \u00fcberraschende Kombinationen, die K\u00f6rper und [&hellip;]<\/p>\n","protected":false},"author":1,"featured_media":0,"parent":0,"menu_order":36,"comment_status":"closed","ping_status":"closed","template":"","meta":{"footnotes":""},"class_list":["post-18878","page","type-page","status-publish","hentry"],"yoast_head":"<!-- This site is optimized with the Yoast SEO Premium plugin v24.7 (Yoast SEO v27.5) - https:\/\/yoast.com\/product\/yoast-seo-premium-wordpress\/ -->\n<title>Anal &amp; Beckenboden - Spiritual Touch<\/title>\n<meta name=\"description\" content=\"Modul 3 der Tantramassage-Ausbildung. Das Anal &amp; Beckenboden-Seminar. Liebevoll und achtsam leiten wir Dich durch dieses aufregende Thema\" \/>\n<meta name=\"robots\" content=\"index, follow, max-snippet:-1, max-image-preview:large, max-video-preview:-1\" \/>\n<link rel=\"canonical\" href=\"https:\/\/spiritual-touch.de\/en\/analbeckenboden\/\" \/>\n<meta property=\"og:locale\" content=\"en_GB\" \/>\n<meta property=\"og:type\" content=\"article\" \/>\n<meta property=\"og:title\" content=\"Anal &amp; Beckenboden\" \/>\n<meta property=\"og:description\" content=\"Modul 3 der Tantramassage-Ausbildung. Das Anal &amp; Beckenboden-Seminar. Liebevoll und achtsam leiten wir Dich durch dieses aufregende Thema\" \/>\n<meta property=\"og:url\" content=\"https:\/\/spiritual-touch.de\/en\/analbeckenboden\/\" \/>\n<meta property=\"og:site_name\" content=\"Spiritual Touch\" \/>\n<meta property=\"article:publisher\" content=\"https:\/\/www.facebook.com\/profile.php?id=100057105473672\" \/>\n<meta property=\"article:modified_time\" content=\"2025-10-02T09:53:56+00:00\" \/>\n<meta name=\"twitter:card\" content=\"summary_large_image\" \/>\n<meta name=\"twitter:label1\" content=\"Estimated reading time\" \/>\n\t<meta name=\"twitter:data1\" content=\"3 minutes\" \/>\n<script type=\"application\/ld+json\" class=\"yoast-schema-graph\">{\"@context\":\"https:\\\/\\\/schema.org\",\"@graph\":[{\"@type\":\"WebPage\",\"@id\":\"https:\\\/\\\/spiritual-touch.de\\\/analbeckenboden\\\/\",\"url\":\"https:\\\/\\\/spiritual-touch.de\\\/analbeckenboden\\\/\",\"name\":\"Anal & Beckenboden - Spiritual Touch\",\"isPartOf\":{\"@id\":\"https:\\\/\\\/spiritual-touch.de\\\/#website\"},\"datePublished\":\"2024-02-04T10:42:01+00:00\",\"dateModified\":\"2025-10-02T09:53:56+00:00\",\"description\":\"Modul 3 der Tantramassage-Ausbildung. Das Anal & Beckenboden-Seminar. Liebevoll und achtsam leiten wir Dich durch dieses aufregende Thema\",\"breadcrumb\":{\"@id\":\"https:\\\/\\\/spiritual-touch.de\\\/analbeckenboden\\\/#breadcrumb\"},\"inLanguage\":\"en-GB\",\"potentialAction\":[{\"@type\":\"ReadAction\",\"target\":[\"https:\\\/\\\/spiritual-touch.de\\\/analbeckenboden\\\/\"]}]},{\"@type\":\"BreadcrumbList\",\"@id\":\"https:\\\/\\\/spiritual-touch.de\\\/analbeckenboden\\\/#breadcrumb\",\"itemListElement\":[{\"@type\":\"ListItem\",\"position\":1,\"name\":\"Startseite\",\"item\":\"https:\\\/\\\/spiritual-touch.de\\\/\"},{\"@type\":\"ListItem\",\"position\":2,\"name\":\"Anal &#038; Beckenboden\"}]},{\"@type\":\"WebSite\",\"@id\":\"https:\\\/\\\/spiritual-touch.de\\\/#website\",\"url\":\"https:\\\/\\\/spiritual-touch.de\\\/\",\"name\":\"Tantramassage M\u00fcnchen\",\"description\":\"Tantra Massage M\u00fcnchen\",\"publisher\":{\"@id\":\"https:\\\/\\\/spiritual-touch.de\\\/#organization\"},\"potentialAction\":[{\"@type\":\"SearchAction\",\"target\":{\"@type\":\"EntryPoint\",\"urlTemplate\":\"https:\\\/\\\/spiritual-touch.de\\\/?s={search_term_string}\"},\"query-input\":{\"@type\":\"PropertyValueSpecification\",\"valueRequired\":true,\"valueName\":\"search_term_string\"}}],\"inLanguage\":\"en-GB\"},{\"@type\":\"Organization\",\"@id\":\"https:\\\/\\\/spiritual-touch.de\\\/#organization\",\"name\":\"Spiritual Touch\",\"url\":\"https:\\\/\\\/spiritual-touch.de\\\/\",\"logo\":{\"@type\":\"ImageObject\",\"inLanguage\":\"en-GB\",\"@id\":\"https:\\\/\\\/spiritual-touch.de\\\/#\\\/schema\\\/logo\\\/image\\\/\",\"url\":\"https:\\\/\\\/spiritual-touch.de\\\/wp-content\\\/uploads\\\/2024\\\/01\\\/Heart.png\",\"contentUrl\":\"https:\\\/\\\/spiritual-touch.de\\\/wp-content\\\/uploads\\\/2024\\\/01\\\/Heart.png\",\"width\":500,\"height\":500,\"caption\":\"Spiritual Touch\"},\"image\":{\"@id\":\"https:\\\/\\\/spiritual-touch.de\\\/#\\\/schema\\\/logo\\\/image\\\/\"},\"sameAs\":[\"https:\\\/\\\/www.facebook.com\\\/profile.php?id=100057105473672\",\"https:\\\/\\\/www.instagram.com\\\/praxis_spiritual_touch\\\/\"]}]}<\/script>\n<!-- \/ Yoast SEO Premium plugin. -->","yoast_head_json":{"title":"Anal & Beckenboden - Spiritual Touch","description":"Modul 3 der Tantramassage-Ausbildung. Das Anal & Beckenboden-Seminar. Liebevoll und achtsam leiten wir Dich durch dieses aufregende Thema","robots":{"index":"index","follow":"follow","max-snippet":"max-snippet:-1","max-image-preview":"max-image-preview:large","max-video-preview":"max-video-preview:-1"},"canonical":"https:\/\/spiritual-touch.de\/en\/analbeckenboden\/","og_locale":"en_GB","og_type":"article","og_title":"Anal & Beckenboden","og_description":"Modul 3 der Tantramassage-Ausbildung. Das Anal & Beckenboden-Seminar. Liebevoll und achtsam leiten wir Dich durch dieses aufregende Thema","og_url":"https:\/\/spiritual-touch.de\/en\/analbeckenboden\/","og_site_name":"Spiritual Touch","article_publisher":"https:\/\/www.facebook.com\/profile.php?id=100057105473672","article_modified_time":"2025-10-02T09:53:56+00:00","twitter_card":"summary_large_image","twitter_misc":{"Estimated reading time":"3 minutes"},"schema":{"@context":"https:\/\/schema.org","@graph":[{"@type":"WebPage","@id":"https:\/\/spiritual-touch.de\/analbeckenboden\/","url":"https:\/\/spiritual-touch.de\/analbeckenboden\/","name":"Anal & Beckenboden - Spiritual Touch","isPartOf":{"@id":"https:\/\/spiritual-touch.de\/#website"},"datePublished":"2024-02-04T10:42:01+00:00","dateModified":"2025-10-02T09:53:56+00:00","description":"Modul 3 der Tantramassage-Ausbildung. Das Anal & Beckenboden-Seminar. Liebevoll und achtsam leiten wir Dich durch dieses aufregende Thema","breadcrumb":{"@id":"https:\/\/spiritual-touch.de\/analbeckenboden\/#breadcrumb"},"inLanguage":"en-GB","potentialAction":[{"@type":"ReadAction","target":["https:\/\/spiritual-touch.de\/analbeckenboden\/"]}]},{"@type":"BreadcrumbList","@id":"https:\/\/spiritual-touch.de\/analbeckenboden\/#breadcrumb","itemListElement":[{"@type":"ListItem","position":1,"name":"Startseite","item":"https:\/\/spiritual-touch.de\/"},{"@type":"ListItem","position":2,"name":"Anal &#038; Beckenboden"}]},{"@type":"WebSite","@id":"https:\/\/spiritual-touch.de\/#website","url":"https:\/\/spiritual-touch.de\/","name":"Tantra massage Munich","description":"Tantra Massage Munich","publisher":{"@id":"https:\/\/spiritual-touch.de\/#organization"},"potentialAction":[{"@type":"SearchAction","target":{"@type":"EntryPoint","urlTemplate":"https:\/\/spiritual-touch.de\/?s={search_term_string}"},"query-input":{"@type":"PropertyValueSpecification","valueRequired":true,"valueName":"search_term_string"}}],"inLanguage":"en-GB"},{"@type":"Organization","@id":"https:\/\/spiritual-touch.de\/#organization","name":"Spiritual Touch","url":"https:\/\/spiritual-touch.de\/","logo":{"@type":"ImageObject","inLanguage":"en-GB","@id":"https:\/\/spiritual-touch.de\/#\/schema\/logo\/image\/","url":"https:\/\/spiritual-touch.de\/wp-content\/uploads\/2024\/01\/Heart.png","contentUrl":"https:\/\/spiritual-touch.de\/wp-content\/uploads\/2024\/01\/Heart.png","width":500,"height":500,"caption":"Spiritual Touch"},"image":{"@id":"https:\/\/spiritual-touch.de\/#\/schema\/logo\/image\/"},"sameAs":["https:\/\/www.facebook.com\/profile.php?id=100057105473672","https:\/\/www.instagram.com\/praxis_spiritual_touch\/"]}]}},"_links":{"self":[{"href":"https:\/\/spiritual-touch.de\/en\/wp-json\/wp\/v2\/pages\/18878","targetHints":{"allow":["GET"]}}],"collection":[{"href":"https:\/\/spiritual-touch.de\/en\/wp-json\/wp\/v2\/pages"}],"about":[{"href":"https:\/\/spiritual-touch.de\/en\/wp-json\/wp\/v2\/types\/page"}],"author":[{"embeddable":true,"href":"https:\/\/spiritual-touch.de\/en\/wp-json\/wp\/v2\/users\/1"}],"replies":[{"embeddable":true,"href":"https:\/\/spiritual-touch.de\/en\/wp-json\/wp\/v2\/comments?post=18878"}],"version-history":[{"count":32,"href":"https:\/\/spiritual-touch.de\/en\/wp-json\/wp\/v2\/pages\/18878\/revisions"}],"predecessor-version":[{"id":22530,"href":"https:\/\/spiritual-touch.de\/en\/wp-json\/wp\/v2\/pages\/18878\/revisions\/22530"}],"wp:attachment":[{"href":"https:\/\/spiritual-touch.de\/en\/wp-json\/wp\/v2\/media?parent=18878"}],"curies":[{"name":"wp","href":"https:\/\/api.w.org\/{rel}","templated":true}]}}