{"id":18798,"date":"2024-02-03T21:47:23","date_gmt":"2024-02-03T21:47:23","guid":{"rendered":"https:\/\/spiritual-touch.de\/?page_id=18798"},"modified":"2026-02-17T09:52:09","modified_gmt":"2026-02-17T08:52:09","slug":"konstantin","status":"publish","type":"page","link":"https:\/\/spiritual-touch.de\/en\/praxis\/team\/konstantin\/","title":{"rendered":"Konstantin &#8211; Tantramasseur bei Spiritual Touch M\u00fcnchen"},"content":{"rendered":"<div data-elementor-type=\"wp-page\" data-elementor-id=\"18798\" class=\"elementor elementor-18798\" data-elementor-post-type=\"page\">\n\t\t\t\t<div class=\"elementor-element elementor-element-479a529 e-flex e-con-boxed e-con e-parent\" data-id=\"479a529\" data-element_type=\"container\" data-e-type=\"container\">\n\t\t\t\t\t<div class=\"e-con-inner\">\n\t\t\t\t<div class=\"elementor-element elementor-element-4a88d83 elementor-widget elementor-widget-heading\" data-id=\"4a88d83\" data-element_type=\"widget\" data-e-type=\"widget\" data-widget_type=\"heading.default\">\n\t\t\t\t<div class=\"elementor-widget-container\">\n\t\t\t\t\t<h1 class=\"elementor-heading-title elementor-size-default\">Konstantin<\/h1>\t\t\t\t<\/div>\n\t\t\t\t<\/div>\n\t\t\t\t\t<\/div>\n\t\t\t\t<\/div>\n\t\t<div class=\"elementor-element elementor-element-1b26b30 e-flex e-con-boxed e-con e-parent\" data-id=\"1b26b30\" data-element_type=\"container\" data-e-type=\"container\">\n\t\t\t\t\t<div class=\"e-con-inner\">\n\t\t\t\t<div class=\"elementor-element elementor-element-ddc68d9 elementor-widget elementor-widget-image\" data-id=\"ddc68d9\" data-element_type=\"widget\" data-e-type=\"widget\" data-widget_type=\"image.default\">\n\t\t\t\t<div class=\"elementor-widget-container\">\n\t\t\t\t\t\t\t\t\t\t\t\t\t\t\t<img fetchpriority=\"high\" decoding=\"async\" width=\"600\" height=\"800\" src=\"https:\/\/spiritual-touch.de\/wp-content\/uploads\/2024\/02\/Konstantin-13-e1655419275969-600x800-1.jpg\" class=\"attachment-medium size-medium wp-image-18801\" alt=\"Konstantin Tantramassage M\u00fcnchen\" \/>\t\t\t\t\t\t\t\t\t\t\t\t\t\t\t<\/div>\n\t\t\t\t<\/div>\n\t\t\t\t\t<\/div>\n\t\t\t\t<\/div>\n\t\t<div class=\"elementor-element elementor-element-fb818e4 e-flex e-con-boxed e-con e-parent\" data-id=\"fb818e4\" data-element_type=\"container\" data-e-type=\"container\">\n\t\t\t\t\t<div class=\"e-con-inner\">\n\t\t\t\t<div class=\"elementor-element elementor-element-b967283 elementor-widget elementor-widget-text-editor\" data-id=\"b967283\" data-element_type=\"widget\" data-e-type=\"widget\" data-widget_type=\"text-editor.default\">\n\t\t\t\t<div class=\"elementor-widget-container\">\n\t\t\t\t\t\t\t\t\t<p>Tantric massage is one of the few ways to experience yourself in a completely new way, free from role constraints and behavioral patterns. Embedded in a ritual of reverence, you, as the recipient, are at the center of attentive, non-judgmental, and loving touch. And when you allow yourself to be touched, this can initiate a healing process for mind and body that continues to have an effect in your everyday life.<\/p><p>Tantric massage is an invitation to a journey of discovery. A journey to your own body, on which I will accompany you and attend to your needs. You are invited to let go and enjoy. And during the massage, you can experience that your body is not a burden, but a celebration.<\/p><p>During the massage, I dedicate myself to your service and am delighted if I succeed in transporting you to yourself.<br \/>In sexual coaching, which is based on the somatic learning approach I learned during my training as a Sexological Bodyworker, I accompany you on your individual learning process, which aims to lead you to a more authentic, freer, and happier sexuality. Our conversations about your sexual experiences are enriched by guided bodywork (breathing, movement, voice, and conscious body awareness), reflective touch, and jointly agreed-upon learning tasks that you can work on alone or with your partner between sessions.<\/p><p><strong>Education:<\/strong><\/p>\t\t\t\t\t\t\t\t<\/div>\n\t\t\t\t<\/div>\n\t\t\t\t\t<\/div>\n\t\t\t\t<\/div>\n\t\t<div class=\"elementor-element elementor-element-3d37584 e-flex e-con-boxed e-con e-parent\" data-id=\"3d37584\" data-element_type=\"container\" data-e-type=\"container\">\n\t\t\t\t\t<div class=\"e-con-inner\">\n\t\t\t\t<div class=\"elementor-element elementor-element-7288330 elementor-invisible elementor-widget elementor-widget-heading\" data-id=\"7288330\" data-element_type=\"widget\" data-e-type=\"widget\" data-settings=\"{&quot;_animation&quot;:&quot;fadeIn&quot;}\" data-widget_type=\"heading.default\">\n\t\t\t\t<div class=\"elementor-widget-container\">\n\t\t\t\t\t<h2 class=\"elementor-heading-title elementor-size-default\">Konstantin will accompany you in the following formats:<\/h2>\t\t\t\t<\/div>\n\t\t\t\t<\/div>\n\t\t\t\t<div class=\"elementor-element elementor-element-566a25c elementor-invisible elementor-widget elementor-widget-text-editor\" data-id=\"566a25c\" data-element_type=\"widget\" data-e-type=\"widget\" data-settings=\"{&quot;_animation&quot;:&quot;fadeIn&quot;}\" data-widget_type=\"text-editor.default\">\n\t\t\t\t<div class=\"elementor-widget-container\">\n\t\t\t\t\t\t\t\t\t<p><a href=\"https:\/\/spiritual-touch.de\/en\/praxis\/einzelarbeit\/korperarbeit-massagen\/massagen-tantramassage\/\" target=\"_blank\" rel=\"noopener\">Intuitive tantric massage for all genders<\/a> (especially LGBTQIA2S+)<\/p><p><a href=\"https:\/\/spiritual-touch.de\/en\/praxis\/einzelarbeit\/korperarbeit-massagen\/sexological-bodywork\/\" target=\"_blank\" rel=\"noopener\">intuitive bodywork (Sexological Bodywork)<\/a><\/p><p><a href=\"https:\/\/spiritual-touch.de\/en\/praxis\/einzelarbeit\/korperarbeit-massagen\/massagen-tantramassage\/#paare\" target=\"_blank\" rel=\"noopener\">Couples massages<\/a><\/p><p><a href=\"https:\/\/spiritual-touch.de\/en\/praxis\/paare\/ritual-zu-dritt\/\" target=\"_blank\" rel=\"noopener\">Ritual for three<\/a><\/p><p><a href=\"https:\/\/spiritual-touch.de\/en\/praxis\/beruhrungsworkshop\/\" target=\"_blank\" rel=\"noopener\">Touch workshops<\/a><\/p>\t\t\t\t\t\t\t\t<\/div>\n\t\t\t\t<\/div>\n\t\t\t\t\t<\/div>\n\t\t\t\t<\/div>\n\t\t<div class=\"elementor-element elementor-element-4fc6084 e-flex e-con-boxed e-con e-parent\" data-id=\"4fc6084\" data-element_type=\"container\" data-e-type=\"container\">\n\t\t\t\t\t<div class=\"e-con-inner\">\n\t\t\t\t<div class=\"elementor-element elementor-element-0da5c07 elementor-widget elementor-widget-heading\" data-id=\"0da5c07\" data-element_type=\"widget\" data-e-type=\"widget\" data-widget_type=\"heading.default\">\n\t\t\t\t<div class=\"elementor-widget-container\">\n\t\t\t\t\t<h2 class=\"elementor-heading-title elementor-size-default\">Training<\/h2>\t\t\t\t<\/div>\n\t\t\t\t<\/div>\n\t\t\t\t<div class=\"elementor-element elementor-element-1aeb1ce elementor-widget elementor-widget-text-editor\" data-id=\"1aeb1ce\" data-element_type=\"widget\" data-e-type=\"widget\" data-widget_type=\"text-editor.default\">\n\t\t\t\t<div class=\"elementor-widget-container\">\n\t\t\t\t\t\t\t\t\t<p>Health practitioner (BfG) for sexual culture<br \/>Sexological Bodyworker (IISB)<br \/>Thai yoga massage (Sunshine Network)<br \/>Tantric massage (TMV)<br \/>Systemic Management Coaching (SMC)<br \/>Master of Arts (German Studies, Theatre Studies, Education)<\/p>\t\t\t\t\t\t\t\t<\/div>\n\t\t\t\t<\/div>\n\t\t\t\t\t<\/div>\n\t\t\t\t<\/div>\n\t\t<div class=\"elementor-element elementor-element-50f3c8b e-flex e-con-boxed e-con e-parent\" data-id=\"50f3c8b\" data-element_type=\"container\" data-e-type=\"container\">\n\t\t\t\t\t<div class=\"e-con-inner\">\n\t\t\t\t<div class=\"elementor-element elementor-element-44bf790 elementor-widget elementor-widget-global elementor-global-23856 elementor-widget-text-editor\" data-id=\"44bf790\" data-element_type=\"widget\" data-e-type=\"widget\" data-widget_type=\"text-editor.default\">\n\t\t\t\t<div class=\"elementor-widget-container\">\n\t\t\t\t\t\t\t\t\t<p>\u2192 To <a href=\"https:\/\/spiritual-touch.de\/en\/praxis\/team\/\">team<\/a><br data-start=\"4490\" data-end=\"4493\" \/>\u2192 To <a href=\"https:\/\/spiritual-touch.de\/en\/kontakt\/\" target=\"_blank\" rel=\"noopener\">free initial consultation<\/a><br \/>\u2192 Go directly to <a href=\"https:\/\/spiritual-touch.de\/en\/buchungsformular\/\" target=\"_blank\" rel=\"noopener\">Appointment booking<\/a><\/p>\t\t\t\t\t\t\t\t<\/div>\n\t\t\t\t<\/div>\n\t\t\t\t\t<\/div>\n\t\t\t\t<\/div>\n\t\t\t\t<\/div>","protected":false},"excerpt":{"rendered":"<p>Konstantin Die Tantramassage ist eine der wenigen M\u00f6glichkeiten, dich fern von Rollenzw\u00e4ngen und Verhaltensmustern v\u00f6llig neu zu erfahren.\u00a0Eingebettet in ein Verehrungsritual stehst du als Empfangende(r) im Zentrum zugewandter, absichtsloser und liebevoller Ber\u00fchrung. Und wenn du dich ber\u00fchren l\u00e4sst, kann dies f\u00fcr Geist und K\u00f6rper einen heilsamen Prozess in Gang setzen, der in deinem Alltag weiterwirkt. [&hellip;]<\/p>\n","protected":false},"author":1,"featured_media":0,"parent":23613,"menu_order":6,"comment_status":"closed","ping_status":"closed","template":"","meta":{"footnotes":""},"class_list":["post-18798","page","type-page","status-publish","hentry"],"yoast_head":"<!-- This site is optimized with the Yoast SEO Premium plugin v24.7 (Yoast SEO v27.5) - https:\/\/yoast.com\/product\/yoast-seo-premium-wordpress\/ -->\n<title>Konstantin - Tantramasseur bei Spiritual Touch M\u00fcnchen -<\/title>\n<meta name=\"description\" content=\"Konstantin begleitet dich bei Spiritual Touch in M\u00fcnchen mit achtsamer Tantramassage, intutiver K\u00f6rperarbeit, Pr\u00e4senz und feiner Ber\u00fchrungsqualit\u00e4t. Mehr \u00fcber seine Ausbildung, Schwerpunkte und Haltung.\" \/>\n<meta name=\"robots\" content=\"index, follow, max-snippet:-1, max-image-preview:large, max-video-preview:-1\" \/>\n<link rel=\"canonical\" href=\"https:\/\/spiritual-touch.de\/en\/praxis\/team\/konstantin\/\" \/>\n<meta property=\"og:locale\" content=\"en_GB\" \/>\n<meta property=\"og:type\" content=\"article\" \/>\n<meta property=\"og:title\" content=\"Konstantin - Tantramasseur bei Spiritual Touch M\u00fcnchen\" \/>\n<meta property=\"og:description\" content=\"Konstantin begleitet dich bei Spiritual Touch in M\u00fcnchen mit achtsamer Tantramassage, intutiver K\u00f6rperarbeit, Pr\u00e4senz und feiner Ber\u00fchrungsqualit\u00e4t. Mehr \u00fcber seine Ausbildung, Schwerpunkte und Haltung.\" \/>\n<meta property=\"og:url\" content=\"https:\/\/spiritual-touch.de\/en\/praxis\/team\/konstantin\/\" \/>\n<meta property=\"og:site_name\" content=\"Spiritual Touch\" \/>\n<meta property=\"article:publisher\" content=\"https:\/\/www.facebook.com\/profile.php?id=100057105473672\" \/>\n<meta property=\"article:modified_time\" content=\"2026-02-17T08:52:09+00:00\" \/>\n<meta property=\"og:image\" content=\"https:\/\/spiritual-touch.de\/wp-content\/uploads\/2024\/02\/Konstantin-13-e1655419275969-600x800-1.jpg\" \/>\n\t<meta property=\"og:image:width\" content=\"600\" \/>\n\t<meta property=\"og:image:height\" content=\"800\" \/>\n\t<meta property=\"og:image:type\" content=\"image\/jpeg\" \/>\n<meta name=\"twitter:card\" content=\"summary_large_image\" \/>\n<meta name=\"twitter:label1\" content=\"Estimated reading time\" \/>\n\t<meta name=\"twitter:data1\" content=\"2 minutes\" \/>\n<script type=\"application\/ld+json\" class=\"yoast-schema-graph\">{\"@context\":\"https:\\\/\\\/schema.org\",\"@graph\":[{\"@type\":\"WebPage\",\"@id\":\"https:\\\/\\\/spiritual-touch.de\\\/praxis\\\/team\\\/konstantin\\\/\",\"url\":\"https:\\\/\\\/spiritual-touch.de\\\/praxis\\\/team\\\/konstantin\\\/\",\"name\":\"Konstantin - Tantramasseur bei Spiritual Touch M\u00fcnchen -\",\"isPartOf\":{\"@id\":\"https:\\\/\\\/spiritual-touch.de\\\/#website\"},\"primaryImageOfPage\":{\"@id\":\"https:\\\/\\\/spiritual-touch.de\\\/praxis\\\/team\\\/konstantin\\\/#primaryimage\"},\"image\":{\"@id\":\"https:\\\/\\\/spiritual-touch.de\\\/praxis\\\/team\\\/konstantin\\\/#primaryimage\"},\"thumbnailUrl\":\"https:\\\/\\\/spiritual-touch.de\\\/wp-content\\\/uploads\\\/2024\\\/02\\\/Konstantin-13-e1655419275969-600x800-1.jpg\",\"datePublished\":\"2024-02-03T21:47:23+00:00\",\"dateModified\":\"2026-02-17T08:52:09+00:00\",\"description\":\"Konstantin begleitet dich bei Spiritual Touch in M\u00fcnchen mit achtsamer Tantramassage, intutiver K\u00f6rperarbeit, Pr\u00e4senz und feiner Ber\u00fchrungsqualit\u00e4t. Mehr \u00fcber seine Ausbildung, Schwerpunkte und Haltung.\",\"breadcrumb\":{\"@id\":\"https:\\\/\\\/spiritual-touch.de\\\/praxis\\\/team\\\/konstantin\\\/#breadcrumb\"},\"inLanguage\":\"en-GB\",\"potentialAction\":[{\"@type\":\"ReadAction\",\"target\":[\"https:\\\/\\\/spiritual-touch.de\\\/praxis\\\/team\\\/konstantin\\\/\"]}]},{\"@type\":\"ImageObject\",\"inLanguage\":\"en-GB\",\"@id\":\"https:\\\/\\\/spiritual-touch.de\\\/praxis\\\/team\\\/konstantin\\\/#primaryimage\",\"url\":\"https:\\\/\\\/spiritual-touch.de\\\/wp-content\\\/uploads\\\/2024\\\/02\\\/Konstantin-13-e1655419275969-600x800-1.jpg\",\"contentUrl\":\"https:\\\/\\\/spiritual-touch.de\\\/wp-content\\\/uploads\\\/2024\\\/02\\\/Konstantin-13-e1655419275969-600x800-1.jpg\"},{\"@type\":\"BreadcrumbList\",\"@id\":\"https:\\\/\\\/spiritual-touch.de\\\/praxis\\\/team\\\/konstantin\\\/#breadcrumb\",\"itemListElement\":[{\"@type\":\"ListItem\",\"position\":1,\"name\":\"Startseite\",\"item\":\"https:\\\/\\\/spiritual-touch.de\\\/\"},{\"@type\":\"ListItem\",\"position\":2,\"name\":\"Tantramassage &#038; K\u00f6rperarbeit in M\u00fcnchen | Spiritual Touch\",\"item\":\"https:\\\/\\\/spiritual-touch.de\\\/\"},{\"@type\":\"ListItem\",\"position\":3,\"name\":\"Team der Praxis Spiritual Touch in M\u00fcnchen\",\"item\":\"https:\\\/\\\/spiritual-touch.de\\\/praxis\\\/team\\\/\"},{\"@type\":\"ListItem\",\"position\":4,\"name\":\"Konstantin &#8211; Tantramasseur bei Spiritual Touch M\u00fcnchen\"}]},{\"@type\":\"WebSite\",\"@id\":\"https:\\\/\\\/spiritual-touch.de\\\/#website\",\"url\":\"https:\\\/\\\/spiritual-touch.de\\\/\",\"name\":\"Tantramassage M\u00fcnchen\",\"description\":\"Tantra Massage M\u00fcnchen\",\"publisher\":{\"@id\":\"https:\\\/\\\/spiritual-touch.de\\\/#organization\"},\"potentialAction\":[{\"@type\":\"SearchAction\",\"target\":{\"@type\":\"EntryPoint\",\"urlTemplate\":\"https:\\\/\\\/spiritual-touch.de\\\/?s={search_term_string}\"},\"query-input\":{\"@type\":\"PropertyValueSpecification\",\"valueRequired\":true,\"valueName\":\"search_term_string\"}}],\"inLanguage\":\"en-GB\"},{\"@type\":\"Organization\",\"@id\":\"https:\\\/\\\/spiritual-touch.de\\\/#organization\",\"name\":\"Spiritual Touch\",\"url\":\"https:\\\/\\\/spiritual-touch.de\\\/\",\"logo\":{\"@type\":\"ImageObject\",\"inLanguage\":\"en-GB\",\"@id\":\"https:\\\/\\\/spiritual-touch.de\\\/#\\\/schema\\\/logo\\\/image\\\/\",\"url\":\"https:\\\/\\\/spiritual-touch.de\\\/wp-content\\\/uploads\\\/2024\\\/01\\\/Heart.png\",\"contentUrl\":\"https:\\\/\\\/spiritual-touch.de\\\/wp-content\\\/uploads\\\/2024\\\/01\\\/Heart.png\",\"width\":500,\"height\":500,\"caption\":\"Spiritual Touch\"},\"image\":{\"@id\":\"https:\\\/\\\/spiritual-touch.de\\\/#\\\/schema\\\/logo\\\/image\\\/\"},\"sameAs\":[\"https:\\\/\\\/www.facebook.com\\\/profile.php?id=100057105473672\",\"https:\\\/\\\/www.instagram.com\\\/praxis_spiritual_touch\\\/\"]}]}<\/script>\n<!-- \/ Yoast SEO Premium plugin. -->","yoast_head_json":{"title":"Konstantin - Tantramasseur bei Spiritual Touch M\u00fcnchen -","description":"Konstantin begleitet dich bei Spiritual Touch in M\u00fcnchen mit achtsamer Tantramassage, intutiver K\u00f6rperarbeit, Pr\u00e4senz und feiner Ber\u00fchrungsqualit\u00e4t. Mehr \u00fcber seine Ausbildung, Schwerpunkte und Haltung.","robots":{"index":"index","follow":"follow","max-snippet":"max-snippet:-1","max-image-preview":"max-image-preview:large","max-video-preview":"max-video-preview:-1"},"canonical":"https:\/\/spiritual-touch.de\/en\/praxis\/team\/konstantin\/","og_locale":"en_GB","og_type":"article","og_title":"Konstantin - Tantramasseur bei Spiritual Touch M\u00fcnchen","og_description":"Konstantin begleitet dich bei Spiritual Touch in M\u00fcnchen mit achtsamer Tantramassage, intutiver K\u00f6rperarbeit, Pr\u00e4senz und feiner Ber\u00fchrungsqualit\u00e4t. Mehr \u00fcber seine Ausbildung, Schwerpunkte und Haltung.","og_url":"https:\/\/spiritual-touch.de\/en\/praxis\/team\/konstantin\/","og_site_name":"Spiritual Touch","article_publisher":"https:\/\/www.facebook.com\/profile.php?id=100057105473672","article_modified_time":"2026-02-17T08:52:09+00:00","og_image":[{"width":600,"height":800,"url":"https:\/\/spiritual-touch.de\/wp-content\/uploads\/2024\/02\/Konstantin-13-e1655419275969-600x800-1.jpg","type":"image\/jpeg"}],"twitter_card":"summary_large_image","twitter_misc":{"Estimated reading time":"2 minutes"},"schema":{"@context":"https:\/\/schema.org","@graph":[{"@type":"WebPage","@id":"https:\/\/spiritual-touch.de\/praxis\/team\/konstantin\/","url":"https:\/\/spiritual-touch.de\/praxis\/team\/konstantin\/","name":"Konstantin - Tantramasseur bei Spiritual Touch M\u00fcnchen -","isPartOf":{"@id":"https:\/\/spiritual-touch.de\/#website"},"primaryImageOfPage":{"@id":"https:\/\/spiritual-touch.de\/praxis\/team\/konstantin\/#primaryimage"},"image":{"@id":"https:\/\/spiritual-touch.de\/praxis\/team\/konstantin\/#primaryimage"},"thumbnailUrl":"https:\/\/spiritual-touch.de\/wp-content\/uploads\/2024\/02\/Konstantin-13-e1655419275969-600x800-1.jpg","datePublished":"2024-02-03T21:47:23+00:00","dateModified":"2026-02-17T08:52:09+00:00","description":"Konstantin begleitet dich bei Spiritual Touch in M\u00fcnchen mit achtsamer Tantramassage, intutiver K\u00f6rperarbeit, Pr\u00e4senz und feiner Ber\u00fchrungsqualit\u00e4t. Mehr \u00fcber seine Ausbildung, Schwerpunkte und Haltung.","breadcrumb":{"@id":"https:\/\/spiritual-touch.de\/praxis\/team\/konstantin\/#breadcrumb"},"inLanguage":"en-GB","potentialAction":[{"@type":"ReadAction","target":["https:\/\/spiritual-touch.de\/praxis\/team\/konstantin\/"]}]},{"@type":"ImageObject","inLanguage":"en-GB","@id":"https:\/\/spiritual-touch.de\/praxis\/team\/konstantin\/#primaryimage","url":"https:\/\/spiritual-touch.de\/wp-content\/uploads\/2024\/02\/Konstantin-13-e1655419275969-600x800-1.jpg","contentUrl":"https:\/\/spiritual-touch.de\/wp-content\/uploads\/2024\/02\/Konstantin-13-e1655419275969-600x800-1.jpg"},{"@type":"BreadcrumbList","@id":"https:\/\/spiritual-touch.de\/praxis\/team\/konstantin\/#breadcrumb","itemListElement":[{"@type":"ListItem","position":1,"name":"Startseite","item":"https:\/\/spiritual-touch.de\/"},{"@type":"ListItem","position":2,"name":"Tantramassage &#038; K\u00f6rperarbeit in M\u00fcnchen | Spiritual Touch","item":"https:\/\/spiritual-touch.de\/"},{"@type":"ListItem","position":3,"name":"Team der Praxis Spiritual Touch in M\u00fcnchen","item":"https:\/\/spiritual-touch.de\/praxis\/team\/"},{"@type":"ListItem","position":4,"name":"Konstantin &#8211; Tantramasseur bei Spiritual Touch M\u00fcnchen"}]},{"@type":"WebSite","@id":"https:\/\/spiritual-touch.de\/#website","url":"https:\/\/spiritual-touch.de\/","name":"Tantra massage Munich","description":"Tantra Massage Munich","publisher":{"@id":"https:\/\/spiritual-touch.de\/#organization"},"potentialAction":[{"@type":"SearchAction","target":{"@type":"EntryPoint","urlTemplate":"https:\/\/spiritual-touch.de\/?s={search_term_string}"},"query-input":{"@type":"PropertyValueSpecification","valueRequired":true,"valueName":"search_term_string"}}],"inLanguage":"en-GB"},{"@type":"Organization","@id":"https:\/\/spiritual-touch.de\/#organization","name":"Spiritual Touch","url":"https:\/\/spiritual-touch.de\/","logo":{"@type":"ImageObject","inLanguage":"en-GB","@id":"https:\/\/spiritual-touch.de\/#\/schema\/logo\/image\/","url":"https:\/\/spiritual-touch.de\/wp-content\/uploads\/2024\/01\/Heart.png","contentUrl":"https:\/\/spiritual-touch.de\/wp-content\/uploads\/2024\/01\/Heart.png","width":500,"height":500,"caption":"Spiritual Touch"},"image":{"@id":"https:\/\/spiritual-touch.de\/#\/schema\/logo\/image\/"},"sameAs":["https:\/\/www.facebook.com\/profile.php?id=100057105473672","https:\/\/www.instagram.com\/praxis_spiritual_touch\/"]}]}},"_links":{"self":[{"href":"https:\/\/spiritual-touch.de\/en\/wp-json\/wp\/v2\/pages\/18798","targetHints":{"allow":["GET"]}}],"collection":[{"href":"https:\/\/spiritual-touch.de\/en\/wp-json\/wp\/v2\/pages"}],"about":[{"href":"https:\/\/spiritual-touch.de\/en\/wp-json\/wp\/v2\/types\/page"}],"author":[{"embeddable":true,"href":"https:\/\/spiritual-touch.de\/en\/wp-json\/wp\/v2\/users\/1"}],"replies":[{"embeddable":true,"href":"https:\/\/spiritual-touch.de\/en\/wp-json\/wp\/v2\/comments?post=18798"}],"version-history":[{"count":11,"href":"https:\/\/spiritual-touch.de\/en\/wp-json\/wp\/v2\/pages\/18798\/revisions"}],"predecessor-version":[{"id":24103,"href":"https:\/\/spiritual-touch.de\/en\/wp-json\/wp\/v2\/pages\/18798\/revisions\/24103"}],"up":[{"embeddable":true,"href":"https:\/\/spiritual-touch.de\/en\/wp-json\/wp\/v2\/pages\/23613"}],"wp:attachment":[{"href":"https:\/\/spiritual-touch.de\/en\/wp-json\/wp\/v2\/media?parent=18798"}],"curies":[{"name":"wp","href":"https:\/\/api.w.org\/{rel}","templated":true}]}}