{"id":18717,"date":"2024-02-03T16:37:04","date_gmt":"2024-02-03T16:37:04","guid":{"rendered":"http:\/\/wwwspiritual-touchde.local\/?page_id=18717"},"modified":"2026-01-09T12:53:13","modified_gmt":"2026-01-09T11:53:13","slug":"impressum","status":"publish","type":"page","link":"https:\/\/spiritual-touch.de\/en\/impressum\/","title":{"rendered":"Impressum"},"content":{"rendered":"<div data-elementor-type=\"wp-page\" data-elementor-id=\"18717\" class=\"elementor elementor-18717\" data-elementor-post-type=\"page\">\n\t\t\t\t<div class=\"elementor-element elementor-element-a4523f8 e-flex e-con-boxed e-con e-parent\" data-id=\"a4523f8\" data-element_type=\"container\" data-e-type=\"container\">\n\t\t\t\t\t<div class=\"e-con-inner\">\n\t\t\t\t<div class=\"elementor-element elementor-element-c126735 elementor-widget elementor-widget-spacer\" data-id=\"c126735\" data-element_type=\"widget\" data-e-type=\"widget\" data-widget_type=\"spacer.default\">\n\t\t\t\t<div class=\"elementor-widget-container\">\n\t\t\t\t\t\t\t<div class=\"elementor-spacer\">\n\t\t\t<div class=\"elementor-spacer-inner\"><\/div>\n\t\t<\/div>\n\t\t\t\t\t\t<\/div>\n\t\t\t\t<\/div>\n\t\t\t\t\t<\/div>\n\t\t\t\t<\/div>\n\t\t<div class=\"elementor-element elementor-element-47e9dd7 e-flex e-con-boxed e-con e-parent\" data-id=\"47e9dd7\" data-element_type=\"container\" data-e-type=\"container\">\n\t\t\t\t\t<div class=\"e-con-inner\">\n\t\t\t\t<div class=\"elementor-element elementor-element-8177365 elementor-widget elementor-widget-heading\" data-id=\"8177365\" data-element_type=\"widget\" data-e-type=\"widget\" data-widget_type=\"heading.default\">\n\t\t\t\t<div class=\"elementor-widget-container\">\n\t\t\t\t\t<h2 class=\"elementor-heading-title elementor-size-default\">Impressum<\/h2>\t\t\t\t<\/div>\n\t\t\t\t<\/div>\n\t\t\t\t\t<\/div>\n\t\t\t\t<\/div>\n\t\t<div class=\"elementor-element elementor-element-f1963f2 e-flex e-con-boxed e-con e-parent\" data-id=\"f1963f2\" data-element_type=\"container\" data-e-type=\"container\">\n\t\t\t\t\t<div class=\"e-con-inner\">\n\t\t\t\t<div class=\"elementor-element elementor-element-0771264 elementor-widget elementor-widget-spacer\" data-id=\"0771264\" data-element_type=\"widget\" data-e-type=\"widget\" data-widget_type=\"spacer.default\">\n\t\t\t\t<div class=\"elementor-widget-container\">\n\t\t\t\t\t\t\t<div class=\"elementor-spacer\">\n\t\t\t<div class=\"elementor-spacer-inner\"><\/div>\n\t\t<\/div>\n\t\t\t\t\t\t<\/div>\n\t\t\t\t<\/div>\n\t\t\t\t\t<\/div>\n\t\t\t\t<\/div>\n\t\t<div class=\"elementor-element elementor-element-3e89852 e-flex e-con-boxed e-con e-parent\" data-id=\"3e89852\" data-element_type=\"container\" data-e-type=\"container\">\n\t\t\t\t\t<div class=\"e-con-inner\">\n\t\t\t\t<div class=\"elementor-element elementor-element-fcc412e elementor-widget elementor-widget-text-editor\" data-id=\"fcc412e\" data-element_type=\"widget\" data-e-type=\"widget\" data-widget_type=\"text-editor.default\">\n\t\t\t\t<div class=\"elementor-widget-container\">\n\t\t\t\t\t\t\t\t\t<h3>Angaben gem\u00e4\u00df \u00a7 5 TMG<\/h3><p>Praxisgemeinschaft Saur &amp; Partner<br \/>Caracciolastr. 12<br \/>80935 M\u00fcnchen<\/p><p><strong>Vertreten durch:<\/strong><br \/>J\u00f6rg Saur<br \/>Eva Saur<\/p><p><strong>Kontakt<\/strong><br \/>Telefon: +49 (1575) 8098028<br \/>E-Mail: info@spiritual-touch.de<\/p><p><strong>Aufsichtsbeh\u00f6rde<\/strong><br \/>Landeshauptstadt M\u00fcnchen<br \/>Ruppertstra\u00dfe 19<br \/>80466 M\u00fcnchen<\/p><p><strong>EU-Streitschlichtung<\/strong><br \/>Die Europ\u00e4ische Kommission stellt eine Plattform zur Online-Streitbeilegung (OS) bereit:<br \/>https:\/\/ec.europa.eu\/consumers\/odr\/.<br \/>Unsere E-Mail-Adresse finden Sie oben im Impressum.<br \/>Verbraucherstreitbeilegung\/Universalschlichtungsstelle<br \/>2 \/ 4<br \/>Wir sind nicht bereit oder verpflichtet, an Streitbeilegungsverfahren vor einer<br \/>Verbraucherschlichtungsstelle teilzunehmen.<\/p>\t\t\t\t\t\t\t\t<\/div>\n\t\t\t\t<\/div>\n\t\t\t\t\t<\/div>\n\t\t\t\t<\/div>\n\t\t<div class=\"elementor-element elementor-element-accfdaf e-flex e-con-boxed e-con e-parent\" data-id=\"accfdaf\" data-element_type=\"container\" data-e-type=\"container\">\n\t\t\t\t\t<div class=\"e-con-inner\">\n\t\t\t\t<div class=\"elementor-element elementor-element-cfd44d5 elementor-widget elementor-widget-spacer\" data-id=\"cfd44d5\" data-element_type=\"widget\" data-e-type=\"widget\" data-widget_type=\"spacer.default\">\n\t\t\t\t<div class=\"elementor-widget-container\">\n\t\t\t\t\t\t\t<div class=\"elementor-spacer\">\n\t\t\t<div class=\"elementor-spacer-inner\"><\/div>\n\t\t<\/div>\n\t\t\t\t\t\t<\/div>\n\t\t\t\t<\/div>\n\t\t\t\t\t<\/div>\n\t\t\t\t<\/div>\n\t\t\t\t<\/div>","protected":false},"excerpt":{"rendered":"<p>Impressum Angaben gem\u00e4\u00df \u00a7 5 TMG Praxisgemeinschaft Saur &amp; PartnerCaracciolastr. 1280935 M\u00fcnchen Vertreten durch:J\u00f6rg SaurEva Saur KontaktTelefon: +49 (1575) 8098028E-Mail: info@spiritual-touch.de Aufsichtsbeh\u00f6rdeLandeshauptstadt M\u00fcnchenRuppertstra\u00dfe 1980466 M\u00fcnchen EU-StreitschlichtungDie Europ\u00e4ische Kommission stellt eine Plattform zur Online-Streitbeilegung (OS) bereit:https:\/\/ec.europa.eu\/consumers\/odr\/.Unsere E-Mail-Adresse finden Sie oben im Impressum.Verbraucherstreitbeilegung\/Universalschlichtungsstelle2 \/ 4Wir sind nicht bereit oder verpflichtet, an Streitbeilegungsverfahren vor einerVerbraucherschlichtungsstelle teilzunehmen.<\/p>","protected":false},"author":1,"featured_media":0,"parent":0,"menu_order":8,"comment_status":"closed","ping_status":"closed","template":"","meta":{"footnotes":""},"class_list":["post-18717","page","type-page","status-publish","hentry"],"yoast_head":"<!-- This site is optimized with the Yoast SEO Premium plugin v24.7 (Yoast SEO v27.3) - https:\/\/yoast.com\/product\/yoast-seo-premium-wordpress\/ -->\n<title>Impressum - Spiritual Touch<\/title>\n<meta name=\"description\" content=\"Bei uns gibt es professionelle TMV zertifizierte Masseur\/innen.\" \/>\n<meta name=\"robots\" content=\"index, follow, max-snippet:-1, max-image-preview:large, max-video-preview:-1\" \/>\n<link rel=\"canonical\" href=\"https:\/\/spiritual-touch.de\/en\/impressum\/\" \/>\n<meta property=\"og:locale\" content=\"en_GB\" \/>\n<meta property=\"og:type\" content=\"article\" \/>\n<meta property=\"og:title\" content=\"Impressum\" \/>\n<meta property=\"og:description\" content=\"Bei uns gibt es professionelle TMV zertifizierte Masseur\/innen.\" \/>\n<meta property=\"og:url\" content=\"https:\/\/spiritual-touch.de\/en\/impressum\/\" \/>\n<meta property=\"og:site_name\" content=\"Spiritual Touch\" \/>\n<meta property=\"article:publisher\" content=\"https:\/\/www.facebook.com\/profile.php?id=100057105473672\" \/>\n<meta property=\"article:modified_time\" content=\"2026-01-09T11:53:13+00:00\" \/>\n<meta name=\"twitter:card\" content=\"summary_large_image\" \/>\n<meta name=\"twitter:label1\" content=\"Estimated reading time\" \/>\n\t<meta name=\"twitter:data1\" content=\"1 minute\" \/>\n<script type=\"application\/ld+json\" class=\"yoast-schema-graph\">{\"@context\":\"https:\\\/\\\/schema.org\",\"@graph\":[{\"@type\":\"WebPage\",\"@id\":\"https:\\\/\\\/spiritual-touch.de\\\/impressum\\\/\",\"url\":\"https:\\\/\\\/spiritual-touch.de\\\/impressum\\\/\",\"name\":\"Impressum - Spiritual Touch\",\"isPartOf\":{\"@id\":\"https:\\\/\\\/spiritual-touch.de\\\/#website\"},\"datePublished\":\"2024-02-03T16:37:04+00:00\",\"dateModified\":\"2026-01-09T11:53:13+00:00\",\"description\":\"Bei uns gibt es professionelle TMV zertifizierte Masseur\\\/innen.\",\"breadcrumb\":{\"@id\":\"https:\\\/\\\/spiritual-touch.de\\\/impressum\\\/#breadcrumb\"},\"inLanguage\":\"en-GB\",\"potentialAction\":[{\"@type\":\"ReadAction\",\"target\":[\"https:\\\/\\\/spiritual-touch.de\\\/impressum\\\/\"]}]},{\"@type\":\"BreadcrumbList\",\"@id\":\"https:\\\/\\\/spiritual-touch.de\\\/impressum\\\/#breadcrumb\",\"itemListElement\":[{\"@type\":\"ListItem\",\"position\":1,\"name\":\"Startseite\",\"item\":\"https:\\\/\\\/spiritual-touch.de\\\/\"},{\"@type\":\"ListItem\",\"position\":2,\"name\":\"Impressum\"}]},{\"@type\":\"WebSite\",\"@id\":\"https:\\\/\\\/spiritual-touch.de\\\/#website\",\"url\":\"https:\\\/\\\/spiritual-touch.de\\\/\",\"name\":\"Tantramassage M\u00fcnchen\",\"description\":\"Tantra Massage M\u00fcnchen\",\"publisher\":{\"@id\":\"https:\\\/\\\/spiritual-touch.de\\\/#organization\"},\"potentialAction\":[{\"@type\":\"SearchAction\",\"target\":{\"@type\":\"EntryPoint\",\"urlTemplate\":\"https:\\\/\\\/spiritual-touch.de\\\/?s={search_term_string}\"},\"query-input\":{\"@type\":\"PropertyValueSpecification\",\"valueRequired\":true,\"valueName\":\"search_term_string\"}}],\"inLanguage\":\"en-GB\"},{\"@type\":\"Organization\",\"@id\":\"https:\\\/\\\/spiritual-touch.de\\\/#organization\",\"name\":\"Spiritual Touch\",\"url\":\"https:\\\/\\\/spiritual-touch.de\\\/\",\"logo\":{\"@type\":\"ImageObject\",\"inLanguage\":\"en-GB\",\"@id\":\"https:\\\/\\\/spiritual-touch.de\\\/#\\\/schema\\\/logo\\\/image\\\/\",\"url\":\"https:\\\/\\\/spiritual-touch.de\\\/wp-content\\\/uploads\\\/2024\\\/01\\\/Heart.png\",\"contentUrl\":\"https:\\\/\\\/spiritual-touch.de\\\/wp-content\\\/uploads\\\/2024\\\/01\\\/Heart.png\",\"width\":500,\"height\":500,\"caption\":\"Spiritual Touch\"},\"image\":{\"@id\":\"https:\\\/\\\/spiritual-touch.de\\\/#\\\/schema\\\/logo\\\/image\\\/\"},\"sameAs\":[\"https:\\\/\\\/www.facebook.com\\\/profile.php?id=100057105473672\",\"https:\\\/\\\/www.instagram.com\\\/praxis_spiritual_touch\\\/\"]}]}<\/script>\n<!-- \/ Yoast SEO Premium plugin. -->","yoast_head_json":{"title":"Impressum - Spiritual Touch","description":"Bei uns gibt es professionelle TMV zertifizierte Masseur\/innen.","robots":{"index":"index","follow":"follow","max-snippet":"max-snippet:-1","max-image-preview":"max-image-preview:large","max-video-preview":"max-video-preview:-1"},"canonical":"https:\/\/spiritual-touch.de\/en\/impressum\/","og_locale":"en_GB","og_type":"article","og_title":"Impressum","og_description":"Bei uns gibt es professionelle TMV zertifizierte Masseur\/innen.","og_url":"https:\/\/spiritual-touch.de\/en\/impressum\/","og_site_name":"Spiritual Touch","article_publisher":"https:\/\/www.facebook.com\/profile.php?id=100057105473672","article_modified_time":"2026-01-09T11:53:13+00:00","twitter_card":"summary_large_image","twitter_misc":{"Estimated reading time":"1 minute"},"schema":{"@context":"https:\/\/schema.org","@graph":[{"@type":"WebPage","@id":"https:\/\/spiritual-touch.de\/impressum\/","url":"https:\/\/spiritual-touch.de\/impressum\/","name":"Impressum - Spiritual Touch","isPartOf":{"@id":"https:\/\/spiritual-touch.de\/#website"},"datePublished":"2024-02-03T16:37:04+00:00","dateModified":"2026-01-09T11:53:13+00:00","description":"Bei uns gibt es professionelle TMV zertifizierte Masseur\/innen.","breadcrumb":{"@id":"https:\/\/spiritual-touch.de\/impressum\/#breadcrumb"},"inLanguage":"en-GB","potentialAction":[{"@type":"ReadAction","target":["https:\/\/spiritual-touch.de\/impressum\/"]}]},{"@type":"BreadcrumbList","@id":"https:\/\/spiritual-touch.de\/impressum\/#breadcrumb","itemListElement":[{"@type":"ListItem","position":1,"name":"Startseite","item":"https:\/\/spiritual-touch.de\/"},{"@type":"ListItem","position":2,"name":"Impressum"}]},{"@type":"WebSite","@id":"https:\/\/spiritual-touch.de\/#website","url":"https:\/\/spiritual-touch.de\/","name":"Tantramassage M\u00fcnchen","description":"Tantra Massage M\u00fcnchen","publisher":{"@id":"https:\/\/spiritual-touch.de\/#organization"},"potentialAction":[{"@type":"SearchAction","target":{"@type":"EntryPoint","urlTemplate":"https:\/\/spiritual-touch.de\/?s={search_term_string}"},"query-input":{"@type":"PropertyValueSpecification","valueRequired":true,"valueName":"search_term_string"}}],"inLanguage":"en-GB"},{"@type":"Organization","@id":"https:\/\/spiritual-touch.de\/#organization","name":"Spiritual Touch","url":"https:\/\/spiritual-touch.de\/","logo":{"@type":"ImageObject","inLanguage":"en-GB","@id":"https:\/\/spiritual-touch.de\/#\/schema\/logo\/image\/","url":"https:\/\/spiritual-touch.de\/wp-content\/uploads\/2024\/01\/Heart.png","contentUrl":"https:\/\/spiritual-touch.de\/wp-content\/uploads\/2024\/01\/Heart.png","width":500,"height":500,"caption":"Spiritual Touch"},"image":{"@id":"https:\/\/spiritual-touch.de\/#\/schema\/logo\/image\/"},"sameAs":["https:\/\/www.facebook.com\/profile.php?id=100057105473672","https:\/\/www.instagram.com\/praxis_spiritual_touch\/"]}]}},"_links":{"self":[{"href":"https:\/\/spiritual-touch.de\/en\/wp-json\/wp\/v2\/pages\/18717","targetHints":{"allow":["GET"]}}],"collection":[{"href":"https:\/\/spiritual-touch.de\/en\/wp-json\/wp\/v2\/pages"}],"about":[{"href":"https:\/\/spiritual-touch.de\/en\/wp-json\/wp\/v2\/types\/page"}],"author":[{"embeddable":true,"href":"https:\/\/spiritual-touch.de\/en\/wp-json\/wp\/v2\/users\/1"}],"replies":[{"embeddable":true,"href":"https:\/\/spiritual-touch.de\/en\/wp-json\/wp\/v2\/comments?post=18717"}],"version-history":[{"count":8,"href":"https:\/\/spiritual-touch.de\/en\/wp-json\/wp\/v2\/pages\/18717\/revisions"}],"predecessor-version":[{"id":23309,"href":"https:\/\/spiritual-touch.de\/en\/wp-json\/wp\/v2\/pages\/18717\/revisions\/23309"}],"wp:attachment":[{"href":"https:\/\/spiritual-touch.de\/en\/wp-json\/wp\/v2\/media?parent=18717"}],"curies":[{"name":"wp","href":"https:\/\/api.w.org\/{rel}","templated":true}]}}