{"id":18708,"date":"2024-02-03T16:18:28","date_gmt":"2024-02-03T16:18:28","guid":{"rendered":"http:\/\/wwwspiritual-touchde.local\/?page_id=18708"},"modified":"2026-02-17T09:00:06","modified_gmt":"2026-02-17T08:00:06","slug":"ildiko-tantramasseurin-bei-spiritual-touch-in-muenchen","status":"publish","type":"page","link":"https:\/\/spiritual-touch.de\/en\/praxis\/team\/ildiko-tantramasseurin-bei-spiritual-touch-in-muenchen\/","title":{"rendered":"Ildiko &#8211; Tantramasseurin bei Spiritual Touch in M\u00fcnchen"},"content":{"rendered":"<div data-elementor-type=\"wp-page\" data-elementor-id=\"18708\" class=\"elementor elementor-18708\" data-elementor-post-type=\"page\">\n\t\t\t\t<div class=\"elementor-element elementor-element-7779f56 e-flex e-con-boxed e-con e-parent\" data-id=\"7779f56\" data-element_type=\"container\" data-e-type=\"container\">\n\t\t\t\t\t<div class=\"e-con-inner\">\n\t\t\t\t<div class=\"elementor-element elementor-element-e4e4488 elementor-widget elementor-widget-heading\" data-id=\"e4e4488\" data-element_type=\"widget\" data-e-type=\"widget\" data-widget_type=\"heading.default\">\n\t\t\t\t<div class=\"elementor-widget-container\">\n\t\t\t\t\t<h1 class=\"elementor-heading-title elementor-size-default\">Ildiko<\/h1>\t\t\t\t<\/div>\n\t\t\t\t<\/div>\n\t\t\t\t\t<\/div>\n\t\t\t\t<\/div>\n\t\t<div class=\"elementor-element elementor-element-7333daf e-flex e-con-boxed e-con e-parent\" data-id=\"7333daf\" data-element_type=\"container\" data-e-type=\"container\">\n\t\t\t\t\t<div class=\"e-con-inner\">\n\t\t\t\t<div class=\"elementor-element elementor-element-4d827b9 elementor-widget elementor-widget-image\" data-id=\"4d827b9\" data-element_type=\"widget\" data-e-type=\"widget\" data-widget_type=\"image.default\">\n\t\t\t\t<div class=\"elementor-widget-container\">\n\t\t\t\t\t\t\t\t\t\t\t\t\t\t\t<img fetchpriority=\"high\" decoding=\"async\" width=\"600\" height=\"800\" src=\"https:\/\/spiritual-touch.de\/wp-content\/uploads\/2024\/02\/Ildikovoll-5-600x800-1.jpg\" class=\"attachment-medium size-medium wp-image-201\" alt=\"Ildiko Tantramassage M\u00fcnchen\" \/>\t\t\t\t\t\t\t\t\t\t\t\t\t\t\t<\/div>\n\t\t\t\t<\/div>\n\t\t\t\t\t<\/div>\n\t\t\t\t<\/div>\n\t\t<div class=\"elementor-element elementor-element-9750caa e-flex e-con-boxed e-con e-parent\" data-id=\"9750caa\" data-element_type=\"container\" data-e-type=\"container\">\n\t\t\t\t\t<div class=\"e-con-inner\">\n\t\t\t\t<div class=\"elementor-element elementor-element-02a163a elementor-widget elementor-widget-text-editor\" data-id=\"02a163a\" data-element_type=\"widget\" data-e-type=\"widget\" data-widget_type=\"text-editor.default\">\n\t\t\t\t<div class=\"elementor-widget-container\">\n\t\t\t\t\t\t\t\t\t<p>We humans are lucky. We have the freedom to experience and develop our sexuality as we wish.<\/p><p>Yes, if we are ready for a journey of discovery through the world of the senses.<\/p><p>When I experienced a tantric yoni massage for the first time in my life, I was extremely surprised. It enchanted and fascinated me.<\/p><p>Before that, I had never encountered this dimension of sexuality: a slow, tender, and incredibly profound opening of my erotic self. It gave me the time and space for the sexual energy dormant within me to awaken and reveal its true, powerful face.<\/p><p>Because the massage is so loving, this energy reaches and touches the heart. And there the miracle occurs: strong sexual energy meets loving energy. Such an experience fills both body and soul with love and joy. That is the power of<\/p><p>Tantric massages. That makes all the difference.<\/p><p>And that is why tantric massage has become my profession.<\/p><p><strong>When you are having a massage with me:<\/strong><\/p><p>Slowing down gives you time to relax, to arrive in the here and now.,<\/p><p>to leave everyday things behind you<\/p><p>I touch you mindfully and with devotion, lovingly<\/p><p>You can experience acceptance \u2013 there is nothing wrong with you: your body, your reactions, your arousal or lack thereof\u2026<\/p><p>You can feel free in your sexuality and experience it lovingly.<\/p><p>Ildik\u00f3<\/p>\t\t\t\t\t\t\t\t<\/div>\n\t\t\t\t<\/div>\n\t\t\t\t\t<\/div>\n\t\t\t\t<\/div>\n\t\t<div class=\"elementor-element elementor-element-4e9e94e e-flex e-con-boxed e-con e-parent\" data-id=\"4e9e94e\" data-element_type=\"container\" data-e-type=\"container\">\n\t\t\t\t\t<div class=\"e-con-inner\">\n\t\t\t\t<div class=\"elementor-element elementor-element-52de43e elementor-invisible elementor-widget elementor-widget-heading\" data-id=\"52de43e\" data-element_type=\"widget\" data-e-type=\"widget\" data-settings=\"{&quot;_animation&quot;:&quot;fadeIn&quot;}\" data-widget_type=\"heading.default\">\n\t\t\t\t<div class=\"elementor-widget-container\">\n\t\t\t\t\t<h2 class=\"elementor-heading-title elementor-size-default\">Ildiko will accompany you in the following formats:<\/h2>\t\t\t\t<\/div>\n\t\t\t\t<\/div>\n\t\t\t\t<div class=\"elementor-element elementor-element-a17e30c elementor-invisible elementor-widget elementor-widget-text-editor\" data-id=\"a17e30c\" data-element_type=\"widget\" data-e-type=\"widget\" data-settings=\"{&quot;_animation&quot;:&quot;fadeIn&quot;}\" data-widget_type=\"text-editor.default\">\n\t\t\t\t<div class=\"elementor-widget-container\">\n\t\t\t\t\t\t\t\t\t<p><a href=\"https:\/\/spiritual-touch.de\/en\/praxis\/einzelarbeit\/korperarbeit-massagen\/massagen-tantramassage\/\" target=\"_blank\" rel=\"noopener\">Intuitive tantric massage for all genders<\/a><\/p><p><a href=\"https:\/\/spiritual-touch.de\/en\/praxis\/einzelarbeit\/korperarbeit-massagen\/sexological-bodywork\/\" target=\"_blank\" rel=\"noopener\">intuitive bodywork (Sexological Bodywork)<\/a><\/p><p><a href=\"https:\/\/spiritual-touch.de\/en\/praxis\/einzelarbeit\/korperarbeit-massagen\/massagen-tantramassage\/#paare\" target=\"_blank\" rel=\"noopener\">Couples massages<\/a><\/p><p><a href=\"https:\/\/spiritual-touch.de\/en\/praxis\/paare\/ritual-zu-dritt\/\" target=\"_blank\" rel=\"noopener\">Ritual for three<\/a><\/p><p><a href=\"https:\/\/spiritual-touch.de\/en\/praxis\/beruhrungsworkshop\/\" target=\"_blank\" rel=\"noopener\">Touch workshops<\/a><\/p>\t\t\t\t\t\t\t\t<\/div>\n\t\t\t\t<\/div>\n\t\t\t\t<div class=\"elementor-element elementor-element-7e63ed8 elementor-widget elementor-widget-heading\" data-id=\"7e63ed8\" data-element_type=\"widget\" data-e-type=\"widget\" data-widget_type=\"heading.default\">\n\t\t\t\t<div class=\"elementor-widget-container\">\n\t\t\t\t\t<h2 class=\"elementor-heading-title elementor-size-default\">Training<\/h2>\t\t\t\t<\/div>\n\t\t\t\t<\/div>\n\t\t\t\t\t<\/div>\n\t\t\t\t<\/div>\n\t\t<div class=\"elementor-element elementor-element-42cefe2 e-flex e-con-boxed e-con e-parent\" data-id=\"42cefe2\" data-element_type=\"container\" data-e-type=\"container\">\n\t\t\t\t\t<div class=\"e-con-inner\">\n\t\t\t\t<div class=\"elementor-element elementor-element-6a0bb9b elementor-widget elementor-widget-text-editor\" data-id=\"6a0bb9b\" data-element_type=\"widget\" data-e-type=\"widget\" data-widget_type=\"text-editor.default\">\n\t\t\t\t<div class=\"elementor-widget-container\">\n\t\t\t\t\t\t\t\t\t<div class=\"wpb_text_column wpb_content_element\"><div class=\"wpb_wrapper\"><p><strong>2022<\/strong><\/p><p>Tantra massage basic training at Spiritual Touch in Munich<\/p><p><strong>2<\/strong><strong>019<\/strong><\/p><p>Workshop on pelvic floor muscles \u201cFeel and release\u201d 2019, Irene Andersson<\/p><p><strong>2019<\/strong><\/p><p><strong>G-spot in focus<\/strong><\/p><p>3 webinar courses with Deborah Sundahl<\/p><p>Assistance provided at 3 weekend workshops on the topic of the G-spot<\/p><p>Organizing the Budapest Workshop 2018<\/p><p>Practitioner Training, November 2018, Budapest<\/p><p>Participation in the G-spot weekend course for couples, March 2019, Budapest<\/p><p><strong>2018<\/strong><\/p><p>Diploma course in Sexological Bodywork, Manu and Brigitta von Manumagic, Basel<\/p><p><strong>2014 \u2013 2015<\/strong><\/p><p>Sex and intimacy training, Neal Wecker, Budapest<\/p><p><strong>2014<\/strong><\/p><p>Course Yoni Massage and Yoni Egg, K\u00f6r\u00f6si Csoma J\u00f3gaegyes\u00fclet\/Tantra Yoga Association, Budapest<\/p><p>Course instructor: \u201eCrina\u201d from Bucharest, from Tantra Yoga School: The Movement for Spiritual Integration in Absolute<\/p><p><strong>2013<\/strong><\/p><p>Sensual massage course, Bliss Intimacy Center Budapest<\/p><p><strong>2013<\/strong><\/p><p>Sexual Grounding, Maya Kerstan<\/p><p><strong>2012 \u2013 2018<\/strong><\/p><p>Tantra Yoga course, learning special tantric yoga techniques and traditional teachings of the tantric yoga tradition, Csoma J\u00f3gaegyes\u00fclet\/Yoga Association, Budapest, 6 years<\/p><p><strong>2012<\/strong><\/p><p>Tantra massage for men and women, Tantra Temple, Hungarian representative of the Tantra Temple in Copenhagen<\/p><\/div><\/div><div class=\"vc_empty_space\">\u00a0<\/div>\t\t\t\t\t\t\t\t<\/div>\n\t\t\t\t<\/div>\n\t\t\t\t\t<\/div>\n\t\t\t\t<\/div>\n\t\t<div class=\"elementor-element elementor-element-5e46960 e-flex e-con-boxed e-con e-parent\" data-id=\"5e46960\" data-element_type=\"container\" data-e-type=\"container\">\n\t\t\t\t\t<div class=\"e-con-inner\">\n\t\t\t\t<div class=\"elementor-element elementor-element-3802756 elementor-widget elementor-widget-global elementor-global-23856 elementor-widget-text-editor\" data-id=\"3802756\" data-element_type=\"widget\" data-e-type=\"widget\" data-widget_type=\"text-editor.default\">\n\t\t\t\t<div class=\"elementor-widget-container\">\n\t\t\t\t\t\t\t\t\t<p>\u2192 To <a href=\"https:\/\/spiritual-touch.de\/en\/praxis\/team\/\">team<\/a><br data-start=\"4490\" data-end=\"4493\" \/>\u2192 To <a href=\"https:\/\/spiritual-touch.de\/en\/kontakt\/\" target=\"_blank\" rel=\"noopener\">free initial consultation<\/a><br \/>\u2192 Go directly to <a href=\"https:\/\/spiritual-touch.de\/en\/buchungsformular\/\" target=\"_blank\" rel=\"noopener\">Appointment booking<\/a><\/p>\t\t\t\t\t\t\t\t<\/div>\n\t\t\t\t<\/div>\n\t\t\t\t\t<\/div>\n\t\t\t\t<\/div>\n\t\t\t\t<\/div>","protected":false},"excerpt":{"rendered":"<p>Ildiko Wir Menschen haben Gl\u00fcck. Wir haben die Freiheit, unsere Sexualit\u00e4t so zu erleben und entfalten, wie wir wollen. Ja, wenn wir f\u00fcr eine Entdeckungsreise durch die Welt der Sinne bereit sind. Als ich zum ersten Mal in meinem Leben eine tantrische Yonimassage erlebt habe, war ich \u00e4u\u00dferst \u00fcberrascht. Sie hat mich bezaubert und fasziniert. [&hellip;]<\/p>\n","protected":false},"author":1,"featured_media":0,"parent":23613,"menu_order":3,"comment_status":"closed","ping_status":"closed","template":"","meta":{"footnotes":""},"class_list":["post-18708","page","type-page","status-publish","hentry"],"yoast_head":"<!-- This site is optimized with the Yoast SEO Premium plugin v24.7 (Yoast SEO v27.5) - https:\/\/yoast.com\/product\/yoast-seo-premium-wordpress\/ -->\n<title>Ildiko - Tantramasseurin bei Spiritual Touch in M\u00fcnchen<\/title>\n<meta name=\"description\" content=\"Ildiko begleitet dich bei Spiritual Touch in M\u00fcnchen mit achtsamer Tantramassage, Sexological Bodywork, Pr\u00e4senz und feiner Ber\u00fchrungsqualit\u00e4t. Mehr \u00fcber ihre Ausbildung, Schwerpunkte und Haltung.\" \/>\n<meta name=\"robots\" content=\"index, follow, max-snippet:-1, max-image-preview:large, max-video-preview:-1\" \/>\n<link rel=\"canonical\" href=\"https:\/\/spiritual-touch.de\/en\/praxis\/team\/ildiko-tantramasseurin-bei-spiritual-touch-in-muenchen\/\" \/>\n<meta property=\"og:locale\" content=\"en_GB\" \/>\n<meta property=\"og:type\" content=\"article\" \/>\n<meta property=\"og:title\" content=\"Ildiko - Tantramasseurin bei Spiritual Touch in M\u00fcnchen\" \/>\n<meta property=\"og:description\" content=\"Ildiko begleitet dich bei Spiritual Touch in M\u00fcnchen mit achtsamer Tantramassage, Sexological Bodywork, Pr\u00e4senz und feiner Ber\u00fchrungsqualit\u00e4t. Mehr \u00fcber ihre Ausbildung, Schwerpunkte und Haltung.\" \/>\n<meta property=\"og:url\" content=\"https:\/\/spiritual-touch.de\/en\/praxis\/team\/ildiko-tantramasseurin-bei-spiritual-touch-in-muenchen\/\" \/>\n<meta property=\"og:site_name\" content=\"Spiritual Touch\" \/>\n<meta property=\"article:publisher\" content=\"https:\/\/www.facebook.com\/profile.php?id=100057105473672\" \/>\n<meta property=\"article:modified_time\" content=\"2026-02-17T08:00:06+00:00\" \/>\n<meta property=\"og:image\" content=\"https:\/\/spiritual-touch.de\/wp-content\/uploads\/2024\/02\/Ildikovoll-5-600x800-1.jpg\" \/>\n\t<meta property=\"og:image:width\" content=\"600\" \/>\n\t<meta property=\"og:image:height\" content=\"800\" \/>\n\t<meta property=\"og:image:type\" content=\"image\/jpeg\" \/>\n<meta name=\"twitter:card\" content=\"summary_large_image\" \/>\n<meta name=\"twitter:label1\" content=\"Estimated reading time\" \/>\n\t<meta name=\"twitter:data1\" content=\"3 minutes\" \/>\n<script type=\"application\/ld+json\" class=\"yoast-schema-graph\">{\"@context\":\"https:\\\/\\\/schema.org\",\"@graph\":[{\"@type\":\"WebPage\",\"@id\":\"https:\\\/\\\/spiritual-touch.de\\\/praxis\\\/team\\\/ildiko-tantramasseurin-bei-spiritual-touch-in-muenchen\\\/\",\"url\":\"https:\\\/\\\/spiritual-touch.de\\\/praxis\\\/team\\\/ildiko-tantramasseurin-bei-spiritual-touch-in-muenchen\\\/\",\"name\":\"Ildiko - Tantramasseurin bei Spiritual Touch in M\u00fcnchen\",\"isPartOf\":{\"@id\":\"https:\\\/\\\/spiritual-touch.de\\\/#website\"},\"primaryImageOfPage\":{\"@id\":\"https:\\\/\\\/spiritual-touch.de\\\/praxis\\\/team\\\/ildiko-tantramasseurin-bei-spiritual-touch-in-muenchen\\\/#primaryimage\"},\"image\":{\"@id\":\"https:\\\/\\\/spiritual-touch.de\\\/praxis\\\/team\\\/ildiko-tantramasseurin-bei-spiritual-touch-in-muenchen\\\/#primaryimage\"},\"thumbnailUrl\":\"https:\\\/\\\/spiritual-touch.de\\\/wp-content\\\/uploads\\\/2024\\\/02\\\/Ildikovoll-5-600x800-1.jpg\",\"datePublished\":\"2024-02-03T16:18:28+00:00\",\"dateModified\":\"2026-02-17T08:00:06+00:00\",\"description\":\"Ildiko begleitet dich bei Spiritual Touch in M\u00fcnchen mit achtsamer Tantramassage, Sexological Bodywork, Pr\u00e4senz und feiner Ber\u00fchrungsqualit\u00e4t. Mehr \u00fcber ihre Ausbildung, Schwerpunkte und Haltung.\",\"breadcrumb\":{\"@id\":\"https:\\\/\\\/spiritual-touch.de\\\/praxis\\\/team\\\/ildiko-tantramasseurin-bei-spiritual-touch-in-muenchen\\\/#breadcrumb\"},\"inLanguage\":\"en-GB\",\"potentialAction\":[{\"@type\":\"ReadAction\",\"target\":[\"https:\\\/\\\/spiritual-touch.de\\\/praxis\\\/team\\\/ildiko-tantramasseurin-bei-spiritual-touch-in-muenchen\\\/\"]}]},{\"@type\":\"ImageObject\",\"inLanguage\":\"en-GB\",\"@id\":\"https:\\\/\\\/spiritual-touch.de\\\/praxis\\\/team\\\/ildiko-tantramasseurin-bei-spiritual-touch-in-muenchen\\\/#primaryimage\",\"url\":\"https:\\\/\\\/spiritual-touch.de\\\/wp-content\\\/uploads\\\/2024\\\/02\\\/Ildikovoll-5-600x800-1.jpg\",\"contentUrl\":\"https:\\\/\\\/spiritual-touch.de\\\/wp-content\\\/uploads\\\/2024\\\/02\\\/Ildikovoll-5-600x800-1.jpg\"},{\"@type\":\"BreadcrumbList\",\"@id\":\"https:\\\/\\\/spiritual-touch.de\\\/praxis\\\/team\\\/ildiko-tantramasseurin-bei-spiritual-touch-in-muenchen\\\/#breadcrumb\",\"itemListElement\":[{\"@type\":\"ListItem\",\"position\":1,\"name\":\"Startseite\",\"item\":\"https:\\\/\\\/spiritual-touch.de\\\/\"},{\"@type\":\"ListItem\",\"position\":2,\"name\":\"Tantramassage &#038; K\u00f6rperarbeit in M\u00fcnchen | Spiritual Touch\",\"item\":\"https:\\\/\\\/spiritual-touch.de\\\/\"},{\"@type\":\"ListItem\",\"position\":3,\"name\":\"Team der Praxis Spiritual Touch in M\u00fcnchen\",\"item\":\"https:\\\/\\\/spiritual-touch.de\\\/praxis\\\/team\\\/\"},{\"@type\":\"ListItem\",\"position\":4,\"name\":\"Ildiko &#8211; Tantramasseurin bei Spiritual Touch in M\u00fcnchen\"}]},{\"@type\":\"WebSite\",\"@id\":\"https:\\\/\\\/spiritual-touch.de\\\/#website\",\"url\":\"https:\\\/\\\/spiritual-touch.de\\\/\",\"name\":\"Tantramassage M\u00fcnchen\",\"description\":\"Tantra Massage M\u00fcnchen\",\"publisher\":{\"@id\":\"https:\\\/\\\/spiritual-touch.de\\\/#organization\"},\"potentialAction\":[{\"@type\":\"SearchAction\",\"target\":{\"@type\":\"EntryPoint\",\"urlTemplate\":\"https:\\\/\\\/spiritual-touch.de\\\/?s={search_term_string}\"},\"query-input\":{\"@type\":\"PropertyValueSpecification\",\"valueRequired\":true,\"valueName\":\"search_term_string\"}}],\"inLanguage\":\"en-GB\"},{\"@type\":\"Organization\",\"@id\":\"https:\\\/\\\/spiritual-touch.de\\\/#organization\",\"name\":\"Spiritual Touch\",\"url\":\"https:\\\/\\\/spiritual-touch.de\\\/\",\"logo\":{\"@type\":\"ImageObject\",\"inLanguage\":\"en-GB\",\"@id\":\"https:\\\/\\\/spiritual-touch.de\\\/#\\\/schema\\\/logo\\\/image\\\/\",\"url\":\"https:\\\/\\\/spiritual-touch.de\\\/wp-content\\\/uploads\\\/2024\\\/01\\\/Heart.png\",\"contentUrl\":\"https:\\\/\\\/spiritual-touch.de\\\/wp-content\\\/uploads\\\/2024\\\/01\\\/Heart.png\",\"width\":500,\"height\":500,\"caption\":\"Spiritual Touch\"},\"image\":{\"@id\":\"https:\\\/\\\/spiritual-touch.de\\\/#\\\/schema\\\/logo\\\/image\\\/\"},\"sameAs\":[\"https:\\\/\\\/www.facebook.com\\\/profile.php?id=100057105473672\",\"https:\\\/\\\/www.instagram.com\\\/praxis_spiritual_touch\\\/\"]}]}<\/script>\n<!-- \/ Yoast SEO Premium plugin. -->","yoast_head_json":{"title":"Ildiko - Tantramasseurin bei Spiritual Touch in M\u00fcnchen","description":"Ildiko begleitet dich bei Spiritual Touch in M\u00fcnchen mit achtsamer Tantramassage, Sexological Bodywork, Pr\u00e4senz und feiner Ber\u00fchrungsqualit\u00e4t. Mehr \u00fcber ihre Ausbildung, Schwerpunkte und Haltung.","robots":{"index":"index","follow":"follow","max-snippet":"max-snippet:-1","max-image-preview":"max-image-preview:large","max-video-preview":"max-video-preview:-1"},"canonical":"https:\/\/spiritual-touch.de\/en\/praxis\/team\/ildiko-tantramasseurin-bei-spiritual-touch-in-muenchen\/","og_locale":"en_GB","og_type":"article","og_title":"Ildiko - Tantramasseurin bei Spiritual Touch in M\u00fcnchen","og_description":"Ildiko begleitet dich bei Spiritual Touch in M\u00fcnchen mit achtsamer Tantramassage, Sexological Bodywork, Pr\u00e4senz und feiner Ber\u00fchrungsqualit\u00e4t. Mehr \u00fcber ihre Ausbildung, Schwerpunkte und Haltung.","og_url":"https:\/\/spiritual-touch.de\/en\/praxis\/team\/ildiko-tantramasseurin-bei-spiritual-touch-in-muenchen\/","og_site_name":"Spiritual Touch","article_publisher":"https:\/\/www.facebook.com\/profile.php?id=100057105473672","article_modified_time":"2026-02-17T08:00:06+00:00","og_image":[{"width":600,"height":800,"url":"https:\/\/spiritual-touch.de\/wp-content\/uploads\/2024\/02\/Ildikovoll-5-600x800-1.jpg","type":"image\/jpeg"}],"twitter_card":"summary_large_image","twitter_misc":{"Estimated reading time":"3 minutes"},"schema":{"@context":"https:\/\/schema.org","@graph":[{"@type":"WebPage","@id":"https:\/\/spiritual-touch.de\/praxis\/team\/ildiko-tantramasseurin-bei-spiritual-touch-in-muenchen\/","url":"https:\/\/spiritual-touch.de\/praxis\/team\/ildiko-tantramasseurin-bei-spiritual-touch-in-muenchen\/","name":"Ildiko - Tantramasseurin bei Spiritual Touch in M\u00fcnchen","isPartOf":{"@id":"https:\/\/spiritual-touch.de\/#website"},"primaryImageOfPage":{"@id":"https:\/\/spiritual-touch.de\/praxis\/team\/ildiko-tantramasseurin-bei-spiritual-touch-in-muenchen\/#primaryimage"},"image":{"@id":"https:\/\/spiritual-touch.de\/praxis\/team\/ildiko-tantramasseurin-bei-spiritual-touch-in-muenchen\/#primaryimage"},"thumbnailUrl":"https:\/\/spiritual-touch.de\/wp-content\/uploads\/2024\/02\/Ildikovoll-5-600x800-1.jpg","datePublished":"2024-02-03T16:18:28+00:00","dateModified":"2026-02-17T08:00:06+00:00","description":"Ildiko begleitet dich bei Spiritual Touch in M\u00fcnchen mit achtsamer Tantramassage, Sexological Bodywork, Pr\u00e4senz und feiner Ber\u00fchrungsqualit\u00e4t. Mehr \u00fcber ihre Ausbildung, Schwerpunkte und Haltung.","breadcrumb":{"@id":"https:\/\/spiritual-touch.de\/praxis\/team\/ildiko-tantramasseurin-bei-spiritual-touch-in-muenchen\/#breadcrumb"},"inLanguage":"en-GB","potentialAction":[{"@type":"ReadAction","target":["https:\/\/spiritual-touch.de\/praxis\/team\/ildiko-tantramasseurin-bei-spiritual-touch-in-muenchen\/"]}]},{"@type":"ImageObject","inLanguage":"en-GB","@id":"https:\/\/spiritual-touch.de\/praxis\/team\/ildiko-tantramasseurin-bei-spiritual-touch-in-muenchen\/#primaryimage","url":"https:\/\/spiritual-touch.de\/wp-content\/uploads\/2024\/02\/Ildikovoll-5-600x800-1.jpg","contentUrl":"https:\/\/spiritual-touch.de\/wp-content\/uploads\/2024\/02\/Ildikovoll-5-600x800-1.jpg"},{"@type":"BreadcrumbList","@id":"https:\/\/spiritual-touch.de\/praxis\/team\/ildiko-tantramasseurin-bei-spiritual-touch-in-muenchen\/#breadcrumb","itemListElement":[{"@type":"ListItem","position":1,"name":"Startseite","item":"https:\/\/spiritual-touch.de\/"},{"@type":"ListItem","position":2,"name":"Tantramassage &#038; K\u00f6rperarbeit in M\u00fcnchen | Spiritual Touch","item":"https:\/\/spiritual-touch.de\/"},{"@type":"ListItem","position":3,"name":"Team der Praxis Spiritual Touch in M\u00fcnchen","item":"https:\/\/spiritual-touch.de\/praxis\/team\/"},{"@type":"ListItem","position":4,"name":"Ildiko &#8211; Tantramasseurin bei Spiritual Touch in M\u00fcnchen"}]},{"@type":"WebSite","@id":"https:\/\/spiritual-touch.de\/#website","url":"https:\/\/spiritual-touch.de\/","name":"Tantra massage Munich","description":"Tantra Massage Munich","publisher":{"@id":"https:\/\/spiritual-touch.de\/#organization"},"potentialAction":[{"@type":"SearchAction","target":{"@type":"EntryPoint","urlTemplate":"https:\/\/spiritual-touch.de\/?s={search_term_string}"},"query-input":{"@type":"PropertyValueSpecification","valueRequired":true,"valueName":"search_term_string"}}],"inLanguage":"en-GB"},{"@type":"Organization","@id":"https:\/\/spiritual-touch.de\/#organization","name":"Spiritual Touch","url":"https:\/\/spiritual-touch.de\/","logo":{"@type":"ImageObject","inLanguage":"en-GB","@id":"https:\/\/spiritual-touch.de\/#\/schema\/logo\/image\/","url":"https:\/\/spiritual-touch.de\/wp-content\/uploads\/2024\/01\/Heart.png","contentUrl":"https:\/\/spiritual-touch.de\/wp-content\/uploads\/2024\/01\/Heart.png","width":500,"height":500,"caption":"Spiritual Touch"},"image":{"@id":"https:\/\/spiritual-touch.de\/#\/schema\/logo\/image\/"},"sameAs":["https:\/\/www.facebook.com\/profile.php?id=100057105473672","https:\/\/www.instagram.com\/praxis_spiritual_touch\/"]}]}},"_links":{"self":[{"href":"https:\/\/spiritual-touch.de\/en\/wp-json\/wp\/v2\/pages\/18708","targetHints":{"allow":["GET"]}}],"collection":[{"href":"https:\/\/spiritual-touch.de\/en\/wp-json\/wp\/v2\/pages"}],"about":[{"href":"https:\/\/spiritual-touch.de\/en\/wp-json\/wp\/v2\/types\/page"}],"author":[{"embeddable":true,"href":"https:\/\/spiritual-touch.de\/en\/wp-json\/wp\/v2\/users\/1"}],"replies":[{"embeddable":true,"href":"https:\/\/spiritual-touch.de\/en\/wp-json\/wp\/v2\/comments?post=18708"}],"version-history":[{"count":21,"href":"https:\/\/spiritual-touch.de\/en\/wp-json\/wp\/v2\/pages\/18708\/revisions"}],"predecessor-version":[{"id":24098,"href":"https:\/\/spiritual-touch.de\/en\/wp-json\/wp\/v2\/pages\/18708\/revisions\/24098"}],"up":[{"embeddable":true,"href":"https:\/\/spiritual-touch.de\/en\/wp-json\/wp\/v2\/pages\/23613"}],"wp:attachment":[{"href":"https:\/\/spiritual-touch.de\/en\/wp-json\/wp\/v2\/media?parent=18708"}],"curies":[{"name":"wp","href":"https:\/\/api.w.org\/{rel}","templated":true}]}}