{"id":18702,"date":"2024-02-03T16:09:29","date_gmt":"2024-02-03T16:09:29","guid":{"rendered":"http:\/\/wwwspiritual-touchde.local\/?page_id=18702"},"modified":"2026-03-03T21:13:01","modified_gmt":"2026-03-03T20:13:01","slug":"stephanie","status":"publish","type":"page","link":"https:\/\/spiritual-touch.de\/en\/praxis\/team\/stephanie\/","title":{"rendered":"Stephanie \u2013 Tantramassage in M\u00fcnchen | Spiritual Touch"},"content":{"rendered":"<div data-elementor-type=\"wp-page\" data-elementor-id=\"18702\" class=\"elementor elementor-18702\" data-elementor-post-type=\"page\">\n\t\t\t\t<div class=\"elementor-element elementor-element-26b334f e-flex e-con-boxed e-con e-parent\" data-id=\"26b334f\" data-element_type=\"container\" data-e-type=\"container\">\n\t\t\t\t\t<div class=\"e-con-inner\">\n\t\t\t\t<div class=\"elementor-element elementor-element-02bd581 elementor-widget elementor-widget-heading\" data-id=\"02bd581\" data-element_type=\"widget\" data-e-type=\"widget\" data-widget_type=\"heading.default\">\n\t\t\t\t<div class=\"elementor-widget-container\">\n\t\t\t\t\t<h1 class=\"elementor-heading-title elementor-size-default\">Stephanie<\/h1>\t\t\t\t<\/div>\n\t\t\t\t<\/div>\n\t\t\t\t\t<\/div>\n\t\t\t\t<\/div>\n\t\t<div class=\"elementor-element elementor-element-197b5d7 e-flex e-con-boxed e-con e-parent\" data-id=\"197b5d7\" data-element_type=\"container\" data-e-type=\"container\">\n\t\t\t\t\t<div class=\"e-con-inner\">\n\t\t\t\t<div class=\"elementor-element elementor-element-2849f51 elementor-widget elementor-widget-image\" data-id=\"2849f51\" data-element_type=\"widget\" data-e-type=\"widget\" data-widget_type=\"image.default\">\n\t\t\t\t<div class=\"elementor-widget-container\">\n\t\t\t\t\t\t\t\t\t\t\t\t\t\t\t<img fetchpriority=\"high\" decoding=\"async\" width=\"580\" height=\"773\" src=\"https:\/\/spiritual-touch.de\/wp-content\/uploads\/2024\/02\/Stephanie-32-600x800-1.jpg\" class=\"attachment-medium_large size-medium_large wp-image-202\" alt=\"Stephanie \u2013 Tantramassage bei Spiritual Touch M\u00fcnchen\" \/>\t\t\t\t\t\t\t\t\t\t\t\t\t\t\t<\/div>\n\t\t\t\t<\/div>\n\t\t\t\t\t<\/div>\n\t\t\t\t<\/div>\n\t\t<div class=\"elementor-element elementor-element-113ae3b e-flex e-con-boxed e-con e-parent\" data-id=\"113ae3b\" data-element_type=\"container\" data-e-type=\"container\">\n\t\t\t\t\t<div class=\"e-con-inner\">\n\t\t\t\t<div class=\"elementor-element elementor-element-05512d3 elementor-widget elementor-widget-text-editor\" data-id=\"05512d3\" data-element_type=\"widget\" data-e-type=\"widget\" data-widget_type=\"text-editor.default\">\n\t\t\t\t<div class=\"elementor-widget-container\">\n\t\t\t\t\t\t\t\t\t<p>Stephanie accompanies people at Spiritual Touch in Munich with a calm, present manner and a fine awareness of body and breath.<\/p>\t\t\t\t\t\t\t\t<\/div>\n\t\t\t\t<\/div>\n\t\t\t\t\t<\/div>\n\t\t\t\t<\/div>\n\t\t<div class=\"elementor-element elementor-element-3a39ddf e-flex e-con-boxed e-con e-parent\" data-id=\"3a39ddf\" data-element_type=\"container\" data-e-type=\"container\">\n\t\t\t\t\t<div class=\"e-con-inner\">\n\t\t\t\t<div class=\"elementor-element elementor-element-b26ec8a elementor-widget elementor-widget-text-editor\" data-id=\"b26ec8a\" data-element_type=\"widget\" data-e-type=\"widget\" data-widget_type=\"text-editor.default\">\n\t\t\t\t<div class=\"elementor-widget-container\">\n\t\t\t\t\t\t\t\t\t<div class=\"wpb_text_column wpb_content_element\">\n<div class=\"wpb_wrapper\">\n<p>\u2026you&#039;re slightly nervous, your heart is beating faster than usual, but you&#039;re completely surrendering to the situation. All your senses are on high alert, every touch leaves a sensation, a small ripple in your soul\u2026<br \/>At some point, time and space blur. Now, completely immersed within yourself, you can feel the true core of your presence. You bathe in the essence of your soul. Unconditional and selfless surrender washes over your body and nourishes your heart. Escape the everyday without &quot;ifs&quot; or &quot;buts,&quot; recharge...<\/p>\n<p><strong>Tantra touches the body and caresses the soul\u2026<\/strong><\/p>\n<\/div>\n<\/div>\n<div class=\"vc_empty_space\">\u00a0<\/div>\t\t\t\t\t\t\t\t<\/div>\n\t\t\t\t<\/div>\n\t\t\t\t\t<\/div>\n\t\t\t\t<\/div>\n\t\t<div class=\"elementor-element elementor-element-f82b87a e-flex e-con-boxed e-con e-parent\" data-id=\"f82b87a\" data-element_type=\"container\" data-e-type=\"container\">\n\t\t\t\t\t<div class=\"e-con-inner\">\n\t\t\t\t<div class=\"elementor-element elementor-element-c6505ae elementor-invisible elementor-widget elementor-widget-heading\" data-id=\"c6505ae\" data-element_type=\"widget\" data-e-type=\"widget\" data-settings=\"{&quot;_animation&quot;:&quot;fadeIn&quot;}\" data-widget_type=\"heading.default\">\n\t\t\t\t<div class=\"elementor-widget-container\">\n\t\t\t\t\t<h2 class=\"elementor-heading-title elementor-size-default\">Stephanie will accompany you in the following formats:<\/h2>\t\t\t\t<\/div>\n\t\t\t\t<\/div>\n\t\t\t\t<div class=\"elementor-element elementor-element-34ea34b elementor-invisible elementor-widget elementor-widget-text-editor\" data-id=\"34ea34b\" data-element_type=\"widget\" data-e-type=\"widget\" data-settings=\"{&quot;_animation&quot;:&quot;fadeIn&quot;}\" data-widget_type=\"text-editor.default\">\n\t\t\t\t<div class=\"elementor-widget-container\">\n\t\t\t\t\t\t\t\t\t<p><a href=\"https:\/\/spiritual-touch.de\/en\/praxis\/einzelarbeit\/korperarbeit-massagen\/massagen-tantramassage\/\" target=\"_blank\" rel=\"noopener\">Intuitive tantric massage for all genders<\/a><\/p><p><a href=\"https:\/\/spiritual-touch.de\/en\/praxis\/einzelarbeit\/korperarbeit-massagen\/massagen-tantramassage\/#paare\" target=\"_blank\" rel=\"noopener\">Couples massages<\/a><\/p><p><a href=\"https:\/\/spiritual-touch.de\/en\/praxis\/paare\/ritual-zu-dritt\/\" target=\"_blank\" rel=\"noopener\">Ritual for three<\/a><\/p><p><a href=\"https:\/\/spiritual-touch.de\/en\/praxis\/beruhrungsworkshop\/\" target=\"_blank\" rel=\"noopener\">Touch workshops<\/a><\/p><p>Somatic touch for people with disabilities<\/p>\t\t\t\t\t\t\t\t<\/div>\n\t\t\t\t<\/div>\n\t\t\t\t<div class=\"elementor-element elementor-element-796a29a elementor-widget elementor-widget-text-editor\" data-id=\"796a29a\" data-element_type=\"widget\" data-e-type=\"widget\" data-widget_type=\"text-editor.default\">\n\t\t\t\t<div class=\"elementor-widget-container\">\n\t\t\t\t\t\t\t\t\t<div dir=\"ltr\"><strong>You can find more information about Stephanie&#039;s offers here:<\/strong><\/div><div dir=\"ltr\"><a href=\"https:\/\/www.primal-living.de\" target=\"_blank\" rel=\"noopener\">www.primal-living.de<\/a><\/div><div dir=\"ltr\">\u00a0<\/div>\t\t\t\t\t\t\t\t<\/div>\n\t\t\t\t<\/div>\n\t\t\t\t\t<\/div>\n\t\t\t\t<\/div>\n\t\t<div class=\"elementor-element elementor-element-aa96b4e e-flex e-con-boxed e-con e-parent\" data-id=\"aa96b4e\" data-element_type=\"container\" data-e-type=\"container\">\n\t\t\t\t\t<div class=\"e-con-inner\">\n\t\t\t\t<div class=\"elementor-element elementor-element-a5ffd1c elementor-widget elementor-widget-heading\" data-id=\"a5ffd1c\" data-element_type=\"widget\" data-e-type=\"widget\" data-widget_type=\"heading.default\">\n\t\t\t\t<div class=\"elementor-widget-container\">\n\t\t\t\t\t<h2 class=\"elementor-heading-title elementor-size-default\">Education &amp; Background<\/h2>\t\t\t\t<\/div>\n\t\t\t\t<\/div>\n\t\t\t\t\t<\/div>\n\t\t\t\t<\/div>\n\t\t<div class=\"elementor-element elementor-element-23156ae e-flex e-con-boxed e-con e-parent\" data-id=\"23156ae\" data-element_type=\"container\" data-e-type=\"container\">\n\t\t\t\t\t<div class=\"e-con-inner\">\n\t\t\t\t<div class=\"elementor-element elementor-element-19bc41d elementor-widget elementor-widget-text-editor\" data-id=\"19bc41d\" data-element_type=\"widget\" data-e-type=\"widget\" data-widget_type=\"text-editor.default\">\n\t\t\t\t<div class=\"elementor-widget-container\">\n\t\t\t\t\t\t\t\t\t<div class=\"wpb_column vc_column_container vc_col-sm-12\"><div class=\"vc_column-inner\"><div class=\"wpb_wrapper\"><div class=\"wpb_text_column wpb_content_element\"><div class=\"wpb_wrapper\"><p>Certified relaxation therapist (PMR according to Jacobson)<\/p><p>Autogenic training<\/p><p>Currently in training: Relationship-dynamic couple and sex therapy<\/p><p><strong>Tantra training<\/strong><\/p><p>Basic training at Spiritual Touch in Munich<\/p><p>Advanced training in Yoni massage<\/p><p>Advanced training in Lingam massage<\/p><p>Continuing education course \u201eAnal &amp; Pelvic Floor\u201c<\/p><div dir=\"ltr\">Tantra \u201eMasterclass\u201c according to Andro in Spiritual Touch<\/div><div dir=\"ltr\"><div dir=\"ltr\">\u00a0<\/div><div dir=\"ltr\">Assistance in tantra massage training with Elke Grillwitzer, Linz<\/div><div dir=\"ltr\">\u00a0<\/div><div dir=\"ltr\">Kashmiri massage, Zinnoberschule Pamela Behnke<\/div><\/div><\/div><\/div><\/div><\/div><\/div>\t\t\t\t\t\t\t\t<\/div>\n\t\t\t\t<\/div>\n\t\t\t\t<div class=\"elementor-element elementor-element-0fc00f3 elementor-widget elementor-widget-heading\" data-id=\"0fc00f3\" data-element_type=\"widget\" data-e-type=\"widget\" data-widget_type=\"heading.default\">\n\t\t\t\t<div class=\"elementor-widget-container\">\n\t\t\t\t\t<h3 class=\"elementor-heading-title elementor-size-default\">Guest feedback<\/h3>\t\t\t\t<\/div>\n\t\t\t\t<\/div>\n\t\t\t\t<div class=\"elementor-element elementor-element-ea1fe3b elementor-widget elementor-widget-text-editor\" data-id=\"ea1fe3b\" data-element_type=\"widget\" data-e-type=\"widget\" data-widget_type=\"text-editor.default\">\n\t\t\t\t<div class=\"elementor-widget-container\">\n\t\t\t\t\t\t\t\t\t<p>After my first tantric experience, I&#039;m writing to you in amazement and speechlessness. I felt very comfortable and relaxed from the very beginning. As you explained, I should focus completely on the moment, and thankfully I embraced the experience exactly that way.<\/p><p>After our appointment, I felt very calm and at peace with my entire being. I was deeply relaxed and rested. Nevertheless, I was full of energy and wonder. This feeling surprised me the most!<br \/>It&#039;s wonderful that we can still evoke such feelings in this life.<\/p><p>This experience kickstarted my journey into Tantra. Thank you!<\/p>\t\t\t\t\t\t\t\t<\/div>\n\t\t\t\t<\/div>\n\t\t\t\t\t<\/div>\n\t\t\t\t<\/div>\n\t\t<div class=\"elementor-element elementor-element-8fb4cc6 e-flex e-con-boxed e-con e-parent\" data-id=\"8fb4cc6\" data-element_type=\"container\" data-e-type=\"container\">\n\t\t\t\t\t<div class=\"e-con-inner\">\n\t\t\t\t<div class=\"elementor-element elementor-element-ef053fc elementor-widget elementor-widget-global elementor-global-23856 elementor-widget-text-editor\" data-id=\"ef053fc\" data-element_type=\"widget\" data-e-type=\"widget\" data-widget_type=\"text-editor.default\">\n\t\t\t\t<div class=\"elementor-widget-container\">\n\t\t\t\t\t\t\t\t\t<p>\u2192 To <a href=\"https:\/\/spiritual-touch.de\/en\/praxis\/team\/\">team<\/a><br data-start=\"4490\" data-end=\"4493\" \/>\u2192 To <a href=\"https:\/\/spiritual-touch.de\/en\/kontakt\/\" target=\"_blank\" rel=\"noopener\">free initial consultation<\/a><br \/>\u2192 Go directly to <a href=\"https:\/\/spiritual-touch.de\/en\/buchungsformular\/\" target=\"_blank\" rel=\"noopener\">Appointment booking<\/a><\/p>\t\t\t\t\t\t\t\t<\/div>\n\t\t\t\t<\/div>\n\t\t\t\t\t<\/div>\n\t\t\t\t<\/div>\n\t\t\t\t<\/div>","protected":false},"excerpt":{"rendered":"<p>Stephanie Stephanie begleitet Menschen bei Spiritual Touch in M\u00fcnchen mit einer ruhigen, pr\u00e4senten Art und einer feinen Wahrnehmung f\u00fcr K\u00f6rper und Atem. \u2026 du bist leicht nerv\u00f6s, dein Herz schl\u00e4gt schneller als sonst aber du gibst dich ganz der Situation hin. Alle Sinne sind im Empfangsmodus, jede Ber\u00fchrung hinterl\u00e4sst ein Gef\u00fchl, eine kleine Welle in [&hellip;]<\/p>\n","protected":false},"author":1,"featured_media":0,"parent":23613,"menu_order":1,"comment_status":"closed","ping_status":"closed","template":"","meta":{"footnotes":""},"class_list":["post-18702","page","type-page","status-publish","hentry"],"yoast_head":"<!-- This site is optimized with the Yoast SEO Premium plugin v24.7 (Yoast SEO v27.4) - https:\/\/yoast.com\/product\/yoast-seo-premium-wordpress\/ -->\n<title>Stephanie \u2013 Tantramassage in M\u00fcnchen | Spiritual Touch - Spiritual Touch<\/title>\n<meta name=\"description\" content=\"Stephanie begleitet dich bei Spiritual Touch in M\u00fcnchen mit achtsamer Tantramassage, Pr\u00e4senz und feiner Ber\u00fchrungsqualit\u00e4t. Mehr \u00fcber ihre Ausbildung, Schwerpunkte und Haltung.\" \/>\n<meta name=\"robots\" content=\"index, follow, max-snippet:-1, max-image-preview:large, max-video-preview:-1\" \/>\n<link rel=\"canonical\" href=\"https:\/\/spiritual-touch.de\/en\/praxis\/team\/stephanie\/\" \/>\n<meta property=\"og:locale\" content=\"en_GB\" \/>\n<meta property=\"og:type\" content=\"article\" \/>\n<meta property=\"og:title\" content=\"Stephanie \u2013 Tantramassage in M\u00fcnchen | Spiritual Touch\" \/>\n<meta property=\"og:description\" content=\"Stephanie begleitet dich bei Spiritual Touch in M\u00fcnchen mit achtsamer Tantramassage, Pr\u00e4senz und feiner Ber\u00fchrungsqualit\u00e4t. Mehr \u00fcber ihre Ausbildung, Schwerpunkte und Haltung.\" \/>\n<meta property=\"og:url\" content=\"https:\/\/spiritual-touch.de\/en\/praxis\/team\/stephanie\/\" \/>\n<meta property=\"og:site_name\" content=\"Spiritual Touch\" \/>\n<meta property=\"article:publisher\" content=\"https:\/\/www.facebook.com\/profile.php?id=100057105473672\" \/>\n<meta property=\"article:modified_time\" content=\"2026-03-03T20:13:01+00:00\" \/>\n<meta property=\"og:image\" content=\"https:\/\/spiritual-touch.de\/wp-content\/uploads\/2024\/02\/Stephanie-32-600x800-1.jpg\" \/>\n\t<meta property=\"og:image:width\" content=\"600\" \/>\n\t<meta property=\"og:image:height\" content=\"800\" \/>\n\t<meta property=\"og:image:type\" content=\"image\/jpeg\" \/>\n<meta name=\"twitter:card\" content=\"summary_large_image\" \/>\n<meta name=\"twitter:label1\" content=\"Estimated reading time\" \/>\n\t<meta name=\"twitter:data1\" content=\"2 minutes\" \/>\n<script type=\"application\/ld+json\" class=\"yoast-schema-graph\">{\"@context\":\"https:\\\/\\\/schema.org\",\"@graph\":[{\"@type\":\"WebPage\",\"@id\":\"https:\\\/\\\/spiritual-touch.de\\\/praxis\\\/team\\\/stephanie\\\/\",\"url\":\"https:\\\/\\\/spiritual-touch.de\\\/praxis\\\/team\\\/stephanie\\\/\",\"name\":\"Stephanie \u2013 Tantramassage in M\u00fcnchen | Spiritual Touch - Spiritual Touch\",\"isPartOf\":{\"@id\":\"https:\\\/\\\/spiritual-touch.de\\\/#website\"},\"primaryImageOfPage\":{\"@id\":\"https:\\\/\\\/spiritual-touch.de\\\/praxis\\\/team\\\/stephanie\\\/#primaryimage\"},\"image\":{\"@id\":\"https:\\\/\\\/spiritual-touch.de\\\/praxis\\\/team\\\/stephanie\\\/#primaryimage\"},\"thumbnailUrl\":\"https:\\\/\\\/spiritual-touch.de\\\/wp-content\\\/uploads\\\/2024\\\/02\\\/Stephanie-32-600x800-1.jpg\",\"datePublished\":\"2024-02-03T16:09:29+00:00\",\"dateModified\":\"2026-03-03T20:13:01+00:00\",\"description\":\"Stephanie begleitet dich bei Spiritual Touch in M\u00fcnchen mit achtsamer Tantramassage, Pr\u00e4senz und feiner Ber\u00fchrungsqualit\u00e4t. Mehr \u00fcber ihre Ausbildung, Schwerpunkte und Haltung.\",\"breadcrumb\":{\"@id\":\"https:\\\/\\\/spiritual-touch.de\\\/praxis\\\/team\\\/stephanie\\\/#breadcrumb\"},\"inLanguage\":\"en-GB\",\"potentialAction\":[{\"@type\":\"ReadAction\",\"target\":[\"https:\\\/\\\/spiritual-touch.de\\\/praxis\\\/team\\\/stephanie\\\/\"]}]},{\"@type\":\"ImageObject\",\"inLanguage\":\"en-GB\",\"@id\":\"https:\\\/\\\/spiritual-touch.de\\\/praxis\\\/team\\\/stephanie\\\/#primaryimage\",\"url\":\"https:\\\/\\\/spiritual-touch.de\\\/wp-content\\\/uploads\\\/2024\\\/02\\\/Stephanie-32-600x800-1.jpg\",\"contentUrl\":\"https:\\\/\\\/spiritual-touch.de\\\/wp-content\\\/uploads\\\/2024\\\/02\\\/Stephanie-32-600x800-1.jpg\"},{\"@type\":\"BreadcrumbList\",\"@id\":\"https:\\\/\\\/spiritual-touch.de\\\/praxis\\\/team\\\/stephanie\\\/#breadcrumb\",\"itemListElement\":[{\"@type\":\"ListItem\",\"position\":1,\"name\":\"Startseite\",\"item\":\"https:\\\/\\\/spiritual-touch.de\\\/\"},{\"@type\":\"ListItem\",\"position\":2,\"name\":\"Tantramassage &#038; K\u00f6rperarbeit in M\u00fcnchen | Spiritual Touch\",\"item\":\"https:\\\/\\\/spiritual-touch.de\\\/\"},{\"@type\":\"ListItem\",\"position\":3,\"name\":\"Team der Praxis Spiritual Touch in M\u00fcnchen\",\"item\":\"https:\\\/\\\/spiritual-touch.de\\\/praxis\\\/team\\\/\"},{\"@type\":\"ListItem\",\"position\":4,\"name\":\"Stephanie \u2013 Tantramassage in M\u00fcnchen | Spiritual Touch\"}]},{\"@type\":\"WebSite\",\"@id\":\"https:\\\/\\\/spiritual-touch.de\\\/#website\",\"url\":\"https:\\\/\\\/spiritual-touch.de\\\/\",\"name\":\"Tantramassage M\u00fcnchen\",\"description\":\"Tantra Massage M\u00fcnchen\",\"publisher\":{\"@id\":\"https:\\\/\\\/spiritual-touch.de\\\/#organization\"},\"potentialAction\":[{\"@type\":\"SearchAction\",\"target\":{\"@type\":\"EntryPoint\",\"urlTemplate\":\"https:\\\/\\\/spiritual-touch.de\\\/?s={search_term_string}\"},\"query-input\":{\"@type\":\"PropertyValueSpecification\",\"valueRequired\":true,\"valueName\":\"search_term_string\"}}],\"inLanguage\":\"en-GB\"},{\"@type\":\"Organization\",\"@id\":\"https:\\\/\\\/spiritual-touch.de\\\/#organization\",\"name\":\"Spiritual Touch\",\"url\":\"https:\\\/\\\/spiritual-touch.de\\\/\",\"logo\":{\"@type\":\"ImageObject\",\"inLanguage\":\"en-GB\",\"@id\":\"https:\\\/\\\/spiritual-touch.de\\\/#\\\/schema\\\/logo\\\/image\\\/\",\"url\":\"https:\\\/\\\/spiritual-touch.de\\\/wp-content\\\/uploads\\\/2024\\\/01\\\/Heart.png\",\"contentUrl\":\"https:\\\/\\\/spiritual-touch.de\\\/wp-content\\\/uploads\\\/2024\\\/01\\\/Heart.png\",\"width\":500,\"height\":500,\"caption\":\"Spiritual Touch\"},\"image\":{\"@id\":\"https:\\\/\\\/spiritual-touch.de\\\/#\\\/schema\\\/logo\\\/image\\\/\"},\"sameAs\":[\"https:\\\/\\\/www.facebook.com\\\/profile.php?id=100057105473672\",\"https:\\\/\\\/www.instagram.com\\\/praxis_spiritual_touch\\\/\"]}]}<\/script>\n<!-- \/ Yoast SEO Premium plugin. -->","yoast_head_json":{"title":"Stephanie \u2013 Tantramassage in M\u00fcnchen | Spiritual Touch - Spiritual Touch","description":"Stephanie begleitet dich bei Spiritual Touch in M\u00fcnchen mit achtsamer Tantramassage, Pr\u00e4senz und feiner Ber\u00fchrungsqualit\u00e4t. Mehr \u00fcber ihre Ausbildung, Schwerpunkte und Haltung.","robots":{"index":"index","follow":"follow","max-snippet":"max-snippet:-1","max-image-preview":"max-image-preview:large","max-video-preview":"max-video-preview:-1"},"canonical":"https:\/\/spiritual-touch.de\/en\/praxis\/team\/stephanie\/","og_locale":"en_GB","og_type":"article","og_title":"Stephanie \u2013 Tantramassage in M\u00fcnchen | Spiritual Touch","og_description":"Stephanie begleitet dich bei Spiritual Touch in M\u00fcnchen mit achtsamer Tantramassage, Pr\u00e4senz und feiner Ber\u00fchrungsqualit\u00e4t. Mehr \u00fcber ihre Ausbildung, Schwerpunkte und Haltung.","og_url":"https:\/\/spiritual-touch.de\/en\/praxis\/team\/stephanie\/","og_site_name":"Spiritual Touch","article_publisher":"https:\/\/www.facebook.com\/profile.php?id=100057105473672","article_modified_time":"2026-03-03T20:13:01+00:00","og_image":[{"width":600,"height":800,"url":"https:\/\/spiritual-touch.de\/wp-content\/uploads\/2024\/02\/Stephanie-32-600x800-1.jpg","type":"image\/jpeg"}],"twitter_card":"summary_large_image","twitter_misc":{"Estimated reading time":"2 minutes"},"schema":{"@context":"https:\/\/schema.org","@graph":[{"@type":"WebPage","@id":"https:\/\/spiritual-touch.de\/praxis\/team\/stephanie\/","url":"https:\/\/spiritual-touch.de\/praxis\/team\/stephanie\/","name":"Stephanie \u2013 Tantramassage in M\u00fcnchen | Spiritual Touch - Spiritual Touch","isPartOf":{"@id":"https:\/\/spiritual-touch.de\/#website"},"primaryImageOfPage":{"@id":"https:\/\/spiritual-touch.de\/praxis\/team\/stephanie\/#primaryimage"},"image":{"@id":"https:\/\/spiritual-touch.de\/praxis\/team\/stephanie\/#primaryimage"},"thumbnailUrl":"https:\/\/spiritual-touch.de\/wp-content\/uploads\/2024\/02\/Stephanie-32-600x800-1.jpg","datePublished":"2024-02-03T16:09:29+00:00","dateModified":"2026-03-03T20:13:01+00:00","description":"Stephanie begleitet dich bei Spiritual Touch in M\u00fcnchen mit achtsamer Tantramassage, Pr\u00e4senz und feiner Ber\u00fchrungsqualit\u00e4t. Mehr \u00fcber ihre Ausbildung, Schwerpunkte und Haltung.","breadcrumb":{"@id":"https:\/\/spiritual-touch.de\/praxis\/team\/stephanie\/#breadcrumb"},"inLanguage":"en-GB","potentialAction":[{"@type":"ReadAction","target":["https:\/\/spiritual-touch.de\/praxis\/team\/stephanie\/"]}]},{"@type":"ImageObject","inLanguage":"en-GB","@id":"https:\/\/spiritual-touch.de\/praxis\/team\/stephanie\/#primaryimage","url":"https:\/\/spiritual-touch.de\/wp-content\/uploads\/2024\/02\/Stephanie-32-600x800-1.jpg","contentUrl":"https:\/\/spiritual-touch.de\/wp-content\/uploads\/2024\/02\/Stephanie-32-600x800-1.jpg"},{"@type":"BreadcrumbList","@id":"https:\/\/spiritual-touch.de\/praxis\/team\/stephanie\/#breadcrumb","itemListElement":[{"@type":"ListItem","position":1,"name":"Startseite","item":"https:\/\/spiritual-touch.de\/"},{"@type":"ListItem","position":2,"name":"Tantramassage &#038; K\u00f6rperarbeit in M\u00fcnchen | Spiritual Touch","item":"https:\/\/spiritual-touch.de\/"},{"@type":"ListItem","position":3,"name":"Team der Praxis Spiritual Touch in M\u00fcnchen","item":"https:\/\/spiritual-touch.de\/praxis\/team\/"},{"@type":"ListItem","position":4,"name":"Stephanie \u2013 Tantramassage in M\u00fcnchen | Spiritual Touch"}]},{"@type":"WebSite","@id":"https:\/\/spiritual-touch.de\/#website","url":"https:\/\/spiritual-touch.de\/","name":"Tantra massage Munich","description":"Tantra Massage Munich","publisher":{"@id":"https:\/\/spiritual-touch.de\/#organization"},"potentialAction":[{"@type":"SearchAction","target":{"@type":"EntryPoint","urlTemplate":"https:\/\/spiritual-touch.de\/?s={search_term_string}"},"query-input":{"@type":"PropertyValueSpecification","valueRequired":true,"valueName":"search_term_string"}}],"inLanguage":"en-GB"},{"@type":"Organization","@id":"https:\/\/spiritual-touch.de\/#organization","name":"Spiritual Touch","url":"https:\/\/spiritual-touch.de\/","logo":{"@type":"ImageObject","inLanguage":"en-GB","@id":"https:\/\/spiritual-touch.de\/#\/schema\/logo\/image\/","url":"https:\/\/spiritual-touch.de\/wp-content\/uploads\/2024\/01\/Heart.png","contentUrl":"https:\/\/spiritual-touch.de\/wp-content\/uploads\/2024\/01\/Heart.png","width":500,"height":500,"caption":"Spiritual Touch"},"image":{"@id":"https:\/\/spiritual-touch.de\/#\/schema\/logo\/image\/"},"sameAs":["https:\/\/www.facebook.com\/profile.php?id=100057105473672","https:\/\/www.instagram.com\/praxis_spiritual_touch\/"]}]}},"_links":{"self":[{"href":"https:\/\/spiritual-touch.de\/en\/wp-json\/wp\/v2\/pages\/18702","targetHints":{"allow":["GET"]}}],"collection":[{"href":"https:\/\/spiritual-touch.de\/en\/wp-json\/wp\/v2\/pages"}],"about":[{"href":"https:\/\/spiritual-touch.de\/en\/wp-json\/wp\/v2\/types\/page"}],"author":[{"embeddable":true,"href":"https:\/\/spiritual-touch.de\/en\/wp-json\/wp\/v2\/users\/1"}],"replies":[{"embeddable":true,"href":"https:\/\/spiritual-touch.de\/en\/wp-json\/wp\/v2\/comments?post=18702"}],"version-history":[{"count":32,"href":"https:\/\/spiritual-touch.de\/en\/wp-json\/wp\/v2\/pages\/18702\/revisions"}],"predecessor-version":[{"id":24602,"href":"https:\/\/spiritual-touch.de\/en\/wp-json\/wp\/v2\/pages\/18702\/revisions\/24602"}],"up":[{"embeddable":true,"href":"https:\/\/spiritual-touch.de\/en\/wp-json\/wp\/v2\/pages\/23613"}],"wp:attachment":[{"href":"https:\/\/spiritual-touch.de\/en\/wp-json\/wp\/v2\/media?parent=18702"}],"curies":[{"name":"wp","href":"https:\/\/api.w.org\/{rel}","templated":true}]}}