{"id":18657,"date":"2024-02-03T11:57:44","date_gmt":"2024-02-03T11:57:44","guid":{"rendered":"http:\/\/wwwspiritual-touchde.local\/?page_id=18657"},"modified":"2026-02-17T10:26:09","modified_gmt":"2026-02-17T09:26:09","slug":"amila","status":"publish","type":"page","link":"https:\/\/spiritual-touch.de\/en\/praxis\/team\/amila\/","title":{"rendered":"Amila &#8211; Tantramasseurin bei Spiritual Touch in M\u00fcnchen"},"content":{"rendered":"<div data-elementor-type=\"wp-page\" data-elementor-id=\"18657\" class=\"elementor elementor-18657\" data-elementor-post-type=\"page\">\n\t\t\t\t<div class=\"elementor-element elementor-element-aef96ed e-flex e-con-boxed e-con e-parent\" data-id=\"aef96ed\" data-element_type=\"container\" data-e-type=\"container\">\n\t\t\t\t\t<div class=\"e-con-inner\">\n\t\t\t\t<div class=\"elementor-element elementor-element-ce42ec2 elementor-widget elementor-widget-heading\" data-id=\"ce42ec2\" data-element_type=\"widget\" data-e-type=\"widget\" data-widget_type=\"heading.default\">\n\t\t\t\t<div class=\"elementor-widget-container\">\n\t\t\t\t\t<h1 class=\"elementor-heading-title elementor-size-default\">Amila<\/h1>\t\t\t\t<\/div>\n\t\t\t\t<\/div>\n\t\t\t\t\t<\/div>\n\t\t\t\t<\/div>\n\t\t<div class=\"elementor-element elementor-element-8bb05cf e-flex e-con-boxed e-con e-parent\" data-id=\"8bb05cf\" data-element_type=\"container\" data-e-type=\"container\">\n\t\t\t\t\t<div class=\"e-con-inner\">\n\t\t\t\t<div class=\"elementor-element elementor-element-5dea763 elementor-widget elementor-widget-image\" data-id=\"5dea763\" data-element_type=\"widget\" data-e-type=\"widget\" data-widget_type=\"image.default\">\n\t\t\t\t<div class=\"elementor-widget-container\">\n\t\t\t\t\t\t\t\t\t\t\t\t\t\t\t<img fetchpriority=\"high\" decoding=\"async\" width=\"600\" height=\"800\" src=\"https:\/\/spiritual-touch.de\/wp-content\/uploads\/2024\/02\/Utavoll-17-600x800-1.jpg\" class=\"attachment-medium size-medium wp-image-194\" alt=\"Amila Tantramassage M\u00fcnchen\" \/>\t\t\t\t\t\t\t\t\t\t\t\t\t\t\t<\/div>\n\t\t\t\t<\/div>\n\t\t\t\t\t<\/div>\n\t\t\t\t<\/div>\n\t\t<div class=\"elementor-element elementor-element-e36df45 e-flex e-con-boxed e-con e-parent\" data-id=\"e36df45\" data-element_type=\"container\" data-e-type=\"container\">\n\t\t\t\t\t<div class=\"e-con-inner\">\n\t\t\t\t<div class=\"elementor-element elementor-element-31a4ee4 elementor-widget elementor-widget-text-editor\" data-id=\"31a4ee4\" data-element_type=\"widget\" data-e-type=\"widget\" data-widget_type=\"text-editor.default\">\n\t\t\t\t<div class=\"elementor-widget-container\">\n\t\t\t\t\t\t\t\t\t<div class=\"wpb_text_column wpb_content_element\"><div class=\"wpb_wrapper\"><p><strong>Let yourself fall \u2013 I will catch you gently!<\/strong><\/p><p>In a safe and protected space, I invite you on a sensual journey.<\/p><p>Your body is a divine temple, feel accepted, revered and loved by me.<\/p><p>My hands massage you with mindfulness, reverence, love, and presence. I sense into you, touching your heart and soul; you are allowed to feel yourself and lovingly embrace yourself.<\/p><p>My touch creates a spiritual connection between body, heart, and soul, awakening your sexual energies in the process. You can experience them pleasurably or therapeutically \u2013 I will accompany and support you on your journey.<\/p><p>An unexpected life event led me, almost effortlessly, to my spiritual path. Since then, I have walked this path reverently, with sensuality and passion. It gives me strength and drives me forward. My massages are an expression of my selfless devotion and my tantric connection. I would like to meet you and accompany you for a small part of your spiritual journey with my heartfelt love.<\/p><\/div><\/div>\t\t\t\t\t\t\t\t<\/div>\n\t\t\t\t<\/div>\n\t\t\t\t\t<\/div>\n\t\t\t\t<\/div>\n\t\t<div class=\"elementor-element elementor-element-3005b0d e-flex e-con-boxed e-con e-parent\" data-id=\"3005b0d\" data-element_type=\"container\" data-e-type=\"container\">\n\t\t\t\t\t<div class=\"e-con-inner\">\n\t\t\t\t<div class=\"elementor-element elementor-element-c77684c elementor-invisible elementor-widget elementor-widget-heading\" data-id=\"c77684c\" data-element_type=\"widget\" data-e-type=\"widget\" data-settings=\"{&quot;_animation&quot;:&quot;fadeIn&quot;}\" data-widget_type=\"heading.default\">\n\t\t\t\t<div class=\"elementor-widget-container\">\n\t\t\t\t\t<h2 class=\"elementor-heading-title elementor-size-default\">Amila accompanies you in the following formats:<\/h2>\t\t\t\t<\/div>\n\t\t\t\t<\/div>\n\t\t\t\t<div class=\"elementor-element elementor-element-169716f elementor-invisible elementor-widget elementor-widget-text-editor\" data-id=\"169716f\" data-element_type=\"widget\" data-e-type=\"widget\" data-settings=\"{&quot;_animation&quot;:&quot;fadeIn&quot;}\" data-widget_type=\"text-editor.default\">\n\t\t\t\t<div class=\"elementor-widget-container\">\n\t\t\t\t\t\t\t\t\t<p><a href=\"https:\/\/spiritual-touch.de\/en\/praxis\/einzelarbeit\/korperarbeit-massagen\/massagen-tantramassage\/\" target=\"_blank\" rel=\"noopener\">Intuitive tantric massage for all genders<\/a><\/p><p><a href=\"https:\/\/spiritual-touch.de\/en\/praxis\/einzelarbeit\/korperarbeit-massagen\/massagen-tantramassage\/#paare\" target=\"_blank\" rel=\"noopener\">Couples massages<\/a><\/p>\t\t\t\t\t\t\t\t<\/div>\n\t\t\t\t<\/div>\n\t\t\t\t\t<\/div>\n\t\t\t\t<\/div>\n\t\t<div class=\"elementor-element elementor-element-394c0d1 e-flex e-con-boxed e-con e-parent\" data-id=\"394c0d1\" data-element_type=\"container\" data-e-type=\"container\">\n\t\t\t\t\t<div class=\"e-con-inner\">\n\t\t\t\t<div class=\"elementor-element elementor-element-b4e3a24 elementor-widget elementor-widget-heading\" data-id=\"b4e3a24\" data-element_type=\"widget\" data-e-type=\"widget\" data-widget_type=\"heading.default\">\n\t\t\t\t<div class=\"elementor-widget-container\">\n\t\t\t\t\t<h2 class=\"elementor-heading-title elementor-size-default\">Training<\/h2>\t\t\t\t<\/div>\n\t\t\t\t<\/div>\n\t\t\t\t<div class=\"elementor-element elementor-element-a6f5a81 elementor-widget elementor-widget-text-editor\" data-id=\"a6f5a81\" data-element_type=\"widget\" data-e-type=\"widget\" data-widget_type=\"text-editor.default\">\n\t\t\t\t<div class=\"elementor-widget-container\">\n\t\t\t\t\t\t\t\t\t<p>Training as a certified tantric masseuse according to the guidelines of the Tantra Massage Association e. V., (2015-2017)<br \/>Jembatan, Munich<\/p><p>Continuing education: Dealing with sexual disorders in tantric massage, Michaela Riedel, Cologne<\/p><p>Various seminars in Yoni healing massage for women, Jembatan, Munich<\/p><p>Training as a massage and wellness therapist, Terramedus Academy for Health, Munich<\/p><p>Training as a Psychotherapeutic Counselor, Stefan Rietsche, Munich<\/p><p>Training as a Rogerian client-centered therapist, Stefan Rietsche, Munich<\/p><p>Seminar: Body Therapy and Communication, Matthias Saleem Riek, School of Being, Freiburg<\/p><p>Assistance in various seminars, Jembatan Munich<\/p><p>Training at Spiritual Touch in Munich: Basic course, Masterclass, Yoni course, Body Flow course<\/p>\t\t\t\t\t\t\t\t<\/div>\n\t\t\t\t<\/div>\n\t\t\t\t\t<\/div>\n\t\t\t\t<\/div>\n\t\t<div class=\"elementor-element elementor-element-71d231b e-flex e-con-boxed e-con e-parent\" data-id=\"71d231b\" data-element_type=\"container\" data-e-type=\"container\">\n\t\t\t\t\t<div class=\"e-con-inner\">\n\t\t\t\t<div class=\"elementor-element elementor-element-20655d4 elementor-widget elementor-widget-gallery\" data-id=\"20655d4\" data-element_type=\"widget\" data-e-type=\"widget\" data-settings=\"{&quot;columns&quot;:3,&quot;lazyload&quot;:&quot;yes&quot;,&quot;gallery_layout&quot;:&quot;grid&quot;,&quot;columns_tablet&quot;:2,&quot;columns_mobile&quot;:1,&quot;gap&quot;:{&quot;unit&quot;:&quot;px&quot;,&quot;size&quot;:10,&quot;sizes&quot;:[]},&quot;gap_tablet&quot;:{&quot;unit&quot;:&quot;px&quot;,&quot;size&quot;:10,&quot;sizes&quot;:[]},&quot;gap_mobile&quot;:{&quot;unit&quot;:&quot;px&quot;,&quot;size&quot;:10,&quot;sizes&quot;:[]},&quot;link_to&quot;:&quot;file&quot;,&quot;aspect_ratio&quot;:&quot;3:2&quot;,&quot;overlay_background&quot;:&quot;yes&quot;,&quot;content_hover_animation&quot;:&quot;fade-in&quot;}\" data-widget_type=\"gallery.default\">\n\t\t\t\t<div class=\"elementor-widget-container\">\n\t\t\t\t\t\t\t<div class=\"elementor-gallery__container\">\n\t\t\t\t\t\t\t<a class=\"e-gallery-item elementor-gallery-item elementor-animated-content\" href=\"https:\/\/spiritual-touch.de\/wp-content\/uploads\/2024\/02\/Amilafavoriten-2-600x800-1.jpg\" data-elementor-open-lightbox=\"yes\" data-elementor-lightbox-slideshow=\"20655d4\" data-elementor-lightbox-title=\"Amila Tantramassage M\u00fcnchen\" data-e-action-hash=\"#elementor-action%3Aaction%3Dlightbox%26settings%3DeyJpZCI6MTg2NTksInVybCI6Imh0dHBzOlwvXC9zcGlyaXR1YWwtdG91Y2guZGVcL3dwLWNvbnRlbnRcL3VwbG9hZHNcLzIwMjRcLzAyXC9BbWlsYWZhdm9yaXRlbi0yLTYwMHg4MDAtMS5qcGciLCJzbGlkZXNob3ciOiIyMDY1NWQ0In0%3D\">\n\t\t\t\t\t<div class=\"e-gallery-image elementor-gallery-item__image\" data-thumbnail=\"https:\/\/spiritual-touch.de\/wp-content\/uploads\/2024\/02\/Amilafavoriten-2-600x800-1.jpg\" data-width=\"600\" data-height=\"800\" aria-label=\"Amila Tantra Massage Munich\" role=\"img\" ><\/div>\n\t\t\t\t\t\t\t\t\t\t\t<div class=\"elementor-gallery-item__overlay\"><\/div>\n\t\t\t\t\t\t\t\t\t\t\t\t\t\t<\/a>\n\t\t\t\t\t\t\t<a class=\"e-gallery-item elementor-gallery-item elementor-animated-content\" href=\"https:\/\/spiritual-touch.de\/wp-content\/uploads\/2026\/02\/Utafavoriten-5-1000x500-1.jpg\" data-elementor-open-lightbox=\"yes\" data-elementor-lightbox-slideshow=\"20655d4\" data-elementor-lightbox-title=\"Utafavoriten-5-1000x500\" data-e-action-hash=\"#elementor-action%3Aaction%3Dlightbox%26settings%3DeyJpZCI6MjM4MzEsInVybCI6Imh0dHBzOlwvXC9zcGlyaXR1YWwtdG91Y2guZGVcL3dwLWNvbnRlbnRcL3VwbG9hZHNcLzIwMjZcLzAyXC9VdGFmYXZvcml0ZW4tNS0xMDAweDUwMC0xLmpwZyIsInNsaWRlc2hvdyI6IjIwNjU1ZDQifQ%3D%3D\">\n\t\t\t\t\t<div class=\"e-gallery-image elementor-gallery-item__image\" data-thumbnail=\"https:\/\/spiritual-touch.de\/wp-content\/uploads\/2026\/02\/Utafavoriten-5-1000x500-1.jpg\" data-width=\"1000\" data-height=\"500\" aria-label=\"\" role=\"img\" ><\/div>\n\t\t\t\t\t\t\t\t\t\t\t<div class=\"elementor-gallery-item__overlay\"><\/div>\n\t\t\t\t\t\t\t\t\t\t\t\t\t\t<\/a>\n\t\t\t\t\t\t\t<a class=\"e-gallery-item elementor-gallery-item elementor-animated-content\" href=\"https:\/\/spiritual-touch.de\/wp-content\/uploads\/2024\/02\/Amilafavoriten-3-800x600-1.jpg\" data-elementor-open-lightbox=\"yes\" data-elementor-lightbox-slideshow=\"20655d4\" data-elementor-lightbox-title=\"Amila Tantramassage M\u00fcnchen\" data-e-action-hash=\"#elementor-action%3Aaction%3Dlightbox%26settings%3DeyJpZCI6MTg2NjAsInVybCI6Imh0dHBzOlwvXC9zcGlyaXR1YWwtdG91Y2guZGVcL3dwLWNvbnRlbnRcL3VwbG9hZHNcLzIwMjRcLzAyXC9BbWlsYWZhdm9yaXRlbi0zLTgwMHg2MDAtMS5qcGciLCJzbGlkZXNob3ciOiIyMDY1NWQ0In0%3D\">\n\t\t\t\t\t<div class=\"e-gallery-image elementor-gallery-item__image\" data-thumbnail=\"https:\/\/spiritual-touch.de\/wp-content\/uploads\/2024\/02\/Amilafavoriten-3-800x600-1.jpg\" data-width=\"800\" data-height=\"600\" aria-label=\"Amila Tantra Massage Munich\" role=\"img\" ><\/div>\n\t\t\t\t\t\t\t\t\t\t\t<div class=\"elementor-gallery-item__overlay\"><\/div>\n\t\t\t\t\t\t\t\t\t\t\t\t\t\t<\/a>\n\t\t\t\t\t<\/div>\n\t\t\t\t\t<\/div>\n\t\t\t\t<\/div>\n\t\t\t\t\t<\/div>\n\t\t\t\t<\/div>\n\t\t<div class=\"elementor-element elementor-element-af77eb3 e-flex e-con-boxed e-con e-parent\" data-id=\"af77eb3\" data-element_type=\"container\" data-e-type=\"container\">\n\t\t\t\t\t<div class=\"e-con-inner\">\n\t\t\t\t<div class=\"elementor-element elementor-element-933aa80 elementor-widget elementor-widget-global elementor-global-23856 elementor-widget-text-editor\" data-id=\"933aa80\" data-element_type=\"widget\" data-e-type=\"widget\" data-widget_type=\"text-editor.default\">\n\t\t\t\t<div class=\"elementor-widget-container\">\n\t\t\t\t\t\t\t\t\t<p>\u2192 To <a href=\"https:\/\/spiritual-touch.de\/en\/praxis\/team\/\">team<\/a><br data-start=\"4490\" data-end=\"4493\" \/>\u2192 To <a href=\"https:\/\/spiritual-touch.de\/en\/kontakt\/\" target=\"_blank\" rel=\"noopener\">free initial consultation<\/a><br \/>\u2192 Go directly to <a href=\"https:\/\/spiritual-touch.de\/en\/buchungsformular\/\" target=\"_blank\" rel=\"noopener\">Appointment booking<\/a><\/p>\t\t\t\t\t\t\t\t<\/div>\n\t\t\t\t<\/div>\n\t\t\t\t\t<\/div>\n\t\t\t\t<\/div>\n\t\t\t\t<\/div>","protected":false},"excerpt":{"rendered":"<p>Amila Lass dich fallen \u2013 ich fange dich achtsam auf! In einem gesch\u00fctzten Raum lade ich dich auf eine sinnliche Reise ein. Dein K\u00f6rper ist ein g\u00f6ttlicher Tempel, f\u00fchle dich von mir angenommen, verehrt und geliebt. Meine H\u00e4nde massieren dich mit Achtsamkeit, Verehrung, Liebe und Pr\u00e4senz. Ich sp\u00fcre in dich hinein, ber\u00fchre dich in deinem [&hellip;]<\/p>\n","protected":false},"author":1,"featured_media":0,"parent":23613,"menu_order":13,"comment_status":"closed","ping_status":"closed","template":"","meta":{"footnotes":""},"class_list":["post-18657","page","type-page","status-publish","hentry"],"yoast_head":"<!-- This site is optimized with the Yoast SEO Premium plugin v24.7 (Yoast SEO v27.5) - https:\/\/yoast.com\/product\/yoast-seo-premium-wordpress\/ -->\n<title>Amila - Tantramasseurin bei Spiritual Touch in M\u00fcnchen -<\/title>\n<meta name=\"description\" content=\"Durch meine Ber\u00fchrungen wird die spirituelle Verbindung von K\u00f6rper, Herz und Seele geschaffen und dabei k\u00f6nnen auch deine sexuellen Energien geweckt werden. In der Tantramassage verbinde ich Kundalini Energie und Heilung. Wir schaffen Verbindung Liebe Hingabe.\" \/>\n<meta name=\"robots\" content=\"index, follow, max-snippet:-1, max-image-preview:large, max-video-preview:-1\" \/>\n<link rel=\"canonical\" href=\"https:\/\/spiritual-touch.de\/en\/praxis\/team\/amila\/\" \/>\n<meta property=\"og:locale\" content=\"en_GB\" \/>\n<meta property=\"og:type\" content=\"article\" \/>\n<meta property=\"og:title\" content=\"Amila - Tantramasseurin bei Spiritual Touch in M\u00fcnchen\" \/>\n<meta property=\"og:description\" content=\"Durch meine Ber\u00fchrungen wird die spirituelle Verbindung von K\u00f6rper, Herz und Seele geschaffen und dabei k\u00f6nnen auch deine sexuellen Energien geweckt werden. In der Tantramassage verbinde ich Kundalini Energie und Heilung. Wir schaffen Verbindung Liebe Hingabe.\" \/>\n<meta property=\"og:url\" content=\"https:\/\/spiritual-touch.de\/en\/praxis\/team\/amila\/\" \/>\n<meta property=\"og:site_name\" content=\"Spiritual Touch\" \/>\n<meta property=\"article:publisher\" content=\"https:\/\/www.facebook.com\/profile.php?id=100057105473672\" \/>\n<meta property=\"article:modified_time\" content=\"2026-02-17T09:26:09+00:00\" \/>\n<meta property=\"og:image\" content=\"https:\/\/spiritual-touch.de\/wp-content\/uploads\/2024\/02\/Utavoll-17-600x800-1.jpg\" \/>\n\t<meta property=\"og:image:width\" content=\"600\" \/>\n\t<meta property=\"og:image:height\" content=\"800\" \/>\n\t<meta property=\"og:image:type\" content=\"image\/jpeg\" \/>\n<meta name=\"twitter:card\" content=\"summary_large_image\" \/>\n<meta name=\"twitter:label1\" content=\"Estimated reading time\" \/>\n\t<meta name=\"twitter:data1\" content=\"2 minutes\" \/>\n<script type=\"application\/ld+json\" class=\"yoast-schema-graph\">{\"@context\":\"https:\\\/\\\/schema.org\",\"@graph\":[{\"@type\":\"WebPage\",\"@id\":\"https:\\\/\\\/spiritual-touch.de\\\/praxis\\\/team\\\/amila\\\/\",\"url\":\"https:\\\/\\\/spiritual-touch.de\\\/praxis\\\/team\\\/amila\\\/\",\"name\":\"Amila - Tantramasseurin bei Spiritual Touch in M\u00fcnchen -\",\"isPartOf\":{\"@id\":\"https:\\\/\\\/spiritual-touch.de\\\/#website\"},\"primaryImageOfPage\":{\"@id\":\"https:\\\/\\\/spiritual-touch.de\\\/praxis\\\/team\\\/amila\\\/#primaryimage\"},\"image\":{\"@id\":\"https:\\\/\\\/spiritual-touch.de\\\/praxis\\\/team\\\/amila\\\/#primaryimage\"},\"thumbnailUrl\":\"https:\\\/\\\/spiritual-touch.de\\\/wp-content\\\/uploads\\\/2024\\\/02\\\/Utavoll-17-600x800-1.jpg\",\"datePublished\":\"2024-02-03T11:57:44+00:00\",\"dateModified\":\"2026-02-17T09:26:09+00:00\",\"description\":\"Durch meine Ber\u00fchrungen wird die spirituelle Verbindung von K\u00f6rper, Herz und Seele geschaffen und dabei k\u00f6nnen auch deine sexuellen Energien geweckt werden. In der Tantramassage verbinde ich Kundalini Energie und Heilung. Wir schaffen Verbindung Liebe Hingabe.\",\"breadcrumb\":{\"@id\":\"https:\\\/\\\/spiritual-touch.de\\\/praxis\\\/team\\\/amila\\\/#breadcrumb\"},\"inLanguage\":\"en-GB\",\"potentialAction\":[{\"@type\":\"ReadAction\",\"target\":[\"https:\\\/\\\/spiritual-touch.de\\\/praxis\\\/team\\\/amila\\\/\"]}]},{\"@type\":\"ImageObject\",\"inLanguage\":\"en-GB\",\"@id\":\"https:\\\/\\\/spiritual-touch.de\\\/praxis\\\/team\\\/amila\\\/#primaryimage\",\"url\":\"https:\\\/\\\/spiritual-touch.de\\\/wp-content\\\/uploads\\\/2024\\\/02\\\/Utavoll-17-600x800-1.jpg\",\"contentUrl\":\"https:\\\/\\\/spiritual-touch.de\\\/wp-content\\\/uploads\\\/2024\\\/02\\\/Utavoll-17-600x800-1.jpg\"},{\"@type\":\"BreadcrumbList\",\"@id\":\"https:\\\/\\\/spiritual-touch.de\\\/praxis\\\/team\\\/amila\\\/#breadcrumb\",\"itemListElement\":[{\"@type\":\"ListItem\",\"position\":1,\"name\":\"Startseite\",\"item\":\"https:\\\/\\\/spiritual-touch.de\\\/\"},{\"@type\":\"ListItem\",\"position\":2,\"name\":\"Tantramassage &#038; K\u00f6rperarbeit in M\u00fcnchen | Spiritual Touch\",\"item\":\"https:\\\/\\\/spiritual-touch.de\\\/\"},{\"@type\":\"ListItem\",\"position\":3,\"name\":\"Team der Praxis Spiritual Touch in M\u00fcnchen\",\"item\":\"https:\\\/\\\/spiritual-touch.de\\\/praxis\\\/team\\\/\"},{\"@type\":\"ListItem\",\"position\":4,\"name\":\"Amila &#8211; Tantramasseurin bei Spiritual Touch in M\u00fcnchen\"}]},{\"@type\":\"WebSite\",\"@id\":\"https:\\\/\\\/spiritual-touch.de\\\/#website\",\"url\":\"https:\\\/\\\/spiritual-touch.de\\\/\",\"name\":\"Tantramassage M\u00fcnchen\",\"description\":\"Tantra Massage M\u00fcnchen\",\"publisher\":{\"@id\":\"https:\\\/\\\/spiritual-touch.de\\\/#organization\"},\"potentialAction\":[{\"@type\":\"SearchAction\",\"target\":{\"@type\":\"EntryPoint\",\"urlTemplate\":\"https:\\\/\\\/spiritual-touch.de\\\/?s={search_term_string}\"},\"query-input\":{\"@type\":\"PropertyValueSpecification\",\"valueRequired\":true,\"valueName\":\"search_term_string\"}}],\"inLanguage\":\"en-GB\"},{\"@type\":\"Organization\",\"@id\":\"https:\\\/\\\/spiritual-touch.de\\\/#organization\",\"name\":\"Spiritual Touch\",\"url\":\"https:\\\/\\\/spiritual-touch.de\\\/\",\"logo\":{\"@type\":\"ImageObject\",\"inLanguage\":\"en-GB\",\"@id\":\"https:\\\/\\\/spiritual-touch.de\\\/#\\\/schema\\\/logo\\\/image\\\/\",\"url\":\"https:\\\/\\\/spiritual-touch.de\\\/wp-content\\\/uploads\\\/2024\\\/01\\\/Heart.png\",\"contentUrl\":\"https:\\\/\\\/spiritual-touch.de\\\/wp-content\\\/uploads\\\/2024\\\/01\\\/Heart.png\",\"width\":500,\"height\":500,\"caption\":\"Spiritual Touch\"},\"image\":{\"@id\":\"https:\\\/\\\/spiritual-touch.de\\\/#\\\/schema\\\/logo\\\/image\\\/\"},\"sameAs\":[\"https:\\\/\\\/www.facebook.com\\\/profile.php?id=100057105473672\",\"https:\\\/\\\/www.instagram.com\\\/praxis_spiritual_touch\\\/\"]}]}<\/script>\n<!-- \/ Yoast SEO Premium plugin. -->","yoast_head_json":{"title":"Amila - Tantramasseurin bei Spiritual Touch in M\u00fcnchen -","description":"Durch meine Ber\u00fchrungen wird die spirituelle Verbindung von K\u00f6rper, Herz und Seele geschaffen und dabei k\u00f6nnen auch deine sexuellen Energien geweckt werden. In der Tantramassage verbinde ich Kundalini Energie und Heilung. Wir schaffen Verbindung Liebe Hingabe.","robots":{"index":"index","follow":"follow","max-snippet":"max-snippet:-1","max-image-preview":"max-image-preview:large","max-video-preview":"max-video-preview:-1"},"canonical":"https:\/\/spiritual-touch.de\/en\/praxis\/team\/amila\/","og_locale":"en_GB","og_type":"article","og_title":"Amila - Tantramasseurin bei Spiritual Touch in M\u00fcnchen","og_description":"Durch meine Ber\u00fchrungen wird die spirituelle Verbindung von K\u00f6rper, Herz und Seele geschaffen und dabei k\u00f6nnen auch deine sexuellen Energien geweckt werden. In der Tantramassage verbinde ich Kundalini Energie und Heilung. Wir schaffen Verbindung Liebe Hingabe.","og_url":"https:\/\/spiritual-touch.de\/en\/praxis\/team\/amila\/","og_site_name":"Spiritual Touch","article_publisher":"https:\/\/www.facebook.com\/profile.php?id=100057105473672","article_modified_time":"2026-02-17T09:26:09+00:00","og_image":[{"width":600,"height":800,"url":"https:\/\/spiritual-touch.de\/wp-content\/uploads\/2024\/02\/Utavoll-17-600x800-1.jpg","type":"image\/jpeg"}],"twitter_card":"summary_large_image","twitter_misc":{"Estimated reading time":"2 minutes"},"schema":{"@context":"https:\/\/schema.org","@graph":[{"@type":"WebPage","@id":"https:\/\/spiritual-touch.de\/praxis\/team\/amila\/","url":"https:\/\/spiritual-touch.de\/praxis\/team\/amila\/","name":"Amila - Tantramasseurin bei Spiritual Touch in M\u00fcnchen -","isPartOf":{"@id":"https:\/\/spiritual-touch.de\/#website"},"primaryImageOfPage":{"@id":"https:\/\/spiritual-touch.de\/praxis\/team\/amila\/#primaryimage"},"image":{"@id":"https:\/\/spiritual-touch.de\/praxis\/team\/amila\/#primaryimage"},"thumbnailUrl":"https:\/\/spiritual-touch.de\/wp-content\/uploads\/2024\/02\/Utavoll-17-600x800-1.jpg","datePublished":"2024-02-03T11:57:44+00:00","dateModified":"2026-02-17T09:26:09+00:00","description":"Durch meine Ber\u00fchrungen wird die spirituelle Verbindung von K\u00f6rper, Herz und Seele geschaffen und dabei k\u00f6nnen auch deine sexuellen Energien geweckt werden. In der Tantramassage verbinde ich Kundalini Energie und Heilung. Wir schaffen Verbindung Liebe Hingabe.","breadcrumb":{"@id":"https:\/\/spiritual-touch.de\/praxis\/team\/amila\/#breadcrumb"},"inLanguage":"en-GB","potentialAction":[{"@type":"ReadAction","target":["https:\/\/spiritual-touch.de\/praxis\/team\/amila\/"]}]},{"@type":"ImageObject","inLanguage":"en-GB","@id":"https:\/\/spiritual-touch.de\/praxis\/team\/amila\/#primaryimage","url":"https:\/\/spiritual-touch.de\/wp-content\/uploads\/2024\/02\/Utavoll-17-600x800-1.jpg","contentUrl":"https:\/\/spiritual-touch.de\/wp-content\/uploads\/2024\/02\/Utavoll-17-600x800-1.jpg"},{"@type":"BreadcrumbList","@id":"https:\/\/spiritual-touch.de\/praxis\/team\/amila\/#breadcrumb","itemListElement":[{"@type":"ListItem","position":1,"name":"Startseite","item":"https:\/\/spiritual-touch.de\/"},{"@type":"ListItem","position":2,"name":"Tantramassage &#038; K\u00f6rperarbeit in M\u00fcnchen | Spiritual Touch","item":"https:\/\/spiritual-touch.de\/"},{"@type":"ListItem","position":3,"name":"Team der Praxis Spiritual Touch in M\u00fcnchen","item":"https:\/\/spiritual-touch.de\/praxis\/team\/"},{"@type":"ListItem","position":4,"name":"Amila &#8211; Tantramasseurin bei Spiritual Touch in M\u00fcnchen"}]},{"@type":"WebSite","@id":"https:\/\/spiritual-touch.de\/#website","url":"https:\/\/spiritual-touch.de\/","name":"Tantra massage Munich","description":"Tantra Massage Munich","publisher":{"@id":"https:\/\/spiritual-touch.de\/#organization"},"potentialAction":[{"@type":"SearchAction","target":{"@type":"EntryPoint","urlTemplate":"https:\/\/spiritual-touch.de\/?s={search_term_string}"},"query-input":{"@type":"PropertyValueSpecification","valueRequired":true,"valueName":"search_term_string"}}],"inLanguage":"en-GB"},{"@type":"Organization","@id":"https:\/\/spiritual-touch.de\/#organization","name":"Spiritual Touch","url":"https:\/\/spiritual-touch.de\/","logo":{"@type":"ImageObject","inLanguage":"en-GB","@id":"https:\/\/spiritual-touch.de\/#\/schema\/logo\/image\/","url":"https:\/\/spiritual-touch.de\/wp-content\/uploads\/2024\/01\/Heart.png","contentUrl":"https:\/\/spiritual-touch.de\/wp-content\/uploads\/2024\/01\/Heart.png","width":500,"height":500,"caption":"Spiritual Touch"},"image":{"@id":"https:\/\/spiritual-touch.de\/#\/schema\/logo\/image\/"},"sameAs":["https:\/\/www.facebook.com\/profile.php?id=100057105473672","https:\/\/www.instagram.com\/praxis_spiritual_touch\/"]}]}},"_links":{"self":[{"href":"https:\/\/spiritual-touch.de\/en\/wp-json\/wp\/v2\/pages\/18657","targetHints":{"allow":["GET"]}}],"collection":[{"href":"https:\/\/spiritual-touch.de\/en\/wp-json\/wp\/v2\/pages"}],"about":[{"href":"https:\/\/spiritual-touch.de\/en\/wp-json\/wp\/v2\/types\/page"}],"author":[{"embeddable":true,"href":"https:\/\/spiritual-touch.de\/en\/wp-json\/wp\/v2\/users\/1"}],"replies":[{"embeddable":true,"href":"https:\/\/spiritual-touch.de\/en\/wp-json\/wp\/v2\/comments?post=18657"}],"version-history":[{"count":21,"href":"https:\/\/spiritual-touch.de\/en\/wp-json\/wp\/v2\/pages\/18657\/revisions"}],"predecessor-version":[{"id":24114,"href":"https:\/\/spiritual-touch.de\/en\/wp-json\/wp\/v2\/pages\/18657\/revisions\/24114"}],"up":[{"embeddable":true,"href":"https:\/\/spiritual-touch.de\/en\/wp-json\/wp\/v2\/pages\/23613"}],"wp:attachment":[{"href":"https:\/\/spiritual-touch.de\/en\/wp-json\/wp\/v2\/media?parent=18657"}],"curies":[{"name":"wp","href":"https:\/\/api.w.org\/{rel}","templated":true}]}}