{"id":18652,"date":"2024-02-03T11:51:27","date_gmt":"2024-02-03T11:51:27","guid":{"rendered":"http:\/\/wwwspiritual-touchde.local\/?page_id=18652"},"modified":"2026-02-17T10:09:06","modified_gmt":"2026-02-17T09:09:06","slug":"jen","status":"publish","type":"page","link":"https:\/\/spiritual-touch.de\/en\/praxis\/team\/jen\/","title":{"rendered":"Jen &#8211; Tantramasseurin bei Spiritual Touch in M\u00fcnchen"},"content":{"rendered":"<div data-elementor-type=\"wp-page\" data-elementor-id=\"18652\" class=\"elementor elementor-18652\" data-elementor-post-type=\"page\">\n\t\t\t\t<div class=\"elementor-element elementor-element-a243ade e-flex e-con-boxed e-con e-parent\" data-id=\"a243ade\" data-element_type=\"container\" data-e-type=\"container\">\n\t\t\t\t\t<div class=\"e-con-inner\">\n\t\t\t\t<div class=\"elementor-element elementor-element-a73d352 elementor-widget elementor-widget-heading\" data-id=\"a73d352\" data-element_type=\"widget\" data-e-type=\"widget\" data-widget_type=\"heading.default\">\n\t\t\t\t<div class=\"elementor-widget-container\">\n\t\t\t\t\t<h1 class=\"elementor-heading-title elementor-size-default\">Jen<\/h1>\t\t\t\t<\/div>\n\t\t\t\t<\/div>\n\t\t\t\t\t<\/div>\n\t\t\t\t<\/div>\n\t\t<div class=\"elementor-element elementor-element-78ba075 e-flex e-con-boxed e-con e-parent\" data-id=\"78ba075\" data-element_type=\"container\" data-e-type=\"container\">\n\t\t\t\t\t<div class=\"e-con-inner\">\n\t\t\t\t<div class=\"elementor-element elementor-element-c83cdc9 elementor-widget elementor-widget-image\" data-id=\"c83cdc9\" data-element_type=\"widget\" data-e-type=\"widget\" data-widget_type=\"image.default\">\n\t\t\t\t<div class=\"elementor-widget-container\">\n\t\t\t\t\t\t\t\t\t\t\t\t\t\t\t<img fetchpriority=\"high\" decoding=\"async\" width=\"600\" height=\"800\" src=\"https:\/\/spiritual-touch.de\/wp-content\/uploads\/2024\/02\/Jennifervoll-15-600x800-1.jpg\" class=\"attachment-medium size-medium wp-image-193\" alt=\"Jen Tantramassage M\u00fcnchen\" \/>\t\t\t\t\t\t\t\t\t\t\t\t\t\t\t<\/div>\n\t\t\t\t<\/div>\n\t\t\t\t\t<\/div>\n\t\t\t\t<\/div>\n\t\t<div class=\"elementor-element elementor-element-1a68e01 e-flex e-con-boxed e-con e-parent\" data-id=\"1a68e01\" data-element_type=\"container\" data-e-type=\"container\">\n\t\t\t\t\t<div class=\"e-con-inner\">\n\t\t\t\t<div class=\"elementor-element elementor-element-b497e12 elementor-widget elementor-widget-heading\" data-id=\"b497e12\" data-element_type=\"widget\" data-e-type=\"widget\" data-widget_type=\"heading.default\">\n\t\t\t\t<div class=\"elementor-widget-container\">\n\t\t\t\t\t<h2 class=\"elementor-heading-title elementor-size-default\">Bliss is your birthright<\/h2>\t\t\t\t<\/div>\n\t\t\t\t<\/div>\n\t\t\t\t\t<\/div>\n\t\t\t\t<\/div>\n\t\t<div class=\"elementor-element elementor-element-41c83b7 e-flex e-con-boxed e-con e-parent\" data-id=\"41c83b7\" data-element_type=\"container\" data-e-type=\"container\">\n\t\t\t\t\t<div class=\"e-con-inner\">\n\t\t\t\t<div class=\"elementor-element elementor-element-e0337bd elementor-widget elementor-widget-text-editor\" data-id=\"e0337bd\" data-element_type=\"widget\" data-e-type=\"widget\" data-widget_type=\"text-editor.default\">\n\t\t\t\t<div class=\"elementor-widget-container\">\n\t\t\t\t\t\t\t\t\t<div class=\"wpb_text_column wpb_content_element\"><div class=\"wpb_wrapper\"><div class=\"moz-text-html\" lang=\"x-unicode\"><div><div><p>Far too often we live in our heads and our thoughts.<\/p><div><p>Tantra massage allows you to finally reconnect with your body and your senses.<br \/>Through the intentionless and mindful touch of Tantra massage, I invite you to feel and explore your body and your femininity \u2013 holistically. All emotions and feelings that may arise are welcome.<\/p><p>The term Yoni comes from Sanskrit and literally translates to &quot;sacred place&quot;.<\/p><\/div><p><strong>Yoni Dearmouring<\/strong><\/p><p>People generally store their feelings, emotions, worries, fears, and trauma in their bodies. Women predominantly store these in the safest place in their bodies \u2013 the lower abdomen and vulva. A woman&#039;s pelvic floor consists largely of muscles, which, like all muscles in the body, can become tense and therefore uncomfortable or even painful.<\/p><p>These tensions are often linked to various feelings and emotions, but physical causes can also trigger them. Both types of tension can be loosened or even released through Yoni De-Armouring. Through mindful touch in the form of Yoni De-Armouring, I give you the space to bring these emotions to the surface and support you in processing old patterns that no longer serve you and that you wish to release.<\/p><\/div><div><p><strong>Yoni Mapping<\/strong><\/p><p>Yoni mapping is essentially exploring and getting to know your yoni. Through conversation combined with touch, you can explore how you perceive different areas and sensations, and even discover new ones. Furthermore, various regions of the body tend to become insensitive or even &quot;numb&quot; to sensations due to lack of touch, which is often the case in the yoni for many women. These insensitive or numb areas can be reactivated. Yoni mapping can increase and strengthen the sensitivity of your yoni, allowing you to enhance your capacity for pleasure.<\/p><p><strong>Note:<\/strong>\u00a0Even if Yoni Mapping\/Dearmouring is explicitly desired, a full-body massage is included and necessary as preparation. Furthermore, the individual needs of the woman&#039;s body will be taken into account to determine when Yoni Mapping\/Dearmouring is possible.<\/p><\/div><\/div><div>\u00a0<\/div><\/div><\/div><\/div>\t\t\t\t\t\t\t\t<\/div>\n\t\t\t\t<\/div>\n\t\t\t\t\t<\/div>\n\t\t\t\t<\/div>\n\t\t<div class=\"elementor-element elementor-element-13d0dfd e-flex e-con-boxed e-con e-parent\" data-id=\"13d0dfd\" data-element_type=\"container\" data-e-type=\"container\">\n\t\t\t\t\t<div class=\"e-con-inner\">\n\t\t\t\t<div class=\"elementor-element elementor-element-791af0a elementor-invisible elementor-widget elementor-widget-heading\" data-id=\"791af0a\" data-element_type=\"widget\" data-e-type=\"widget\" data-settings=\"{&quot;_animation&quot;:&quot;fadeIn&quot;}\" data-widget_type=\"heading.default\">\n\t\t\t\t<div class=\"elementor-widget-container\">\n\t\t\t\t\t<h2 class=\"elementor-heading-title elementor-size-default\">Jen accompanies women in the following formats:<\/h2>\t\t\t\t<\/div>\n\t\t\t\t<\/div>\n\t\t\t\t<div class=\"elementor-element elementor-element-66edf60 elementor-invisible elementor-widget elementor-widget-text-editor\" data-id=\"66edf60\" data-element_type=\"widget\" data-e-type=\"widget\" data-settings=\"{&quot;_animation&quot;:&quot;fadeIn&quot;}\" data-widget_type=\"text-editor.default\">\n\t\t\t\t<div class=\"elementor-widget-container\">\n\t\t\t\t\t\t\t\t\t<p><a href=\"https:\/\/spiritual-touch.de\/en\/praxis\/einzelarbeit\/korperarbeit-massagen\/frauen-heilmassage\/\" target=\"_blank\" rel=\"noopener\">Women&#039;s therapeutic massage<\/a><\/p><p><a href=\"https:\/\/spiritual-touch.de\/en\/praxis\/einzelarbeit\/korperarbeit-massagen\/massagen-tantramassage\/#paare\" target=\"_blank\" rel=\"noopener\">Couples massages<\/a><\/p><p><a href=\"https:\/\/spiritual-touch.de\/en\/praxis\/einzelarbeit\/de-armouring-sacred-spot\/\" target=\"_blank\" rel=\"noopener\">De-armoring<\/a><\/p><p><a href=\"https:\/\/spiritual-touch.de\/en\/praxis\/beruhrungsworkshop\/\" target=\"_blank\" rel=\"noopener\">Touch workshops<\/a><\/p>\t\t\t\t\t\t\t\t<\/div>\n\t\t\t\t<\/div>\n\t\t\t\t\t<\/div>\n\t\t\t\t<\/div>\n\t\t<div class=\"elementor-element elementor-element-eed3c97 e-flex e-con-boxed e-con e-parent\" data-id=\"eed3c97\" data-element_type=\"container\" data-e-type=\"container\">\n\t\t\t\t\t<div class=\"e-con-inner\">\n\t\t\t\t<div class=\"elementor-element elementor-element-b2e1328 elementor-widget elementor-widget-heading\" data-id=\"b2e1328\" data-element_type=\"widget\" data-e-type=\"widget\" data-widget_type=\"heading.default\">\n\t\t\t\t<div class=\"elementor-widget-container\">\n\t\t\t\t\t<h2 class=\"elementor-heading-title elementor-size-default\">Education &amp; Skills<\/h2>\t\t\t\t<\/div>\n\t\t\t\t<\/div>\n\t\t\t\t<div class=\"elementor-element elementor-element-3046133 elementor-widget elementor-widget-text-editor\" data-id=\"3046133\" data-element_type=\"widget\" data-e-type=\"widget\" data-widget_type=\"text-editor.default\">\n\t\t\t\t<div class=\"elementor-widget-container\">\n\t\t\t\t\t\t\t\t\t<p>Training to become a professional tantra masseuse according to the guidelines of the Tantra Massage Association (TMV)<\/p><p>Tantra massage basic training at Spiritual Touch in Munich<\/p><p>Tantra massage \u201eSpiritual Touch Yoni course\u201c<\/p><p>Tantra massage \u201eSpiritual Touch Lingam course\u201c<\/p><p>Tantra Massage \u201eSpiritual Touch Anal and Pelvic Floor Course\u201c<\/p><p>Tantra massage \u201eSpiritual Touch Body Flow\u201c<\/p><p>Certified BlisSchool trainer by Aida Lucie (workshops on various topics of female sexuality\/femininity in general)<\/p><p>Somatic educator for women in training at \u201eSomatic Institute for Women\u201c<\/p><p>Yoni Steaming, Peristeam Facilitator in Training<\/p><p>Tantra massage and de-armoring coaching by Shaft Uddin<\/p><p>Tantra Massage Workshop, Arja Hendrikx &amp; Sia<\/p><p>Massage training, Andr\u00e8 Michel \u201cArt of Touch\u201c<\/p><p>Reiki Level I<\/p>\t\t\t\t\t\t\t\t<\/div>\n\t\t\t\t<\/div>\n\t\t\t\t<div class=\"elementor-element elementor-element-7a69a1e elementor-widget elementor-widget-heading\" data-id=\"7a69a1e\" data-element_type=\"widget\" data-e-type=\"widget\" data-widget_type=\"heading.default\">\n\t\t\t\t<div class=\"elementor-widget-container\">\n\t\t\t\t\t<h4 class=\"elementor-heading-title elementor-size-default\">Further experiences<\/h4>\t\t\t\t<\/div>\n\t\t\t\t<\/div>\n\t\t\t\t<div class=\"elementor-element elementor-element-f7df61b elementor-widget elementor-widget-text-editor\" data-id=\"f7df61b\" data-element_type=\"widget\" data-e-type=\"widget\" data-widget_type=\"text-editor.default\">\n\t\t\t\t<div class=\"elementor-widget-container\">\n\t\t\t\t\t\t\t\t\t<p>BlisSchool \u2013 Facilitator Training<\/p><p>BlisSchool \u2013 the orgasmic woman<\/p><p>Sacred \u2013 awaken the woman in you<\/p><p>Aida Lucie \u2013 self-sourced<\/p><p>Tantric Life \u2013 sacred sexuality<\/p><p>Tantric Life \u2013 the lover program<\/p><p>Bonnie Bliss \u2013 next level intimacy<\/p><p>Somatic Institute for Women \u2013 Sensation is Sacred<\/p><p>Somatic Institute for Women \u2013 Summit of Sensuality<\/p><p>Sally Mustang &amp; Mitch Gobel: Sex of equality<\/p><p>Various Tantra workshops<\/p>\t\t\t\t\t\t\t\t<\/div>\n\t\t\t\t<\/div>\n\t\t\t\t\t<\/div>\n\t\t\t\t<\/div>\n\t\t<div class=\"elementor-element elementor-element-c14cd21 e-flex e-con-boxed e-con e-parent\" data-id=\"c14cd21\" data-element_type=\"container\" data-e-type=\"container\">\n\t\t\t\t\t<div class=\"e-con-inner\">\n\t\t\t\t<div class=\"elementor-element elementor-element-dd8b22e elementor-widget elementor-widget-global elementor-global-23856 elementor-widget-text-editor\" data-id=\"dd8b22e\" data-element_type=\"widget\" data-e-type=\"widget\" data-widget_type=\"text-editor.default\">\n\t\t\t\t<div class=\"elementor-widget-container\">\n\t\t\t\t\t\t\t\t\t<p>\u2192 To <a href=\"https:\/\/spiritual-touch.de\/en\/praxis\/team\/\">team<\/a><br data-start=\"4490\" data-end=\"4493\" \/>\u2192 To <a href=\"https:\/\/spiritual-touch.de\/en\/kontakt\/\" target=\"_blank\" rel=\"noopener\">free initial consultation<\/a><br \/>\u2192 Go directly to <a href=\"https:\/\/spiritual-touch.de\/en\/buchungsformular\/\" target=\"_blank\" rel=\"noopener\">Appointment booking<\/a><\/p>\t\t\t\t\t\t\t\t<\/div>\n\t\t\t\t<\/div>\n\t\t\t\t\t<\/div>\n\t\t\t\t<\/div>\n\t\t\t\t<\/div>","protected":false},"excerpt":{"rendered":"<p>Jen Bliss is your birthright Viel zu h\u00e4ufig leben wir in unserem Kopf und den Gedanken. Im Rahmen der Tantra-Massage kannst du endlich wieder mehr in den K\u00f6rper und ins Sp\u00fcren gelangen.Durch die absichtslose und achtsame Ber\u00fchrung der Tantra-Massage lade ich dich ein, deinen K\u00f6rper und deine Weiblichkeit zu sp\u00fcren und zu erforschen \u2013 ganzheitlich. [&hellip;]<\/p>\n","protected":false},"author":1,"featured_media":0,"parent":23613,"menu_order":12,"comment_status":"closed","ping_status":"closed","template":"","meta":{"footnotes":""},"class_list":["post-18652","page","type-page","status-publish","hentry"],"yoast_head":"<!-- This site is optimized with the Yoast SEO Premium plugin v24.7 (Yoast SEO v27.4) - https:\/\/yoast.com\/product\/yoast-seo-premium-wordpress\/ -->\n<title>Jen - Tantramasseurin bei Spiritual Touch in M\u00fcnchen -<\/title>\n<meta name=\"description\" content=\"Ich biete Frauenkreise, Scho\u00dfraumarbeit, Hilfe bei Lustlosigkeit, sexuellen Funktionsst\u00f6rungen und Frauenheilmassage an. Frauen speichern ihre Emotionen, Sorgen, \u00c4ngste und Trauma am sichersten Platz ihres K\u00f6rpers \u2013 dem Unterleib und der Yoni. Durch die achtsame Ber\u00fchrung im Form der Tantra-Massage gebe ich dir den Raum, diese an die Oberfl\u00e4che zu bringen und halte und unterst\u00fctze dich bei der Verarbeitung alter Muster, die dir nicht mehr l\u00e4nger n\u00fctzlich sind und du loslassen m\u00f6chtest. S\u00e4mtliche Emotionen und Gef\u00fchle die aufkommen k\u00f6nnen sind willkommen.\" \/>\n<meta name=\"robots\" content=\"index, follow, max-snippet:-1, max-image-preview:large, max-video-preview:-1\" \/>\n<link rel=\"canonical\" href=\"https:\/\/spiritual-touch.de\/en\/praxis\/team\/jen\/\" \/>\n<meta property=\"og:locale\" content=\"en_GB\" \/>\n<meta property=\"og:type\" content=\"article\" \/>\n<meta property=\"og:title\" content=\"Jen - Tantramasseurin bei Spiritual Touch in M\u00fcnchen\" \/>\n<meta property=\"og:description\" content=\"Ich biete Frauenkreise, Scho\u00dfraumarbeit, Hilfe bei Lustlosigkeit, sexuellen Funktionsst\u00f6rungen und Frauenheilmassage an. Frauen speichern ihre Emotionen, Sorgen, \u00c4ngste und Trauma am sichersten Platz ihres K\u00f6rpers \u2013 dem Unterleib und der Yoni. Durch die achtsame Ber\u00fchrung im Form der Tantra-Massage gebe ich dir den Raum, diese an die Oberfl\u00e4che zu bringen und halte und unterst\u00fctze dich bei der Verarbeitung alter Muster, die dir nicht mehr l\u00e4nger n\u00fctzlich sind und du loslassen m\u00f6chtest. S\u00e4mtliche Emotionen und Gef\u00fchle die aufkommen k\u00f6nnen sind willkommen.\" \/>\n<meta property=\"og:url\" content=\"https:\/\/spiritual-touch.de\/en\/praxis\/team\/jen\/\" \/>\n<meta property=\"og:site_name\" content=\"Spiritual Touch\" \/>\n<meta property=\"article:publisher\" content=\"https:\/\/www.facebook.com\/profile.php?id=100057105473672\" \/>\n<meta property=\"article:modified_time\" content=\"2026-02-17T09:09:06+00:00\" \/>\n<meta property=\"og:image\" content=\"https:\/\/spiritual-touch.de\/wp-content\/uploads\/2024\/02\/Jennifervoll-15-600x800-1.jpg\" \/>\n\t<meta property=\"og:image:width\" content=\"600\" \/>\n\t<meta property=\"og:image:height\" content=\"800\" \/>\n\t<meta property=\"og:image:type\" content=\"image\/jpeg\" \/>\n<meta name=\"twitter:card\" content=\"summary_large_image\" \/>\n<meta name=\"twitter:label1\" content=\"Estimated reading time\" \/>\n\t<meta name=\"twitter:data1\" content=\"3 minutes\" \/>\n<script type=\"application\/ld+json\" class=\"yoast-schema-graph\">{\"@context\":\"https:\\\/\\\/schema.org\",\"@graph\":[{\"@type\":\"WebPage\",\"@id\":\"https:\\\/\\\/spiritual-touch.de\\\/praxis\\\/team\\\/jen\\\/\",\"url\":\"https:\\\/\\\/spiritual-touch.de\\\/praxis\\\/team\\\/jen\\\/\",\"name\":\"Jen - Tantramasseurin bei Spiritual Touch in M\u00fcnchen -\",\"isPartOf\":{\"@id\":\"https:\\\/\\\/spiritual-touch.de\\\/#website\"},\"primaryImageOfPage\":{\"@id\":\"https:\\\/\\\/spiritual-touch.de\\\/praxis\\\/team\\\/jen\\\/#primaryimage\"},\"image\":{\"@id\":\"https:\\\/\\\/spiritual-touch.de\\\/praxis\\\/team\\\/jen\\\/#primaryimage\"},\"thumbnailUrl\":\"https:\\\/\\\/spiritual-touch.de\\\/wp-content\\\/uploads\\\/2024\\\/02\\\/Jennifervoll-15-600x800-1.jpg\",\"datePublished\":\"2024-02-03T11:51:27+00:00\",\"dateModified\":\"2026-02-17T09:09:06+00:00\",\"description\":\"Ich biete Frauenkreise, Scho\u00dfraumarbeit, Hilfe bei Lustlosigkeit, sexuellen Funktionsst\u00f6rungen und Frauenheilmassage an. Frauen speichern ihre Emotionen, Sorgen, \u00c4ngste und Trauma am sichersten Platz ihres K\u00f6rpers \u2013 dem Unterleib und der Yoni. Durch die achtsame Ber\u00fchrung im Form der Tantra-Massage gebe ich dir den Raum, diese an die Oberfl\u00e4che zu bringen und halte und unterst\u00fctze dich bei der Verarbeitung alter Muster, die dir nicht mehr l\u00e4nger n\u00fctzlich sind und du loslassen m\u00f6chtest. S\u00e4mtliche Emotionen und Gef\u00fchle die aufkommen k\u00f6nnen sind willkommen.\",\"breadcrumb\":{\"@id\":\"https:\\\/\\\/spiritual-touch.de\\\/praxis\\\/team\\\/jen\\\/#breadcrumb\"},\"inLanguage\":\"en-GB\",\"potentialAction\":[{\"@type\":\"ReadAction\",\"target\":[\"https:\\\/\\\/spiritual-touch.de\\\/praxis\\\/team\\\/jen\\\/\"]}]},{\"@type\":\"ImageObject\",\"inLanguage\":\"en-GB\",\"@id\":\"https:\\\/\\\/spiritual-touch.de\\\/praxis\\\/team\\\/jen\\\/#primaryimage\",\"url\":\"https:\\\/\\\/spiritual-touch.de\\\/wp-content\\\/uploads\\\/2024\\\/02\\\/Jennifervoll-15-600x800-1.jpg\",\"contentUrl\":\"https:\\\/\\\/spiritual-touch.de\\\/wp-content\\\/uploads\\\/2024\\\/02\\\/Jennifervoll-15-600x800-1.jpg\"},{\"@type\":\"BreadcrumbList\",\"@id\":\"https:\\\/\\\/spiritual-touch.de\\\/praxis\\\/team\\\/jen\\\/#breadcrumb\",\"itemListElement\":[{\"@type\":\"ListItem\",\"position\":1,\"name\":\"Startseite\",\"item\":\"https:\\\/\\\/spiritual-touch.de\\\/\"},{\"@type\":\"ListItem\",\"position\":2,\"name\":\"Tantramassage &#038; K\u00f6rperarbeit in M\u00fcnchen | Spiritual Touch\",\"item\":\"https:\\\/\\\/spiritual-touch.de\\\/\"},{\"@type\":\"ListItem\",\"position\":3,\"name\":\"Team der Praxis Spiritual Touch in M\u00fcnchen\",\"item\":\"https:\\\/\\\/spiritual-touch.de\\\/praxis\\\/team\\\/\"},{\"@type\":\"ListItem\",\"position\":4,\"name\":\"Jen &#8211; Tantramasseurin bei Spiritual Touch in M\u00fcnchen\"}]},{\"@type\":\"WebSite\",\"@id\":\"https:\\\/\\\/spiritual-touch.de\\\/#website\",\"url\":\"https:\\\/\\\/spiritual-touch.de\\\/\",\"name\":\"Tantramassage M\u00fcnchen\",\"description\":\"Tantra Massage M\u00fcnchen\",\"publisher\":{\"@id\":\"https:\\\/\\\/spiritual-touch.de\\\/#organization\"},\"potentialAction\":[{\"@type\":\"SearchAction\",\"target\":{\"@type\":\"EntryPoint\",\"urlTemplate\":\"https:\\\/\\\/spiritual-touch.de\\\/?s={search_term_string}\"},\"query-input\":{\"@type\":\"PropertyValueSpecification\",\"valueRequired\":true,\"valueName\":\"search_term_string\"}}],\"inLanguage\":\"en-GB\"},{\"@type\":\"Organization\",\"@id\":\"https:\\\/\\\/spiritual-touch.de\\\/#organization\",\"name\":\"Spiritual Touch\",\"url\":\"https:\\\/\\\/spiritual-touch.de\\\/\",\"logo\":{\"@type\":\"ImageObject\",\"inLanguage\":\"en-GB\",\"@id\":\"https:\\\/\\\/spiritual-touch.de\\\/#\\\/schema\\\/logo\\\/image\\\/\",\"url\":\"https:\\\/\\\/spiritual-touch.de\\\/wp-content\\\/uploads\\\/2024\\\/01\\\/Heart.png\",\"contentUrl\":\"https:\\\/\\\/spiritual-touch.de\\\/wp-content\\\/uploads\\\/2024\\\/01\\\/Heart.png\",\"width\":500,\"height\":500,\"caption\":\"Spiritual Touch\"},\"image\":{\"@id\":\"https:\\\/\\\/spiritual-touch.de\\\/#\\\/schema\\\/logo\\\/image\\\/\"},\"sameAs\":[\"https:\\\/\\\/www.facebook.com\\\/profile.php?id=100057105473672\",\"https:\\\/\\\/www.instagram.com\\\/praxis_spiritual_touch\\\/\"]}]}<\/script>\n<!-- \/ Yoast SEO Premium plugin. -->","yoast_head_json":{"title":"Jen - Tantramasseurin bei Spiritual Touch in M\u00fcnchen -","description":"Ich biete Frauenkreise, Scho\u00dfraumarbeit, Hilfe bei Lustlosigkeit, sexuellen Funktionsst\u00f6rungen und Frauenheilmassage an. Frauen speichern ihre Emotionen, Sorgen, \u00c4ngste und Trauma am sichersten Platz ihres K\u00f6rpers \u2013 dem Unterleib und der Yoni. Durch die achtsame Ber\u00fchrung im Form der Tantra-Massage gebe ich dir den Raum, diese an die Oberfl\u00e4che zu bringen und halte und unterst\u00fctze dich bei der Verarbeitung alter Muster, die dir nicht mehr l\u00e4nger n\u00fctzlich sind und du loslassen m\u00f6chtest. S\u00e4mtliche Emotionen und Gef\u00fchle die aufkommen k\u00f6nnen sind willkommen.","robots":{"index":"index","follow":"follow","max-snippet":"max-snippet:-1","max-image-preview":"max-image-preview:large","max-video-preview":"max-video-preview:-1"},"canonical":"https:\/\/spiritual-touch.de\/en\/praxis\/team\/jen\/","og_locale":"en_GB","og_type":"article","og_title":"Jen - Tantramasseurin bei Spiritual Touch in M\u00fcnchen","og_description":"Ich biete Frauenkreise, Scho\u00dfraumarbeit, Hilfe bei Lustlosigkeit, sexuellen Funktionsst\u00f6rungen und Frauenheilmassage an. Frauen speichern ihre Emotionen, Sorgen, \u00c4ngste und Trauma am sichersten Platz ihres K\u00f6rpers \u2013 dem Unterleib und der Yoni. Durch die achtsame Ber\u00fchrung im Form der Tantra-Massage gebe ich dir den Raum, diese an die Oberfl\u00e4che zu bringen und halte und unterst\u00fctze dich bei der Verarbeitung alter Muster, die dir nicht mehr l\u00e4nger n\u00fctzlich sind und du loslassen m\u00f6chtest. S\u00e4mtliche Emotionen und Gef\u00fchle die aufkommen k\u00f6nnen sind willkommen.","og_url":"https:\/\/spiritual-touch.de\/en\/praxis\/team\/jen\/","og_site_name":"Spiritual Touch","article_publisher":"https:\/\/www.facebook.com\/profile.php?id=100057105473672","article_modified_time":"2026-02-17T09:09:06+00:00","og_image":[{"width":600,"height":800,"url":"https:\/\/spiritual-touch.de\/wp-content\/uploads\/2024\/02\/Jennifervoll-15-600x800-1.jpg","type":"image\/jpeg"}],"twitter_card":"summary_large_image","twitter_misc":{"Estimated reading time":"3 minutes"},"schema":{"@context":"https:\/\/schema.org","@graph":[{"@type":"WebPage","@id":"https:\/\/spiritual-touch.de\/praxis\/team\/jen\/","url":"https:\/\/spiritual-touch.de\/praxis\/team\/jen\/","name":"Jen - Tantramasseurin bei Spiritual Touch in M\u00fcnchen -","isPartOf":{"@id":"https:\/\/spiritual-touch.de\/#website"},"primaryImageOfPage":{"@id":"https:\/\/spiritual-touch.de\/praxis\/team\/jen\/#primaryimage"},"image":{"@id":"https:\/\/spiritual-touch.de\/praxis\/team\/jen\/#primaryimage"},"thumbnailUrl":"https:\/\/spiritual-touch.de\/wp-content\/uploads\/2024\/02\/Jennifervoll-15-600x800-1.jpg","datePublished":"2024-02-03T11:51:27+00:00","dateModified":"2026-02-17T09:09:06+00:00","description":"Ich biete Frauenkreise, Scho\u00dfraumarbeit, Hilfe bei Lustlosigkeit, sexuellen Funktionsst\u00f6rungen und Frauenheilmassage an. Frauen speichern ihre Emotionen, Sorgen, \u00c4ngste und Trauma am sichersten Platz ihres K\u00f6rpers \u2013 dem Unterleib und der Yoni. Durch die achtsame Ber\u00fchrung im Form der Tantra-Massage gebe ich dir den Raum, diese an die Oberfl\u00e4che zu bringen und halte und unterst\u00fctze dich bei der Verarbeitung alter Muster, die dir nicht mehr l\u00e4nger n\u00fctzlich sind und du loslassen m\u00f6chtest. S\u00e4mtliche Emotionen und Gef\u00fchle die aufkommen k\u00f6nnen sind willkommen.","breadcrumb":{"@id":"https:\/\/spiritual-touch.de\/praxis\/team\/jen\/#breadcrumb"},"inLanguage":"en-GB","potentialAction":[{"@type":"ReadAction","target":["https:\/\/spiritual-touch.de\/praxis\/team\/jen\/"]}]},{"@type":"ImageObject","inLanguage":"en-GB","@id":"https:\/\/spiritual-touch.de\/praxis\/team\/jen\/#primaryimage","url":"https:\/\/spiritual-touch.de\/wp-content\/uploads\/2024\/02\/Jennifervoll-15-600x800-1.jpg","contentUrl":"https:\/\/spiritual-touch.de\/wp-content\/uploads\/2024\/02\/Jennifervoll-15-600x800-1.jpg"},{"@type":"BreadcrumbList","@id":"https:\/\/spiritual-touch.de\/praxis\/team\/jen\/#breadcrumb","itemListElement":[{"@type":"ListItem","position":1,"name":"Startseite","item":"https:\/\/spiritual-touch.de\/"},{"@type":"ListItem","position":2,"name":"Tantramassage &#038; K\u00f6rperarbeit in M\u00fcnchen | Spiritual Touch","item":"https:\/\/spiritual-touch.de\/"},{"@type":"ListItem","position":3,"name":"Team der Praxis Spiritual Touch in M\u00fcnchen","item":"https:\/\/spiritual-touch.de\/praxis\/team\/"},{"@type":"ListItem","position":4,"name":"Jen &#8211; Tantramasseurin bei Spiritual Touch in M\u00fcnchen"}]},{"@type":"WebSite","@id":"https:\/\/spiritual-touch.de\/#website","url":"https:\/\/spiritual-touch.de\/","name":"Tantra massage Munich","description":"Tantra Massage Munich","publisher":{"@id":"https:\/\/spiritual-touch.de\/#organization"},"potentialAction":[{"@type":"SearchAction","target":{"@type":"EntryPoint","urlTemplate":"https:\/\/spiritual-touch.de\/?s={search_term_string}"},"query-input":{"@type":"PropertyValueSpecification","valueRequired":true,"valueName":"search_term_string"}}],"inLanguage":"en-GB"},{"@type":"Organization","@id":"https:\/\/spiritual-touch.de\/#organization","name":"Spiritual Touch","url":"https:\/\/spiritual-touch.de\/","logo":{"@type":"ImageObject","inLanguage":"en-GB","@id":"https:\/\/spiritual-touch.de\/#\/schema\/logo\/image\/","url":"https:\/\/spiritual-touch.de\/wp-content\/uploads\/2024\/01\/Heart.png","contentUrl":"https:\/\/spiritual-touch.de\/wp-content\/uploads\/2024\/01\/Heart.png","width":500,"height":500,"caption":"Spiritual Touch"},"image":{"@id":"https:\/\/spiritual-touch.de\/#\/schema\/logo\/image\/"},"sameAs":["https:\/\/www.facebook.com\/profile.php?id=100057105473672","https:\/\/www.instagram.com\/praxis_spiritual_touch\/"]}]}},"_links":{"self":[{"href":"https:\/\/spiritual-touch.de\/en\/wp-json\/wp\/v2\/pages\/18652","targetHints":{"allow":["GET"]}}],"collection":[{"href":"https:\/\/spiritual-touch.de\/en\/wp-json\/wp\/v2\/pages"}],"about":[{"href":"https:\/\/spiritual-touch.de\/en\/wp-json\/wp\/v2\/types\/page"}],"author":[{"embeddable":true,"href":"https:\/\/spiritual-touch.de\/en\/wp-json\/wp\/v2\/users\/1"}],"replies":[{"embeddable":true,"href":"https:\/\/spiritual-touch.de\/en\/wp-json\/wp\/v2\/comments?post=18652"}],"version-history":[{"count":20,"href":"https:\/\/spiritual-touch.de\/en\/wp-json\/wp\/v2\/pages\/18652\/revisions"}],"predecessor-version":[{"id":24108,"href":"https:\/\/spiritual-touch.de\/en\/wp-json\/wp\/v2\/pages\/18652\/revisions\/24108"}],"up":[{"embeddable":true,"href":"https:\/\/spiritual-touch.de\/en\/wp-json\/wp\/v2\/pages\/23613"}],"wp:attachment":[{"href":"https:\/\/spiritual-touch.de\/en\/wp-json\/wp\/v2\/media?parent=18652"}],"curies":[{"name":"wp","href":"https:\/\/api.w.org\/{rel}","templated":true}]}}