{"id":18637,"date":"2024-02-03T11:40:29","date_gmt":"2024-02-03T11:40:29","guid":{"rendered":"http:\/\/wwwspiritual-touchde.local\/?page_id=18637"},"modified":"2026-02-17T11:47:16","modified_gmt":"2026-02-17T10:47:16","slug":"asmita","status":"publish","type":"page","link":"https:\/\/spiritual-touch.de\/en\/praxis\/team\/asmita\/","title":{"rendered":"Asmita &#8211; Tantramasseurin bei Spiritual Touch in M\u00fcnchen"},"content":{"rendered":"<div data-elementor-type=\"wp-page\" data-elementor-id=\"18637\" class=\"elementor elementor-18637\" data-elementor-post-type=\"page\">\n\t\t\t\t<div class=\"elementor-element elementor-element-1f6d3c3 e-flex e-con-boxed e-con e-parent\" data-id=\"1f6d3c3\" data-element_type=\"container\" data-e-type=\"container\">\n\t\t\t\t\t<div class=\"e-con-inner\">\n\t\t\t\t<div class=\"elementor-element elementor-element-1201d66 elementor-widget elementor-widget-heading\" data-id=\"1201d66\" data-element_type=\"widget\" data-e-type=\"widget\" data-widget_type=\"heading.default\">\n\t\t\t\t<div class=\"elementor-widget-container\">\n\t\t\t\t\t<h1 class=\"elementor-heading-title elementor-size-default\">Asmita<\/h1>\t\t\t\t<\/div>\n\t\t\t\t<\/div>\n\t\t\t\t\t<\/div>\n\t\t\t\t<\/div>\n\t\t<div class=\"elementor-element elementor-element-56145d5 e-flex e-con-boxed e-con e-parent\" data-id=\"56145d5\" data-element_type=\"container\" data-e-type=\"container\">\n\t\t\t\t\t<div class=\"e-con-inner\">\n\t\t\t\t<div class=\"elementor-element elementor-element-fe6b3b8 elementor-widget elementor-widget-image\" data-id=\"fe6b3b8\" data-element_type=\"widget\" data-e-type=\"widget\" data-widget_type=\"image.default\">\n\t\t\t\t<div class=\"elementor-widget-container\">\n\t\t\t\t\t\t\t\t\t\t\t\t\t\t\t<img fetchpriority=\"high\" decoding=\"async\" width=\"600\" height=\"800\" src=\"https:\/\/spiritual-touch.de\/wp-content\/uploads\/2024\/02\/IMG5_8390-600x800-1.jpg\" class=\"attachment-medium size-medium wp-image-18639\" alt=\"Asmita Tantramassage M\u00fcnchen\" \/>\t\t\t\t\t\t\t\t\t\t\t\t\t\t\t<\/div>\n\t\t\t\t<\/div>\n\t\t\t\t\t<\/div>\n\t\t\t\t<\/div>\n\t\t<div class=\"elementor-element elementor-element-800fff6 e-flex e-con-boxed e-con e-parent\" data-id=\"800fff6\" data-element_type=\"container\" data-e-type=\"container\">\n\t\t\t\t\t<div class=\"e-con-inner\">\n\t\t\t\t<div class=\"elementor-element elementor-element-ff5864e elementor-widget elementor-widget-text-editor\" data-id=\"ff5864e\" data-element_type=\"widget\" data-e-type=\"widget\" data-widget_type=\"text-editor.default\">\n\t\t\t\t<div class=\"elementor-widget-container\">\n\t\t\t\t\t\t\t\t\t<p>Mit meiner Massage m\u00f6chte ich Menschen sowohl k\u00f6rperlich, als auch seelisch ber\u00fchren.<\/p>\n<p><\/p>\n<p>Ich liebe es, K\u00f6rper achtsam zu ber\u00fchren und die tiefen und gl\u00fcckseligen R\u00e4ume, die dadurch entstehen bei mir und bei meinen Klienten zu&nbsp; genie\u00dfen. Diese Art zu ber\u00fchren bezeichne ich gerne als \u201eLiebe in Action\u201c.<\/p>\n<p><\/p>\n<p>Mein gr\u00f6\u00dfter Wunsch ist es, dich mit meiner Massage und meinem Coaching zu unterst\u00fctzen, um bei dir selbst anzukommen, in Kontakt mit&nbsp; dir selbst, aber auch mit allem was ist zu sein. Dein Dasein&nbsp; kennenzulernen, jenseits von allen Gedanken und Formen in purer&nbsp; Ekstase, Stille und Gl\u00fcckseligkeit. Dich selbst so anzunehmen, wie du&nbsp; bist. Zu deinen Bed\u00fcrfnissen, deiner Wahrheit und zu dir selbst zu&nbsp; stehen. Mehr Energie und Lebensfreude zu entwickeln.<\/p>\n<p><\/p>\n<p>F\u00fcr mich ist das Leben ein Fest, purer Genuss, eine kostbare Reise, voller H\u00f6hen und Tiefen, in der es darum geht, uns immer mehr zu erlauben, die zu sein, die wir in Wirklichkeit sind. Auf deiner einzigartigen Reise dorthin m\u00f6chte ich dich gerne ein St\u00fcck begleiten. Ich bin in das Leben verliebt und f\u00fcr diese Einstellung m\u00f6chte ich dich mit meiner Arbeit begeistern.<\/p>\n<p><\/p>\n<p>Ich freue mich auf dich.<\/p><ul>\n<\/ul>\t\t\t\t\t\t\t\t<\/div>\n\t\t\t\t<\/div>\n\t\t\t\t\t<\/div>\n\t\t\t\t<\/div>\n\t\t<div class=\"elementor-element elementor-element-7bb5a1d e-flex e-con-boxed e-con e-parent\" data-id=\"7bb5a1d\" data-element_type=\"container\" data-e-type=\"container\">\n\t\t\t\t\t<div class=\"e-con-inner\">\n\t\t\t\t<div class=\"elementor-element elementor-element-e3cd11d elementor-invisible elementor-widget elementor-widget-heading\" data-id=\"e3cd11d\" data-element_type=\"widget\" data-e-type=\"widget\" data-settings=\"{&quot;_animation&quot;:&quot;fadeIn&quot;}\" data-widget_type=\"heading.default\">\n\t\t\t\t<div class=\"elementor-widget-container\">\n\t\t\t\t\t<h2 class=\"elementor-heading-title elementor-size-default\">Asmita begleitet dich in folgenden Formaten:<\/h2>\t\t\t\t<\/div>\n\t\t\t\t<\/div>\n\t\t\t\t<div class=\"elementor-element elementor-element-1806bb9 elementor-invisible elementor-widget elementor-widget-text-editor\" data-id=\"1806bb9\" data-element_type=\"widget\" data-e-type=\"widget\" data-settings=\"{&quot;_animation&quot;:&quot;fadeIn&quot;}\" data-widget_type=\"text-editor.default\">\n\t\t\t\t<div class=\"elementor-widget-container\">\n\t\t\t\t\t\t\t\t\t<p><a href=\"https:\/\/spiritual-touch.de\/en\/praxis\/einzelarbeit\/korperarbeit-massagen\/massagen-tantramassage\/\" target=\"_blank\" rel=\"noopener\">intuitive Tantramassage f\u00fcr alle Geschlechter<\/a><\/p><p><a href=\"https:\/\/spiritual-touch.de\/en\/praxis\/einzelarbeit\/korperarbeit-massagen\/massagen-tantramassage\/#paare\" target=\"_blank\" rel=\"noopener\">Paarmassagen<\/a><\/p><p><a href=\"https:\/\/spiritual-touch.de\/en\/praxis\/paare\/ritual-zu-dritt\/\" target=\"_blank\" rel=\"noopener\">Ritual zu Dritt<\/a><\/p><p><a href=\"https:\/\/spiritual-touch.de\/en\/praxis\/beruhrungsworkshop\/\" target=\"_blank\" rel=\"noopener\">Ber\u00fchrungsworkshops<\/a><\/p>\t\t\t\t\t\t\t\t<\/div>\n\t\t\t\t<\/div>\n\t\t\t\t\t<\/div>\n\t\t\t\t<\/div>\n\t\t<div class=\"elementor-element elementor-element-e86204e e-flex e-con-boxed e-con e-parent\" data-id=\"e86204e\" data-element_type=\"container\" data-e-type=\"container\">\n\t\t\t\t\t<div class=\"e-con-inner\">\n\t\t\t\t<div class=\"elementor-element elementor-element-7a9dd88 elementor-widget elementor-widget-heading\" data-id=\"7a9dd88\" data-element_type=\"widget\" data-e-type=\"widget\" data-widget_type=\"heading.default\">\n\t\t\t\t<div class=\"elementor-widget-container\">\n\t\t\t\t\t<h2 class=\"elementor-heading-title elementor-size-default\">Ausbildung<\/h2>\t\t\t\t<\/div>\n\t\t\t\t<\/div>\n\t\t\t\t<div class=\"elementor-element elementor-element-29a0dd1 elementor-widget elementor-widget-text-editor\" data-id=\"29a0dd1\" data-element_type=\"widget\" data-e-type=\"widget\" data-widget_type=\"text-editor.default\">\n\t\t\t\t<div class=\"elementor-widget-container\">\n\t\t\t\t\t\t\t\t\t<p>Tantramassage-Ausbildung bei Spiritual Touch in M\u00fcnchen<\/p>\n<p>Arbeit mit den Co-Abh\u00e4ngigkeiten in Beziehungen nach dem Learning Love Institut<\/p>\n<p>Tarot-Beratung Ausbildung nach Gerd Bodhi Ziegler<\/p>\n<p>Ganzheitliche Heilerausbildung nach der essenitischer Tradition<\/p>\n<p>Lomi Lomi Massage Ausbildung<\/p>\n<p>Ausbildung zum Osho Meditations- Leiter<\/p>\t\t\t\t\t\t\t\t<\/div>\n\t\t\t\t<\/div>\n\t\t\t\t\t<\/div>\n\t\t\t\t<\/div>\n\t\t<div class=\"elementor-element elementor-element-46da1ba e-flex e-con-boxed e-con e-parent\" data-id=\"46da1ba\" data-element_type=\"container\" data-e-type=\"container\">\n\t\t\t\t\t<div class=\"e-con-inner\">\n\t\t\t\t<div class=\"elementor-element elementor-element-0ab4864 elementor-widget elementor-widget-gallery\" data-id=\"0ab4864\" data-element_type=\"widget\" data-e-type=\"widget\" data-settings=\"{&quot;columns&quot;:3,&quot;content_sequenced_animation&quot;:&quot;yes&quot;,&quot;lazyload&quot;:&quot;yes&quot;,&quot;gallery_layout&quot;:&quot;grid&quot;,&quot;columns_tablet&quot;:2,&quot;columns_mobile&quot;:1,&quot;gap&quot;:{&quot;unit&quot;:&quot;px&quot;,&quot;size&quot;:10,&quot;sizes&quot;:[]},&quot;gap_tablet&quot;:{&quot;unit&quot;:&quot;px&quot;,&quot;size&quot;:10,&quot;sizes&quot;:[]},&quot;gap_mobile&quot;:{&quot;unit&quot;:&quot;px&quot;,&quot;size&quot;:10,&quot;sizes&quot;:[]},&quot;link_to&quot;:&quot;file&quot;,&quot;aspect_ratio&quot;:&quot;3:2&quot;,&quot;overlay_background&quot;:&quot;yes&quot;,&quot;content_hover_animation&quot;:&quot;fade-in&quot;}\" data-widget_type=\"gallery.default\">\n\t\t\t\t<div class=\"elementor-widget-container\">\n\t\t\t\t\t\t\t<div class=\"elementor-gallery__container\">\n\t\t\t\t\t\t\t<a class=\"e-gallery-item elementor-gallery-item elementor-animated-content\" href=\"https:\/\/spiritual-touch.de\/wp-content\/uploads\/2024\/02\/image0-e1706952803747.jpeg\" data-elementor-open-lightbox=\"yes\" data-elementor-lightbox-slideshow=\"0ab4864\" data-elementor-lightbox-title=\"Asmita Tantramassage M\u00fcnchen\" data-e-action-hash=\"#elementor-action%3Aaction%3Dlightbox%26settings%3DeyJpZCI6MjAwLCJ1cmwiOiJodHRwczpcL1wvc3Bpcml0dWFsLXRvdWNoLmRlXC93cC1jb250ZW50XC91cGxvYWRzXC8yMDI0XC8wMlwvaW1hZ2UwLWUxNzA2OTUyODAzNzQ3LmpwZWciLCJzbGlkZXNob3ciOiIwYWI0ODY0In0%3D\">\n\t\t\t\t\t<div class=\"e-gallery-image elementor-gallery-item__image\" data-thumbnail=\"https:\/\/spiritual-touch.de\/wp-content\/uploads\/2024\/02\/image0-668x1000.jpeg\" data-width=\"668\" data-height=\"1000\" aria-label=\"Asmita Tantramassage M\u00fcnchen\" role=\"img\" ><\/div>\n\t\t\t\t\t\t\t\t\t\t\t<div class=\"elementor-gallery-item__overlay\"><\/div>\n\t\t\t\t\t\t\t\t\t\t\t\t\t\t<\/a>\n\t\t\t\t\t\t\t<a class=\"e-gallery-item elementor-gallery-item elementor-animated-content\" href=\"https:\/\/spiritual-touch.de\/wp-content\/uploads\/2024\/02\/IMG_8392-600x800-1.jpg\" data-elementor-open-lightbox=\"yes\" data-elementor-lightbox-slideshow=\"0ab4864\" data-elementor-lightbox-title=\"Asmita Tantramassage M\u00fcnchen\" data-e-action-hash=\"#elementor-action%3Aaction%3Dlightbox%26settings%3DeyJpZCI6MTg2NDAsInVybCI6Imh0dHBzOlwvXC9zcGlyaXR1YWwtdG91Y2guZGVcL3dwLWNvbnRlbnRcL3VwbG9hZHNcLzIwMjRcLzAyXC9JTUdfODM5Mi02MDB4ODAwLTEuanBnIiwic2xpZGVzaG93IjoiMGFiNDg2NCJ9\">\n\t\t\t\t\t<div class=\"e-gallery-image elementor-gallery-item__image\" data-thumbnail=\"https:\/\/spiritual-touch.de\/wp-content\/uploads\/2024\/02\/IMG_8392-600x800-1.jpg\" data-width=\"600\" data-height=\"800\" aria-label=\"Asmita Tantramassage M\u00fcnchen\" role=\"img\" ><\/div>\n\t\t\t\t\t\t\t\t\t\t\t<div class=\"elementor-gallery-item__overlay\"><\/div>\n\t\t\t\t\t\t\t\t\t\t\t\t\t\t<\/a>\n\t\t\t\t\t\t\t<a class=\"e-gallery-item elementor-gallery-item elementor-animated-content\" href=\"https:\/\/spiritual-touch.de\/wp-content\/uploads\/2024\/02\/IMG_8391-600x800-1.jpg\" data-elementor-open-lightbox=\"yes\" data-elementor-lightbox-slideshow=\"0ab4864\" data-elementor-lightbox-title=\"Asmita Tantramassage M\u00fcnchen\" data-e-action-hash=\"#elementor-action%3Aaction%3Dlightbox%26settings%3DeyJpZCI6MTg2NDEsInVybCI6Imh0dHBzOlwvXC9zcGlyaXR1YWwtdG91Y2guZGVcL3dwLWNvbnRlbnRcL3VwbG9hZHNcLzIwMjRcLzAyXC9JTUdfODM5MS02MDB4ODAwLTEuanBnIiwic2xpZGVzaG93IjoiMGFiNDg2NCJ9\">\n\t\t\t\t\t<div class=\"e-gallery-image elementor-gallery-item__image\" data-thumbnail=\"https:\/\/spiritual-touch.de\/wp-content\/uploads\/2024\/02\/IMG_8391-600x800-1.jpg\" data-width=\"600\" data-height=\"800\" aria-label=\"Asmita Tantramassage M\u00fcnchen\" role=\"img\" ><\/div>\n\t\t\t\t\t\t\t\t\t\t\t<div class=\"elementor-gallery-item__overlay\"><\/div>\n\t\t\t\t\t\t\t\t\t\t\t\t\t\t<\/a>\n\t\t\t\t\t<\/div>\n\t\t\t\t\t<\/div>\n\t\t\t\t<\/div>\n\t\t\t\t\t<\/div>\n\t\t\t\t<\/div>\n\t\t<div class=\"elementor-element elementor-element-3f71a2d e-flex e-con-boxed e-con e-parent\" data-id=\"3f71a2d\" data-element_type=\"container\" data-e-type=\"container\">\n\t\t\t\t\t<div class=\"e-con-inner\">\n\t\t\t\t<div class=\"elementor-element elementor-element-024ce2d elementor-widget elementor-widget-global elementor-global-23856 elementor-widget-text-editor\" data-id=\"024ce2d\" data-element_type=\"widget\" data-e-type=\"widget\" data-widget_type=\"text-editor.default\">\n\t\t\t\t<div class=\"elementor-widget-container\">\n\t\t\t\t\t\t\t\t\t<p>\u2192 Zum <a href=\"https:\/\/spiritual-touch.de\/en\/praxis\/team\/\">Team<\/a><br data-start=\"4490\" data-end=\"4493\" \/>\u2192 Zum <a href=\"https:\/\/spiritual-touch.de\/en\/kontakt\/\" target=\"_blank\" rel=\"noopener\">kostenfreien Vorgespr\u00e4ch<\/a><br \/>\u2192 Direkt zu <a href=\"https:\/\/spiritual-touch.de\/en\/buchungsformular\/\" target=\"_blank\" rel=\"noopener\">Terminbuchung<\/a><\/p>\t\t\t\t\t\t\t\t<\/div>\n\t\t\t\t<\/div>\n\t\t\t\t\t<\/div>\n\t\t\t\t<\/div>\n\t\t\t\t<\/div>","protected":false},"excerpt":{"rendered":"<p>Asmita Mit meiner Massage m\u00f6chte ich Menschen sowohl k\u00f6rperlich, als auch seelisch ber\u00fchren. Ich liebe es, K\u00f6rper achtsam zu ber\u00fchren und die tiefen und gl\u00fcckseligen R\u00e4ume, die dadurch entstehen bei mir und bei meinen Klienten zu&nbsp; genie\u00dfen. Diese Art zu ber\u00fchren bezeichne ich gerne als \u201eLiebe in Action\u201c. Mein gr\u00f6\u00dfter Wunsch ist es, dich mit [&hellip;]<\/p>\n","protected":false},"author":1,"featured_media":0,"parent":23613,"menu_order":11,"comment_status":"closed","ping_status":"closed","template":"","meta":{"footnotes":""},"class_list":["post-18637","page","type-page","status-publish","hentry"],"yoast_head":"<!-- This site is optimized with the Yoast SEO Premium plugin v24.7 (Yoast SEO v27.3) - https:\/\/yoast.com\/product\/yoast-seo-premium-wordpress\/ -->\n<title>Asmita - Tantramasseurin bei Spiritual Touch in M\u00fcnchen - Spiritual Touch<\/title>\n<meta name=\"description\" content=\"F\u00fcr mich ist das Leben ein Fest, purer Genuss, eine kostbare Reise, voller H\u00f6hen und Tiefen, in der es darum geht, uns immer mehr zu erlauben, die zu sein, die wir in Wirklichkeit sind. Auf deiner einzigartigen Reise dorthin m\u00f6chte ich dich gerne ein St\u00fcck begleiten. Ich bin in das Leben verliebt und f\u00fcr diese Einstellung m\u00f6chte ich dich mit meiner Arbeit begeistern.\" \/>\n<meta name=\"robots\" content=\"index, follow, max-snippet:-1, max-image-preview:large, max-video-preview:-1\" \/>\n<link rel=\"canonical\" href=\"https:\/\/spiritual-touch.de\/en\/praxis\/team\/asmita\/\" \/>\n<meta property=\"og:locale\" content=\"en_GB\" \/>\n<meta property=\"og:type\" content=\"article\" \/>\n<meta property=\"og:title\" content=\"Asmita - Tantramasseurin bei Spiritual Touch in M\u00fcnchen\" \/>\n<meta property=\"og:description\" content=\"F\u00fcr mich ist das Leben ein Fest, purer Genuss, eine kostbare Reise, voller H\u00f6hen und Tiefen, in der es darum geht, uns immer mehr zu erlauben, die zu sein, die wir in Wirklichkeit sind. Auf deiner einzigartigen Reise dorthin m\u00f6chte ich dich gerne ein St\u00fcck begleiten. Ich bin in das Leben verliebt und f\u00fcr diese Einstellung m\u00f6chte ich dich mit meiner Arbeit begeistern.\" \/>\n<meta property=\"og:url\" content=\"https:\/\/spiritual-touch.de\/en\/praxis\/team\/asmita\/\" \/>\n<meta property=\"og:site_name\" content=\"Spiritual Touch\" \/>\n<meta property=\"article:publisher\" content=\"https:\/\/www.facebook.com\/profile.php?id=100057105473672\" \/>\n<meta property=\"article:modified_time\" content=\"2026-02-17T10:47:16+00:00\" \/>\n<meta property=\"og:image\" content=\"https:\/\/spiritual-touch.de\/wp-content\/uploads\/2024\/02\/IMG5_8390-600x800-1.jpg\" \/>\n\t<meta property=\"og:image:width\" content=\"600\" \/>\n\t<meta property=\"og:image:height\" content=\"800\" \/>\n\t<meta property=\"og:image:type\" content=\"image\/jpeg\" \/>\n<meta name=\"twitter:card\" content=\"summary_large_image\" \/>\n<meta name=\"twitter:label1\" content=\"Estimated reading time\" \/>\n\t<meta name=\"twitter:data1\" content=\"2 minutes\" \/>\n<script type=\"application\/ld+json\" class=\"yoast-schema-graph\">{\"@context\":\"https:\\\/\\\/schema.org\",\"@graph\":[{\"@type\":\"WebPage\",\"@id\":\"https:\\\/\\\/spiritual-touch.de\\\/praxis\\\/team\\\/asmita\\\/\",\"url\":\"https:\\\/\\\/spiritual-touch.de\\\/praxis\\\/team\\\/asmita\\\/\",\"name\":\"Asmita - Tantramasseurin bei Spiritual Touch in M\u00fcnchen - Spiritual Touch\",\"isPartOf\":{\"@id\":\"https:\\\/\\\/spiritual-touch.de\\\/#website\"},\"primaryImageOfPage\":{\"@id\":\"https:\\\/\\\/spiritual-touch.de\\\/praxis\\\/team\\\/asmita\\\/#primaryimage\"},\"image\":{\"@id\":\"https:\\\/\\\/spiritual-touch.de\\\/praxis\\\/team\\\/asmita\\\/#primaryimage\"},\"thumbnailUrl\":\"https:\\\/\\\/spiritual-touch.de\\\/wp-content\\\/uploads\\\/2024\\\/02\\\/IMG5_8390-600x800-1.jpg\",\"datePublished\":\"2024-02-03T11:40:29+00:00\",\"dateModified\":\"2026-02-17T10:47:16+00:00\",\"description\":\"F\u00fcr mich ist das Leben ein Fest, purer Genuss, eine kostbare Reise, voller H\u00f6hen und Tiefen, in der es darum geht, uns immer mehr zu erlauben, die zu sein, die wir in Wirklichkeit sind. Auf deiner einzigartigen Reise dorthin m\u00f6chte ich dich gerne ein St\u00fcck begleiten. Ich bin in das Leben verliebt und f\u00fcr diese Einstellung m\u00f6chte ich dich mit meiner Arbeit begeistern.\",\"breadcrumb\":{\"@id\":\"https:\\\/\\\/spiritual-touch.de\\\/praxis\\\/team\\\/asmita\\\/#breadcrumb\"},\"inLanguage\":\"en-GB\",\"potentialAction\":[{\"@type\":\"ReadAction\",\"target\":[\"https:\\\/\\\/spiritual-touch.de\\\/praxis\\\/team\\\/asmita\\\/\"]}]},{\"@type\":\"ImageObject\",\"inLanguage\":\"en-GB\",\"@id\":\"https:\\\/\\\/spiritual-touch.de\\\/praxis\\\/team\\\/asmita\\\/#primaryimage\",\"url\":\"https:\\\/\\\/spiritual-touch.de\\\/wp-content\\\/uploads\\\/2024\\\/02\\\/IMG5_8390-600x800-1.jpg\",\"contentUrl\":\"https:\\\/\\\/spiritual-touch.de\\\/wp-content\\\/uploads\\\/2024\\\/02\\\/IMG5_8390-600x800-1.jpg\"},{\"@type\":\"BreadcrumbList\",\"@id\":\"https:\\\/\\\/spiritual-touch.de\\\/praxis\\\/team\\\/asmita\\\/#breadcrumb\",\"itemListElement\":[{\"@type\":\"ListItem\",\"position\":1,\"name\":\"Startseite\",\"item\":\"https:\\\/\\\/spiritual-touch.de\\\/\"},{\"@type\":\"ListItem\",\"position\":2,\"name\":\"Tantramassage &#038; K\u00f6rperarbeit in M\u00fcnchen | Spiritual Touch\",\"item\":\"https:\\\/\\\/spiritual-touch.de\\\/\"},{\"@type\":\"ListItem\",\"position\":3,\"name\":\"Team der Praxis Spiritual Touch in M\u00fcnchen\",\"item\":\"https:\\\/\\\/spiritual-touch.de\\\/praxis\\\/team\\\/\"},{\"@type\":\"ListItem\",\"position\":4,\"name\":\"Asmita &#8211; Tantramasseurin bei Spiritual Touch in M\u00fcnchen\"}]},{\"@type\":\"WebSite\",\"@id\":\"https:\\\/\\\/spiritual-touch.de\\\/#website\",\"url\":\"https:\\\/\\\/spiritual-touch.de\\\/\",\"name\":\"Tantramassage M\u00fcnchen\",\"description\":\"Tantra Massage M\u00fcnchen\",\"publisher\":{\"@id\":\"https:\\\/\\\/spiritual-touch.de\\\/#organization\"},\"potentialAction\":[{\"@type\":\"SearchAction\",\"target\":{\"@type\":\"EntryPoint\",\"urlTemplate\":\"https:\\\/\\\/spiritual-touch.de\\\/?s={search_term_string}\"},\"query-input\":{\"@type\":\"PropertyValueSpecification\",\"valueRequired\":true,\"valueName\":\"search_term_string\"}}],\"inLanguage\":\"en-GB\"},{\"@type\":\"Organization\",\"@id\":\"https:\\\/\\\/spiritual-touch.de\\\/#organization\",\"name\":\"Spiritual Touch\",\"url\":\"https:\\\/\\\/spiritual-touch.de\\\/\",\"logo\":{\"@type\":\"ImageObject\",\"inLanguage\":\"en-GB\",\"@id\":\"https:\\\/\\\/spiritual-touch.de\\\/#\\\/schema\\\/logo\\\/image\\\/\",\"url\":\"https:\\\/\\\/spiritual-touch.de\\\/wp-content\\\/uploads\\\/2024\\\/01\\\/Heart.png\",\"contentUrl\":\"https:\\\/\\\/spiritual-touch.de\\\/wp-content\\\/uploads\\\/2024\\\/01\\\/Heart.png\",\"width\":500,\"height\":500,\"caption\":\"Spiritual Touch\"},\"image\":{\"@id\":\"https:\\\/\\\/spiritual-touch.de\\\/#\\\/schema\\\/logo\\\/image\\\/\"},\"sameAs\":[\"https:\\\/\\\/www.facebook.com\\\/profile.php?id=100057105473672\",\"https:\\\/\\\/www.instagram.com\\\/praxis_spiritual_touch\\\/\"]}]}<\/script>\n<!-- \/ Yoast SEO Premium plugin. -->","yoast_head_json":{"title":"Asmita - Tantramasseurin bei Spiritual Touch in M\u00fcnchen - Spiritual Touch","description":"F\u00fcr mich ist das Leben ein Fest, purer Genuss, eine kostbare Reise, voller H\u00f6hen und Tiefen, in der es darum geht, uns immer mehr zu erlauben, die zu sein, die wir in Wirklichkeit sind. Auf deiner einzigartigen Reise dorthin m\u00f6chte ich dich gerne ein St\u00fcck begleiten. Ich bin in das Leben verliebt und f\u00fcr diese Einstellung m\u00f6chte ich dich mit meiner Arbeit begeistern.","robots":{"index":"index","follow":"follow","max-snippet":"max-snippet:-1","max-image-preview":"max-image-preview:large","max-video-preview":"max-video-preview:-1"},"canonical":"https:\/\/spiritual-touch.de\/en\/praxis\/team\/asmita\/","og_locale":"en_GB","og_type":"article","og_title":"Asmita - Tantramasseurin bei Spiritual Touch in M\u00fcnchen","og_description":"F\u00fcr mich ist das Leben ein Fest, purer Genuss, eine kostbare Reise, voller H\u00f6hen und Tiefen, in der es darum geht, uns immer mehr zu erlauben, die zu sein, die wir in Wirklichkeit sind. Auf deiner einzigartigen Reise dorthin m\u00f6chte ich dich gerne ein St\u00fcck begleiten. Ich bin in das Leben verliebt und f\u00fcr diese Einstellung m\u00f6chte ich dich mit meiner Arbeit begeistern.","og_url":"https:\/\/spiritual-touch.de\/en\/praxis\/team\/asmita\/","og_site_name":"Spiritual Touch","article_publisher":"https:\/\/www.facebook.com\/profile.php?id=100057105473672","article_modified_time":"2026-02-17T10:47:16+00:00","og_image":[{"width":600,"height":800,"url":"https:\/\/spiritual-touch.de\/wp-content\/uploads\/2024\/02\/IMG5_8390-600x800-1.jpg","type":"image\/jpeg"}],"twitter_card":"summary_large_image","twitter_misc":{"Estimated reading time":"2 minutes"},"schema":{"@context":"https:\/\/schema.org","@graph":[{"@type":"WebPage","@id":"https:\/\/spiritual-touch.de\/praxis\/team\/asmita\/","url":"https:\/\/spiritual-touch.de\/praxis\/team\/asmita\/","name":"Asmita - Tantramasseurin bei Spiritual Touch in M\u00fcnchen - Spiritual Touch","isPartOf":{"@id":"https:\/\/spiritual-touch.de\/#website"},"primaryImageOfPage":{"@id":"https:\/\/spiritual-touch.de\/praxis\/team\/asmita\/#primaryimage"},"image":{"@id":"https:\/\/spiritual-touch.de\/praxis\/team\/asmita\/#primaryimage"},"thumbnailUrl":"https:\/\/spiritual-touch.de\/wp-content\/uploads\/2024\/02\/IMG5_8390-600x800-1.jpg","datePublished":"2024-02-03T11:40:29+00:00","dateModified":"2026-02-17T10:47:16+00:00","description":"F\u00fcr mich ist das Leben ein Fest, purer Genuss, eine kostbare Reise, voller H\u00f6hen und Tiefen, in der es darum geht, uns immer mehr zu erlauben, die zu sein, die wir in Wirklichkeit sind. Auf deiner einzigartigen Reise dorthin m\u00f6chte ich dich gerne ein St\u00fcck begleiten. Ich bin in das Leben verliebt und f\u00fcr diese Einstellung m\u00f6chte ich dich mit meiner Arbeit begeistern.","breadcrumb":{"@id":"https:\/\/spiritual-touch.de\/praxis\/team\/asmita\/#breadcrumb"},"inLanguage":"en-GB","potentialAction":[{"@type":"ReadAction","target":["https:\/\/spiritual-touch.de\/praxis\/team\/asmita\/"]}]},{"@type":"ImageObject","inLanguage":"en-GB","@id":"https:\/\/spiritual-touch.de\/praxis\/team\/asmita\/#primaryimage","url":"https:\/\/spiritual-touch.de\/wp-content\/uploads\/2024\/02\/IMG5_8390-600x800-1.jpg","contentUrl":"https:\/\/spiritual-touch.de\/wp-content\/uploads\/2024\/02\/IMG5_8390-600x800-1.jpg"},{"@type":"BreadcrumbList","@id":"https:\/\/spiritual-touch.de\/praxis\/team\/asmita\/#breadcrumb","itemListElement":[{"@type":"ListItem","position":1,"name":"Startseite","item":"https:\/\/spiritual-touch.de\/"},{"@type":"ListItem","position":2,"name":"Tantramassage &#038; K\u00f6rperarbeit in M\u00fcnchen | Spiritual Touch","item":"https:\/\/spiritual-touch.de\/"},{"@type":"ListItem","position":3,"name":"Team der Praxis Spiritual Touch in M\u00fcnchen","item":"https:\/\/spiritual-touch.de\/praxis\/team\/"},{"@type":"ListItem","position":4,"name":"Asmita &#8211; Tantramasseurin bei Spiritual Touch in M\u00fcnchen"}]},{"@type":"WebSite","@id":"https:\/\/spiritual-touch.de\/#website","url":"https:\/\/spiritual-touch.de\/","name":"Tantramassage M\u00fcnchen","description":"Tantra Massage M\u00fcnchen","publisher":{"@id":"https:\/\/spiritual-touch.de\/#organization"},"potentialAction":[{"@type":"SearchAction","target":{"@type":"EntryPoint","urlTemplate":"https:\/\/spiritual-touch.de\/?s={search_term_string}"},"query-input":{"@type":"PropertyValueSpecification","valueRequired":true,"valueName":"search_term_string"}}],"inLanguage":"en-GB"},{"@type":"Organization","@id":"https:\/\/spiritual-touch.de\/#organization","name":"Spiritual Touch","url":"https:\/\/spiritual-touch.de\/","logo":{"@type":"ImageObject","inLanguage":"en-GB","@id":"https:\/\/spiritual-touch.de\/#\/schema\/logo\/image\/","url":"https:\/\/spiritual-touch.de\/wp-content\/uploads\/2024\/01\/Heart.png","contentUrl":"https:\/\/spiritual-touch.de\/wp-content\/uploads\/2024\/01\/Heart.png","width":500,"height":500,"caption":"Spiritual Touch"},"image":{"@id":"https:\/\/spiritual-touch.de\/#\/schema\/logo\/image\/"},"sameAs":["https:\/\/www.facebook.com\/profile.php?id=100057105473672","https:\/\/www.instagram.com\/praxis_spiritual_touch\/"]}]}},"_links":{"self":[{"href":"https:\/\/spiritual-touch.de\/en\/wp-json\/wp\/v2\/pages\/18637","targetHints":{"allow":["GET"]}}],"collection":[{"href":"https:\/\/spiritual-touch.de\/en\/wp-json\/wp\/v2\/pages"}],"about":[{"href":"https:\/\/spiritual-touch.de\/en\/wp-json\/wp\/v2\/types\/page"}],"author":[{"embeddable":true,"href":"https:\/\/spiritual-touch.de\/en\/wp-json\/wp\/v2\/users\/1"}],"replies":[{"embeddable":true,"href":"https:\/\/spiritual-touch.de\/en\/wp-json\/wp\/v2\/comments?post=18637"}],"version-history":[{"count":8,"href":"https:\/\/spiritual-touch.de\/en\/wp-json\/wp\/v2\/pages\/18637\/revisions"}],"predecessor-version":[{"id":24119,"href":"https:\/\/spiritual-touch.de\/en\/wp-json\/wp\/v2\/pages\/18637\/revisions\/24119"}],"up":[{"embeddable":true,"href":"https:\/\/spiritual-touch.de\/en\/wp-json\/wp\/v2\/pages\/23613"}],"wp:attachment":[{"href":"https:\/\/spiritual-touch.de\/en\/wp-json\/wp\/v2\/media?parent=18637"}],"curies":[{"name":"wp","href":"https:\/\/api.w.org\/{rel}","templated":true}]}}